{"id":13271,"date":"2021-12-09T17:22:25","date_gmt":"2021-12-09T16:22:25","guid":{"rendered":"https:\/\/www.poggioallagnello.it\/?page_id=13271"},"modified":"2024-01-29T17:13:53","modified_gmt":"2024-01-29T16:13:53","slug":"vorteile-der-direktbuchung-mit-uns","status":"publish","type":"page","link":"https:\/\/www.poggioallagnello.it\/de\/vorteile-der-direktbuchung-mit-uns\/","title":{"rendered":"Vorteile der direktbuchung mit uns"},"content":{"rendered":"<section class=\"wpb-content-wrapper\"><p>[vc_row full_width=&#8220;stretch_row&#8220; bg_type=&#8220;bg_color&#8220; seperator_enable=&#8220;seperator_enable_value&#8220; seperator_type=&#8220;curve_up_seperator&#8220; seperator_position=&#8220;bottom_seperator&#8220; css=&#8220;.vc_custom_1550658956859{padding-top: 90px !important;padding-bottom: 140px !important;}&#8220; bg_color_value=&#8220;#f4f6f7&#8243;][vc_column][vc_column_text]<\/p>\n<h2>BIS ZU 20% RABATT BEI VORBESTELLUNG<\/h2>\n<h4>Buchen Sie jetzt Ihren Urlaub f\u00fcr 2024. Direktbuchungsrabatt.<\/h4>\n<p>Es gibt viele Gr\u00fcnde, einen Strandurlaub in der Toskana bei Poggio all&#8217;Agnello zu buchen.\u00a0Dank der verschiedenen Vorschl\u00e4ge, die Sie auf unserer offiziellen Website finden, haben Sie immer die M\u00f6glichkeit, einen Urlaub mit\u00a0<strong>dem besten Preis-Leistungs-Verh\u00e4ltnis zu buchen!<\/strong><\/p>\n<p>Wenn Sie eine\u00a0<strong>Angebotsanfrage<\/strong>\u00a0senden\u00a0oder\u00a0<strong>direkt<\/strong>\u00a0auf der offiziellen Website\u00a0<strong>buchen<\/strong>\u00a0, erhalten Sie\u00a0<strong>immer den besten garantierten Preis<\/strong>\u00a0.[\/vc_column_text][\/vc_column][\/vc_row][vc_row][vc_column width=&#8220;2\/3&#8243;][vc_column_text]<\/p>\n<h2>BEHEIZTES OLYMPIA-SCHWIMMBAD<\/h2>\n<ul>\n<li>Buchen und nutzen Sie unser\u00a0<strong>auf 27 \u00b0C beheiztes Olympia-Schwimmbad<\/strong> * vom 15 M\u00e4rz bis Mai und im Oktober.<br \/>\n<em>* ohne Aufpreis f\u00fcr diejenigen, die direkt bei uns buchen<\/em><br \/>\n<em>* t\u00e4glich 1 eigene Bahn zu bestimmten Zeiten (Bahn mit bis zu 10 Schwimmern belegt)<\/em><br \/>\n<em>* Bahnreservierung erforderlich<\/em><\/li>\n<\/ul>\n<h2>BEHEIZTER HYDROPOOL<\/h2>\n<ul>\n<li>Ab dem 15.03. beheizter Pool auf 27\u00b0C<\/li>\n<\/ul>\n<h2>WEITERE VORTEILE DURCH DIREKTBUCHUNG BEI UNS:<\/h2>\n<ul>\n<li>Nutzen Sie die Vorteile und\u00a0<strong>laden Sie Ihre Elektrofahrzeuge auf.\u00a0<\/strong>*<br \/>\n<em>* 2 elektrische Lades\u00e4ulen (je 20 KW) in unserem \u00fcberdachten Parkplatz vorhanden<\/em><br \/>\n<em>* ohne Aufpreis.<\/em><\/li>\n<li><strong>Fr\u00fcher Check-in<\/strong>\u00a0und\u00a0<strong>sp\u00e4ter Check-out<\/strong>\u00a0nach Verf\u00fcgbarkeit.<\/li>\n<li><strong>Upgrade des Apartmenttyps<\/strong>\u00a0nach Verf\u00fcgbarkeit.\u00a0(in der Nebensaison)<\/li>\n<li>Zugang zur\u00a0<strong>MTB-Strecke f\u00fcr Erwachsene und Kinder<\/strong>\u00a0.<br \/>\n<em>Mit Ihrem eigenen BMX-Rad, wenn Sie es nicht besitzen, m\u00fcssen Sie ein spezielles Fahrrad gegen Aufpreis mieten.<\/em><\/li>\n<\/ul>\n<p>[\/vc_column_text][\/vc_column][vc_column width=&#8220;1\/3&#8243;][vc_single_image image=&#8220;14418&#8243; img_size=&#8220;full&#8220;][vc_single_image image=&#8220;9611&#8243; img_size=&#8220;full&#8220;][\/vc_column][\/vc_row][vc_row bg_type=&#8220;image&#8220; parallax_style=&#8220;vcpb-default&#8220; bg_image_new=&#8220;id^3345|url^https:\/\/www.poggioallagnello.it\/wp-content\/uploads\/2019\/02\/Gruppi-poggio-all-agnello-piscina.jpg|caption^null|alt^null|title^Gruppi-poggio-all-agnello-piscina|description^null&#8220; bg_override=&#8220;ex-full&#8220; enable_overlay=&#8220;enable_overlay_value&#8220; overlay_color=&#8220;rgba(0,0,0,0.47)&#8220; css=&#8220;.vc_custom_1550827574061{padding-top: 90px !important;padding-bottom: 90px !important;}&#8220;][vc_column][vc_column_text css_animation=&#8220;fadeInDown&#8220;]<\/p>\n<h3><span style=\"color: #ffffff;\"> BUCHEN SIE IHREN N\u00c4CHSTEN STRANDURLAUB IN DER TOSKANA<\/span><\/h3>\n<p><span style=\"color: #ffffff;\"> Wenn Sie auf unserer Website buchen, haben Sie die Garantie f\u00fcr sichere Transaktionen, um sicherzustellen, dass Ihre Daten immer sicher sind.<\/span><\/p>\n<p>[\/vc_column_text][\/vc_column][\/vc_row][vc_row css=&#8220;.vc_custom_1551255640601{margin-top: 40px !important;margin-bottom: 40px !important;}&#8220;][vc_column width=&#8220;1\/2&#8243;][vc_column_text css_animation=&#8220;fadeInDown&#8220;]<\/p>\n<h2>INKLUSIVE LEISTUNGEN<\/h2>\n<ul>\n<li>Komplettes Set an Bad-, Bett- und K\u00fcchenw\u00e4sche.<\/li>\n<li>Endreinigung.<\/li>\n<li>Klimaanlage und Heizung.<\/li>\n<li>Satelliten Fernsehen.<\/li>\n<li>W\u00f6chentlicher W\u00e4schewechsel.\u00a0(f\u00fcr Aufenthalte l\u00e4nger als 7 N\u00e4chte)<\/li>\n<li>Parkplatz (1 PKW- \/ Motorradstellplatz)<\/li>\n<li>Schwimmbecken<\/li>\n<li>Benutzung von Tennispl\u00e4tzen, Kleinfeldfu\u00dfball und Rasenvolleyball auf Anfrage, Verf\u00fcgbarkeit und Reservierung.<\/li>\n<\/ul>\n<p>[\/vc_column_text][\/vc_column][vc_column width=&#8220;1\/2&#8243;][vc_single_image image=&#8220;1705&#8243; img_size=&#8220;full&#8220;][\/vc_column][\/vc_row][vc_row css=&#8220;.vc_custom_1551255640601{margin-top: 40px !important;margin-bottom: 40px !important;}&#8220;][vc_column][vc_column_text css_animation=&#8220;fadeInDown&#8220;]<\/p>\n<div class=\"wpb_text_column wpb_content_element wpb_animate_when_almost_visible wpb_fadeInDown fadeInDown wpb_start_animation animated\">\n<div class=\"wpb_wrapper\">\n<p>Poggio all&#8217;Agnello Sport &amp; Active Holidays befindet sich an der <strong>etruskischen K\u00fcste<\/strong>, in strategischer Lage, wenige Kilometer von <strong>Piombino<\/strong> entfernt, mit Blick auf den <strong>Golf von Baratti<\/strong>, nur 2 km vom Meer entfernt.\u00a0Unsere <strong>Appartements<\/strong>, <strong>Sportpl\u00e4tze<\/strong>, <strong>Schwimmb\u00e4der<\/strong> und das <strong>Restaurant<\/strong> sind nur einige der St\u00e4rken, die unser Resort zu einem idealen Ziel f\u00fcr Familienurlaub und Gruppenurlaub machen.<\/p>\n<\/div>\n<\/div>\n<p>[\/vc_column_text][vc_empty_space][\/vc_column][\/vc_row]<\/p>\n<\/section>","protected":false},"excerpt":{"rendered":"<p>[vc_row full_width=&#8220;stretch_row&#8220; bg_type=&#8220;bg_color&#8220; seperator_enable=&#8220;seperator_enable_value&#8220; seperator_type=&#8220;curve_up_seperator&#8220; seperator_position=&#8220;bottom_seperator&#8220; css=&#8220;.vc_custom_1550658956859{padding-top: 90px !important;padding-bottom: 140px !important;}&#8220; bg_color_value=&#8220;#f4f6f7&#8243;][vc_column][vc_column_text] BIS ZU 20% RABATT BEI VORBESTELLUNG Buchen Sie jetzt Ihren Urlaub f\u00fcr 2024. Direktbuchungsrabatt. Es gibt viele Gr\u00fcnde, einen Strandurlaub in der Toskana bei Poggio all&#8217;Agnello zu buchen.\u00a0Dank der verschiedenen Vorschl\u00e4ge, die Sie auf unserer offiziellen Website finden, haben Sie immer die M\u00f6glichkeit,&hellip;<\/p>\n","protected":false},"author":9,"featured_media":0,"parent":0,"menu_order":0,"comment_status":"closed","ping_status":"closed","template":"","meta":[],"tags":[],"yoast_head":"<!-- This site is optimized with the Yoast SEO plugin v21.1 - https:\/\/yoast.com\/wordpress\/plugins\/seo\/ -->\n<title>Bester garantierter Preis | Poggio all&#039;Agnello Ferienanlage Toskana<\/title>\n<meta name=\"description\" content=\"Buchen Sie Ihren Urlaub in der Toskana f\u00fcr Familien und Sportgruppen im Poggio all &#039;Agnello Ferienanlage. Bester garantierter Preis!\" \/>\n<meta name=\"robots\" content=\"index, follow, max-snippet:-1, max-image-preview:large, max-video-preview:-1\" \/>\n<link rel=\"canonical\" href=\"https:\/\/www.poggioallagnello.it\/de\/vorteile-der-direktbuchung-mit-uns\/\" \/>\n<meta property=\"og:locale\" content=\"de_DE\" \/>\n<meta property=\"og:type\" content=\"article\" \/>\n<meta property=\"og:title\" content=\"Bester garantierter Preis | Poggio all&#039;Agnello Ferienanlage Toskana\" \/>\n<meta property=\"og:description\" content=\"Buchen Sie Ihren Urlaub in der Toskana f\u00fcr Familien und Sportgruppen im Poggio all &#039;Agnello Ferienanlage. Bester garantierter Preis!\" \/>\n<meta property=\"og:url\" content=\"https:\/\/www.poggioallagnello.it\/de\/vorteile-der-direktbuchung-mit-uns\/\" \/>\n<meta property=\"og:site_name\" content=\"Poggio all&#039;Agnello\" \/>\n<meta property=\"article:publisher\" content=\"https:\/\/www.facebook.com\/poggioallagnelloresort\/\" \/>\n<meta property=\"article:modified_time\" content=\"2024-01-29T16:13:53+00:00\" \/>\n<meta name=\"twitter:card\" content=\"summary_large_image\" \/>\n<meta name=\"twitter:site\" content=\"@poggioagnello\" \/>\n<meta name=\"twitter:label1\" content=\"Gesch\u00e4tzte Lesezeit\" \/>\n\t<meta name=\"twitter:data1\" content=\"2\u00a0Minuten\" \/>\n<script type=\"application\/ld+json\" class=\"yoast-schema-graph\">{\"@context\":\"https:\/\/schema.org\",\"@graph\":[{\"@type\":\"WebPage\",\"@id\":\"https:\/\/www.poggioallagnello.it\/de\/vorteile-der-direktbuchung-mit-uns\/\",\"url\":\"https:\/\/www.poggioallagnello.it\/de\/vorteile-der-direktbuchung-mit-uns\/\",\"name\":\"Bester garantierter Preis | Poggio all'Agnello Ferienanlage Toskana\",\"isPartOf\":{\"@id\":\"https:\/\/www.poggioallagnello.it\/#website\"},\"datePublished\":\"2021-12-09T16:22:25+00:00\",\"dateModified\":\"2024-01-29T16:13:53+00:00\",\"description\":\"Buchen Sie Ihren Urlaub in der Toskana f\u00fcr Familien und Sportgruppen im Poggio all 'Agnello Ferienanlage. Bester garantierter Preis!\",\"breadcrumb\":{\"@id\":\"https:\/\/www.poggioallagnello.it\/de\/vorteile-der-direktbuchung-mit-uns\/#breadcrumb\"},\"inLanguage\":\"de\",\"potentialAction\":[{\"@type\":\"ReadAction\",\"target\":[\"https:\/\/www.poggioallagnello.it\/de\/vorteile-der-direktbuchung-mit-uns\/\"]}]},{\"@type\":\"BreadcrumbList\",\"@id\":\"https:\/\/www.poggioallagnello.it\/de\/vorteile-der-direktbuchung-mit-uns\/#breadcrumb\",\"itemListElement\":[{\"@type\":\"ListItem\",\"position\":1,\"name\":\"Home\",\"item\":\"https:\/\/www.poggioallagnello.it\/de\/\"},{\"@type\":\"ListItem\",\"position\":2,\"name\":\"Vorteile der direktbuchung mit uns\"}]},{\"@type\":\"WebSite\",\"@id\":\"https:\/\/www.poggioallagnello.it\/#website\",\"url\":\"https:\/\/www.poggioallagnello.it\/\",\"name\":\"Poggio all&#039;Agnello\",\"description\":\"Sport &amp; Active Holidays\",\"publisher\":{\"@id\":\"https:\/\/www.poggioallagnello.it\/#organization\"},\"potentialAction\":[{\"@type\":\"SearchAction\",\"target\":{\"@type\":\"EntryPoint\",\"urlTemplate\":\"https:\/\/www.poggioallagnello.it\/?s={search_term_string}\"},\"query-input\":\"required name=search_term_string\"}],\"inLanguage\":\"de\"},{\"@type\":\"Organization\",\"@id\":\"https:\/\/www.poggioallagnello.it\/#organization\",\"name\":\"Poggio all'Agnello\",\"url\":\"https:\/\/www.poggioallagnello.it\/\",\"logo\":{\"@type\":\"ImageObject\",\"inLanguage\":\"de\",\"@id\":\"https:\/\/www.poggioallagnello.it\/#\/schema\/logo\/image\/\",\"url\":\"https:\/\/www.poggioallagnello.it\/wp-content\/uploads\/2019\/02\/poggioallagnello-logo-retina-1.png\",\"contentUrl\":\"https:\/\/www.poggioallagnello.it\/wp-content\/uploads\/2019\/02\/poggioallagnello-logo-retina-1.png\",\"width\":407,\"height\":150,\"caption\":\"Poggio all'Agnello\"},\"image\":{\"@id\":\"https:\/\/www.poggioallagnello.it\/#\/schema\/logo\/image\/\"},\"sameAs\":[\"https:\/\/www.facebook.com\/poggioallagnelloresort\/\",\"https:\/\/twitter.com\/poggioagnello\",\"https:\/\/www.instagram.com\/poggioallagnello\/\"]}]}<\/script>\n<!-- \/ Yoast SEO plugin. -->","yoast_head_json":{"title":"Bester garantierter Preis | Poggio all'Agnello Ferienanlage Toskana","description":"Buchen Sie Ihren Urlaub in der Toskana f\u00fcr Familien und Sportgruppen im Poggio all 'Agnello Ferienanlage. Bester garantierter Preis!","robots":{"index":"index","follow":"follow","max-snippet":"max-snippet:-1","max-image-preview":"max-image-preview:large","max-video-preview":"max-video-preview:-1"},"canonical":"https:\/\/www.poggioallagnello.it\/de\/vorteile-der-direktbuchung-mit-uns\/","og_locale":"de_DE","og_type":"article","og_title":"Bester garantierter Preis | Poggio all'Agnello Ferienanlage Toskana","og_description":"Buchen Sie Ihren Urlaub in der Toskana f\u00fcr Familien und Sportgruppen im Poggio all 'Agnello Ferienanlage. Bester garantierter Preis!","og_url":"https:\/\/www.poggioallagnello.it\/de\/vorteile-der-direktbuchung-mit-uns\/","og_site_name":"Poggio all&#039;Agnello","article_publisher":"https:\/\/www.facebook.com\/poggioallagnelloresort\/","article_modified_time":"2024-01-29T16:13:53+00:00","twitter_card":"summary_large_image","twitter_site":"@poggioagnello","twitter_misc":{"Gesch\u00e4tzte Lesezeit":"2\u00a0Minuten"},"schema":{"@context":"https:\/\/schema.org","@graph":[{"@type":"WebPage","@id":"https:\/\/www.poggioallagnello.it\/de\/vorteile-der-direktbuchung-mit-uns\/","url":"https:\/\/www.poggioallagnello.it\/de\/vorteile-der-direktbuchung-mit-uns\/","name":"Bester garantierter Preis | Poggio all'Agnello Ferienanlage Toskana","isPartOf":{"@id":"https:\/\/www.poggioallagnello.it\/#website"},"datePublished":"2021-12-09T16:22:25+00:00","dateModified":"2024-01-29T16:13:53+00:00","description":"Buchen Sie Ihren Urlaub in der Toskana f\u00fcr Familien und Sportgruppen im Poggio all 'Agnello Ferienanlage. Bester garantierter Preis!","breadcrumb":{"@id":"https:\/\/www.poggioallagnello.it\/de\/vorteile-der-direktbuchung-mit-uns\/#breadcrumb"},"inLanguage":"de","potentialAction":[{"@type":"ReadAction","target":["https:\/\/www.poggioallagnello.it\/de\/vorteile-der-direktbuchung-mit-uns\/"]}]},{"@type":"BreadcrumbList","@id":"https:\/\/www.poggioallagnello.it\/de\/vorteile-der-direktbuchung-mit-uns\/#breadcrumb","itemListElement":[{"@type":"ListItem","position":1,"name":"Home","item":"https:\/\/www.poggioallagnello.it\/de\/"},{"@type":"ListItem","position":2,"name":"Vorteile der direktbuchung mit uns"}]},{"@type":"WebSite","@id":"https:\/\/www.poggioallagnello.it\/#website","url":"https:\/\/www.poggioallagnello.it\/","name":"Poggio all&#039;Agnello","description":"Sport &amp; Active Holidays","publisher":{"@id":"https:\/\/www.poggioallagnello.it\/#organization"},"potentialAction":[{"@type":"SearchAction","target":{"@type":"EntryPoint","urlTemplate":"https:\/\/www.poggioallagnello.it\/?s={search_term_string}"},"query-input":"required name=search_term_string"}],"inLanguage":"de"},{"@type":"Organization","@id":"https:\/\/www.poggioallagnello.it\/#organization","name":"Poggio all'Agnello","url":"https:\/\/www.poggioallagnello.it\/","logo":{"@type":"ImageObject","inLanguage":"de","@id":"https:\/\/www.poggioallagnello.it\/#\/schema\/logo\/image\/","url":"https:\/\/www.poggioallagnello.it\/wp-content\/uploads\/2019\/02\/poggioallagnello-logo-retina-1.png","contentUrl":"https:\/\/www.poggioallagnello.it\/wp-content\/uploads\/2019\/02\/poggioallagnello-logo-retina-1.png","width":407,"height":150,"caption":"Poggio all'Agnello"},"image":{"@id":"https:\/\/www.poggioallagnello.it\/#\/schema\/logo\/image\/"},"sameAs":["https:\/\/www.facebook.com\/poggioallagnelloresort\/","https:\/\/twitter.com\/poggioagnello","https:\/\/www.instagram.com\/poggioallagnello\/"]}]}},"_links":{"self":[{"href":"https:\/\/www.poggioallagnello.it\/de\/wp-json\/wp\/v2\/pages\/13271"}],"collection":[{"href":"https:\/\/www.poggioallagnello.it\/de\/wp-json\/wp\/v2\/pages"}],"about":[{"href":"https:\/\/www.poggioallagnello.it\/de\/wp-json\/wp\/v2\/types\/page"}],"author":[{"embeddable":true,"href":"https:\/\/www.poggioallagnello.it\/de\/wp-json\/wp\/v2\/users\/9"}],"replies":[{"embeddable":true,"href":"https:\/\/www.poggioallagnello.it\/de\/wp-json\/wp\/v2\/comments?post=13271"}],"version-history":[{"count":5,"href":"https:\/\/www.poggioallagnello.it\/de\/wp-json\/wp\/v2\/pages\/13271\/revisions"}],"predecessor-version":[{"id":16525,"href":"https:\/\/www.poggioallagnello.it\/de\/wp-json\/wp\/v2\/pages\/13271\/revisions\/16525"}],"wp:attachment":[{"href":"https:\/\/www.poggioallagnello.it\/de\/wp-json\/wp\/v2\/media?parent=13271"}],"wp:term":[{"taxonomy":"post_tag","embeddable":true,"href":"https:\/\/www.poggioallagnello.it\/de\/wp-json\/wp\/v2\/tags?post=13271"}],"curies":[{"name":"wp","href":"https:\/\/api.w.org\/{rel}","templated":true}]}}