{"id":13692,"date":"2022-01-10T14:12:40","date_gmt":"2022-01-10T13:12:40","guid":{"rendered":"https:\/\/www.poggioallagnello.it\/newsletter\/"},"modified":"2022-05-02T23:02:01","modified_gmt":"2022-05-02T21:02:01","slug":"newsletter","status":"publish","type":"page","link":"https:\/\/www.poggioallagnello.it\/de\/newsletter\/","title":{"rendered":"Newsletter"},"content":{"rendered":"<section class=\"wpb-content-wrapper\"><p>[vc_row][vc_column][vc_empty_space][vc_custom_heading text=&#8220;Treten Sie der exklusiven Poggio all&#8217;Agnello Mailingliste bei!&#8220; font_container=&#8220;tag:h2|text_align:center&#8220; google_fonts=&#8220;font_family:Raleway%3A100%2C200%2C300%2Cregular%2C500%2C600%2C700%2C800%2C900|font_style:400%20regular%3A400%3Anormal&#8220;][vc_empty_space][\/vc_column][\/vc_row][vc_row][vc_column width=&#8220;1\/2&#8243;][vc_column_text]<\/p>\n<h3 style=\"font-weight: 400;\"><strong>Gr\u00fcnde f\u00fcr die Anmeldung:<\/strong><\/h3>\n<p style=\"font-weight: 400;\">Melden Sie sich in unserer Mailingliste an und erhalten Sie vertrauliche Raten und einen Contact Moment Newsletter (keine Sorge, wir m\u00f6gen auch keinen Spam \ud83d\ude09\u00a0):<\/p>\n<ul>\n<li style=\"font-weight: 400;\">5% Erm\u00e4\u00dfigung auf unsere besten verf\u00fcgbaren Preise (Gruppenangebote nicht im Angebot enthalten)<\/li>\n<li style=\"font-weight: 400;\">Priorit\u00e4re Kommunikation: Eilmeldung im Vorfeld!<\/li>\n<li style=\"font-weight: 400;\">Sonderaktionen<\/li>\n<li style=\"font-weight: 400;\">Sie k\u00f6nnen sich jederzeit einfach abmelden<\/li>\n<\/ul>\n<p>[\/vc_column_text][vc_column_text]<\/p>\n<h3 style=\"font-weight: 400;\"><strong>Wie Sie sich anmelden:<\/strong><\/h3>\n<p style=\"font-weight: 400;\">f\u00fcllen Sie die folgenden Felder aus:<\/p>\n<ol>\n<li style=\"font-weight: 400;\">Name<\/li>\n<li style=\"font-weight: 400;\">Nachname<\/li>\n<li style=\"font-weight: 400;\">E-Mail Adresse<\/li>\n<li style=\"font-weight: 400;\">W\u00e4hlen Sie Ihr Interesse: (Es. Holiday = Sea Holiday)<\/li>\n<li style=\"font-weight: 400;\">Haken Sie &#8222;Ich m\u00f6chte mich f\u00fcr den Newsletter anmelden&#8230;.&#8220;<\/li>\n<li style=\"font-weight: 400;\">KLICKEN SIE AUF ANMELDEN<\/li>\n<li style=\"font-weight: 400;\">Sie erhalten eine E-Mail mit einem Best\u00e4tigungslink (\u00fcberpr\u00fcfen Sie auch SPAM)<\/li>\n<\/ol>\n<p>[\/vc_column_text][\/vc_column][vc_column width=&#8220;1\/2&#8243; css=&#8220;.vc_custom_1641999497713{background-color: #eaeaea !important;}&#8220;][vc_column_text]<div id=\"iscrizione_newsletter\" class=\"mc_widget_container\"><\/div><script>\n        var opt_iscrizione_newsletter = {\n            apiKey: \"54b0d284278b0d5ed77cb948caefafa57883a02b\",\n            targetId: \"iscrizione_newsletter\",\n            language: \"de\",\n            lists: \"MCLST-1385,MCLST-1386,MCLST-1387,MCLST-1388\",\n            lists_choice: \"true\",\n            attr: \"229-nome,230-cognome,email\",\n            cExist: \"1\",\n            cOtherList: \"1\",\n            labelTxt: JSON.parse('{}'),\n            theme: JSON.parse('{\"background\":\"transparent\",\"font\":\"inherit\",\"align\":\"left\",\"txt_color\":\"#000000\",\"txt_size\":\"16px\",\"btn_background\":\"#00cc00\",\"btn_color\":\"#ffffff\",\"btn_size\":\"16px\",\"form_color\":\"#ffffff\",\"form_txt_color\":\"#000000\"}')\n        }\n        <\/script>[\/vc_column_text][\/vc_column][\/vc_row]<\/p>\n<\/section>","protected":false},"excerpt":{"rendered":"<p>[vc_row][vc_column][vc_empty_space][vc_custom_heading text=&#8220;Treten Sie der exklusiven Poggio all&#8217;Agnello Mailingliste bei!&#8220; font_container=&#8220;tag:h2|text_align:center&#8220; google_fonts=&#8220;font_family:Raleway%3A100%2C200%2C300%2Cregular%2C500%2C600%2C700%2C800%2C900|font_style:400%20regular%3A400%3Anormal&#8220;][vc_empty_space][\/vc_column][\/vc_row][vc_row][vc_column width=&#8220;1\/2&#8243;][vc_column_text] Gr\u00fcnde f\u00fcr die Anmeldung: Melden Sie sich in unserer Mailingliste an und erhalten Sie vertrauliche Raten und einen Contact Moment Newsletter (keine Sorge, wir m\u00f6gen auch keinen Spam \ud83d\ude09\u00a0): 5% Erm\u00e4\u00dfigung auf unsere besten verf\u00fcgbaren Preise (Gruppenangebote nicht im Angebot enthalten) Priorit\u00e4re Kommunikation:&hellip;<\/p>\n","protected":false},"author":7,"featured_media":0,"parent":0,"menu_order":0,"comment_status":"closed","ping_status":"closed","template":"","meta":[],"tags":[],"yoast_head":"<!-- This site is optimized with the Yoast SEO plugin v21.1 - https:\/\/yoast.com\/wordpress\/plugins\/seo\/ -->\n<title>Treten Sie der exklusiven Poggio all&#039;Agnello Mailingliste bei<\/title>\n<meta name=\"description\" content=\"Gr\u00fcnde f\u00fcr die Anmeldung: Melden Sie sich in unserer Mailingliste an und erhalten Sie vertrauliche Raten und einen Contact Moment Newsletter\" \/>\n<meta name=\"robots\" content=\"index, follow, max-snippet:-1, max-image-preview:large, max-video-preview:-1\" \/>\n<link rel=\"canonical\" href=\"https:\/\/www.poggioallagnello.it\/de\/newsletter\/\" \/>\n<meta property=\"og:locale\" content=\"de_DE\" \/>\n<meta property=\"og:type\" content=\"article\" \/>\n<meta property=\"og:title\" content=\"Treten Sie der exklusiven Poggio all&#039;Agnello Mailingliste bei\" \/>\n<meta property=\"og:description\" content=\"Gr\u00fcnde f\u00fcr die Anmeldung: Melden Sie sich in unserer Mailingliste an und erhalten Sie vertrauliche Raten und einen Contact Moment Newsletter\" \/>\n<meta property=\"og:url\" content=\"https:\/\/www.poggioallagnello.it\/de\/newsletter\/\" \/>\n<meta property=\"og:site_name\" content=\"Poggio all&#039;Agnello\" \/>\n<meta property=\"article:publisher\" content=\"https:\/\/www.facebook.com\/poggioallagnelloresort\/\" \/>\n<meta property=\"article:modified_time\" content=\"2022-05-02T21:02:01+00:00\" \/>\n<meta name=\"twitter:card\" content=\"summary_large_image\" \/>\n<meta name=\"twitter:site\" content=\"@poggioagnello\" \/>\n<meta name=\"twitter:label1\" content=\"Gesch\u00e4tzte Lesezeit\" \/>\n\t<meta name=\"twitter:data1\" content=\"1\u00a0Minute\" \/>\n<script type=\"application\/ld+json\" class=\"yoast-schema-graph\">{\"@context\":\"https:\/\/schema.org\",\"@graph\":[{\"@type\":\"WebPage\",\"@id\":\"https:\/\/www.poggioallagnello.it\/de\/newsletter\/\",\"url\":\"https:\/\/www.poggioallagnello.it\/de\/newsletter\/\",\"name\":\"Treten Sie der exklusiven Poggio all'Agnello Mailingliste bei\",\"isPartOf\":{\"@id\":\"https:\/\/www.poggioallagnello.it\/#website\"},\"datePublished\":\"2022-01-10T13:12:40+00:00\",\"dateModified\":\"2022-05-02T21:02:01+00:00\",\"description\":\"Gr\u00fcnde f\u00fcr die Anmeldung: Melden Sie sich in unserer Mailingliste an und erhalten Sie vertrauliche Raten und einen Contact Moment Newsletter\",\"breadcrumb\":{\"@id\":\"https:\/\/www.poggioallagnello.it\/de\/newsletter\/#breadcrumb\"},\"inLanguage\":\"de\",\"potentialAction\":[{\"@type\":\"ReadAction\",\"target\":[\"https:\/\/www.poggioallagnello.it\/de\/newsletter\/\"]}]},{\"@type\":\"BreadcrumbList\",\"@id\":\"https:\/\/www.poggioallagnello.it\/de\/newsletter\/#breadcrumb\",\"itemListElement\":[{\"@type\":\"ListItem\",\"position\":1,\"name\":\"Home\",\"item\":\"https:\/\/www.poggioallagnello.it\/de\/\"},{\"@type\":\"ListItem\",\"position\":2,\"name\":\"Newsletter\"}]},{\"@type\":\"WebSite\",\"@id\":\"https:\/\/www.poggioallagnello.it\/#website\",\"url\":\"https:\/\/www.poggioallagnello.it\/\",\"name\":\"Poggio all&#039;Agnello\",\"description\":\"Sport &amp; Active Holidays\",\"publisher\":{\"@id\":\"https:\/\/www.poggioallagnello.it\/#organization\"},\"potentialAction\":[{\"@type\":\"SearchAction\",\"target\":{\"@type\":\"EntryPoint\",\"urlTemplate\":\"https:\/\/www.poggioallagnello.it\/?s={search_term_string}\"},\"query-input\":\"required name=search_term_string\"}],\"inLanguage\":\"de\"},{\"@type\":\"Organization\",\"@id\":\"https:\/\/www.poggioallagnello.it\/#organization\",\"name\":\"Poggio all'Agnello\",\"url\":\"https:\/\/www.poggioallagnello.it\/\",\"logo\":{\"@type\":\"ImageObject\",\"inLanguage\":\"de\",\"@id\":\"https:\/\/www.poggioallagnello.it\/#\/schema\/logo\/image\/\",\"url\":\"https:\/\/www.poggioallagnello.it\/wp-content\/uploads\/2019\/02\/poggioallagnello-logo-retina-1.png\",\"contentUrl\":\"https:\/\/www.poggioallagnello.it\/wp-content\/uploads\/2019\/02\/poggioallagnello-logo-retina-1.png\",\"width\":407,\"height\":150,\"caption\":\"Poggio all'Agnello\"},\"image\":{\"@id\":\"https:\/\/www.poggioallagnello.it\/#\/schema\/logo\/image\/\"},\"sameAs\":[\"https:\/\/www.facebook.com\/poggioallagnelloresort\/\",\"https:\/\/twitter.com\/poggioagnello\",\"https:\/\/www.instagram.com\/poggioallagnello\/\"]}]}<\/script>\n<!-- \/ Yoast SEO plugin. -->","yoast_head_json":{"title":"Treten Sie der exklusiven Poggio all'Agnello Mailingliste bei","description":"Gr\u00fcnde f\u00fcr die Anmeldung: Melden Sie sich in unserer Mailingliste an und erhalten Sie vertrauliche Raten und einen Contact Moment Newsletter","robots":{"index":"index","follow":"follow","max-snippet":"max-snippet:-1","max-image-preview":"max-image-preview:large","max-video-preview":"max-video-preview:-1"},"canonical":"https:\/\/www.poggioallagnello.it\/de\/newsletter\/","og_locale":"de_DE","og_type":"article","og_title":"Treten Sie der exklusiven Poggio all'Agnello Mailingliste bei","og_description":"Gr\u00fcnde f\u00fcr die Anmeldung: Melden Sie sich in unserer Mailingliste an und erhalten Sie vertrauliche Raten und einen Contact Moment Newsletter","og_url":"https:\/\/www.poggioallagnello.it\/de\/newsletter\/","og_site_name":"Poggio all&#039;Agnello","article_publisher":"https:\/\/www.facebook.com\/poggioallagnelloresort\/","article_modified_time":"2022-05-02T21:02:01+00:00","twitter_card":"summary_large_image","twitter_site":"@poggioagnello","twitter_misc":{"Gesch\u00e4tzte Lesezeit":"1\u00a0Minute"},"schema":{"@context":"https:\/\/schema.org","@graph":[{"@type":"WebPage","@id":"https:\/\/www.poggioallagnello.it\/de\/newsletter\/","url":"https:\/\/www.poggioallagnello.it\/de\/newsletter\/","name":"Treten Sie der exklusiven Poggio all'Agnello Mailingliste bei","isPartOf":{"@id":"https:\/\/www.poggioallagnello.it\/#website"},"datePublished":"2022-01-10T13:12:40+00:00","dateModified":"2022-05-02T21:02:01+00:00","description":"Gr\u00fcnde f\u00fcr die Anmeldung: Melden Sie sich in unserer Mailingliste an und erhalten Sie vertrauliche Raten und einen Contact Moment Newsletter","breadcrumb":{"@id":"https:\/\/www.poggioallagnello.it\/de\/newsletter\/#breadcrumb"},"inLanguage":"de","potentialAction":[{"@type":"ReadAction","target":["https:\/\/www.poggioallagnello.it\/de\/newsletter\/"]}]},{"@type":"BreadcrumbList","@id":"https:\/\/www.poggioallagnello.it\/de\/newsletter\/#breadcrumb","itemListElement":[{"@type":"ListItem","position":1,"name":"Home","item":"https:\/\/www.poggioallagnello.it\/de\/"},{"@type":"ListItem","position":2,"name":"Newsletter"}]},{"@type":"WebSite","@id":"https:\/\/www.poggioallagnello.it\/#website","url":"https:\/\/www.poggioallagnello.it\/","name":"Poggio all&#039;Agnello","description":"Sport &amp; Active Holidays","publisher":{"@id":"https:\/\/www.poggioallagnello.it\/#organization"},"potentialAction":[{"@type":"SearchAction","target":{"@type":"EntryPoint","urlTemplate":"https:\/\/www.poggioallagnello.it\/?s={search_term_string}"},"query-input":"required name=search_term_string"}],"inLanguage":"de"},{"@type":"Organization","@id":"https:\/\/www.poggioallagnello.it\/#organization","name":"Poggio all'Agnello","url":"https:\/\/www.poggioallagnello.it\/","logo":{"@type":"ImageObject","inLanguage":"de","@id":"https:\/\/www.poggioallagnello.it\/#\/schema\/logo\/image\/","url":"https:\/\/www.poggioallagnello.it\/wp-content\/uploads\/2019\/02\/poggioallagnello-logo-retina-1.png","contentUrl":"https:\/\/www.poggioallagnello.it\/wp-content\/uploads\/2019\/02\/poggioallagnello-logo-retina-1.png","width":407,"height":150,"caption":"Poggio all'Agnello"},"image":{"@id":"https:\/\/www.poggioallagnello.it\/#\/schema\/logo\/image\/"},"sameAs":["https:\/\/www.facebook.com\/poggioallagnelloresort\/","https:\/\/twitter.com\/poggioagnello","https:\/\/www.instagram.com\/poggioallagnello\/"]}]}},"_links":{"self":[{"href":"https:\/\/www.poggioallagnello.it\/de\/wp-json\/wp\/v2\/pages\/13692"}],"collection":[{"href":"https:\/\/www.poggioallagnello.it\/de\/wp-json\/wp\/v2\/pages"}],"about":[{"href":"https:\/\/www.poggioallagnello.it\/de\/wp-json\/wp\/v2\/types\/page"}],"author":[{"embeddable":true,"href":"https:\/\/www.poggioallagnello.it\/de\/wp-json\/wp\/v2\/users\/7"}],"replies":[{"embeddable":true,"href":"https:\/\/www.poggioallagnello.it\/de\/wp-json\/wp\/v2\/comments?post=13692"}],"version-history":[{"count":4,"href":"https:\/\/www.poggioallagnello.it\/de\/wp-json\/wp\/v2\/pages\/13692\/revisions"}],"predecessor-version":[{"id":14966,"href":"https:\/\/www.poggioallagnello.it\/de\/wp-json\/wp\/v2\/pages\/13692\/revisions\/14966"}],"wp:attachment":[{"href":"https:\/\/www.poggioallagnello.it\/de\/wp-json\/wp\/v2\/media?parent=13692"}],"wp:term":[{"taxonomy":"post_tag","embeddable":true,"href":"https:\/\/www.poggioallagnello.it\/de\/wp-json\/wp\/v2\/tags?post=13692"}],"curies":[{"name":"wp","href":"https:\/\/api.w.org\/{rel}","templated":true}]}}