{"id":15387,"date":"2022-08-04T14:40:34","date_gmt":"2022-08-04T12:40:34","guid":{"rendered":"https:\/\/www.poggioallagnello.it\/info-utili\/"},"modified":"2022-08-04T14:58:06","modified_gmt":"2022-08-04T12:58:06","slug":"nuetzliche-info","status":"publish","type":"page","link":"https:\/\/www.poggioallagnello.it\/de\/nuetzliche-info\/","title":{"rendered":"N\u00fctzliche Info"},"content":{"rendered":"<section class=\"wpb-content-wrapper\"><p>[vc_row css=&#8220;.vc_custom_1551255640601{margin-top: 40px !important;margin-bottom: 40px !important;}&#8220;][vc_column width=&#8220;2\/3&#8243;][vc_column_text css_animation=&#8220;fadeInUp&#8220;]<\/p>\n<h2>N\u00fctzliche Info<\/h2>\n<ul>\n<li style=\"list-style-type: none;\">\n<ul>\n<li>Zu welchen Zeiten ist der <strong> Check-in <\/strong> und <strong> Check-out <\/strong> m\u00f6glich?<\/li>\n<\/ul>\n<\/li>\n<\/ul>\n<p>Check-in ist ab 17.00 Uhr und Check-out bis 10.00 Uhr.<\/p>\n<ul>\n<li style=\"list-style-type: none;\">\n<ul>\n<li>Was sind die wichtigsten <strong> Dienstleistungen der Apartments <\/strong>?<\/li>\n<\/ul>\n<\/li>\n<\/ul>\n<p>Komplettes Badezimmerset, Bett- und K\u00fcchenw\u00e4sche<br \/>\nF\u00f6n<br \/>\nKlimaanlage und Heizung<br \/>\nWi-Fi in den \u00f6ffentlichen Bereichen und Verf\u00fcgbarkeit eines Tagungsraums mit schneller Verbindung<\/p>\n<p>&nbsp;<\/p>\n<p>F\u00fcr alle anderen Informationen besuchen Sie die vollst\u00e4ndige Seite der <strong><a href=\"https:\/\/www.poggioallagnello.it\/de\/leistungen\/\">Resort-Dienstleistungen<\/a><\/strong> und <strong><a href=\"https:\/\/www.poggioallagnello.it\/de\/ferienwohnung-toskana-am-meer\/\">Dienstleistungen der Ferienwohnung<\/a>.<\/strong>[\/vc_column_text][\/vc_column][vc_column width=&#8220;1\/3&#8243;][vc_single_image image=&#8220;1704&#8243; img_size=&#8220;full&#8220; alignment=&#8220;center&#8220;][\/vc_column][\/vc_row][vc_row bg_type=&#8220;image&#8220; parallax_style=&#8220;vcpb-default&#8220; bg_image_new=&#8220;id^15090|url^https:\/\/www.poggioallagnello.it\/wp-content\/uploads\/2022\/05\/resort-gruppi-toscana.jpg|caption^null|alt^null|title^Poggio All&#8217;agnello|description^null&#8220; bg_override=&#8220;ex-full&#8220; enable_overlay=&#8220;enable_overlay_value&#8220; overlay_color=&#8220;rgba(0,0,0,0.47)&#8220; css=&#8220;.vc_custom_1659616475079{padding-top: 90px !important;padding-bottom: 90px !important;}&#8220;][vc_column][vc_column_text css_animation=&#8220;fadeInDown&#8220;]<\/p>\n<h3><span style=\"color: #ffffff;\">BUCHEN SIE IHREN N\u00c4CHSTEN STRANDURLAUB IN DER TOSKANA<br \/>\n<\/span><\/h3>\n<p><span style=\"color: #ffffff;\">Wenn Sie auf unserer Website buchen, haben Sie die Garantie f\u00fcr sichere Transaktionen, um sicherzustellen, dass Ihre Daten immer sicher sind.<\/span>[\/vc_column_text][\/vc_column][\/vc_row]<\/p>\n<\/section>","protected":false},"excerpt":{"rendered":"<p>[vc_row css=&#8220;.vc_custom_1551255640601{margin-top: 40px !important;margin-bottom: 40px !important;}&#8220;][vc_column width=&#8220;2\/3&#8243;][vc_column_text css_animation=&#8220;fadeInUp&#8220;] N\u00fctzliche Info Zu welchen Zeiten ist der Check-in und Check-out m\u00f6glich? Check-in ist ab 17.00 Uhr und Check-out bis 10.00 Uhr. Was sind die wichtigsten Dienstleistungen der Apartments ? Komplettes Badezimmerset, Bett- und K\u00fcchenw\u00e4sche F\u00f6n Klimaanlage und Heizung Wi-Fi in den \u00f6ffentlichen Bereichen und Verf\u00fcgbarkeit eines Tagungsraums&hellip;<\/p>\n","protected":false},"author":9,"featured_media":0,"parent":0,"menu_order":0,"comment_status":"closed","ping_status":"closed","template":"","meta":[],"tags":[],"yoast_head":"<!-- This site is optimized with the Yoast SEO plugin v21.1 - https:\/\/yoast.com\/wordpress\/plugins\/seo\/ -->\n<title>N\u00fctzliche Info | Poggio all&#039;Agnello<\/title>\n<meta name=\"description\" content=\"Prenota dal sito ufficiale Poggio all&#039;Agnello Resort e avrai vantaggi esclusivi e la miglior tariffa garantita. Scopri le info utili prima di partire.\" \/>\n<meta name=\"robots\" content=\"index, follow, max-snippet:-1, max-image-preview:large, max-video-preview:-1\" \/>\n<link rel=\"canonical\" href=\"https:\/\/www.poggioallagnello.it\/de\/nuetzliche-info\/\" \/>\n<meta property=\"og:locale\" content=\"de_DE\" \/>\n<meta property=\"og:type\" content=\"article\" \/>\n<meta property=\"og:title\" content=\"N\u00fctzliche Info | Poggio all&#039;Agnello\" \/>\n<meta property=\"og:description\" content=\"Prenota dal sito ufficiale Poggio all&#039;Agnello Resort e avrai vantaggi esclusivi e la miglior tariffa garantita. Scopri le info utili prima di partire.\" \/>\n<meta property=\"og:url\" content=\"https:\/\/www.poggioallagnello.it\/de\/nuetzliche-info\/\" \/>\n<meta property=\"og:site_name\" content=\"Poggio all&#039;Agnello\" \/>\n<meta property=\"article:publisher\" content=\"https:\/\/www.facebook.com\/poggioallagnelloresort\/\" \/>\n<meta property=\"article:modified_time\" content=\"2022-08-04T12:58:06+00:00\" \/>\n<meta name=\"twitter:card\" content=\"summary_large_image\" \/>\n<meta name=\"twitter:site\" content=\"@poggioagnello\" \/>\n<meta name=\"twitter:label1\" content=\"Gesch\u00e4tzte Lesezeit\" \/>\n\t<meta name=\"twitter:data1\" content=\"1\u00a0Minute\" \/>\n<script type=\"application\/ld+json\" class=\"yoast-schema-graph\">{\"@context\":\"https:\/\/schema.org\",\"@graph\":[{\"@type\":\"WebPage\",\"@id\":\"https:\/\/www.poggioallagnello.it\/de\/nuetzliche-info\/\",\"url\":\"https:\/\/www.poggioallagnello.it\/de\/nuetzliche-info\/\",\"name\":\"N\u00fctzliche Info | Poggio all&#039;Agnello\",\"isPartOf\":{\"@id\":\"https:\/\/www.poggioallagnello.it\/#website\"},\"datePublished\":\"2022-08-04T12:40:34+00:00\",\"dateModified\":\"2022-08-04T12:58:06+00:00\",\"description\":\"Prenota dal sito ufficiale Poggio all'Agnello Resort e avrai vantaggi esclusivi e la miglior tariffa garantita. Scopri le info utili prima di partire.\",\"breadcrumb\":{\"@id\":\"https:\/\/www.poggioallagnello.it\/de\/nuetzliche-info\/#breadcrumb\"},\"inLanguage\":\"de\",\"potentialAction\":[{\"@type\":\"ReadAction\",\"target\":[\"https:\/\/www.poggioallagnello.it\/de\/nuetzliche-info\/\"]}]},{\"@type\":\"BreadcrumbList\",\"@id\":\"https:\/\/www.poggioallagnello.it\/de\/nuetzliche-info\/#breadcrumb\",\"itemListElement\":[{\"@type\":\"ListItem\",\"position\":1,\"name\":\"Home\",\"item\":\"https:\/\/www.poggioallagnello.it\/de\/\"},{\"@type\":\"ListItem\",\"position\":2,\"name\":\"N\u00fctzliche Info\"}]},{\"@type\":\"WebSite\",\"@id\":\"https:\/\/www.poggioallagnello.it\/#website\",\"url\":\"https:\/\/www.poggioallagnello.it\/\",\"name\":\"Poggio all&#039;Agnello\",\"description\":\"Sport &amp; Active Holidays\",\"publisher\":{\"@id\":\"https:\/\/www.poggioallagnello.it\/#organization\"},\"potentialAction\":[{\"@type\":\"SearchAction\",\"target\":{\"@type\":\"EntryPoint\",\"urlTemplate\":\"https:\/\/www.poggioallagnello.it\/?s={search_term_string}\"},\"query-input\":\"required name=search_term_string\"}],\"inLanguage\":\"de\"},{\"@type\":\"Organization\",\"@id\":\"https:\/\/www.poggioallagnello.it\/#organization\",\"name\":\"Poggio all'Agnello\",\"url\":\"https:\/\/www.poggioallagnello.it\/\",\"logo\":{\"@type\":\"ImageObject\",\"inLanguage\":\"de\",\"@id\":\"https:\/\/www.poggioallagnello.it\/#\/schema\/logo\/image\/\",\"url\":\"https:\/\/www.poggioallagnello.it\/wp-content\/uploads\/2019\/02\/poggioallagnello-logo-retina-1.png\",\"contentUrl\":\"https:\/\/www.poggioallagnello.it\/wp-content\/uploads\/2019\/02\/poggioallagnello-logo-retina-1.png\",\"width\":407,\"height\":150,\"caption\":\"Poggio all'Agnello\"},\"image\":{\"@id\":\"https:\/\/www.poggioallagnello.it\/#\/schema\/logo\/image\/\"},\"sameAs\":[\"https:\/\/www.facebook.com\/poggioallagnelloresort\/\",\"https:\/\/twitter.com\/poggioagnello\",\"https:\/\/www.instagram.com\/poggioallagnello\/\"]}]}<\/script>\n<!-- \/ Yoast SEO plugin. -->","yoast_head_json":{"title":"N\u00fctzliche Info | Poggio all&#039;Agnello","description":"Prenota dal sito ufficiale Poggio all'Agnello Resort e avrai vantaggi esclusivi e la miglior tariffa garantita. Scopri le info utili prima di partire.","robots":{"index":"index","follow":"follow","max-snippet":"max-snippet:-1","max-image-preview":"max-image-preview:large","max-video-preview":"max-video-preview:-1"},"canonical":"https:\/\/www.poggioallagnello.it\/de\/nuetzliche-info\/","og_locale":"de_DE","og_type":"article","og_title":"N\u00fctzliche Info | Poggio all&#039;Agnello","og_description":"Prenota dal sito ufficiale Poggio all'Agnello Resort e avrai vantaggi esclusivi e la miglior tariffa garantita. Scopri le info utili prima di partire.","og_url":"https:\/\/www.poggioallagnello.it\/de\/nuetzliche-info\/","og_site_name":"Poggio all&#039;Agnello","article_publisher":"https:\/\/www.facebook.com\/poggioallagnelloresort\/","article_modified_time":"2022-08-04T12:58:06+00:00","twitter_card":"summary_large_image","twitter_site":"@poggioagnello","twitter_misc":{"Gesch\u00e4tzte Lesezeit":"1\u00a0Minute"},"schema":{"@context":"https:\/\/schema.org","@graph":[{"@type":"WebPage","@id":"https:\/\/www.poggioallagnello.it\/de\/nuetzliche-info\/","url":"https:\/\/www.poggioallagnello.it\/de\/nuetzliche-info\/","name":"N\u00fctzliche Info | Poggio all&#039;Agnello","isPartOf":{"@id":"https:\/\/www.poggioallagnello.it\/#website"},"datePublished":"2022-08-04T12:40:34+00:00","dateModified":"2022-08-04T12:58:06+00:00","description":"Prenota dal sito ufficiale Poggio all'Agnello Resort e avrai vantaggi esclusivi e la miglior tariffa garantita. Scopri le info utili prima di partire.","breadcrumb":{"@id":"https:\/\/www.poggioallagnello.it\/de\/nuetzliche-info\/#breadcrumb"},"inLanguage":"de","potentialAction":[{"@type":"ReadAction","target":["https:\/\/www.poggioallagnello.it\/de\/nuetzliche-info\/"]}]},{"@type":"BreadcrumbList","@id":"https:\/\/www.poggioallagnello.it\/de\/nuetzliche-info\/#breadcrumb","itemListElement":[{"@type":"ListItem","position":1,"name":"Home","item":"https:\/\/www.poggioallagnello.it\/de\/"},{"@type":"ListItem","position":2,"name":"N\u00fctzliche Info"}]},{"@type":"WebSite","@id":"https:\/\/www.poggioallagnello.it\/#website","url":"https:\/\/www.poggioallagnello.it\/","name":"Poggio all&#039;Agnello","description":"Sport &amp; Active Holidays","publisher":{"@id":"https:\/\/www.poggioallagnello.it\/#organization"},"potentialAction":[{"@type":"SearchAction","target":{"@type":"EntryPoint","urlTemplate":"https:\/\/www.poggioallagnello.it\/?s={search_term_string}"},"query-input":"required name=search_term_string"}],"inLanguage":"de"},{"@type":"Organization","@id":"https:\/\/www.poggioallagnello.it\/#organization","name":"Poggio all'Agnello","url":"https:\/\/www.poggioallagnello.it\/","logo":{"@type":"ImageObject","inLanguage":"de","@id":"https:\/\/www.poggioallagnello.it\/#\/schema\/logo\/image\/","url":"https:\/\/www.poggioallagnello.it\/wp-content\/uploads\/2019\/02\/poggioallagnello-logo-retina-1.png","contentUrl":"https:\/\/www.poggioallagnello.it\/wp-content\/uploads\/2019\/02\/poggioallagnello-logo-retina-1.png","width":407,"height":150,"caption":"Poggio all'Agnello"},"image":{"@id":"https:\/\/www.poggioallagnello.it\/#\/schema\/logo\/image\/"},"sameAs":["https:\/\/www.facebook.com\/poggioallagnelloresort\/","https:\/\/twitter.com\/poggioagnello","https:\/\/www.instagram.com\/poggioallagnello\/"]}]}},"_links":{"self":[{"href":"https:\/\/www.poggioallagnello.it\/de\/wp-json\/wp\/v2\/pages\/15387"}],"collection":[{"href":"https:\/\/www.poggioallagnello.it\/de\/wp-json\/wp\/v2\/pages"}],"about":[{"href":"https:\/\/www.poggioallagnello.it\/de\/wp-json\/wp\/v2\/types\/page"}],"author":[{"embeddable":true,"href":"https:\/\/www.poggioallagnello.it\/de\/wp-json\/wp\/v2\/users\/9"}],"replies":[{"embeddable":true,"href":"https:\/\/www.poggioallagnello.it\/de\/wp-json\/wp\/v2\/comments?post=15387"}],"version-history":[{"count":3,"href":"https:\/\/www.poggioallagnello.it\/de\/wp-json\/wp\/v2\/pages\/15387\/revisions"}],"predecessor-version":[{"id":15391,"href":"https:\/\/www.poggioallagnello.it\/de\/wp-json\/wp\/v2\/pages\/15387\/revisions\/15391"}],"wp:attachment":[{"href":"https:\/\/www.poggioallagnello.it\/de\/wp-json\/wp\/v2\/media?parent=15387"}],"wp:term":[{"taxonomy":"post_tag","embeddable":true,"href":"https:\/\/www.poggioallagnello.it\/de\/wp-json\/wp\/v2\/tags?post=15387"}],"curies":[{"name":"wp","href":"https:\/\/api.w.org\/{rel}","templated":true}]}}