{"id":3699,"date":"2019-02-08T11:15:00","date_gmt":"2019-02-08T10:15:00","guid":{"rendered":"https:\/\/demo.poggioallagnello.it\/gruppi-vacanza-toscana-mare\/"},"modified":"2021-12-06T18:08:58","modified_gmt":"2021-12-06T18:08:58","slug":"gruppen-urlaub-toskana-meer","status":"publish","type":"page","link":"https:\/\/www.poggioallagnello.it\/de\/gruppen-urlaub-toskana-meer\/","title":{"rendered":"Gruppen"},"content":{"rendered":"<section class=\"wpb-content-wrapper\"><p>[vc_row full_width=&#8220;stretch_row&#8220; bg_type=&#8220;bg_color&#8220; seperator_enable=&#8220;seperator_enable_value&#8220; seperator_type=&#8220;curve_up_seperator&#8220; seperator_position=&#8220;bottom_seperator&#8220; css=&#8220;.vc_custom_1550658956859{padding-top: 90px !important;padding-bottom: 140px !important;}&#8220; bg_color_value=&#8220;#f4f6f7&#8243;][vc_column][vc_column_text]<\/p>\n<h2>URLAUB F\u00dcR GRUPPEN IN DER TOSKANA<\/h2>\n<p>Ein Urlaub f\u00fcr eine oder mehrere Gruppen bedarf guter logistischer Planung. Die Ferienanlage Poggio all\u2019Agnello in der Toskana ist in dieser Hinsicht der perfekte Ort f\u00fcr die Unterkunft von Urlaubergruppen aus dem In- und Ausland. Ein gro\u00dfer Parkplatz, die N\u00e4he zu Piombino und die Schifffahrtsverbindungen zu den Inseln Elba, Sardinien und Korsika, das gro\u00dfe Unterkunftsangebot und die Verf\u00fcgbarkeit von Appartements verschiedener Gr\u00f6\u00dfe sowie das Vorhandensein von Konferenz- und Meetingr\u00e4umen machen diesen Ort zum idealen Rahmen f\u00fcr Gruppen, gleich ob f\u00fcr Kongresse oder f\u00fcr entspannende Urlaube.[\/vc_column_text][\/vc_column][\/vc_row][vc_row][vc_column][vc_column_text]Ganz egal, ob Ihre Gruppe nun im Reisebus, im eigenen Auto, mit dem Motorrad, Flugzeug oder aber mit dem Schiff anreist &#8211; in unserem Resort finden Sie alle notwendigen und Ihren Bed\u00fcrfnissen entsprechenden Services.<br \/>\nAu\u00dferdem ist es m\u00f6glich, f\u00fcr Gruppen von Reisenden und Wanderern besondere Freizeitaktivit\u00e4ten, Exkursionen kultureller oder \u00f6nogastronomischer Art, Trekkingrouten und Spazierg\u00e4nge sowie verschiedene andere Sport- und Freizeitprogramme an der Etruskischen K\u00fcste zu organisieren. F\u00fcr Wanderer oder andere Personengruppen k\u00f6nnen in Absprache mit unserem Restaurantbetrieb eigene Men\u00fcs zu einem besonders g\u00fcnstigen Preis-Leistungs-Verh\u00e4ltnis zusammengestellt werden.<\/p>\n<p>[\/vc_column_text][vc_empty_space][\/vc_column][\/vc_row][vc_row bg_type=&#8220;image&#8220; parallax_style=&#8220;vcpb-default&#8220; bg_image_new=&#8220;id^3345|url^https:\/\/www.poggioallagnello.it\/wp-content\/uploads\/2019\/02\/Gruppi-poggio-all-agnello-piscina.jpg|caption^null|alt^null|title^Gruppi-poggio-all-agnello-piscina|description^null&#8220; bg_override=&#8220;ex-full&#8220; enable_overlay=&#8220;enable_overlay_value&#8220; overlay_color=&#8220;rgba(0,0,0,0.47)&#8220; css=&#8220;.vc_custom_1550827574061{padding-top: 90px !important;padding-bottom: 90px !important;}&#8220;][vc_column][vc_column_text css_animation=&#8220;fadeInDown&#8220;]<\/p>\n<h3><span style=\"color: #ffffff;\"> KURSFAHRTEN UND FERIENCAMPS IN EINEM WUNDERSCH\u00d6NEN RESORT IN DER TOSKANA <\/span><\/h3>\n<p><span style=\"color: #ffffff;\"> Das Tourismusresort Poggio all\u2019Agnello in der Toskana eignet sich ideal f\u00fcr mehrt\u00e4gige Ausfl\u00fcge von Schulklassen und f\u00fcr die Durchf\u00fchrung von Sommercamps zu kulturellen, spielerischen oder sportlichen Zwecken. Dank seiner Lage und Ausstattung ist das Tourismusresort Poggio all\u2019Agnello perfekter Ausgangspunkt f\u00fcr Besichtigungen von kulturellem und geschichtlichem Interesse, f\u00fcr die Freizeitgestaltung im Sommer sowie f\u00fcr Sport- und Gruppenaktivit\u00e4ten. <\/span>[\/vc_column_text][\/vc_column][\/vc_row][vc_row css=&#8220;.vc_custom_1551255640601{margin-top: 40px !important;margin-bottom: 40px !important;}&#8220;][vc_column][vc_column_text css_animation=&#8220;fadeInDown&#8220;]Der gro\u00dfe Park, die Schwimmbecken und Sportanlagen im Poggio all\u2019Agnello bieten den perfekten Rahmen f\u00fcr Schulausfl\u00fcge in die Toskana.<br \/>\nNeben dem Kulturangebot der Etruskischen K\u00fcste mit seinen mittelalterlichen St\u00e4dten (Populonia, Baratti, Piombino, San Vincenzo, Bibbona, Bolgheri, Castagneto Carducci, Campiglia Marittima usw.) gibt es die M\u00f6glichkeit, das Meer an einem der herrlichen Str\u00e4nde entlang der Etruskischen K\u00fcste zu genie\u00dfen.[\/vc_column_text][vc_column_text css_animation=&#8220;fadeInUp&#8220;]Mit dem Reisebus sind au\u00dferdem in etwa einer Stunde St\u00e4dte von geschichtlichem und k\u00fcnstlerischem Interesse wie Massa Marittima, Volterra, San Gimignano, Livorno und Pisa zu erreichen.<br \/>\nF\u00fcr Ausfl\u00fcge ans Meer bieten sich zudem als Alternative zu den Str\u00e4nden an der Etruskischen K\u00fcste \u00dcberfahrten mit der F\u00e4hre auf die Insel Elba und die Besichtigung des Toskanischen Archipels an.<br \/>\nDer gro\u00dfz\u00fcgige Restaurantbereich, die Bar am Pool und die vielen weiteren Services in unserem Tourismusresort garantieren einen komfortablen Aufenthalt f\u00fcr Schulklassen, Lehrer und Begleitpersonen. Auf Wunsch k\u00f6nnen auch spezielle Men\u00fcvorschl\u00e4ge f\u00fcr die Schulklassen ber\u00fccksichtigt werden.[\/vc_column_text][\/vc_column][\/vc_row][vc_row disable_element=&#8220;yes&#8220;][vc_column][vc_column_text css=&#8220;.vc_custom_1551255959059{padding-top: 32px !important;padding-bottom: 32px !important;}&#8220;]<\/p>\n<h4>WENN SIE WEITERE INFORMATIONEN ODER EIN INDIVIDUELLES ANGEBOT W\u00dcNSCHEN, F\u00dcLLEN SIE DAS UNTEN STEHENDE FORMULAR AUS<\/h4>\n<p>[\/vc_column_text][vc_empty_space height=&#8220;70px&#8220;]<p class=\"wpcf7-contact-form-not-found\"><strong>Fehler:<\/strong> Kontaktformular wurde nicht gefunden.<\/p>[vc_empty_space height=&#8220;70px&#8220;][\/vc_column][\/vc_row]<\/p>\n<\/section>","protected":false},"excerpt":{"rendered":"<p>[vc_row full_width=&#8220;stretch_row&#8220; bg_type=&#8220;bg_color&#8220; seperator_enable=&#8220;seperator_enable_value&#8220; seperator_type=&#8220;curve_up_seperator&#8220; seperator_position=&#8220;bottom_seperator&#8220; css=&#8220;.vc_custom_1550658956859{padding-top: 90px !important;padding-bottom: 140px !important;}&#8220; bg_color_value=&#8220;#f4f6f7&#8243;][vc_column][vc_column_text] URLAUB F\u00dcR GRUPPEN IN DER TOSKANA Ein Urlaub f\u00fcr eine oder mehrere Gruppen bedarf guter logistischer Planung. Die Ferienanlage Poggio all\u2019Agnello in der Toskana ist in dieser Hinsicht der perfekte Ort f\u00fcr die Unterkunft von Urlaubergruppen aus dem In- und Ausland. Ein gro\u00dfer&hellip;<\/p>\n","protected":false},"author":6,"featured_media":0,"parent":0,"menu_order":0,"comment_status":"closed","ping_status":"closed","template":"","meta":[],"tags":[],"yoast_head":"<!-- This site is optimized with the Yoast SEO plugin v21.1 - https:\/\/yoast.com\/wordpress\/plugins\/seo\/ -->\n<title>Ferienh\u00e4user f\u00fcr gruppen in der Toskana - Poggio all&#039;Agnello<\/title>\n<meta name=\"description\" content=\"Ferienh\u00e4user und Ferienwohnungen f\u00fcr Gruppen in der Toskana: zahlreiche Appartements toskana meer in mehreren Geb\u00e4uden, auf Gruppen abstimmbarer Restaurantbetrieb, gro\u00dfer Parkplatz, N\u00e4he zu den Ortschaften der etruskischen K\u00fcste, zur Maremma sowie zu den Inseln Elba und Sardinien.\" \/>\n<meta name=\"robots\" content=\"index, follow, max-snippet:-1, max-image-preview:large, max-video-preview:-1\" \/>\n<link rel=\"canonical\" href=\"https:\/\/www.poggioallagnello.it\/de\/gruppen-urlaub-toskana-meer\/\" \/>\n<meta property=\"og:locale\" content=\"de_DE\" \/>\n<meta property=\"og:type\" content=\"article\" \/>\n<meta property=\"og:title\" content=\"Ferienh\u00e4user f\u00fcr gruppen in der Toskana - Poggio all&#039;Agnello\" \/>\n<meta property=\"og:description\" content=\"Ferienh\u00e4user und Ferienwohnungen f\u00fcr Gruppen in der Toskana: zahlreiche Appartements toskana meer in mehreren Geb\u00e4uden, auf Gruppen abstimmbarer Restaurantbetrieb, gro\u00dfer Parkplatz, N\u00e4he zu den Ortschaften der etruskischen K\u00fcste, zur Maremma sowie zu den Inseln Elba und Sardinien.\" \/>\n<meta property=\"og:url\" content=\"https:\/\/www.poggioallagnello.it\/de\/gruppen-urlaub-toskana-meer\/\" \/>\n<meta property=\"og:site_name\" content=\"Poggio all&#039;Agnello\" \/>\n<meta property=\"article:publisher\" content=\"https:\/\/www.facebook.com\/poggioallagnelloresort\/\" \/>\n<meta property=\"article:modified_time\" content=\"2021-12-06T18:08:58+00:00\" \/>\n<meta name=\"twitter:card\" content=\"summary_large_image\" \/>\n<meta name=\"twitter:site\" content=\"@poggioagnello\" \/>\n<meta name=\"twitter:label1\" content=\"Gesch\u00e4tzte Lesezeit\" \/>\n\t<meta name=\"twitter:data1\" content=\"3\u00a0Minuten\" \/>\n<script type=\"application\/ld+json\" class=\"yoast-schema-graph\">{\"@context\":\"https:\/\/schema.org\",\"@graph\":[{\"@type\":\"WebPage\",\"@id\":\"https:\/\/www.poggioallagnello.it\/de\/gruppen-urlaub-toskana-meer\/\",\"url\":\"https:\/\/www.poggioallagnello.it\/de\/gruppen-urlaub-toskana-meer\/\",\"name\":\"Ferienh\u00e4user f\u00fcr gruppen in der Toskana - Poggio all'Agnello\",\"isPartOf\":{\"@id\":\"https:\/\/www.poggioallagnello.it\/#website\"},\"datePublished\":\"2019-02-08T10:15:00+00:00\",\"dateModified\":\"2021-12-06T18:08:58+00:00\",\"description\":\"Ferienh\u00e4user und Ferienwohnungen f\u00fcr Gruppen in der Toskana: zahlreiche Appartements toskana meer in mehreren Geb\u00e4uden, auf Gruppen abstimmbarer Restaurantbetrieb, gro\u00dfer Parkplatz, N\u00e4he zu den Ortschaften der etruskischen K\u00fcste, zur Maremma sowie zu den Inseln Elba und Sardinien.\",\"breadcrumb\":{\"@id\":\"https:\/\/www.poggioallagnello.it\/de\/gruppen-urlaub-toskana-meer\/#breadcrumb\"},\"inLanguage\":\"de\",\"potentialAction\":[{\"@type\":\"ReadAction\",\"target\":[\"https:\/\/www.poggioallagnello.it\/de\/gruppen-urlaub-toskana-meer\/\"]}]},{\"@type\":\"BreadcrumbList\",\"@id\":\"https:\/\/www.poggioallagnello.it\/de\/gruppen-urlaub-toskana-meer\/#breadcrumb\",\"itemListElement\":[{\"@type\":\"ListItem\",\"position\":1,\"name\":\"Home\",\"item\":\"https:\/\/www.poggioallagnello.it\/de\/\"},{\"@type\":\"ListItem\",\"position\":2,\"name\":\"Gruppen\"}]},{\"@type\":\"WebSite\",\"@id\":\"https:\/\/www.poggioallagnello.it\/#website\",\"url\":\"https:\/\/www.poggioallagnello.it\/\",\"name\":\"Poggio all&#039;Agnello\",\"description\":\"Sport &amp; Active Holidays\",\"publisher\":{\"@id\":\"https:\/\/www.poggioallagnello.it\/#organization\"},\"potentialAction\":[{\"@type\":\"SearchAction\",\"target\":{\"@type\":\"EntryPoint\",\"urlTemplate\":\"https:\/\/www.poggioallagnello.it\/?s={search_term_string}\"},\"query-input\":\"required name=search_term_string\"}],\"inLanguage\":\"de\"},{\"@type\":\"Organization\",\"@id\":\"https:\/\/www.poggioallagnello.it\/#organization\",\"name\":\"Poggio all'Agnello\",\"url\":\"https:\/\/www.poggioallagnello.it\/\",\"logo\":{\"@type\":\"ImageObject\",\"inLanguage\":\"de\",\"@id\":\"https:\/\/www.poggioallagnello.it\/#\/schema\/logo\/image\/\",\"url\":\"https:\/\/www.poggioallagnello.it\/wp-content\/uploads\/2019\/02\/poggioallagnello-logo-retina-1.png\",\"contentUrl\":\"https:\/\/www.poggioallagnello.it\/wp-content\/uploads\/2019\/02\/poggioallagnello-logo-retina-1.png\",\"width\":407,\"height\":150,\"caption\":\"Poggio all'Agnello\"},\"image\":{\"@id\":\"https:\/\/www.poggioallagnello.it\/#\/schema\/logo\/image\/\"},\"sameAs\":[\"https:\/\/www.facebook.com\/poggioallagnelloresort\/\",\"https:\/\/twitter.com\/poggioagnello\",\"https:\/\/www.instagram.com\/poggioallagnello\/\"]}]}<\/script>\n<!-- \/ Yoast SEO plugin. -->","yoast_head_json":{"title":"Ferienh\u00e4user f\u00fcr gruppen in der Toskana - Poggio all'Agnello","description":"Ferienh\u00e4user und Ferienwohnungen f\u00fcr Gruppen in der Toskana: zahlreiche Appartements toskana meer in mehreren Geb\u00e4uden, auf Gruppen abstimmbarer Restaurantbetrieb, gro\u00dfer Parkplatz, N\u00e4he zu den Ortschaften der etruskischen K\u00fcste, zur Maremma sowie zu den Inseln Elba und Sardinien.","robots":{"index":"index","follow":"follow","max-snippet":"max-snippet:-1","max-image-preview":"max-image-preview:large","max-video-preview":"max-video-preview:-1"},"canonical":"https:\/\/www.poggioallagnello.it\/de\/gruppen-urlaub-toskana-meer\/","og_locale":"de_DE","og_type":"article","og_title":"Ferienh\u00e4user f\u00fcr gruppen in der Toskana - Poggio all'Agnello","og_description":"Ferienh\u00e4user und Ferienwohnungen f\u00fcr Gruppen in der Toskana: zahlreiche Appartements toskana meer in mehreren Geb\u00e4uden, auf Gruppen abstimmbarer Restaurantbetrieb, gro\u00dfer Parkplatz, N\u00e4he zu den Ortschaften der etruskischen K\u00fcste, zur Maremma sowie zu den Inseln Elba und Sardinien.","og_url":"https:\/\/www.poggioallagnello.it\/de\/gruppen-urlaub-toskana-meer\/","og_site_name":"Poggio all&#039;Agnello","article_publisher":"https:\/\/www.facebook.com\/poggioallagnelloresort\/","article_modified_time":"2021-12-06T18:08:58+00:00","twitter_card":"summary_large_image","twitter_site":"@poggioagnello","twitter_misc":{"Gesch\u00e4tzte Lesezeit":"3\u00a0Minuten"},"schema":{"@context":"https:\/\/schema.org","@graph":[{"@type":"WebPage","@id":"https:\/\/www.poggioallagnello.it\/de\/gruppen-urlaub-toskana-meer\/","url":"https:\/\/www.poggioallagnello.it\/de\/gruppen-urlaub-toskana-meer\/","name":"Ferienh\u00e4user f\u00fcr gruppen in der Toskana - Poggio all'Agnello","isPartOf":{"@id":"https:\/\/www.poggioallagnello.it\/#website"},"datePublished":"2019-02-08T10:15:00+00:00","dateModified":"2021-12-06T18:08:58+00:00","description":"Ferienh\u00e4user und Ferienwohnungen f\u00fcr Gruppen in der Toskana: zahlreiche Appartements toskana meer in mehreren Geb\u00e4uden, auf Gruppen abstimmbarer Restaurantbetrieb, gro\u00dfer Parkplatz, N\u00e4he zu den Ortschaften der etruskischen K\u00fcste, zur Maremma sowie zu den Inseln Elba und Sardinien.","breadcrumb":{"@id":"https:\/\/www.poggioallagnello.it\/de\/gruppen-urlaub-toskana-meer\/#breadcrumb"},"inLanguage":"de","potentialAction":[{"@type":"ReadAction","target":["https:\/\/www.poggioallagnello.it\/de\/gruppen-urlaub-toskana-meer\/"]}]},{"@type":"BreadcrumbList","@id":"https:\/\/www.poggioallagnello.it\/de\/gruppen-urlaub-toskana-meer\/#breadcrumb","itemListElement":[{"@type":"ListItem","position":1,"name":"Home","item":"https:\/\/www.poggioallagnello.it\/de\/"},{"@type":"ListItem","position":2,"name":"Gruppen"}]},{"@type":"WebSite","@id":"https:\/\/www.poggioallagnello.it\/#website","url":"https:\/\/www.poggioallagnello.it\/","name":"Poggio all&#039;Agnello","description":"Sport &amp; Active Holidays","publisher":{"@id":"https:\/\/www.poggioallagnello.it\/#organization"},"potentialAction":[{"@type":"SearchAction","target":{"@type":"EntryPoint","urlTemplate":"https:\/\/www.poggioallagnello.it\/?s={search_term_string}"},"query-input":"required name=search_term_string"}],"inLanguage":"de"},{"@type":"Organization","@id":"https:\/\/www.poggioallagnello.it\/#organization","name":"Poggio all'Agnello","url":"https:\/\/www.poggioallagnello.it\/","logo":{"@type":"ImageObject","inLanguage":"de","@id":"https:\/\/www.poggioallagnello.it\/#\/schema\/logo\/image\/","url":"https:\/\/www.poggioallagnello.it\/wp-content\/uploads\/2019\/02\/poggioallagnello-logo-retina-1.png","contentUrl":"https:\/\/www.poggioallagnello.it\/wp-content\/uploads\/2019\/02\/poggioallagnello-logo-retina-1.png","width":407,"height":150,"caption":"Poggio all'Agnello"},"image":{"@id":"https:\/\/www.poggioallagnello.it\/#\/schema\/logo\/image\/"},"sameAs":["https:\/\/www.facebook.com\/poggioallagnelloresort\/","https:\/\/twitter.com\/poggioagnello","https:\/\/www.instagram.com\/poggioallagnello\/"]}]}},"_links":{"self":[{"href":"https:\/\/www.poggioallagnello.it\/de\/wp-json\/wp\/v2\/pages\/3699"}],"collection":[{"href":"https:\/\/www.poggioallagnello.it\/de\/wp-json\/wp\/v2\/pages"}],"about":[{"href":"https:\/\/www.poggioallagnello.it\/de\/wp-json\/wp\/v2\/types\/page"}],"author":[{"embeddable":true,"href":"https:\/\/www.poggioallagnello.it\/de\/wp-json\/wp\/v2\/users\/6"}],"replies":[{"embeddable":true,"href":"https:\/\/www.poggioallagnello.it\/de\/wp-json\/wp\/v2\/comments?post=3699"}],"version-history":[{"count":6,"href":"https:\/\/www.poggioallagnello.it\/de\/wp-json\/wp\/v2\/pages\/3699\/revisions"}],"predecessor-version":[{"id":13218,"href":"https:\/\/www.poggioallagnello.it\/de\/wp-json\/wp\/v2\/pages\/3699\/revisions\/13218"}],"wp:attachment":[{"href":"https:\/\/www.poggioallagnello.it\/de\/wp-json\/wp\/v2\/media?parent=3699"}],"wp:term":[{"taxonomy":"post_tag","embeddable":true,"href":"https:\/\/www.poggioallagnello.it\/de\/wp-json\/wp\/v2\/tags?post=3699"}],"curies":[{"name":"wp","href":"https:\/\/api.w.org\/{rel}","templated":true}]}}