{"id":3702,"date":"2019-02-08T11:15:45","date_gmt":"2019-02-08T10:15:45","guid":{"rendered":"https:\/\/demo.poggioallagnello.it\/meeting\/"},"modified":"2021-12-06T18:05:47","modified_gmt":"2021-12-06T18:05:47","slug":"veranstaltungen","status":"publish","type":"page","link":"https:\/\/www.poggioallagnello.it\/de\/veranstaltungen\/","title":{"rendered":"KONFERENZEN"},"content":{"rendered":"<section class=\"wpb-content-wrapper\"><p>[vc_row full_width=&#8220;stretch_row&#8220; bg_type=&#8220;bg_color&#8220; seperator_enable=&#8220;seperator_enable_value&#8220; seperator_type=&#8220;curve_down_seperator&#8220; seperator_position=&#8220;bottom_seperator&#8220; seperator_svg_height=&#8220;120&#8243; seperator_shape_background=&#8220;#ffffff&#8220; css=&#8220;.vc_custom_1556013215587{padding-top: 90px !important;padding-bottom: 140px !important;}&#8220; bg_color_value=&#8220;#f4f6f7&#8243;][vc_column][vc_column_text css_animation=&#8220;fadeInDown&#8220; css=&#8220;.vc_custom_1556012546142{margin-top: 20px !important;margin-bottom: 40px !important;}&#8220;]<\/p>\n<p>Das Poggio all\u2019Agnello begr\u00fc\u00dft Sie mit Konferenz- und Besprechungsr\u00e4umen, die nach Ihren Anforderungen individuell aufgeteilt und mit der n\u00f6tigen Ausstattung f\u00fcr Events, Kongresse oder Konferenzen versehen werden k\u00f6nnen. Den Teilnehmern stehen alle Serviceleistungen des Resort, \u00dcbernachtungsm\u00f6glichkeiten und Sportanlagen f\u00fcr die Freizeit zur Verf\u00fcgung. Im Anschluss an die getane Arbeit k\u00f6nnen Aktionen des Team-Building oder Freizeitaktivit\u00e4ten wie Erholung oder Sport im Freien folgen.<\/p>\n<p>&nbsp;<\/p>\n<p>[\/vc_column_text][\/vc_column][\/vc_row][vc_row][vc_column][vc_basic_grid post_type=&#8220;post&#8220; max_items=&#8220;10&#8243; gap=&#8220;15&#8243; grid_id=&#8220;vc_gid:1638813933302-86c13e76-d9c8-3&#8243; taxonomies=&#8220;67&#8243;][\/vc_column][\/vc_row]<\/p>\n<\/section>","protected":false},"excerpt":{"rendered":"<p>[vc_row full_width=&#8220;stretch_row&#8220; bg_type=&#8220;bg_color&#8220; seperator_enable=&#8220;seperator_enable_value&#8220; seperator_type=&#8220;curve_down_seperator&#8220; seperator_position=&#8220;bottom_seperator&#8220; seperator_svg_height=&#8220;120&#8243; seperator_shape_background=&#8220;#ffffff&#8220; css=&#8220;.vc_custom_1556013215587{padding-top: 90px !important;padding-bottom: 140px !important;}&#8220; bg_color_value=&#8220;#f4f6f7&#8243;][vc_column][vc_column_text css_animation=&#8220;fadeInDown&#8220; css=&#8220;.vc_custom_1556012546142{margin-top: 20px !important;margin-bottom: 40px !important;}&#8220;] Das Poggio all\u2019Agnello begr\u00fc\u00dft Sie mit Konferenz- und Besprechungsr\u00e4umen, die nach Ihren Anforderungen individuell aufgeteilt und mit der n\u00f6tigen Ausstattung f\u00fcr Events, Kongresse oder Konferenzen versehen werden k\u00f6nnen. Den Teilnehmern stehen alle Serviceleistungen des Resort,&hellip;<\/p>\n","protected":false},"author":6,"featured_media":3417,"parent":0,"menu_order":0,"comment_status":"closed","ping_status":"closed","template":"","meta":[],"tags":[],"yoast_head":"<!-- This site is optimized with the Yoast SEO plugin v21.1 - https:\/\/yoast.com\/wordpress\/plugins\/seo\/ -->\n<title>KONFERENZEN | Poggio all&#039;Agnello<\/title>\n<meta name=\"robots\" content=\"index, follow, max-snippet:-1, max-image-preview:large, max-video-preview:-1\" \/>\n<link rel=\"canonical\" href=\"https:\/\/www.poggioallagnello.it\/de\/veranstaltungen\/\" \/>\n<meta property=\"og:locale\" content=\"de_DE\" \/>\n<meta property=\"og:type\" content=\"article\" \/>\n<meta property=\"og:title\" content=\"KONFERENZEN | Poggio all&#039;Agnello\" \/>\n<meta property=\"og:description\" content=\"[vc_row full_width=&#8220;stretch_row&#8220; bg_type=&#8220;bg_color&#8220; seperator_enable=&#8220;seperator_enable_value&#8220; seperator_type=&#8220;curve_down_seperator&#8220; seperator_position=&#8220;bottom_seperator&#8220; seperator_svg_height=&#8220;120&#8243; seperator_shape_background=&#8220;#ffffff&#8220; css=&#8220;.vc_custom_1556013215587{padding-top: 90px !important;padding-bottom: 140px !important;}&#8220; bg_color_value=&#8220;#f4f6f7&#8243;][vc_column][vc_column_text css_animation=&#8220;fadeInDown&#8220; css=&#8220;.vc_custom_1556012546142{margin-top: 20px !important;margin-bottom: 40px !important;}&#8220;] Das Poggio all\u2019Agnello begr\u00fc\u00dft Sie mit Konferenz- und Besprechungsr\u00e4umen, die nach Ihren Anforderungen individuell aufgeteilt und mit der n\u00f6tigen Ausstattung f\u00fcr Events, Kongresse oder Konferenzen versehen werden k\u00f6nnen. Den Teilnehmern stehen alle Serviceleistungen des Resort,&hellip;\" \/>\n<meta property=\"og:url\" content=\"https:\/\/www.poggioallagnello.it\/de\/veranstaltungen\/\" \/>\n<meta property=\"og:site_name\" content=\"Poggio all&#039;Agnello\" \/>\n<meta property=\"article:publisher\" content=\"https:\/\/www.facebook.com\/poggioallagnelloresort\/\" \/>\n<meta property=\"article:modified_time\" content=\"2021-12-06T18:05:47+00:00\" \/>\n<meta property=\"og:image\" content=\"https:\/\/www.poggioallagnello.it\/wp-content\/uploads\/2019\/02\/Sale-Meeting-poggio-all-agnello-back2.jpg\" \/>\n\t<meta property=\"og:image:width\" content=\"1200\" \/>\n\t<meta property=\"og:image:height\" content=\"800\" \/>\n\t<meta property=\"og:image:type\" content=\"image\/jpeg\" \/>\n<meta name=\"twitter:card\" content=\"summary_large_image\" \/>\n<meta name=\"twitter:site\" content=\"@poggioagnello\" \/>\n<meta name=\"twitter:label1\" content=\"Gesch\u00e4tzte Lesezeit\" \/>\n\t<meta name=\"twitter:data1\" content=\"1\u00a0Minute\" \/>\n<script type=\"application\/ld+json\" class=\"yoast-schema-graph\">{\"@context\":\"https:\/\/schema.org\",\"@graph\":[{\"@type\":\"WebPage\",\"@id\":\"https:\/\/www.poggioallagnello.it\/de\/veranstaltungen\/\",\"url\":\"https:\/\/www.poggioallagnello.it\/de\/veranstaltungen\/\",\"name\":\"KONFERENZEN | Poggio all&#039;Agnello\",\"isPartOf\":{\"@id\":\"https:\/\/www.poggioallagnello.it\/#website\"},\"datePublished\":\"2019-02-08T10:15:45+00:00\",\"dateModified\":\"2021-12-06T18:05:47+00:00\",\"breadcrumb\":{\"@id\":\"https:\/\/www.poggioallagnello.it\/de\/veranstaltungen\/#breadcrumb\"},\"inLanguage\":\"de\",\"potentialAction\":[{\"@type\":\"ReadAction\",\"target\":[\"https:\/\/www.poggioallagnello.it\/de\/veranstaltungen\/\"]}]},{\"@type\":\"BreadcrumbList\",\"@id\":\"https:\/\/www.poggioallagnello.it\/de\/veranstaltungen\/#breadcrumb\",\"itemListElement\":[{\"@type\":\"ListItem\",\"position\":1,\"name\":\"Home\",\"item\":\"https:\/\/www.poggioallagnello.it\/de\/\"},{\"@type\":\"ListItem\",\"position\":2,\"name\":\"KONFERENZEN\"}]},{\"@type\":\"WebSite\",\"@id\":\"https:\/\/www.poggioallagnello.it\/#website\",\"url\":\"https:\/\/www.poggioallagnello.it\/\",\"name\":\"Poggio all&#039;Agnello\",\"description\":\"Sport &amp; Active Holidays\",\"publisher\":{\"@id\":\"https:\/\/www.poggioallagnello.it\/#organization\"},\"potentialAction\":[{\"@type\":\"SearchAction\",\"target\":{\"@type\":\"EntryPoint\",\"urlTemplate\":\"https:\/\/www.poggioallagnello.it\/?s={search_term_string}\"},\"query-input\":\"required name=search_term_string\"}],\"inLanguage\":\"de\"},{\"@type\":\"Organization\",\"@id\":\"https:\/\/www.poggioallagnello.it\/#organization\",\"name\":\"Poggio all'Agnello\",\"url\":\"https:\/\/www.poggioallagnello.it\/\",\"logo\":{\"@type\":\"ImageObject\",\"inLanguage\":\"de\",\"@id\":\"https:\/\/www.poggioallagnello.it\/#\/schema\/logo\/image\/\",\"url\":\"https:\/\/www.poggioallagnello.it\/wp-content\/uploads\/2019\/02\/poggioallagnello-logo-retina-1.png\",\"contentUrl\":\"https:\/\/www.poggioallagnello.it\/wp-content\/uploads\/2019\/02\/poggioallagnello-logo-retina-1.png\",\"width\":407,\"height\":150,\"caption\":\"Poggio all'Agnello\"},\"image\":{\"@id\":\"https:\/\/www.poggioallagnello.it\/#\/schema\/logo\/image\/\"},\"sameAs\":[\"https:\/\/www.facebook.com\/poggioallagnelloresort\/\",\"https:\/\/twitter.com\/poggioagnello\",\"https:\/\/www.instagram.com\/poggioallagnello\/\"]}]}<\/script>\n<!-- \/ Yoast SEO plugin. -->","yoast_head_json":{"title":"KONFERENZEN | Poggio all&#039;Agnello","robots":{"index":"index","follow":"follow","max-snippet":"max-snippet:-1","max-image-preview":"max-image-preview:large","max-video-preview":"max-video-preview:-1"},"canonical":"https:\/\/www.poggioallagnello.it\/de\/veranstaltungen\/","og_locale":"de_DE","og_type":"article","og_title":"KONFERENZEN | Poggio all&#039;Agnello","og_description":"[vc_row full_width=&#8220;stretch_row&#8220; bg_type=&#8220;bg_color&#8220; seperator_enable=&#8220;seperator_enable_value&#8220; seperator_type=&#8220;curve_down_seperator&#8220; seperator_position=&#8220;bottom_seperator&#8220; seperator_svg_height=&#8220;120&#8243; seperator_shape_background=&#8220;#ffffff&#8220; css=&#8220;.vc_custom_1556013215587{padding-top: 90px !important;padding-bottom: 140px !important;}&#8220; bg_color_value=&#8220;#f4f6f7&#8243;][vc_column][vc_column_text css_animation=&#8220;fadeInDown&#8220; css=&#8220;.vc_custom_1556012546142{margin-top: 20px !important;margin-bottom: 40px !important;}&#8220;] Das Poggio all\u2019Agnello begr\u00fc\u00dft Sie mit Konferenz- und Besprechungsr\u00e4umen, die nach Ihren Anforderungen individuell aufgeteilt und mit der n\u00f6tigen Ausstattung f\u00fcr Events, Kongresse oder Konferenzen versehen werden k\u00f6nnen. Den Teilnehmern stehen alle Serviceleistungen des Resort,&hellip;","og_url":"https:\/\/www.poggioallagnello.it\/de\/veranstaltungen\/","og_site_name":"Poggio all&#039;Agnello","article_publisher":"https:\/\/www.facebook.com\/poggioallagnelloresort\/","article_modified_time":"2021-12-06T18:05:47+00:00","og_image":[{"width":1200,"height":800,"url":"https:\/\/www.poggioallagnello.it\/wp-content\/uploads\/2019\/02\/Sale-Meeting-poggio-all-agnello-back2.jpg","type":"image\/jpeg"}],"twitter_card":"summary_large_image","twitter_site":"@poggioagnello","twitter_misc":{"Gesch\u00e4tzte Lesezeit":"1\u00a0Minute"},"schema":{"@context":"https:\/\/schema.org","@graph":[{"@type":"WebPage","@id":"https:\/\/www.poggioallagnello.it\/de\/veranstaltungen\/","url":"https:\/\/www.poggioallagnello.it\/de\/veranstaltungen\/","name":"KONFERENZEN | Poggio all&#039;Agnello","isPartOf":{"@id":"https:\/\/www.poggioallagnello.it\/#website"},"datePublished":"2019-02-08T10:15:45+00:00","dateModified":"2021-12-06T18:05:47+00:00","breadcrumb":{"@id":"https:\/\/www.poggioallagnello.it\/de\/veranstaltungen\/#breadcrumb"},"inLanguage":"de","potentialAction":[{"@type":"ReadAction","target":["https:\/\/www.poggioallagnello.it\/de\/veranstaltungen\/"]}]},{"@type":"BreadcrumbList","@id":"https:\/\/www.poggioallagnello.it\/de\/veranstaltungen\/#breadcrumb","itemListElement":[{"@type":"ListItem","position":1,"name":"Home","item":"https:\/\/www.poggioallagnello.it\/de\/"},{"@type":"ListItem","position":2,"name":"KONFERENZEN"}]},{"@type":"WebSite","@id":"https:\/\/www.poggioallagnello.it\/#website","url":"https:\/\/www.poggioallagnello.it\/","name":"Poggio all&#039;Agnello","description":"Sport &amp; Active Holidays","publisher":{"@id":"https:\/\/www.poggioallagnello.it\/#organization"},"potentialAction":[{"@type":"SearchAction","target":{"@type":"EntryPoint","urlTemplate":"https:\/\/www.poggioallagnello.it\/?s={search_term_string}"},"query-input":"required name=search_term_string"}],"inLanguage":"de"},{"@type":"Organization","@id":"https:\/\/www.poggioallagnello.it\/#organization","name":"Poggio all'Agnello","url":"https:\/\/www.poggioallagnello.it\/","logo":{"@type":"ImageObject","inLanguage":"de","@id":"https:\/\/www.poggioallagnello.it\/#\/schema\/logo\/image\/","url":"https:\/\/www.poggioallagnello.it\/wp-content\/uploads\/2019\/02\/poggioallagnello-logo-retina-1.png","contentUrl":"https:\/\/www.poggioallagnello.it\/wp-content\/uploads\/2019\/02\/poggioallagnello-logo-retina-1.png","width":407,"height":150,"caption":"Poggio all'Agnello"},"image":{"@id":"https:\/\/www.poggioallagnello.it\/#\/schema\/logo\/image\/"},"sameAs":["https:\/\/www.facebook.com\/poggioallagnelloresort\/","https:\/\/twitter.com\/poggioagnello","https:\/\/www.instagram.com\/poggioallagnello\/"]}]}},"_links":{"self":[{"href":"https:\/\/www.poggioallagnello.it\/de\/wp-json\/wp\/v2\/pages\/3702"}],"collection":[{"href":"https:\/\/www.poggioallagnello.it\/de\/wp-json\/wp\/v2\/pages"}],"about":[{"href":"https:\/\/www.poggioallagnello.it\/de\/wp-json\/wp\/v2\/types\/page"}],"author":[{"embeddable":true,"href":"https:\/\/www.poggioallagnello.it\/de\/wp-json\/wp\/v2\/users\/6"}],"replies":[{"embeddable":true,"href":"https:\/\/www.poggioallagnello.it\/de\/wp-json\/wp\/v2\/comments?post=3702"}],"version-history":[{"count":5,"href":"https:\/\/www.poggioallagnello.it\/de\/wp-json\/wp\/v2\/pages\/3702\/revisions"}],"predecessor-version":[{"id":13212,"href":"https:\/\/www.poggioallagnello.it\/de\/wp-json\/wp\/v2\/pages\/3702\/revisions\/13212"}],"wp:featuredmedia":[{"embeddable":true,"href":"https:\/\/www.poggioallagnello.it\/de\/wp-json\/wp\/v2\/media\/3417"}],"wp:attachment":[{"href":"https:\/\/www.poggioallagnello.it\/de\/wp-json\/wp\/v2\/media?parent=3702"}],"wp:term":[{"taxonomy":"post_tag","embeddable":true,"href":"https:\/\/www.poggioallagnello.it\/de\/wp-json\/wp\/v2\/tags?post=3702"}],"curies":[{"name":"wp","href":"https:\/\/api.w.org\/{rel}","templated":true}]}}