{"id":3704,"date":"2019-02-08T11:17:29","date_gmt":"2019-02-08T10:17:29","guid":{"rendered":"https:\/\/demo.poggioallagnello.it\/veranstaltungen\/attivita-post-congressuali\/"},"modified":"2019-08-21T10:41:45","modified_gmt":"2019-08-21T10:41:45","slug":"aktivitaeten-nach-dem-kongress","status":"publish","type":"page","link":"https:\/\/www.poggioallagnello.it\/de\/aktivitaeten-nach-dem-kongress\/","title":{"rendered":"Aktivit\u00e4ten nach dem Kongress"},"content":{"rendered":"<section class=\"wpb-content-wrapper\"><p>[vc_row full_width=&#8220;stretch_row&#8220; bg_type=&#8220;bg_color&#8220; seperator_enable=&#8220;seperator_enable_value&#8220; seperator_type=&#8220;curve_up_seperator&#8220; seperator_position=&#8220;bottom_seperator&#8220; css=&#8220;.vc_custom_1550661837928{padding-top: 90px !important;padding-bottom: 140px !important;}&#8220; bg_color_value=&#8220;#f4f6f7&#8243;][vc_column][vc_column_text]<\/p>\n<h2>AKTIVIT\u00c4TEN NACH DEM KONGRESS IN DER TOSKANA<\/h2>\n<p>Dank der idealen Lage an der Etruskischen K\u00fcste bietet das Poggio all\u2019Agnello ein reichhaltiges Angebot an Freizeit- und Kulturaktivit\u00e4ten auch nach dem Kongress.<\/p>\n<p>[\/vc_column_text][\/vc_column][\/vc_row][vc_row full_width=&#8220;stretch_row&#8220; bg_type=&#8220;bg_color&#8220; css=&#8220;.vc_custom_1560185215844{padding-top: 90px !important;padding-bottom: 140px !important;}&#8220; bg_color_value=&#8220;#ffffff&#8220;][vc_column][vc_column_text]<\/p>\n<h2>ENTDECKEN SIE ALLE AKTIVIT\u00c4TEN<\/h2>\n<p>Das Poggio all\u2019Agnello befindet sich in einem Teil der Toskana, der Ihrem Team dank seines nat\u00fcrlichen und kulturellen Erbes einen unvergesslichen Aufenthalt bescheren wird.<br \/>\nOrganisieren Sie Besuche der Kunstst\u00e4dte und mittelalterlichen Ortschaften in der Umgebung des Resort, oder tauchen Sie ein in eine Naturoase mit gesch\u00fctzten Reservaten.[\/vc_column_text][\/vc_column][\/vc_row][vc_row css_animation=&#8220;fadeInDown&#8220; bg_type=&#8220;image&#8220; parallax_style=&#8220;vcpb-default&#8220; bg_image_new=&#8220;id^3186|url^https:\/\/www.poggioallagnello.it\/wp-content\/uploads\/2019\/02\/Attivita-post-poggio-all-agnello-arte.jpg|caption^null|alt^null|title^Attivita-post-poggio-all-agnello-arte|description^null&#8220; bg_override=&#8220;ex-full&#8220; enable_overlay=&#8220;enable_overlay_value&#8220; overlay_color=&#8220;rgba(0,0,0,0.43)&#8220; css=&#8220;.vc_custom_1550737788255{padding-top: 90px !important;padding-bottom: 90px !important;}&#8220;][vc_column width=&#8220;1\/2&#8243;][vc_column_text]<\/p>\n<h3><span style=\"color: #ffffff;\">MITTELALTERLICHE KUNSTST\u00c4DTE<br \/>\n<\/span><\/h3>\n<p><span style=\"color: #ffffff;\"> Die Etruskische K\u00fcste ist ein Naturparadies, das auch geschichtlich einiges zu bieten hat: Castagneto Carducci, Castiglioncello, Populonia, Campiglia, Bibbona sind nur einige der Ortschaften, die Sie vom Poggio all\u2019Agnello aus schnell erreichen. Ihre Stra\u00dfen, G\u00e4sschen, kleinen Pl\u00e4tze und Postkartenansichten werden Ihnen den Atem rauben. <\/span>[\/vc_column_text][\/vc_column][vc_column width=&#8220;1\/2&#8243;][vc_column_text]<\/p>\n<h3><span style=\"color: #ffffff;\"> ARCH\u00c4OLOGIE <\/span><\/h3>\n<p><span style=\"color: #ffffff;\"> In der unmittelbaren Umgebung des Resort k\u00f6nnen Sie die arch\u00e4ologischen \u00dcberreste der sagenumwobenen Etrusker entdecken. Im Arch\u00e4ologischen Park von Baratti und Populonia, der nur wenige Autominuten vom Poggio all\u2019Agnello entfernt ist, k\u00f6nnen Sie eine einmalige Zeitreise unternehmen. <\/span><\/p>\n<h3><\/h3>\n<p>[\/vc_column_text][\/vc_column][\/vc_row][vc_row css=&#8220;.vc_custom_1550737668680{margin-top: 32px !important;margin-bottom: 32px !important;}&#8220;][vc_column width=&#8220;1\/2&#8243;][vc_column_text]<\/p>\n<h3>NATUR UND PARKS<\/h3>\n<p>Die wilde und unber\u00fchrte Natur ist der wahre Hauptdarsteller an der Etruskischen K\u00fcste: Besuchen Sie die nur wenige Kilometer vom Resort entfernten <a href=\"http:\/\/www.parchivaldicornia.it\/\">Parks von Val di Cornia<\/a>,und entdecken Sie die Sch\u00f6nheit dieses Teils der Erde.[\/vc_column_text][\/vc_column][vc_column width=&#8220;1\/2&#8243;][vc_column_text]<\/p>\n<h3>BOOTSAUSFL\u00dcGE<\/h3>\n<p>Dank der nahen Lage zu Piombino ist es au\u00dferdem m\u00f6glich, eine Schiffsfahrt zu den wundersch\u00f6nen Inseln des Archipels von Elba zu unternehmen (Pianosa, Capraia, Montecristo, Giannutri, Gorgona und Giglio).[\/vc_column_text][\/vc_column][\/vc_row][vc_row css_animation=&#8220;fadeInUp&#8220; bg_type=&#8220;image&#8220; parallax_style=&#8220;vcpb-default&#8220; bg_image_new=&#8220;id^3192|url^https:\/\/www.poggioallagnello.it\/wp-content\/uploads\/2019\/02\/Attivita-post-poggio-all-agnello-vigneto.jpg|caption^null|alt^null|title^Attivita-post-poggio-all-agnello-vigneto|description^null&#8220; bg_override=&#8220;ex-full&#8220; enable_overlay=&#8220;enable_overlay_value&#8220; overlay_color=&#8220;rgba(0,0,0,0.43)&#8220; css=&#8220;.vc_custom_1550737713657{padding-top: 90px !important;padding-bottom: 90px !important;}&#8220;][vc_column][vc_column_text]<\/p>\n<h3><span style=\"color: #ffffff;\"> GASTRONOMIE UND WEINE DER TOSKANA <\/span><\/h3>\n<h4><span style=\"color: #ffffff;\">DIE ETRUSKISCHE K\u00dcSTE BITTET ZU TISCH<br \/>\n<\/span><\/h4>\n<p><span style=\"color: #ffffff;\"> Machen Sie das Poggio all\u2019Agnello zum Ausgangspunkt Ihrer Entdeckungsreise auf der Stra\u00dfe des Weins und \u00d6ls an der Etruskischen K\u00fcste. Auf dieser Schlemmerreise kommen Sie in den Genuss der gro\u00dfartigen Weine und typischen Gerichte, die die Geschichte der italienischen Gastronomie ausmachen. <\/span>[\/vc_column_text][\/vc_column][\/vc_row]<\/p>\n<\/section>","protected":false},"excerpt":{"rendered":"<p>[vc_row full_width=&#8220;stretch_row&#8220; bg_type=&#8220;bg_color&#8220; seperator_enable=&#8220;seperator_enable_value&#8220; seperator_type=&#8220;curve_up_seperator&#8220; seperator_position=&#8220;bottom_seperator&#8220; css=&#8220;.vc_custom_1550661837928{padding-top: 90px !important;padding-bottom: 140px !important;}&#8220; bg_color_value=&#8220;#f4f6f7&#8243;][vc_column][vc_column_text] AKTIVIT\u00c4TEN NACH DEM KONGRESS IN DER TOSKANA Dank der idealen Lage an der Etruskischen K\u00fcste bietet das Poggio all\u2019Agnello ein reichhaltiges Angebot an Freizeit- und Kulturaktivit\u00e4ten auch nach dem Kongress. [\/vc_column_text][\/vc_column][\/vc_row][vc_row full_width=&#8220;stretch_row&#8220; bg_type=&#8220;bg_color&#8220; css=&#8220;.vc_custom_1560185215844{padding-top: 90px !important;padding-bottom: 140px !important;}&#8220; bg_color_value=&#8220;#ffffff&#8220;][vc_column][vc_column_text] ENTDECKEN SIE ALLE AKTIVIT\u00c4TEN&hellip;<\/p>\n","protected":false},"author":6,"featured_media":0,"parent":0,"menu_order":0,"comment_status":"closed","ping_status":"closed","template":"","meta":[],"tags":[],"yoast_head":"<!-- This site is optimized with the Yoast SEO plugin v21.1 - https:\/\/yoast.com\/wordpress\/plugins\/seo\/ -->\n<title>Konferenzen und Kongress in der Toskana - Aktivit\u00e4ten - Poggio all&#039;Agnello<\/title>\n<meta name=\"description\" content=\"Poggio all\u2019Agnello bietet dank der perfekten Location an der etruskischen K\u00fcste und der nahen Lage zur Insel Elba zahlreiche T\u00e4tigkeiten nach dem Kongress an: Kunst, Kultur, Arch\u00e4ologie, Ausfl\u00fcge am Meer, Sport und \u00d6nogastronomie in der Toskana!\" \/>\n<meta name=\"robots\" content=\"index, follow, max-snippet:-1, max-image-preview:large, max-video-preview:-1\" \/>\n<link rel=\"canonical\" href=\"https:\/\/www.poggioallagnello.it\/de\/veranstaltungen\/aktivitaeten-nach-dem-kongress\/\" \/>\n<meta property=\"og:locale\" content=\"de_DE\" \/>\n<meta property=\"og:type\" content=\"article\" \/>\n<meta property=\"og:title\" content=\"Konferenzen und Kongress in der Toskana - Aktivit\u00e4ten - Poggio all&#039;Agnello\" \/>\n<meta property=\"og:description\" content=\"Poggio all\u2019Agnello bietet dank der perfekten Location an der etruskischen K\u00fcste und der nahen Lage zur Insel Elba zahlreiche T\u00e4tigkeiten nach dem Kongress an: Kunst, Kultur, Arch\u00e4ologie, Ausfl\u00fcge am Meer, Sport und \u00d6nogastronomie in der Toskana!\" \/>\n<meta property=\"og:url\" content=\"https:\/\/www.poggioallagnello.it\/de\/veranstaltungen\/aktivitaeten-nach-dem-kongress\/\" \/>\n<meta property=\"og:site_name\" content=\"Poggio all&#039;Agnello\" \/>\n<meta property=\"article:publisher\" content=\"https:\/\/www.facebook.com\/poggioallagnelloresort\/\" \/>\n<meta property=\"article:modified_time\" content=\"2019-08-21T10:41:45+00:00\" \/>\n<meta name=\"twitter:card\" content=\"summary_large_image\" \/>\n<meta name=\"twitter:site\" content=\"@poggioagnello\" \/>\n<meta name=\"twitter:label1\" content=\"Gesch\u00e4tzte Lesezeit\" \/>\n\t<meta name=\"twitter:data1\" content=\"3\u00a0Minuten\" \/>\n<script type=\"application\/ld+json\" class=\"yoast-schema-graph\">{\"@context\":\"https:\/\/schema.org\",\"@graph\":[{\"@type\":\"WebPage\",\"@id\":\"https:\/\/www.poggioallagnello.it\/de\/veranstaltungen\/aktivitaeten-nach-dem-kongress\/\",\"url\":\"https:\/\/www.poggioallagnello.it\/de\/veranstaltungen\/aktivitaeten-nach-dem-kongress\/\",\"name\":\"Konferenzen und Kongress in der Toskana - Aktivit\u00e4ten - Poggio all'Agnello\",\"isPartOf\":{\"@id\":\"https:\/\/www.poggioallagnello.it\/#website\"},\"datePublished\":\"2019-02-08T10:17:29+00:00\",\"dateModified\":\"2019-08-21T10:41:45+00:00\",\"description\":\"Poggio all\u2019Agnello bietet dank der perfekten Location an der etruskischen K\u00fcste und der nahen Lage zur Insel Elba zahlreiche T\u00e4tigkeiten nach dem Kongress an: Kunst, Kultur, Arch\u00e4ologie, Ausfl\u00fcge am Meer, Sport und \u00d6nogastronomie in der Toskana!\",\"breadcrumb\":{\"@id\":\"https:\/\/www.poggioallagnello.it\/de\/veranstaltungen\/aktivitaeten-nach-dem-kongress\/#breadcrumb\"},\"inLanguage\":\"de\",\"potentialAction\":[{\"@type\":\"ReadAction\",\"target\":[\"https:\/\/www.poggioallagnello.it\/de\/veranstaltungen\/aktivitaeten-nach-dem-kongress\/\"]}]},{\"@type\":\"BreadcrumbList\",\"@id\":\"https:\/\/www.poggioallagnello.it\/de\/veranstaltungen\/aktivitaeten-nach-dem-kongress\/#breadcrumb\",\"itemListElement\":[{\"@type\":\"ListItem\",\"position\":1,\"name\":\"Home\",\"item\":\"https:\/\/www.poggioallagnello.it\/de\/\"},{\"@type\":\"ListItem\",\"position\":2,\"name\":\"KONFERENZEN\",\"item\":\"https:\/\/www.poggioallagnello.it\/de\/veranstaltungen\/\"},{\"@type\":\"ListItem\",\"position\":3,\"name\":\"Aktivit\u00e4ten nach dem Kongress\"}]},{\"@type\":\"WebSite\",\"@id\":\"https:\/\/www.poggioallagnello.it\/#website\",\"url\":\"https:\/\/www.poggioallagnello.it\/\",\"name\":\"Poggio all&#039;Agnello\",\"description\":\"Sport &amp; Active Holidays\",\"publisher\":{\"@id\":\"https:\/\/www.poggioallagnello.it\/#organization\"},\"potentialAction\":[{\"@type\":\"SearchAction\",\"target\":{\"@type\":\"EntryPoint\",\"urlTemplate\":\"https:\/\/www.poggioallagnello.it\/?s={search_term_string}\"},\"query-input\":\"required name=search_term_string\"}],\"inLanguage\":\"de\"},{\"@type\":\"Organization\",\"@id\":\"https:\/\/www.poggioallagnello.it\/#organization\",\"name\":\"Poggio all'Agnello\",\"url\":\"https:\/\/www.poggioallagnello.it\/\",\"logo\":{\"@type\":\"ImageObject\",\"inLanguage\":\"de\",\"@id\":\"https:\/\/www.poggioallagnello.it\/#\/schema\/logo\/image\/\",\"url\":\"https:\/\/www.poggioallagnello.it\/wp-content\/uploads\/2019\/02\/poggioallagnello-logo-retina-1.png\",\"contentUrl\":\"https:\/\/www.poggioallagnello.it\/wp-content\/uploads\/2019\/02\/poggioallagnello-logo-retina-1.png\",\"width\":407,\"height\":150,\"caption\":\"Poggio all'Agnello\"},\"image\":{\"@id\":\"https:\/\/www.poggioallagnello.it\/#\/schema\/logo\/image\/\"},\"sameAs\":[\"https:\/\/www.facebook.com\/poggioallagnelloresort\/\",\"https:\/\/twitter.com\/poggioagnello\",\"https:\/\/www.instagram.com\/poggioallagnello\/\"]}]}<\/script>\n<!-- \/ Yoast SEO plugin. -->","yoast_head_json":{"title":"Konferenzen und Kongress in der Toskana - Aktivit\u00e4ten - Poggio all'Agnello","description":"Poggio all\u2019Agnello bietet dank der perfekten Location an der etruskischen K\u00fcste und der nahen Lage zur Insel Elba zahlreiche T\u00e4tigkeiten nach dem Kongress an: Kunst, Kultur, Arch\u00e4ologie, Ausfl\u00fcge am Meer, Sport und \u00d6nogastronomie in der Toskana!","robots":{"index":"index","follow":"follow","max-snippet":"max-snippet:-1","max-image-preview":"max-image-preview:large","max-video-preview":"max-video-preview:-1"},"canonical":"https:\/\/www.poggioallagnello.it\/de\/veranstaltungen\/aktivitaeten-nach-dem-kongress\/","og_locale":"de_DE","og_type":"article","og_title":"Konferenzen und Kongress in der Toskana - Aktivit\u00e4ten - Poggio all'Agnello","og_description":"Poggio all\u2019Agnello bietet dank der perfekten Location an der etruskischen K\u00fcste und der nahen Lage zur Insel Elba zahlreiche T\u00e4tigkeiten nach dem Kongress an: Kunst, Kultur, Arch\u00e4ologie, Ausfl\u00fcge am Meer, Sport und \u00d6nogastronomie in der Toskana!","og_url":"https:\/\/www.poggioallagnello.it\/de\/veranstaltungen\/aktivitaeten-nach-dem-kongress\/","og_site_name":"Poggio all&#039;Agnello","article_publisher":"https:\/\/www.facebook.com\/poggioallagnelloresort\/","article_modified_time":"2019-08-21T10:41:45+00:00","twitter_card":"summary_large_image","twitter_site":"@poggioagnello","twitter_misc":{"Gesch\u00e4tzte Lesezeit":"3\u00a0Minuten"},"schema":{"@context":"https:\/\/schema.org","@graph":[{"@type":"WebPage","@id":"https:\/\/www.poggioallagnello.it\/de\/veranstaltungen\/aktivitaeten-nach-dem-kongress\/","url":"https:\/\/www.poggioallagnello.it\/de\/veranstaltungen\/aktivitaeten-nach-dem-kongress\/","name":"Konferenzen und Kongress in der Toskana - Aktivit\u00e4ten - Poggio all'Agnello","isPartOf":{"@id":"https:\/\/www.poggioallagnello.it\/#website"},"datePublished":"2019-02-08T10:17:29+00:00","dateModified":"2019-08-21T10:41:45+00:00","description":"Poggio all\u2019Agnello bietet dank der perfekten Location an der etruskischen K\u00fcste und der nahen Lage zur Insel Elba zahlreiche T\u00e4tigkeiten nach dem Kongress an: Kunst, Kultur, Arch\u00e4ologie, Ausfl\u00fcge am Meer, Sport und \u00d6nogastronomie in der Toskana!","breadcrumb":{"@id":"https:\/\/www.poggioallagnello.it\/de\/veranstaltungen\/aktivitaeten-nach-dem-kongress\/#breadcrumb"},"inLanguage":"de","potentialAction":[{"@type":"ReadAction","target":["https:\/\/www.poggioallagnello.it\/de\/veranstaltungen\/aktivitaeten-nach-dem-kongress\/"]}]},{"@type":"BreadcrumbList","@id":"https:\/\/www.poggioallagnello.it\/de\/veranstaltungen\/aktivitaeten-nach-dem-kongress\/#breadcrumb","itemListElement":[{"@type":"ListItem","position":1,"name":"Home","item":"https:\/\/www.poggioallagnello.it\/de\/"},{"@type":"ListItem","position":2,"name":"KONFERENZEN","item":"https:\/\/www.poggioallagnello.it\/de\/veranstaltungen\/"},{"@type":"ListItem","position":3,"name":"Aktivit\u00e4ten nach dem Kongress"}]},{"@type":"WebSite","@id":"https:\/\/www.poggioallagnello.it\/#website","url":"https:\/\/www.poggioallagnello.it\/","name":"Poggio all&#039;Agnello","description":"Sport &amp; Active Holidays","publisher":{"@id":"https:\/\/www.poggioallagnello.it\/#organization"},"potentialAction":[{"@type":"SearchAction","target":{"@type":"EntryPoint","urlTemplate":"https:\/\/www.poggioallagnello.it\/?s={search_term_string}"},"query-input":"required name=search_term_string"}],"inLanguage":"de"},{"@type":"Organization","@id":"https:\/\/www.poggioallagnello.it\/#organization","name":"Poggio all'Agnello","url":"https:\/\/www.poggioallagnello.it\/","logo":{"@type":"ImageObject","inLanguage":"de","@id":"https:\/\/www.poggioallagnello.it\/#\/schema\/logo\/image\/","url":"https:\/\/www.poggioallagnello.it\/wp-content\/uploads\/2019\/02\/poggioallagnello-logo-retina-1.png","contentUrl":"https:\/\/www.poggioallagnello.it\/wp-content\/uploads\/2019\/02\/poggioallagnello-logo-retina-1.png","width":407,"height":150,"caption":"Poggio all'Agnello"},"image":{"@id":"https:\/\/www.poggioallagnello.it\/#\/schema\/logo\/image\/"},"sameAs":["https:\/\/www.facebook.com\/poggioallagnelloresort\/","https:\/\/twitter.com\/poggioagnello","https:\/\/www.instagram.com\/poggioallagnello\/"]}]}},"_links":{"self":[{"href":"https:\/\/www.poggioallagnello.it\/de\/wp-json\/wp\/v2\/pages\/3704"}],"collection":[{"href":"https:\/\/www.poggioallagnello.it\/de\/wp-json\/wp\/v2\/pages"}],"about":[{"href":"https:\/\/www.poggioallagnello.it\/de\/wp-json\/wp\/v2\/types\/page"}],"author":[{"embeddable":true,"href":"https:\/\/www.poggioallagnello.it\/de\/wp-json\/wp\/v2\/users\/6"}],"replies":[{"embeddable":true,"href":"https:\/\/www.poggioallagnello.it\/de\/wp-json\/wp\/v2\/comments?post=3704"}],"version-history":[{"count":8,"href":"https:\/\/www.poggioallagnello.it\/de\/wp-json\/wp\/v2\/pages\/3704\/revisions"}],"predecessor-version":[{"id":4260,"href":"https:\/\/www.poggioallagnello.it\/de\/wp-json\/wp\/v2\/pages\/3704\/revisions\/4260"}],"wp:attachment":[{"href":"https:\/\/www.poggioallagnello.it\/de\/wp-json\/wp\/v2\/media?parent=3704"}],"wp:term":[{"taxonomy":"post_tag","embeddable":true,"href":"https:\/\/www.poggioallagnello.it\/de\/wp-json\/wp\/v2\/tags?post=3704"}],"curies":[{"name":"wp","href":"https:\/\/api.w.org\/{rel}","templated":true}]}}