{"id":3709,"date":"2019-02-08T11:16:51","date_gmt":"2019-02-08T10:16:51","guid":{"rendered":"https:\/\/demo.poggioallagnello.it\/veranstaltungen\/team-building\/"},"modified":"2019-08-21T10:41:56","modified_gmt":"2019-08-21T10:41:56","slug":"team-building","status":"publish","type":"page","link":"https:\/\/www.poggioallagnello.it\/de\/team-building\/","title":{"rendered":"Team Building"},"content":{"rendered":"<section class=\"wpb-content-wrapper\"><p>[vc_row full_width=&#8220;stretch_row&#8220; bg_type=&#8220;bg_color&#8220; seperator_enable=&#8220;seperator_enable_value&#8220; seperator_type=&#8220;curve_up_seperator&#8220; seperator_position=&#8220;bottom_seperator&#8220; seperator_svg_height=&#8220;140&#8243; css=&#8220;.vc_custom_1550660908471{padding-top: 90px !important;padding-bottom: 140px !important;}&#8220; bg_color_value=&#8220;#f4f6f7&#8243;][vc_column][vc_column_text]<\/p>\n<h2>AKTIVIT\u00c4TEN DES TEAM-BUILDING<\/h2>\n<p>Poggio all\u2019Agnello ist der perfekte Ort zur Durchf\u00fchrung eines betrieblichen Team-Buildings. Dank der gemeinsamen Aktivit\u00e4ten steigt das Zugeh\u00f6rigkeitsgef\u00fchl und die Motivation aller Teilnehmer.<br \/>\nZus\u00e4tzlich zu den Konferenz- und Besprechungsr\u00e4umen stellt das Poggio all\u2019Agnello auch die Sportpl\u00e4tze und das n\u00f6tige Equipment f\u00fcr ein sportliches und spielerisches Team-Building zur Verf\u00fcgung.<br \/>\nVor dem Hintergrund der Aktivit\u00e4ten wird der Aufenthalt im Poggio all\u2019Agnello inmitten der unber\u00fchrten Natur zwischen Meer und Etruskerk\u00fcste zu einem unvergesslichen Erlebnis, das Ihr Team noch mehr zusammenschwei\u00dft.[\/vc_column_text][\/vc_column][\/vc_row][vc_row][vc_column width=&#8220;1\/4&#8243;][vc_column_text css_animation=&#8220;fadeInLeft&#8220;]<\/p>\n<h3>TEAM-BUILDING DURCH SPORT<\/h3>\n<p>Sportliche Aktivit\u00e4ten bringen Menschen zusammen, und im Poggio all\u2019Agnello stehen alle Sportanlagen komplett zu Ihrer Verf\u00fcgung. Das zu bestimmten Zeiten beheizte olympische Schwimmbecken, die Tennispl\u00e4tze, der Multifunktionsplatz f\u00fcr Kleinfu\u00dfball, Basket- oder Volleyball oder der Federballplatz mit Rasen erm\u00f6glichen individuelle Turniere.[\/vc_column_text][\/vc_column][vc_column width=&#8220;1\/2&#8243;][vc_column_text css_animation=&#8220;fadeInDown&#8220;]<\/p>\n<h3>TEAM-BUILDING INDOOR<\/h3>\n<p>Es gibt auch einen gro\u00dfen Saal im Inneren des Resorts, in dem jede Art von T\u00e4tigkeit zur Erreichung von Zielen des Team-Building wie etwa Gesellschaftsspiele, Gesangs- und Redewettbewerbe, Filmemachen und vieles andere mehr durchgef\u00fchrt werden kann.[\/vc_column_text][\/vc_column][vc_column width=&#8220;1\/4&#8243;][vc_column_text css_animation=&#8220;fadeInRight&#8220;]<\/p>\n<h3>TEAM BUILDING DURCH ABENTEUER<\/h3>\n<p>Der gro\u00dfe Park des Resort und die umliegenden Gr\u00fcnfl\u00e4chen sind der ideale Ort f\u00fcr Aktivit\u00e4ten in der Natur wie Schatzsuche, Orientierungslauf und Geschicklichkeitsspiele. [\/vc_column_text][\/vc_column][\/vc_row]<\/p>\n<\/section>","protected":false},"excerpt":{"rendered":"<p>[vc_row full_width=&#8220;stretch_row&#8220; bg_type=&#8220;bg_color&#8220; seperator_enable=&#8220;seperator_enable_value&#8220; seperator_type=&#8220;curve_up_seperator&#8220; seperator_position=&#8220;bottom_seperator&#8220; seperator_svg_height=&#8220;140&#8243; css=&#8220;.vc_custom_1550660908471{padding-top: 90px !important;padding-bottom: 140px !important;}&#8220; bg_color_value=&#8220;#f4f6f7&#8243;][vc_column][vc_column_text] AKTIVIT\u00c4TEN DES TEAM-BUILDING Poggio all\u2019Agnello ist der perfekte Ort zur Durchf\u00fchrung eines betrieblichen Team-Buildings. Dank der gemeinsamen Aktivit\u00e4ten steigt das Zugeh\u00f6rigkeitsgef\u00fchl und die Motivation aller Teilnehmer. Zus\u00e4tzlich zu den Konferenz- und Besprechungsr\u00e4umen stellt das Poggio all\u2019Agnello auch die Sportpl\u00e4tze und das n\u00f6tige&hellip;<\/p>\n","protected":false},"author":6,"featured_media":0,"parent":0,"menu_order":0,"comment_status":"closed","ping_status":"closed","template":"","meta":[],"tags":[],"yoast_head":"<!-- This site is optimized with the Yoast SEO plugin v21.1 - https:\/\/yoast.com\/wordpress\/plugins\/seo\/ -->\n<title>Team Building in der Toskana Italie - Poggio All&#039;Agnello Resort<\/title>\n<meta name=\"description\" content=\"Poggio all\u2019Agnello ist aufgrund seiner gro\u00dfz\u00fcgig angelegten Struktur (sowohl im Inneren als auch im Freien) und den vielen Services der ideale Veranstaltungsort f\u00fcr T\u00e4tigkeiten wie Team Building und Erfahrungsbildung in der Toskana Meer Etruskische K\u00fcste. Der perfekte Ort f\u00fcr eine Unternehmenskonvention\" \/>\n<meta name=\"robots\" content=\"index, follow, max-snippet:-1, max-image-preview:large, max-video-preview:-1\" \/>\n<link rel=\"canonical\" href=\"https:\/\/www.poggioallagnello.it\/de\/veranstaltungen\/team-building\/\" \/>\n<meta property=\"og:locale\" content=\"de_DE\" \/>\n<meta property=\"og:type\" content=\"article\" \/>\n<meta property=\"og:title\" content=\"Team Building in der Toskana Italie - Poggio All&#039;Agnello Resort\" \/>\n<meta property=\"og:description\" content=\"Poggio all\u2019Agnello ist aufgrund seiner gro\u00dfz\u00fcgig angelegten Struktur (sowohl im Inneren als auch im Freien) und den vielen Services der ideale Veranstaltungsort f\u00fcr T\u00e4tigkeiten wie Team Building und Erfahrungsbildung in der Toskana Meer Etruskische K\u00fcste. Der perfekte Ort f\u00fcr eine Unternehmenskonvention\" \/>\n<meta property=\"og:url\" content=\"https:\/\/www.poggioallagnello.it\/de\/veranstaltungen\/team-building\/\" \/>\n<meta property=\"og:site_name\" content=\"Poggio all&#039;Agnello\" \/>\n<meta property=\"article:publisher\" content=\"https:\/\/www.facebook.com\/poggioallagnelloresort\/\" \/>\n<meta property=\"article:modified_time\" content=\"2019-08-21T10:41:56+00:00\" \/>\n<meta name=\"twitter:card\" content=\"summary_large_image\" \/>\n<meta name=\"twitter:site\" content=\"@poggioagnello\" \/>\n<meta name=\"twitter:label1\" content=\"Gesch\u00e4tzte Lesezeit\" \/>\n\t<meta name=\"twitter:data1\" content=\"2\u00a0Minuten\" \/>\n<script type=\"application\/ld+json\" class=\"yoast-schema-graph\">{\"@context\":\"https:\/\/schema.org\",\"@graph\":[{\"@type\":\"WebPage\",\"@id\":\"https:\/\/www.poggioallagnello.it\/de\/veranstaltungen\/team-building\/\",\"url\":\"https:\/\/www.poggioallagnello.it\/de\/veranstaltungen\/team-building\/\",\"name\":\"Team Building in der Toskana Italie - Poggio All'Agnello Resort\",\"isPartOf\":{\"@id\":\"https:\/\/www.poggioallagnello.it\/#website\"},\"datePublished\":\"2019-02-08T10:16:51+00:00\",\"dateModified\":\"2019-08-21T10:41:56+00:00\",\"description\":\"Poggio all\u2019Agnello ist aufgrund seiner gro\u00dfz\u00fcgig angelegten Struktur (sowohl im Inneren als auch im Freien) und den vielen Services der ideale Veranstaltungsort f\u00fcr T\u00e4tigkeiten wie Team Building und Erfahrungsbildung in der Toskana Meer Etruskische K\u00fcste. Der perfekte Ort f\u00fcr eine Unternehmenskonvention\",\"breadcrumb\":{\"@id\":\"https:\/\/www.poggioallagnello.it\/de\/veranstaltungen\/team-building\/#breadcrumb\"},\"inLanguage\":\"de\",\"potentialAction\":[{\"@type\":\"ReadAction\",\"target\":[\"https:\/\/www.poggioallagnello.it\/de\/veranstaltungen\/team-building\/\"]}]},{\"@type\":\"BreadcrumbList\",\"@id\":\"https:\/\/www.poggioallagnello.it\/de\/veranstaltungen\/team-building\/#breadcrumb\",\"itemListElement\":[{\"@type\":\"ListItem\",\"position\":1,\"name\":\"Home\",\"item\":\"https:\/\/www.poggioallagnello.it\/de\/\"},{\"@type\":\"ListItem\",\"position\":2,\"name\":\"KONFERENZEN\",\"item\":\"https:\/\/www.poggioallagnello.it\/de\/veranstaltungen\/\"},{\"@type\":\"ListItem\",\"position\":3,\"name\":\"Team Building\"}]},{\"@type\":\"WebSite\",\"@id\":\"https:\/\/www.poggioallagnello.it\/#website\",\"url\":\"https:\/\/www.poggioallagnello.it\/\",\"name\":\"Poggio all&#039;Agnello\",\"description\":\"Sport &amp; Active Holidays\",\"publisher\":{\"@id\":\"https:\/\/www.poggioallagnello.it\/#organization\"},\"potentialAction\":[{\"@type\":\"SearchAction\",\"target\":{\"@type\":\"EntryPoint\",\"urlTemplate\":\"https:\/\/www.poggioallagnello.it\/?s={search_term_string}\"},\"query-input\":\"required name=search_term_string\"}],\"inLanguage\":\"de\"},{\"@type\":\"Organization\",\"@id\":\"https:\/\/www.poggioallagnello.it\/#organization\",\"name\":\"Poggio all'Agnello\",\"url\":\"https:\/\/www.poggioallagnello.it\/\",\"logo\":{\"@type\":\"ImageObject\",\"inLanguage\":\"de\",\"@id\":\"https:\/\/www.poggioallagnello.it\/#\/schema\/logo\/image\/\",\"url\":\"https:\/\/www.poggioallagnello.it\/wp-content\/uploads\/2019\/02\/poggioallagnello-logo-retina-1.png\",\"contentUrl\":\"https:\/\/www.poggioallagnello.it\/wp-content\/uploads\/2019\/02\/poggioallagnello-logo-retina-1.png\",\"width\":407,\"height\":150,\"caption\":\"Poggio all'Agnello\"},\"image\":{\"@id\":\"https:\/\/www.poggioallagnello.it\/#\/schema\/logo\/image\/\"},\"sameAs\":[\"https:\/\/www.facebook.com\/poggioallagnelloresort\/\",\"https:\/\/twitter.com\/poggioagnello\",\"https:\/\/www.instagram.com\/poggioallagnello\/\"]}]}<\/script>\n<!-- \/ Yoast SEO plugin. -->","yoast_head_json":{"title":"Team Building in der Toskana Italie - Poggio All'Agnello Resort","description":"Poggio all\u2019Agnello ist aufgrund seiner gro\u00dfz\u00fcgig angelegten Struktur (sowohl im Inneren als auch im Freien) und den vielen Services der ideale Veranstaltungsort f\u00fcr T\u00e4tigkeiten wie Team Building und Erfahrungsbildung in der Toskana Meer Etruskische K\u00fcste. Der perfekte Ort f\u00fcr eine Unternehmenskonvention","robots":{"index":"index","follow":"follow","max-snippet":"max-snippet:-1","max-image-preview":"max-image-preview:large","max-video-preview":"max-video-preview:-1"},"canonical":"https:\/\/www.poggioallagnello.it\/de\/veranstaltungen\/team-building\/","og_locale":"de_DE","og_type":"article","og_title":"Team Building in der Toskana Italie - Poggio All'Agnello Resort","og_description":"Poggio all\u2019Agnello ist aufgrund seiner gro\u00dfz\u00fcgig angelegten Struktur (sowohl im Inneren als auch im Freien) und den vielen Services der ideale Veranstaltungsort f\u00fcr T\u00e4tigkeiten wie Team Building und Erfahrungsbildung in der Toskana Meer Etruskische K\u00fcste. Der perfekte Ort f\u00fcr eine Unternehmenskonvention","og_url":"https:\/\/www.poggioallagnello.it\/de\/veranstaltungen\/team-building\/","og_site_name":"Poggio all&#039;Agnello","article_publisher":"https:\/\/www.facebook.com\/poggioallagnelloresort\/","article_modified_time":"2019-08-21T10:41:56+00:00","twitter_card":"summary_large_image","twitter_site":"@poggioagnello","twitter_misc":{"Gesch\u00e4tzte Lesezeit":"2\u00a0Minuten"},"schema":{"@context":"https:\/\/schema.org","@graph":[{"@type":"WebPage","@id":"https:\/\/www.poggioallagnello.it\/de\/veranstaltungen\/team-building\/","url":"https:\/\/www.poggioallagnello.it\/de\/veranstaltungen\/team-building\/","name":"Team Building in der Toskana Italie - Poggio All'Agnello Resort","isPartOf":{"@id":"https:\/\/www.poggioallagnello.it\/#website"},"datePublished":"2019-02-08T10:16:51+00:00","dateModified":"2019-08-21T10:41:56+00:00","description":"Poggio all\u2019Agnello ist aufgrund seiner gro\u00dfz\u00fcgig angelegten Struktur (sowohl im Inneren als auch im Freien) und den vielen Services der ideale Veranstaltungsort f\u00fcr T\u00e4tigkeiten wie Team Building und Erfahrungsbildung in der Toskana Meer Etruskische K\u00fcste. Der perfekte Ort f\u00fcr eine Unternehmenskonvention","breadcrumb":{"@id":"https:\/\/www.poggioallagnello.it\/de\/veranstaltungen\/team-building\/#breadcrumb"},"inLanguage":"de","potentialAction":[{"@type":"ReadAction","target":["https:\/\/www.poggioallagnello.it\/de\/veranstaltungen\/team-building\/"]}]},{"@type":"BreadcrumbList","@id":"https:\/\/www.poggioallagnello.it\/de\/veranstaltungen\/team-building\/#breadcrumb","itemListElement":[{"@type":"ListItem","position":1,"name":"Home","item":"https:\/\/www.poggioallagnello.it\/de\/"},{"@type":"ListItem","position":2,"name":"KONFERENZEN","item":"https:\/\/www.poggioallagnello.it\/de\/veranstaltungen\/"},{"@type":"ListItem","position":3,"name":"Team Building"}]},{"@type":"WebSite","@id":"https:\/\/www.poggioallagnello.it\/#website","url":"https:\/\/www.poggioallagnello.it\/","name":"Poggio all&#039;Agnello","description":"Sport &amp; Active Holidays","publisher":{"@id":"https:\/\/www.poggioallagnello.it\/#organization"},"potentialAction":[{"@type":"SearchAction","target":{"@type":"EntryPoint","urlTemplate":"https:\/\/www.poggioallagnello.it\/?s={search_term_string}"},"query-input":"required name=search_term_string"}],"inLanguage":"de"},{"@type":"Organization","@id":"https:\/\/www.poggioallagnello.it\/#organization","name":"Poggio all'Agnello","url":"https:\/\/www.poggioallagnello.it\/","logo":{"@type":"ImageObject","inLanguage":"de","@id":"https:\/\/www.poggioallagnello.it\/#\/schema\/logo\/image\/","url":"https:\/\/www.poggioallagnello.it\/wp-content\/uploads\/2019\/02\/poggioallagnello-logo-retina-1.png","contentUrl":"https:\/\/www.poggioallagnello.it\/wp-content\/uploads\/2019\/02\/poggioallagnello-logo-retina-1.png","width":407,"height":150,"caption":"Poggio all'Agnello"},"image":{"@id":"https:\/\/www.poggioallagnello.it\/#\/schema\/logo\/image\/"},"sameAs":["https:\/\/www.facebook.com\/poggioallagnelloresort\/","https:\/\/twitter.com\/poggioagnello","https:\/\/www.instagram.com\/poggioallagnello\/"]}]}},"_links":{"self":[{"href":"https:\/\/www.poggioallagnello.it\/de\/wp-json\/wp\/v2\/pages\/3709"}],"collection":[{"href":"https:\/\/www.poggioallagnello.it\/de\/wp-json\/wp\/v2\/pages"}],"about":[{"href":"https:\/\/www.poggioallagnello.it\/de\/wp-json\/wp\/v2\/types\/page"}],"author":[{"embeddable":true,"href":"https:\/\/www.poggioallagnello.it\/de\/wp-json\/wp\/v2\/users\/6"}],"replies":[{"embeddable":true,"href":"https:\/\/www.poggioallagnello.it\/de\/wp-json\/wp\/v2\/comments?post=3709"}],"version-history":[{"count":3,"href":"https:\/\/www.poggioallagnello.it\/de\/wp-json\/wp\/v2\/pages\/3709\/revisions"}],"predecessor-version":[{"id":4256,"href":"https:\/\/www.poggioallagnello.it\/de\/wp-json\/wp\/v2\/pages\/3709\/revisions\/4256"}],"wp:attachment":[{"href":"https:\/\/www.poggioallagnello.it\/de\/wp-json\/wp\/v2\/media?parent=3709"}],"wp:term":[{"taxonomy":"post_tag","embeddable":true,"href":"https:\/\/www.poggioallagnello.it\/de\/wp-json\/wp\/v2\/tags?post=3709"}],"curies":[{"name":"wp","href":"https:\/\/api.w.org\/{rel}","templated":true}]}}