{"id":3718,"date":"2019-02-08T10:41:40","date_gmt":"2019-02-08T09:41:40","guid":{"rendered":"https:\/\/demo.poggioallagnello.it\/resort\/come-raggiungerci\/"},"modified":"2019-08-21T12:13:07","modified_gmt":"2019-08-21T12:13:07","slug":"standort","status":"publish","type":"page","link":"https:\/\/www.poggioallagnello.it\/de\/standort\/","title":{"rendered":"Der Ort"},"content":{"rendered":"<section class=\"wpb-content-wrapper\"><p>[vc_row full_width=&#8220;stretch_row&#8220; bg_type=&#8220;bg_color&#8220; seperator_enable=&#8220;seperator_enable_value&#8220; seperator_type=&#8220;curve_up_seperator&#8220; seperator_position=&#8220;bottom_seperator&#8220; css=&#8220;.vc_custom_1550739608241{padding-top: 90px !important;padding-bottom: 140px !important;}&#8220; bg_color_value=&#8220;#f4f6f7&#8243;][vc_column][vc_column_text]<\/p>\n<h2>FERIENDORF TOSKANA &#8211; COSTA DEGLI ETRUSCHI<\/h2>\n<p>Das Tourismusresort Poggio all\u2019Agnello befindet sich in g\u00fcnstiger Lage, nur wenige Kilometer von Piombino in der Ortschaft Baratti (Provinz Livorno) entfernt und ganz in der N\u00e4he des ber\u00fchmten Golf von Baratti an der Etruskischen K\u00fcste gelegen. Unser Tourismusresort ist idealer Ausgangspunkt f\u00fcr Besichtigungen der Parks von Val di Cornia, f\u00fcr Bootsausfl\u00fcge von Piombino zur Insel Elba, nach Sardinien und Korsika, zum Besuch der ber\u00fchmten Str\u00e4nde an der Etruskischen K\u00fcste und der Kunstst\u00e4dte dieser Gegend, die reich an Attraktionen ist, sowie zur Besichtigung der livornesischen Maremma. Der n\u00e4chstgelegene Strand des Poggio all\u2019Agnello befindet sich am Golf von Baratti, nur 2 km vom Resort entfernt und ist mit einem Shuttlebus erreichbar (fragen Sie an der Rezeption).[\/vc_column_text][\/vc_column][\/vc_row][vc_row][vc_column width=&#8220;1\/3&#8243;][vc_column_text css_animation=&#8220;fadeInDown&#8220;]<\/p>\n<h3>ENTFERNUNG ZU DEN WICHTIGSTEN FLUGH\u00c4FEN<\/h3>\n<p>Flughafen Pisa 96 km<br \/>\nFlughafen Grosseto 73 km<br \/>\nFlughafen Florenz 152 km<br \/>\nFlughafen Rom (Fiumicino) 244 km[\/vc_column_text][\/vc_column][vc_column width=&#8220;1\/3&#8243;][vc_column_text css_animation=&#8220;fadeInDown&#8220;]<\/p>\n<h3>ENTFERNUNG VOM N\u00c4CHSTGELEGENEN HAFEN<\/h3>\n<p>Livorno 77 km<br \/>\nPiombino 10 km[\/vc_column_text][\/vc_column][vc_column width=&#8220;1\/3&#8243;][vc_column_text css_animation=&#8220;fadeInDown&#8220;]<\/p>\n<h3>ENTFERNUNG VOM BAHNHOF<\/h3>\n<p>Campiglia Marittima 9 km[\/vc_column_text][\/vc_column][\/vc_row]<\/p>\n<p>[vc_row full_width=&#8220;stretch_row_content_no_spaces&#8220;][vc_column][vc_gmaps link=&#8220;#E-8_JTNDaWZyYW1lJTIwY2xhc3MlM0QlMjJtYXAlMjIlMjBzcmMlM0QlMjJodHRwcyUzQSUyRiUyRnd3dy5nb29nbGUuY29tJTJGbWFwcyUyRmVtYmVkJTNGcGIlM0QlMjExbTE4JTIxMW0xMiUyMTFtMyUyMTFkMjkxOC4wMzA3MDk3ODYyNzU2JTIxMmQxMC41MzczMDIzMTUyODQxNyUyMTNkNDIuOTk4Njg3OTAyNTIzNzg0JTIxMm0zJTIxMWYwJTIxMmYwJTIxM2YwJTIxM20yJTIxMWkxMDI0JTIxMmk3NjglMjE0ZjEzLjElMjEzbTMlMjExbTIlMjExczB4MTJkNjFmNTc3MmE1ODA5MyUyNTNBMHhmMjZlM2E4MDBmMzM0NmZlJTIxMnNQb2dnaW8lMkJhbGwlMjYlMjMzOSUzQkFnbmVsbG8lMkJTcG9ydCUyQiUyNTI2JTJCQWN0aXZlJTJCSG9saWRheXMlMjE1ZTAlMjEzbTIlMjExc2l0JTIxMnNpdCUyMTR2MTU2Mzk2MTgxOTk0MyUyMTVtMiUyMTFzaXQlMjEyc2l0JTIyJTIwd2lkdGglM0QlMjIxMDAlMjUlMjIlMjBoZWlnaHQlM0QlMjI2NTAlMjIlMjBmcmFtZWJvcmRlciUzRCUyMjAlMjIlMjBzdHlsZSUzRCUyMmJvcmRlciUzQTAlMjIlMjBhbGxvd2Z1bGxzY3JlZW4lM0UlM0MlMkZpZnJhbWUlM0U=&#8220;][\/vc_column][\/vc_row]<\/p>\n<\/section>","protected":false},"excerpt":{"rendered":"<p>[vc_row full_width=&#8220;stretch_row&#8220; bg_type=&#8220;bg_color&#8220; seperator_enable=&#8220;seperator_enable_value&#8220; seperator_type=&#8220;curve_up_seperator&#8220; seperator_position=&#8220;bottom_seperator&#8220; css=&#8220;.vc_custom_1550739608241{padding-top: 90px !important;padding-bottom: 140px !important;}&#8220; bg_color_value=&#8220;#f4f6f7&#8243;][vc_column][vc_column_text] FERIENDORF TOSKANA &#8211; COSTA DEGLI ETRUSCHI Das Tourismusresort Poggio all\u2019Agnello befindet sich in g\u00fcnstiger Lage, nur wenige Kilometer von Piombino in der Ortschaft Baratti (Provinz Livorno) entfernt und ganz in der N\u00e4he des ber\u00fchmten Golf von Baratti an der Etruskischen K\u00fcste gelegen. Unser&hellip;<\/p>\n","protected":false},"author":6,"featured_media":0,"parent":0,"menu_order":0,"comment_status":"closed","ping_status":"closed","template":"","meta":[],"tags":[],"yoast_head":"<!-- This site is optimized with the Yoast SEO plugin v21.1 - https:\/\/yoast.com\/wordpress\/plugins\/seo\/ -->\n<title>Ferienwohnungen Maremma K\u00fcste - Lage - Poggio all&#039;Agnello Resort<\/title>\n<meta name=\"description\" content=\"Ferienwohnungen Maremma K\u00fcste: Das Tourismusresort Poggio all\u2019Agnello befindet sich in der Toskana 10 km von Piombino in der Ortschaft Baratti (Livorno), nahe zum ber\u00fchmten Golf von Baratti an der etruskischen K\u00fcste von familienurlaub toskana am meer.\" \/>\n<meta name=\"robots\" content=\"index, follow, max-snippet:-1, max-image-preview:large, max-video-preview:-1\" \/>\n<link rel=\"canonical\" href=\"https:\/\/www.poggioallagnello.it\/de\/resort\/standort\/\" \/>\n<meta property=\"og:locale\" content=\"de_DE\" \/>\n<meta property=\"og:type\" content=\"article\" \/>\n<meta property=\"og:title\" content=\"Ferienwohnungen Maremma K\u00fcste - Lage - Poggio all&#039;Agnello Resort\" \/>\n<meta property=\"og:description\" content=\"Ferienwohnungen Maremma K\u00fcste: Das Tourismusresort Poggio all\u2019Agnello befindet sich in der Toskana 10 km von Piombino in der Ortschaft Baratti (Livorno), nahe zum ber\u00fchmten Golf von Baratti an der etruskischen K\u00fcste von familienurlaub toskana am meer.\" \/>\n<meta property=\"og:url\" content=\"https:\/\/www.poggioallagnello.it\/de\/resort\/standort\/\" \/>\n<meta property=\"og:site_name\" content=\"Poggio all&#039;Agnello\" \/>\n<meta property=\"article:publisher\" content=\"https:\/\/www.facebook.com\/poggioallagnelloresort\/\" \/>\n<meta property=\"article:modified_time\" content=\"2019-08-21T12:13:07+00:00\" \/>\n<meta name=\"twitter:card\" content=\"summary_large_image\" \/>\n<meta name=\"twitter:site\" content=\"@poggioagnello\" \/>\n<meta name=\"twitter:label1\" content=\"Gesch\u00e4tzte Lesezeit\" \/>\n\t<meta name=\"twitter:data1\" content=\"2\u00a0Minuten\" \/>\n<script type=\"application\/ld+json\" class=\"yoast-schema-graph\">{\"@context\":\"https:\/\/schema.org\",\"@graph\":[{\"@type\":\"WebPage\",\"@id\":\"https:\/\/www.poggioallagnello.it\/de\/resort\/standort\/\",\"url\":\"https:\/\/www.poggioallagnello.it\/de\/resort\/standort\/\",\"name\":\"Ferienwohnungen Maremma K\u00fcste - Lage - Poggio all'Agnello Resort\",\"isPartOf\":{\"@id\":\"https:\/\/www.poggioallagnello.it\/#website\"},\"datePublished\":\"2019-02-08T09:41:40+00:00\",\"dateModified\":\"2019-08-21T12:13:07+00:00\",\"description\":\"Ferienwohnungen Maremma K\u00fcste: Das Tourismusresort Poggio all\u2019Agnello befindet sich in der Toskana 10 km von Piombino in der Ortschaft Baratti (Livorno), nahe zum ber\u00fchmten Golf von Baratti an der etruskischen K\u00fcste von familienurlaub toskana am meer.\",\"breadcrumb\":{\"@id\":\"https:\/\/www.poggioallagnello.it\/de\/resort\/standort\/#breadcrumb\"},\"inLanguage\":\"de\",\"potentialAction\":[{\"@type\":\"ReadAction\",\"target\":[\"https:\/\/www.poggioallagnello.it\/de\/resort\/standort\/\"]}]},{\"@type\":\"BreadcrumbList\",\"@id\":\"https:\/\/www.poggioallagnello.it\/de\/resort\/standort\/#breadcrumb\",\"itemListElement\":[{\"@type\":\"ListItem\",\"position\":1,\"name\":\"Home\",\"item\":\"https:\/\/www.poggioallagnello.it\/de\/\"},{\"@type\":\"ListItem\",\"position\":2,\"name\":\"FERIENDORF\",\"item\":\"https:\/\/www.poggioallagnello.it\/de\/resort\/\"},{\"@type\":\"ListItem\",\"position\":3,\"name\":\"Der Ort\"}]},{\"@type\":\"WebSite\",\"@id\":\"https:\/\/www.poggioallagnello.it\/#website\",\"url\":\"https:\/\/www.poggioallagnello.it\/\",\"name\":\"Poggio all&#039;Agnello\",\"description\":\"Sport &amp; Active Holidays\",\"publisher\":{\"@id\":\"https:\/\/www.poggioallagnello.it\/#organization\"},\"potentialAction\":[{\"@type\":\"SearchAction\",\"target\":{\"@type\":\"EntryPoint\",\"urlTemplate\":\"https:\/\/www.poggioallagnello.it\/?s={search_term_string}\"},\"query-input\":\"required name=search_term_string\"}],\"inLanguage\":\"de\"},{\"@type\":\"Organization\",\"@id\":\"https:\/\/www.poggioallagnello.it\/#organization\",\"name\":\"Poggio all'Agnello\",\"url\":\"https:\/\/www.poggioallagnello.it\/\",\"logo\":{\"@type\":\"ImageObject\",\"inLanguage\":\"de\",\"@id\":\"https:\/\/www.poggioallagnello.it\/#\/schema\/logo\/image\/\",\"url\":\"https:\/\/www.poggioallagnello.it\/wp-content\/uploads\/2019\/02\/poggioallagnello-logo-retina-1.png\",\"contentUrl\":\"https:\/\/www.poggioallagnello.it\/wp-content\/uploads\/2019\/02\/poggioallagnello-logo-retina-1.png\",\"width\":407,\"height\":150,\"caption\":\"Poggio all'Agnello\"},\"image\":{\"@id\":\"https:\/\/www.poggioallagnello.it\/#\/schema\/logo\/image\/\"},\"sameAs\":[\"https:\/\/www.facebook.com\/poggioallagnelloresort\/\",\"https:\/\/twitter.com\/poggioagnello\",\"https:\/\/www.instagram.com\/poggioallagnello\/\"]}]}<\/script>\n<!-- \/ Yoast SEO plugin. -->","yoast_head_json":{"title":"Ferienwohnungen Maremma K\u00fcste - Lage - Poggio all'Agnello Resort","description":"Ferienwohnungen Maremma K\u00fcste: Das Tourismusresort Poggio all\u2019Agnello befindet sich in der Toskana 10 km von Piombino in der Ortschaft Baratti (Livorno), nahe zum ber\u00fchmten Golf von Baratti an der etruskischen K\u00fcste von familienurlaub toskana am meer.","robots":{"index":"index","follow":"follow","max-snippet":"max-snippet:-1","max-image-preview":"max-image-preview:large","max-video-preview":"max-video-preview:-1"},"canonical":"https:\/\/www.poggioallagnello.it\/de\/resort\/standort\/","og_locale":"de_DE","og_type":"article","og_title":"Ferienwohnungen Maremma K\u00fcste - Lage - Poggio all'Agnello Resort","og_description":"Ferienwohnungen Maremma K\u00fcste: Das Tourismusresort Poggio all\u2019Agnello befindet sich in der Toskana 10 km von Piombino in der Ortschaft Baratti (Livorno), nahe zum ber\u00fchmten Golf von Baratti an der etruskischen K\u00fcste von familienurlaub toskana am meer.","og_url":"https:\/\/www.poggioallagnello.it\/de\/resort\/standort\/","og_site_name":"Poggio all&#039;Agnello","article_publisher":"https:\/\/www.facebook.com\/poggioallagnelloresort\/","article_modified_time":"2019-08-21T12:13:07+00:00","twitter_card":"summary_large_image","twitter_site":"@poggioagnello","twitter_misc":{"Gesch\u00e4tzte Lesezeit":"2\u00a0Minuten"},"schema":{"@context":"https:\/\/schema.org","@graph":[{"@type":"WebPage","@id":"https:\/\/www.poggioallagnello.it\/de\/resort\/standort\/","url":"https:\/\/www.poggioallagnello.it\/de\/resort\/standort\/","name":"Ferienwohnungen Maremma K\u00fcste - Lage - Poggio all'Agnello Resort","isPartOf":{"@id":"https:\/\/www.poggioallagnello.it\/#website"},"datePublished":"2019-02-08T09:41:40+00:00","dateModified":"2019-08-21T12:13:07+00:00","description":"Ferienwohnungen Maremma K\u00fcste: Das Tourismusresort Poggio all\u2019Agnello befindet sich in der Toskana 10 km von Piombino in der Ortschaft Baratti (Livorno), nahe zum ber\u00fchmten Golf von Baratti an der etruskischen K\u00fcste von familienurlaub toskana am meer.","breadcrumb":{"@id":"https:\/\/www.poggioallagnello.it\/de\/resort\/standort\/#breadcrumb"},"inLanguage":"de","potentialAction":[{"@type":"ReadAction","target":["https:\/\/www.poggioallagnello.it\/de\/resort\/standort\/"]}]},{"@type":"BreadcrumbList","@id":"https:\/\/www.poggioallagnello.it\/de\/resort\/standort\/#breadcrumb","itemListElement":[{"@type":"ListItem","position":1,"name":"Home","item":"https:\/\/www.poggioallagnello.it\/de\/"},{"@type":"ListItem","position":2,"name":"FERIENDORF","item":"https:\/\/www.poggioallagnello.it\/de\/resort\/"},{"@type":"ListItem","position":3,"name":"Der Ort"}]},{"@type":"WebSite","@id":"https:\/\/www.poggioallagnello.it\/#website","url":"https:\/\/www.poggioallagnello.it\/","name":"Poggio all&#039;Agnello","description":"Sport &amp; Active Holidays","publisher":{"@id":"https:\/\/www.poggioallagnello.it\/#organization"},"potentialAction":[{"@type":"SearchAction","target":{"@type":"EntryPoint","urlTemplate":"https:\/\/www.poggioallagnello.it\/?s={search_term_string}"},"query-input":"required name=search_term_string"}],"inLanguage":"de"},{"@type":"Organization","@id":"https:\/\/www.poggioallagnello.it\/#organization","name":"Poggio all'Agnello","url":"https:\/\/www.poggioallagnello.it\/","logo":{"@type":"ImageObject","inLanguage":"de","@id":"https:\/\/www.poggioallagnello.it\/#\/schema\/logo\/image\/","url":"https:\/\/www.poggioallagnello.it\/wp-content\/uploads\/2019\/02\/poggioallagnello-logo-retina-1.png","contentUrl":"https:\/\/www.poggioallagnello.it\/wp-content\/uploads\/2019\/02\/poggioallagnello-logo-retina-1.png","width":407,"height":150,"caption":"Poggio all'Agnello"},"image":{"@id":"https:\/\/www.poggioallagnello.it\/#\/schema\/logo\/image\/"},"sameAs":["https:\/\/www.facebook.com\/poggioallagnelloresort\/","https:\/\/twitter.com\/poggioagnello","https:\/\/www.instagram.com\/poggioallagnello\/"]}]}},"_links":{"self":[{"href":"https:\/\/www.poggioallagnello.it\/de\/wp-json\/wp\/v2\/pages\/3718"}],"collection":[{"href":"https:\/\/www.poggioallagnello.it\/de\/wp-json\/wp\/v2\/pages"}],"about":[{"href":"https:\/\/www.poggioallagnello.it\/de\/wp-json\/wp\/v2\/types\/page"}],"author":[{"embeddable":true,"href":"https:\/\/www.poggioallagnello.it\/de\/wp-json\/wp\/v2\/users\/6"}],"replies":[{"embeddable":true,"href":"https:\/\/www.poggioallagnello.it\/de\/wp-json\/wp\/v2\/comments?post=3718"}],"version-history":[{"count":5,"href":"https:\/\/www.poggioallagnello.it\/de\/wp-json\/wp\/v2\/pages\/3718\/revisions"}],"predecessor-version":[{"id":5298,"href":"https:\/\/www.poggioallagnello.it\/de\/wp-json\/wp\/v2\/pages\/3718\/revisions\/5298"}],"wp:attachment":[{"href":"https:\/\/www.poggioallagnello.it\/de\/wp-json\/wp\/v2\/media?parent=3718"}],"wp:term":[{"taxonomy":"post_tag","embeddable":true,"href":"https:\/\/www.poggioallagnello.it\/de\/wp-json\/wp\/v2\/tags?post=3718"}],"curies":[{"name":"wp","href":"https:\/\/api.w.org\/{rel}","templated":true}]}}