{"id":3721,"date":"2019-02-08T10:43:41","date_gmt":"2019-02-08T09:43:41","guid":{"rendered":"https:\/\/demo.poggioallagnello.it\/resort\/itinerari\/"},"modified":"2019-08-21T11:05:28","modified_gmt":"2019-08-21T11:05:28","slug":"reiserouten","status":"publish","type":"page","link":"https:\/\/www.poggioallagnello.it\/de\/reiserouten\/","title":{"rendered":"Reiserouten"},"content":{"rendered":"<section class=\"wpb-content-wrapper\"><p>[vc_row full_width=&#8220;stretch_row&#8220; bg_type=&#8220;bg_color&#8220; css=&#8220;.vc_custom_1560182872249{padding-top: 90px !important;padding-bottom: 140px !important;}&#8220; bg_color_value=&#8220;#f4f6f7&#8243;][vc_column][vc_column_text]<\/p>\n<h2>RADFAHREN IN DER TOSKANA \u2013 STRECKEN<\/h2>\n<p>Dank der sch\u00f6nen Landschaft, der zahlreichen Parks und Naturoasen sowie der bezaubernden Str\u00e4nde mit anschlie\u00dfenden Pinienw\u00e4ldern eignet sich das Tourismusresort Poggio all\u2019Agnello ideal als Ausgangspunkt f\u00fcr den Fahrradtourismus in der Toskana. Hier finden Sie einige Strecken, die f\u00fcr Stra\u00dfenfahrr\u00e4der und Mountainbikes geeignet sind, und auf denen Sie die sch\u00f6ne Landschaft der Etruskischen K\u00fcste entdecken k\u00f6nnen.[\/vc_column_text][\/vc_column][\/vc_row][vc_row bg_type=&#8220;image&#8220; parallax_style=&#8220;vcpb-default&#8220; bg_image_new=&#8220;id^3303|url^https:\/\/www.poggioallagnello.it\/wp-content\/uploads\/2019\/02\/Itinerari-poggio-all-agnello-trekking.jpg|caption^null|alt^null|title^Itinerari-poggio-all-agnello-trekking|description^null&#8220; bg_override=&#8220;ex-full&#8220; enable_overlay=&#8220;enable_overlay_value&#8220; overlay_color=&#8220;rgba(0,0,0,0.4)&#8220; seperator_enable=&#8220;seperator_enable_value&#8220; seperator_type=&#8220;curve_up_seperator&#8220; seperator_shape_background=&#8220;#f4f6f7&#8243; css=&#8220;.vc_custom_1560183017009{margin-bottom: 40px !important;padding-top: 210px !important;padding-bottom: 160px !important;}&#8220;][vc_column][vc_column_text]<\/p>\n<h2><span style=\"color: #ffffff;\">TREKKING-URLAUB IN DER TOSKANA \u2013 POGGIO ALL\u2019AGNELLO<br \/>\n<\/span><\/h2>\n<p><span style=\"color: #ffffff;\">Das Gebiet der Etruskischen K\u00fcste in der Toskana hat vor allem f\u00fcr Trekkingbegeisterte und Spazierg\u00e4nger viel zu bieten: Str\u00e4nde mit feinstem Sand, Naturoasen, Waldparks und unber\u00fchrte Naturlandschaften laden zum Wandern und Verweilen ein.<br \/>\n<\/span>[\/vc_column_text][\/vc_column][\/vc_row][vc_row][vc_column css_animation=&#8220;fadeIn&#8220; width=&#8220;1\/3&#8243;][vc_column_text css_animation=&#8220;fadeIn&#8220;]<\/p>\n<h4>DER PARK VON POGGIO NERI \u2013 SASSETTA (LI)<\/h4>\n<p>Der Park von Poggio Neri ist ein beliebtes Ziel von Trekkingbegeisterten. Der Park besteht aus einem gro\u00dfen Wald mit ca. 700 Hektar, in dem vor allem Kastanien und Steineichen wachsen, und der mit unz\u00e4hligen Strecken ausgestattet ist, auf denen es sich gut wandern, mountainbiken und reiten l\u00e4sst. Entlang des Weges treffen Sie auch auf einige ausgestattete Picknick-Bereiche und Wasserquellen zum Nachf\u00fcllen Ihrer Trinkflasche. Der Park verf\u00fcgt auch \u00fcber einen Pfad, der eigens f\u00fcr Personen mit Behinderung angelegt wurde, damit alle Menschen diese bezaubernde Natursch\u00f6nheit gleicherma\u00dfen nutzen und bestaunen k\u00f6nnen.[\/vc_column_text][\/vc_column][vc_column width=&#8220;1\/3&#8243;][vc_column_text css_animation=&#8220;fadeIn&#8220;]<\/p>\n<h4>DAS VORGEBIRGE VON PIOMBINO \u2013 PIOMBINO (LI)<\/h4>\n<p>Das Vorgebirge von Piombino bietet interessante Trekkingstrecken, die durch mediterrane W\u00e4lder und am Meer vorbeif\u00fchren. Der Wanderpfad beginnt in der N\u00e4he von Populonia und bietet oft Ausblicke auf die K\u00fcste und das sch\u00f6ne Meer mit der Insel Elba am Horizont. In der warmen Jahreszeit ist es m\u00f6glich, in einer der zahlreichen Buchten (besonders ber\u00fchmt ist die \u201eBuca della Fate\u201c \u2013 Feenbucht) zu baden und das kristallklare Wasser zu genie\u00dfen. Die Strecke endet nach ca. 8 km in der N\u00e4he des bewohnten Zentrums von Piombino (Ortschaft Salivoli).[\/vc_column_text][\/vc_column][vc_column width=&#8220;1\/3&#8243;][vc_column_text css_animation=&#8220;fadeIn&#8220;]<\/p>\n<h4>DER PARCO ARCHEOMINERARIO DI SAN SILVESTRO \u2013 CAMPIGLIA MARITTIMA (LI)<\/h4>\n<p>Der Arch\u00e4ologie-Bergbaupark in San Silvestro bietet sich ideal f\u00fcr Spazierg\u00e4nge inmitten von Kultur, Arch\u00e4ologie und Natur an. Die Strecken, die durch den Park gehen, verbinden die Museen, antike Gruben, mittelalterliche Ortschaften und arch\u00e4ologische Funde sowie die Reste der einstigen mittelalterlichen Festung Rocca di San Silvestro miteinander. Am Eingang wird ein Eintrittsgeld verlangt und es ist m\u00f6glich, den Park in Begleitung eines F\u00fchrers zu besuchen.[\/vc_column_text][\/vc_column][\/vc_row][vc_row css=&#8220;.vc_custom_1550823863718{margin-top: 40px !important;margin-bottom: 40px !important;}&#8220;][vc_column css_animation=&#8220;fadeIn&#8220; width=&#8220;1\/3&#8243;][vc_column_text css_animation=&#8220;fadeInDown&#8220;]<\/p>\n<h4>DER PARCO COSTIERO DELLA STERPAIA \u2013 PIOMBINO (LI)<\/h4>\n<p>Der K\u00fcstenpark besteht aus Wald- und K\u00fcstenzone. Letztere verf\u00fcgt \u00fcber charakteristische D\u00fcnen mit feinstem Sand. Gelegen ist der Park am K\u00fcstenstrich zwischen Piombino und Follonica. Entlang des K\u00fcstenbereichs finden sich f\u00fcr die Gegend typische Aussichtst\u00fcrme, die uns an antike Zeiten denken lassen. Der Park Sterpaia eignet sich ideal f\u00fcr Spazierg\u00e4nge und Mountainbike-Touren: Durchstreifen Sie die W\u00e4lder mit jahrhundertealten Eichen und g\u00f6nnen Sie sich gleichzeitig ein Bad im kristallklaren Wasser des Golfs von Follonica, der von der Naturlandschaft der livornesischen Maremma gekennzeichnet ist. Dank der Reinheit des Wassers und der Ausstattung f\u00fcr Badeg\u00e4ste wurde an diese Str\u00e4nde f\u00fcr viele Jahre die \u201eBlaue Flagge\u201c (\u00d6kozertifikat) verliehen.[\/vc_column_text][\/vc_column][vc_column width=&#8220;1\/3&#8243;][vc_column_text css_animation=&#8220;fadeInDown&#8220;]<\/p>\n<h4>PARCO NATURALE DI MONTIONI \u2013 SUVERETO (LI) UND ANDERE GEMEINDEN<\/h4>\n<p>Der Naturpark von Montioni ist in wenigen Autominuten vom Poggio all\u2019Agnello aus erreichbar und befindet sich zwischen Massa Marittima und Suvereto. Der Park von Montioni erstreckt sich auf circa 6.000 Hektar und ist durch die sanften gr\u00fcnen H\u00fcgel gekennzeichnet, auf denen Stein-, Zerreichen und andere mediterrane Pflanzen- und Baumarten vorkommen. Des Weiteren verf\u00fcgt das Gebiet \u00fcber wichtige geschichtliche Zeugnisse. Hier wurde einst Kohle hergestellt und es k\u00f6nnen auch heute noch Reste von alten Bergbauwerken besichtigt werden. Im Park gibt es viele Strecken, die f\u00fcr Spazierg\u00e4nger, Radfahrer (Mountainbikes) und Reiter gleicherma\u00dfen geeignet sind. Beobachten Sie die reiche Fauna dieser Gegend, wie Damhirsche, Rehe, Wildschweine und zahlreiche Vogelarten. Es gibt auch eine Gastst\u00e4tte auf dem Gel\u00e4nde des Parks (Restaurant \u201eLa Foresta\u201c, Ortschaft Montioni).<br \/>\n[\/vc_column_text][\/vc_column][vc_column width=&#8220;1\/3&#8243;][vc_column_text css_animation=&#8220;fadeInDown&#8220;]<\/p>\n<h4>Suvereto \u2013 Suvereto (LI)<\/h4>\n<p>Die Umgebung von Suvereto, bestehend aus landwirtschaftlichen Betrieben und W\u00e4ldern (Eichen und Korkeichen), bietet interessante Ausflugsm\u00f6glichkeiten in einer gemischten Kultur- und Naturlandschaft entlang der ber\u00fchmten Weinstra\u00dfe an der Etruskischen K\u00fcste. Die Gegend von Suvereto ist nicht nur f\u00fcr ihren Wein (Doc Val di Cornia) bekannt, sondern auch f\u00fcr sein exzellentes Oliven\u00f6l Extravergine, das in den vielen \u00d6lpressen der Gegend gewonnen wird. Spazierg\u00e4nge werden hier durch Pausen mit Verkostungen von Wein, \u00d6l und typischen Gerichten begleitet. Au\u00dferdem ist es m\u00f6glich, Weinkeller und \u00d6lm\u00fchlen direkt zu besichtigen. In manchen F\u00e4llen ist es notwendig, eine solche Besichtigung vorher zu reservieren.<br \/>\n[\/vc_column_text][\/vc_column][vc_column][vc_column_text css=&#8220;.vc_custom_1550823929111{margin-top: 40px !important;}&#8220;]<strong> An der Rezeption erhalten Sie die Kontaktdaten f\u00fcr spezialisierte F\u00fchrungen sowohl f\u00fcr Trekking- als auch f\u00fcr Radfahrtouren. F\u00fcr Familien und\/oder Gruppen. <\/strong>[\/vc_column_text][\/vc_column][\/vc_row][vc_row bg_type=&#8220;image&#8220; parallax_style=&#8220;vcpb-default&#8220; bg_image_new=&#8220;id^3314|url^https:\/\/www.poggioallagnello.it\/wp-content\/uploads\/2019\/02\/Itinerari-poggio-all-agnello-vino.jpg|caption^null|alt^null|title^Itinerari-poggio-all-agnello-vino|description^null&#8220; bg_override=&#8220;ex-full&#8220; enable_overlay=&#8220;enable_overlay_value&#8220; overlay_color=&#8220;rgba(0,0,0,0.45)&#8220; css=&#8220;.vc_custom_1550825031847{margin-bottom: 40px !important;padding-top: 90px !important;padding-bottom: 90px !important;}&#8220;][vc_column][vc_column_text css_animation=&#8220;fadeIn&#8220;]<\/p>\n<h2><span style=\"color: #ffffff;\"> \u00d6NOGASTRONOMISCHE STRECKEN AN DER ETRUSKISCHEN K\u00dcSTE IN DER TOSKANA <\/span><\/h2>\n<p><span style=\"color: #ffffff;\"> Das Gebiet der Etruskischen K\u00fcste eignet sich besonders f\u00fcr den Anbau von Weinreben, wie die folgenden Weine beweisen: Bolgheri Doc, Montescudaio Doc, Val di Cornia Doc und Doc Elba. Die Begeisterung f\u00fcr Wein l\u00e4sst sich nat\u00fcrlich ideal mit jener f\u00fcr andere, typische Produkte verbinden, wie etwa dem Oliven\u00f6l aus den verschiedenen Olivenhainen (mit Moraiolo, Leccino und anderen autochtonen Sorten), welche die H\u00fcgel mit dem g\u00fcnstigen Mittelmeerklima bedecken. <\/span>[\/vc_column_text][\/vc_column][\/vc_row][vc_row css=&#8220;.vc_custom_1550824959345{margin-top: 40px !important;margin-bottom: 40px !important;}&#8220;][vc_column][vc_column_text css_animation=&#8220;fadeIn&#8220;]Verschiedene \u00f6nogastronomische Strecken schl\u00e4ngeln sich entlang der Etruskischen K\u00fcste durch mittelalterliche St\u00e4dte, die geschichtlich Sehenswertes, aber auch kulinarische K\u00f6stlichkeiten bieten: Toskanische Rezepte, die an der Etruskischen K\u00fcste eine perfekte Verbindung aus Meer (livornesische Fischsuppe, Zahnbrasse, Schalentiere und Nudeln mit Tintenfischsauce) und Land (Fleisch vom Chianina-Rind, Wildfleischgerichte, im Besonderen Gerichte mit Wildschwein) ergeben kann man hier allerorten genie\u00dfen<\/p>\n<p><strong>Etruskische K\u00fcste: toskanische K\u00fcche und eine Reihe von \u00f6nogastronomischen Vorschl\u00e4gen zum Probieren und Verkosten<\/strong>[\/vc_column_text][\/vc_column][\/vc_row][vc_row bg_type=&#8220;image&#8220; parallax_style=&#8220;vcpb-default&#8220; bg_image_new=&#8220;id^3323|url^https:\/\/www.poggioallagnello.it\/wp-content\/uploads\/2019\/02\/Itinerari-poggio-all-agnello-moto.jpg|caption^null|alt^null|title^Itinerari-poggio-all-agnello-moto|description^null&#8220; bg_override=&#8220;ex-full&#8220; enable_overlay=&#8220;enable_overlay_value&#8220; overlay_color=&#8220;rgba(0,0,0,0.46)&#8220; css=&#8220;.vc_custom_1550825061328{margin-bottom: 40px !important;padding-top: 90px !important;padding-bottom: 90px !important;}&#8220;][vc_column][vc_column_text css_animation=&#8220;fadeIn&#8220;]<\/p>\n<h2><span style=\"color: #ffffff;\"> STRECKEN MIT DEM AUTO UND MOTORRAD <\/span><\/h2>\n<p><span style=\"color: #ffffff;\">Das Hinterland der Etruskischen K\u00fcste bietet verschiedene Strecken inmitten der toskanischen Naturlandschaft, die mit dem Motorrad abseits von \u00fcberf\u00fcllten Hauptstra\u00dfen befahren werden k\u00f6nnen und vorbei an jahrhundertealten W\u00e4ldern, Burgen und wundersch\u00f6nen Kunstst\u00e4dten f\u00fchren.<br \/>\n<\/span>[\/vc_column_text][\/vc_column][\/vc_row][vc_row css=&#8220;.vc_custom_1550824501279{margin-top: 32px !important;margin-bottom: 32px !important;}&#8220;][vc_column][vc_column_text css_animation=&#8220;fadeInDown&#8220;]<\/p>\n<h3>MOTORRADTOUR VOM POGGIO ALL\u2019AGNELLO NACH SAN GIMIGNANO KM 111 (HINFAHRT), TAGESAUSFLUG<\/h3>\n<p>Abfahrt vom Poggio all\u2019Agnello, Durchfahrt durch Venturina und Weiterfahrt Richtung Suvereto. Von Suvereto die Strecke des Flusstals Cornia Richtung Norden entlang fahren, Richtung Montescudaio, wenn Sie in der Ortschaft Casino di Terra ankommen, fahren Sie weiter Richtung Volterra und San Gimignano. Wir empfehlen eine Rast in Volterra. Genie\u00dfen Sie diese wundersch\u00f6ne Stadt etruskischen Ursprungs! Weiter geht es ca. 30 km lang durch die gr\u00fcne Landschaft bis nach San Gimignano. Diese Stadt ist aufgrund ihrer mittelalterlichen, bis heute unver\u00e4nderten Struktur bekannt. F\u00fcr die R\u00fcckfahrt kann eine Alternativstrecke (circa 120 km) gew\u00e4hlt werden: Sie kommen an Colle Val d\u2019Elsa, Casole d\u2019Elsa und Castelnuovo di Val di Cecina vorbei und entdecken auf diese Weise weitere, noch nicht von der Hinfahrt bekannte Panoramastellen zwischen den W\u00e4ldern und H\u00fcgeln der Toskana. F\u00fcr diese Strecke empfehlen wir eine Rast in dem malerischen Ort Castelnuovo di Val di Cecina. Diese Fahrtvariante ist auf einer sehr kurvigen Strecke gelegen und richtet sich dementsprechend an ge\u00fcbte, sportliche Motorradfahrer.[\/vc_column_text][\/vc_column][\/vc_row][vc_row][vc_column][vc_column_text css_animation=&#8220;fadeInDown&#8220;]<\/p>\n<h3>MOTORRADTOUR VOM POGGIO ALL\u2019AGNELLO NACH SAN MONTESCUDAIO 71 KM (HINFAHRT), TAGESAUSFLUG<\/h3>\n<p>Abfahrt vom Poggio all\u2019Agnello, Sie fahren durch Venturina und nun weiter Richtung Suvereto. Dies ist auch eine erste m\u00f6gliche Etappe, die zum Ausruhen im mittelalterlichen St\u00e4dtchen oder in einem der Weinkeller und \u00d6lm\u00fchlen des Gebiets zur Verkostung der Produkte einl\u00e4dt. Jetzt geht es nach Norden Richtung Sassetta und danach nach Castagneto Carducci auf einer Panoramastra\u00dfe, die in parallel zur ca. 5-6 km entfernten K\u00fcste verl\u00e4uft. Von Castagneto Carducci kehrt man zur\u00fcck Richtung Ebene und danach Richtung Bibbona. Dort angekommen beginnt das Bergauffahren Richtung Montescudaio \u00fcber den H\u00fcgelkamm, parallel zur Etruskischen K\u00fcste gelegen. Nach der Besichtigung von Montescudaio, von wo aus man einen herrlichen Ausblick auf das Meer genie\u00dft, kann man f\u00fcr die R\u00fcckfahrt auch Richtung K\u00fcste hinabfahren. Man kommt an Cecina und weiter s\u00fcdlich an San Vincenzo vorbei (Strecke von ca. 48 km L\u00e4nge).<\/p>\n<p><strong> Die vorgenannten Strecken eigenen sich nat\u00fcrlich auch f\u00fcr jene, die lieber im Auto fahren wollen. <\/strong>[\/vc_column_text][\/vc_column][\/vc_row]<\/p>\n<\/section>","protected":false},"excerpt":{"rendered":"<p>[vc_row full_width=&#8220;stretch_row&#8220; bg_type=&#8220;bg_color&#8220; css=&#8220;.vc_custom_1560182872249{padding-top: 90px !important;padding-bottom: 140px !important;}&#8220; bg_color_value=&#8220;#f4f6f7&#8243;][vc_column][vc_column_text] RADFAHREN IN DER TOSKANA \u2013 STRECKEN Dank der sch\u00f6nen Landschaft, der zahlreichen Parks und Naturoasen sowie der bezaubernden Str\u00e4nde mit anschlie\u00dfenden Pinienw\u00e4ldern eignet sich das Tourismusresort Poggio all\u2019Agnello ideal als Ausgangspunkt f\u00fcr den Fahrradtourismus in der Toskana. Hier finden Sie einige Strecken, die f\u00fcr Stra\u00dfenfahrr\u00e4der und&hellip;<\/p>\n","protected":false},"author":6,"featured_media":0,"parent":0,"menu_order":0,"comment_status":"closed","ping_status":"closed","template":"","meta":[],"tags":[],"yoast_head":"<!-- This site is optimized with the Yoast SEO plugin v21.1 - https:\/\/yoast.com\/wordpress\/plugins\/seo\/ -->\n<title>Unumg\u00e4ngliche Ferien in der Toskana - Poggio All&#039;Agnello Resort<\/title>\n<meta name=\"description\" content=\"Das Gebiet der etruskischen K\u00fcste ist eine einladende Mischung aus authentischem toskanischem Essen und Wein und atemberaubenden Landschaften zum Wandern oder Fahren\" \/>\n<meta name=\"robots\" content=\"index, follow, max-snippet:-1, max-image-preview:large, max-video-preview:-1\" \/>\n<link rel=\"canonical\" href=\"https:\/\/www.poggioallagnello.it\/de\/resort\/reiserouten\/\" \/>\n<meta property=\"og:locale\" content=\"de_DE\" \/>\n<meta property=\"og:type\" content=\"article\" \/>\n<meta property=\"og:title\" content=\"Unumg\u00e4ngliche Ferien in der Toskana - Poggio All&#039;Agnello Resort\" \/>\n<meta property=\"og:description\" content=\"Das Gebiet der etruskischen K\u00fcste ist eine einladende Mischung aus authentischem toskanischem Essen und Wein und atemberaubenden Landschaften zum Wandern oder Fahren\" \/>\n<meta property=\"og:url\" content=\"https:\/\/www.poggioallagnello.it\/de\/resort\/reiserouten\/\" \/>\n<meta property=\"og:site_name\" content=\"Poggio all&#039;Agnello\" \/>\n<meta property=\"article:publisher\" content=\"https:\/\/www.facebook.com\/poggioallagnelloresort\/\" \/>\n<meta property=\"article:modified_time\" content=\"2019-08-21T11:05:28+00:00\" \/>\n<meta name=\"twitter:card\" content=\"summary_large_image\" \/>\n<meta name=\"twitter:site\" content=\"@poggioagnello\" \/>\n<meta name=\"twitter:label1\" content=\"Gesch\u00e4tzte Lesezeit\" \/>\n\t<meta name=\"twitter:data1\" content=\"9\u00a0Minuten\" \/>\n<script type=\"application\/ld+json\" class=\"yoast-schema-graph\">{\"@context\":\"https:\/\/schema.org\",\"@graph\":[{\"@type\":\"WebPage\",\"@id\":\"https:\/\/www.poggioallagnello.it\/de\/resort\/reiserouten\/\",\"url\":\"https:\/\/www.poggioallagnello.it\/de\/resort\/reiserouten\/\",\"name\":\"Unumg\u00e4ngliche Ferien in der Toskana - Poggio All'Agnello Resort\",\"isPartOf\":{\"@id\":\"https:\/\/www.poggioallagnello.it\/#website\"},\"datePublished\":\"2019-02-08T09:43:41+00:00\",\"dateModified\":\"2019-08-21T11:05:28+00:00\",\"description\":\"Das Gebiet der etruskischen K\u00fcste ist eine einladende Mischung aus authentischem toskanischem Essen und Wein und atemberaubenden Landschaften zum Wandern oder Fahren\",\"breadcrumb\":{\"@id\":\"https:\/\/www.poggioallagnello.it\/de\/resort\/reiserouten\/#breadcrumb\"},\"inLanguage\":\"de\",\"potentialAction\":[{\"@type\":\"ReadAction\",\"target\":[\"https:\/\/www.poggioallagnello.it\/de\/resort\/reiserouten\/\"]}]},{\"@type\":\"BreadcrumbList\",\"@id\":\"https:\/\/www.poggioallagnello.it\/de\/resort\/reiserouten\/#breadcrumb\",\"itemListElement\":[{\"@type\":\"ListItem\",\"position\":1,\"name\":\"Home\",\"item\":\"https:\/\/www.poggioallagnello.it\/de\/\"},{\"@type\":\"ListItem\",\"position\":2,\"name\":\"FERIENDORF\",\"item\":\"https:\/\/www.poggioallagnello.it\/de\/resort\/\"},{\"@type\":\"ListItem\",\"position\":3,\"name\":\"Reiserouten\"}]},{\"@type\":\"WebSite\",\"@id\":\"https:\/\/www.poggioallagnello.it\/#website\",\"url\":\"https:\/\/www.poggioallagnello.it\/\",\"name\":\"Poggio all&#039;Agnello\",\"description\":\"Sport &amp; Active Holidays\",\"publisher\":{\"@id\":\"https:\/\/www.poggioallagnello.it\/#organization\"},\"potentialAction\":[{\"@type\":\"SearchAction\",\"target\":{\"@type\":\"EntryPoint\",\"urlTemplate\":\"https:\/\/www.poggioallagnello.it\/?s={search_term_string}\"},\"query-input\":\"required name=search_term_string\"}],\"inLanguage\":\"de\"},{\"@type\":\"Organization\",\"@id\":\"https:\/\/www.poggioallagnello.it\/#organization\",\"name\":\"Poggio all'Agnello\",\"url\":\"https:\/\/www.poggioallagnello.it\/\",\"logo\":{\"@type\":\"ImageObject\",\"inLanguage\":\"de\",\"@id\":\"https:\/\/www.poggioallagnello.it\/#\/schema\/logo\/image\/\",\"url\":\"https:\/\/www.poggioallagnello.it\/wp-content\/uploads\/2019\/02\/poggioallagnello-logo-retina-1.png\",\"contentUrl\":\"https:\/\/www.poggioallagnello.it\/wp-content\/uploads\/2019\/02\/poggioallagnello-logo-retina-1.png\",\"width\":407,\"height\":150,\"caption\":\"Poggio all'Agnello\"},\"image\":{\"@id\":\"https:\/\/www.poggioallagnello.it\/#\/schema\/logo\/image\/\"},\"sameAs\":[\"https:\/\/www.facebook.com\/poggioallagnelloresort\/\",\"https:\/\/twitter.com\/poggioagnello\",\"https:\/\/www.instagram.com\/poggioallagnello\/\"]}]}<\/script>\n<!-- \/ Yoast SEO plugin. -->","yoast_head_json":{"title":"Unumg\u00e4ngliche Ferien in der Toskana - Poggio All'Agnello Resort","description":"Das Gebiet der etruskischen K\u00fcste ist eine einladende Mischung aus authentischem toskanischem Essen und Wein und atemberaubenden Landschaften zum Wandern oder Fahren","robots":{"index":"index","follow":"follow","max-snippet":"max-snippet:-1","max-image-preview":"max-image-preview:large","max-video-preview":"max-video-preview:-1"},"canonical":"https:\/\/www.poggioallagnello.it\/de\/resort\/reiserouten\/","og_locale":"de_DE","og_type":"article","og_title":"Unumg\u00e4ngliche Ferien in der Toskana - Poggio All'Agnello Resort","og_description":"Das Gebiet der etruskischen K\u00fcste ist eine einladende Mischung aus authentischem toskanischem Essen und Wein und atemberaubenden Landschaften zum Wandern oder Fahren","og_url":"https:\/\/www.poggioallagnello.it\/de\/resort\/reiserouten\/","og_site_name":"Poggio all&#039;Agnello","article_publisher":"https:\/\/www.facebook.com\/poggioallagnelloresort\/","article_modified_time":"2019-08-21T11:05:28+00:00","twitter_card":"summary_large_image","twitter_site":"@poggioagnello","twitter_misc":{"Gesch\u00e4tzte Lesezeit":"9\u00a0Minuten"},"schema":{"@context":"https:\/\/schema.org","@graph":[{"@type":"WebPage","@id":"https:\/\/www.poggioallagnello.it\/de\/resort\/reiserouten\/","url":"https:\/\/www.poggioallagnello.it\/de\/resort\/reiserouten\/","name":"Unumg\u00e4ngliche Ferien in der Toskana - Poggio All'Agnello Resort","isPartOf":{"@id":"https:\/\/www.poggioallagnello.it\/#website"},"datePublished":"2019-02-08T09:43:41+00:00","dateModified":"2019-08-21T11:05:28+00:00","description":"Das Gebiet der etruskischen K\u00fcste ist eine einladende Mischung aus authentischem toskanischem Essen und Wein und atemberaubenden Landschaften zum Wandern oder Fahren","breadcrumb":{"@id":"https:\/\/www.poggioallagnello.it\/de\/resort\/reiserouten\/#breadcrumb"},"inLanguage":"de","potentialAction":[{"@type":"ReadAction","target":["https:\/\/www.poggioallagnello.it\/de\/resort\/reiserouten\/"]}]},{"@type":"BreadcrumbList","@id":"https:\/\/www.poggioallagnello.it\/de\/resort\/reiserouten\/#breadcrumb","itemListElement":[{"@type":"ListItem","position":1,"name":"Home","item":"https:\/\/www.poggioallagnello.it\/de\/"},{"@type":"ListItem","position":2,"name":"FERIENDORF","item":"https:\/\/www.poggioallagnello.it\/de\/resort\/"},{"@type":"ListItem","position":3,"name":"Reiserouten"}]},{"@type":"WebSite","@id":"https:\/\/www.poggioallagnello.it\/#website","url":"https:\/\/www.poggioallagnello.it\/","name":"Poggio all&#039;Agnello","description":"Sport &amp; Active Holidays","publisher":{"@id":"https:\/\/www.poggioallagnello.it\/#organization"},"potentialAction":[{"@type":"SearchAction","target":{"@type":"EntryPoint","urlTemplate":"https:\/\/www.poggioallagnello.it\/?s={search_term_string}"},"query-input":"required name=search_term_string"}],"inLanguage":"de"},{"@type":"Organization","@id":"https:\/\/www.poggioallagnello.it\/#organization","name":"Poggio all'Agnello","url":"https:\/\/www.poggioallagnello.it\/","logo":{"@type":"ImageObject","inLanguage":"de","@id":"https:\/\/www.poggioallagnello.it\/#\/schema\/logo\/image\/","url":"https:\/\/www.poggioallagnello.it\/wp-content\/uploads\/2019\/02\/poggioallagnello-logo-retina-1.png","contentUrl":"https:\/\/www.poggioallagnello.it\/wp-content\/uploads\/2019\/02\/poggioallagnello-logo-retina-1.png","width":407,"height":150,"caption":"Poggio all'Agnello"},"image":{"@id":"https:\/\/www.poggioallagnello.it\/#\/schema\/logo\/image\/"},"sameAs":["https:\/\/www.facebook.com\/poggioallagnelloresort\/","https:\/\/twitter.com\/poggioagnello","https:\/\/www.instagram.com\/poggioallagnello\/"]}]}},"_links":{"self":[{"href":"https:\/\/www.poggioallagnello.it\/de\/wp-json\/wp\/v2\/pages\/3721"}],"collection":[{"href":"https:\/\/www.poggioallagnello.it\/de\/wp-json\/wp\/v2\/pages"}],"about":[{"href":"https:\/\/www.poggioallagnello.it\/de\/wp-json\/wp\/v2\/types\/page"}],"author":[{"embeddable":true,"href":"https:\/\/www.poggioallagnello.it\/de\/wp-json\/wp\/v2\/users\/6"}],"replies":[{"embeddable":true,"href":"https:\/\/www.poggioallagnello.it\/de\/wp-json\/wp\/v2\/comments?post=3721"}],"version-history":[{"count":5,"href":"https:\/\/www.poggioallagnello.it\/de\/wp-json\/wp\/v2\/pages\/3721\/revisions"}],"predecessor-version":[{"id":4269,"href":"https:\/\/www.poggioallagnello.it\/de\/wp-json\/wp\/v2\/pages\/3721\/revisions\/4269"}],"wp:attachment":[{"href":"https:\/\/www.poggioallagnello.it\/de\/wp-json\/wp\/v2\/media?parent=3721"}],"wp:term":[{"taxonomy":"post_tag","embeddable":true,"href":"https:\/\/www.poggioallagnello.it\/de\/wp-json\/wp\/v2\/tags?post=3721"}],"curies":[{"name":"wp","href":"https:\/\/api.w.org\/{rel}","templated":true}]}}