{"id":3729,"date":"2019-02-08T10:57:15","date_gmt":"2019-02-08T09:57:15","guid":{"rendered":"https:\/\/demo.poggioallagnello.it\/leistungen\/strutture-servizi-diversamente-abili\/"},"modified":"2021-02-17T17:50:20","modified_gmt":"2021-02-17T17:50:20","slug":"behinderte","status":"publish","type":"page","link":"https:\/\/www.poggioallagnello.it\/de\/behinderte\/","title":{"rendered":"Behinderte"},"content":{"rendered":"<section class=\"wpb-content-wrapper\"><p>[vc_row full_width=&#8220;stretch_row&#8220; content_placement=&#8220;bottom&#8220; bg_type=&#8220;bg_color&#8220; seperator_enable=&#8220;seperator_enable_value&#8220; seperator_type=&#8220;curve_up_seperator&#8220; seperator_position=&#8220;bottom_seperator&#8220; seperator_svg_height=&#8220;140&#8243; css=&#8220;.vc_custom_1550055015725{padding-top: 90px !important;padding-bottom: 140px !important;}&#8220; bg_color_value=&#8220;#f4f6f7&#8243;][vc_column][vc_column_text]<\/p>\n<h2>ENTDECKEN SIE UNSERE BARRIEREFREIEN FERIEN<\/h2>\n<h3>BARRIEREFREIE ZIMMER UND BADEZIMMER<\/h3>\n<p>Das Poggio all\u2019Agnello wurde gem\u00e4\u00df der neuesten Anforderungen an die Barrierefreiheit f\u00fcr Menschen mit Gehbehinderungen geplant und gebaut.<br \/>\nErleben Sie im Resort einen barrierefreien Urlaub, w\u00e4hrend dessen Sie sich frei und in aller Sicherheit bewegen k\u00f6nnen.[\/vc_column_text][\/vc_column][\/vc_row][vc_row equal_height=&#8220;yes&#8220; content_placement=&#8220;middle&#8220;][vc_column width=&#8220;1\/2&#8243;]<div class=\"ult-just-icon-wrapper  \"><div class=\"align-icon\" style=\"text-align:left;\">\n<div class=\"aio-icon circle \" data-animation=\"fadeInDown\" data-animation-delay=\"03\" style=\"color:#ffffff;background:#6da961;font-size:32px;\">\n\t<i class=\"Defaults-automobile car\"><\/i>\n<\/div><\/div><\/div>[vc_empty_space][vc_column_text css_animation=&#8220;fadeInLeft&#8220;]<\/p>\n<ul class=\"ul1\">\n<li class=\"li1\"><span class=\"s2\">Barrierefreie Appartements im Erdgeschoss.<\/span><\/li>\n<li class=\"li1\"><span class=\"s2\">M\u00f6glichkeit, zwei miteinander verbundene Appartements zu buchen.<\/span><\/li>\n<li class=\"li1\"><span class=\"s2\">Begleittiere k\u00f6nnen mitgebracht werden und verf\u00fcgen \u00fcber ihren eigenen Bereich.<\/span><\/li>\n<li class=\"li1\"><span class=\"s2\">Reservierte Behindertenparkpl\u00e4tze<\/span><\/li>\n<li class=\"li1\"><span class=\"s2\">Gr\u00f6\u00dfere Parkbuchten f\u00fcr Kleinbusse<\/span><\/li>\n<li class=\"li1\"><span class=\"s2\">\u00d6ffentliche Bereiche f\u00fcr Rollst\u00fchle zug\u00e4nglich<\/span><\/li>\n<\/ul>\n<p>[\/vc_column_text][\/vc_column][vc_column width=&#8220;1\/2&#8243;][vc_single_image image=&#8220;3916&#8243; img_size=&#8220;full&#8220; css_animation=&#8220;fadeInRight&#8220;][\/vc_column][\/vc_row][vc_row equal_height=&#8220;yes&#8220; content_placement=&#8220;middle&#8220;][vc_column width=&#8220;1\/2&#8243;][vc_single_image image=&#8220;3911&#8243; img_size=&#8220;full&#8220; css_animation=&#8220;fadeInLeft&#8220;][\/vc_column][vc_column width=&#8220;1\/2&#8243;]<div class=\"ult-just-icon-wrapper  \"><div class=\"align-icon\" style=\"text-align:left;\">\n<div class=\"aio-icon circle \" data-animation=\"fadeInDown\" data-animation-delay=\"03\" style=\"color:#ffffff;background:#6da961;font-size:32px;\">\n\t<i class=\"Defaults-wheelchair\"><\/i>\n<\/div><\/div><\/div>[vc_empty_space][vc_column_text css_animation=&#8220;fadeInRight&#8220;]<\/p>\n<ul class=\"ul1\">\n<li class=\"li1\"><span class=\"s2\">Leicht mit dem Rollstuhl befahrbare Rampen<\/span><\/li>\n<li class=\"li1\"><span class=\"s2\">Sicherheitsschienen und Haltegriffe in den Duschen<\/span><\/li>\n<li class=\"li1\"><span class=\"s2\">Begleittiere sind im Resort willkommen<\/span><\/li>\n<li class=\"li1\"><span class=\"s2\">Dusche mit Rollstuhl befahrbar<\/span><\/li>\n<li class=\"li1\"><span class=\"s2\">Aufz\u00fcge mit Rollstuhl befahrbar<\/span><\/li>\n<\/ul>\n<p>[\/vc_column_text][\/vc_column][\/vc_row][vc_row full_width=&#8220;stretch_row&#8220; bg_type=&#8220;bg_color&#8220; seperator_enable=&#8220;seperator_enable_value&#8220; seperator_type=&#8220;curve_up_seperator&#8220; seperator_svg_height=&#8220;160&#8243; css=&#8220;.vc_custom_1550056747031{padding-top: 200px !important;padding-bottom: 70px !important;}&#8220; bg_color_value=&#8220;#f6f9f2&#8243;][vc_column][vc_column_text css_animation=&#8220;fadeInUp&#8220;]<span style=\"color: #000000;\"> Alle Einrichtungen und die Ausstattung entspricht den neuesten gesetzlichen Anforderungen an Barrierefreiheit. Willkommen im Poggio all\u2019Agnello! <\/span>[\/vc_column_text][\/vc_column][\/vc_row]<\/p>\n<\/section>","protected":false},"excerpt":{"rendered":"<p>[vc_row full_width=&#8220;stretch_row&#8220; content_placement=&#8220;bottom&#8220; bg_type=&#8220;bg_color&#8220; seperator_enable=&#8220;seperator_enable_value&#8220; seperator_type=&#8220;curve_up_seperator&#8220; seperator_position=&#8220;bottom_seperator&#8220; seperator_svg_height=&#8220;140&#8243; css=&#8220;.vc_custom_1550055015725{padding-top: 90px !important;padding-bottom: 140px !important;}&#8220; bg_color_value=&#8220;#f4f6f7&#8243;][vc_column][vc_column_text] ENTDECKEN SIE UNSERE BARRIEREFREIEN FERIEN BARRIEREFREIE ZIMMER UND BADEZIMMER Das Poggio all\u2019Agnello wurde gem\u00e4\u00df der neuesten Anforderungen an die Barrierefreiheit f\u00fcr Menschen mit Gehbehinderungen geplant und gebaut. Erleben Sie im Resort einen barrierefreien Urlaub, w\u00e4hrend dessen Sie sich frei und in&hellip;<\/p>\n","protected":false},"author":6,"featured_media":3914,"parent":0,"menu_order":0,"comment_status":"closed","ping_status":"closed","template":"","meta":[],"tags":[104],"yoast_head":"<!-- This site is optimized with the Yoast SEO plugin v21.1 - https:\/\/yoast.com\/wordpress\/plugins\/seo\/ -->\n<title>Behinderte Urlaubsresort Toskana - Poggio All&#039;Agnello Resort<\/title>\n<meta name=\"description\" content=\"Behinderte Urlaubsresort Toskana: Das Tourismusresort Poggio all\u2019Agnello stellt Personen mit Handicap eine Reihe an Services und eigenen Strukturen zur Verf\u00fcgung. Vom Parkplatz bis in jedes einzelne Appartement wurde mit Sorgfalt auf die einfache Fahrbar- und Erreichkbarkeit geachtet.\" \/>\n<meta name=\"robots\" content=\"index, follow, max-snippet:-1, max-image-preview:large, max-video-preview:-1\" \/>\n<link rel=\"canonical\" href=\"https:\/\/www.poggioallagnello.it\/de\/leistungen\/behinderte\/\" \/>\n<meta property=\"og:locale\" content=\"de_DE\" \/>\n<meta property=\"og:type\" content=\"article\" \/>\n<meta property=\"og:title\" content=\"Behinderte Urlaubsresort Toskana - Poggio All&#039;Agnello Resort\" \/>\n<meta property=\"og:description\" content=\"Behinderte Urlaubsresort Toskana: Das Tourismusresort Poggio all\u2019Agnello stellt Personen mit Handicap eine Reihe an Services und eigenen Strukturen zur Verf\u00fcgung. Vom Parkplatz bis in jedes einzelne Appartement wurde mit Sorgfalt auf die einfache Fahrbar- und Erreichkbarkeit geachtet.\" \/>\n<meta property=\"og:url\" content=\"https:\/\/www.poggioallagnello.it\/de\/leistungen\/behinderte\/\" \/>\n<meta property=\"og:site_name\" content=\"Poggio all&#039;Agnello\" \/>\n<meta property=\"article:publisher\" content=\"https:\/\/www.facebook.com\/poggioallagnelloresort\/\" \/>\n<meta property=\"article:modified_time\" content=\"2021-02-17T17:50:20+00:00\" \/>\n<meta property=\"og:image\" content=\"https:\/\/www.poggioallagnello.it\/wp-content\/uploads\/2019\/06\/disabled-sport.jpg\" \/>\n\t<meta property=\"og:image:width\" content=\"1200\" \/>\n\t<meta property=\"og:image:height\" content=\"800\" \/>\n\t<meta property=\"og:image:type\" content=\"image\/jpeg\" \/>\n<meta name=\"twitter:card\" content=\"summary_large_image\" \/>\n<meta name=\"twitter:site\" content=\"@poggioagnello\" \/>\n<meta name=\"twitter:label1\" content=\"Gesch\u00e4tzte Lesezeit\" \/>\n\t<meta name=\"twitter:data1\" content=\"2\u00a0Minuten\" \/>\n<script type=\"application\/ld+json\" class=\"yoast-schema-graph\">{\"@context\":\"https:\/\/schema.org\",\"@graph\":[{\"@type\":\"WebPage\",\"@id\":\"https:\/\/www.poggioallagnello.it\/de\/leistungen\/behinderte\/\",\"url\":\"https:\/\/www.poggioallagnello.it\/de\/leistungen\/behinderte\/\",\"name\":\"Behinderte Urlaubsresort Toskana - Poggio All'Agnello Resort\",\"isPartOf\":{\"@id\":\"https:\/\/www.poggioallagnello.it\/#website\"},\"datePublished\":\"2019-02-08T09:57:15+00:00\",\"dateModified\":\"2021-02-17T17:50:20+00:00\",\"description\":\"Behinderte Urlaubsresort Toskana: Das Tourismusresort Poggio all\u2019Agnello stellt Personen mit Handicap eine Reihe an Services und eigenen Strukturen zur Verf\u00fcgung. Vom Parkplatz bis in jedes einzelne Appartement wurde mit Sorgfalt auf die einfache Fahrbar- und Erreichkbarkeit geachtet.\",\"breadcrumb\":{\"@id\":\"https:\/\/www.poggioallagnello.it\/de\/leistungen\/behinderte\/#breadcrumb\"},\"inLanguage\":\"de\",\"potentialAction\":[{\"@type\":\"ReadAction\",\"target\":[\"https:\/\/www.poggioallagnello.it\/de\/leistungen\/behinderte\/\"]}]},{\"@type\":\"BreadcrumbList\",\"@id\":\"https:\/\/www.poggioallagnello.it\/de\/leistungen\/behinderte\/#breadcrumb\",\"itemListElement\":[{\"@type\":\"ListItem\",\"position\":1,\"name\":\"Home\",\"item\":\"https:\/\/www.poggioallagnello.it\/de\/\"},{\"@type\":\"ListItem\",\"position\":2,\"name\":\"SERVICELEISTUNGEN\",\"item\":\"https:\/\/www.poggioallagnello.it\/de\/leistungen\/\"},{\"@type\":\"ListItem\",\"position\":3,\"name\":\"Behinderte\"}]},{\"@type\":\"WebSite\",\"@id\":\"https:\/\/www.poggioallagnello.it\/#website\",\"url\":\"https:\/\/www.poggioallagnello.it\/\",\"name\":\"Poggio all&#039;Agnello\",\"description\":\"Sport &amp; Active Holidays\",\"publisher\":{\"@id\":\"https:\/\/www.poggioallagnello.it\/#organization\"},\"potentialAction\":[{\"@type\":\"SearchAction\",\"target\":{\"@type\":\"EntryPoint\",\"urlTemplate\":\"https:\/\/www.poggioallagnello.it\/?s={search_term_string}\"},\"query-input\":\"required name=search_term_string\"}],\"inLanguage\":\"de\"},{\"@type\":\"Organization\",\"@id\":\"https:\/\/www.poggioallagnello.it\/#organization\",\"name\":\"Poggio all'Agnello\",\"url\":\"https:\/\/www.poggioallagnello.it\/\",\"logo\":{\"@type\":\"ImageObject\",\"inLanguage\":\"de\",\"@id\":\"https:\/\/www.poggioallagnello.it\/#\/schema\/logo\/image\/\",\"url\":\"https:\/\/www.poggioallagnello.it\/wp-content\/uploads\/2019\/02\/poggioallagnello-logo-retina-1.png\",\"contentUrl\":\"https:\/\/www.poggioallagnello.it\/wp-content\/uploads\/2019\/02\/poggioallagnello-logo-retina-1.png\",\"width\":407,\"height\":150,\"caption\":\"Poggio all'Agnello\"},\"image\":{\"@id\":\"https:\/\/www.poggioallagnello.it\/#\/schema\/logo\/image\/\"},\"sameAs\":[\"https:\/\/www.facebook.com\/poggioallagnelloresort\/\",\"https:\/\/twitter.com\/poggioagnello\",\"https:\/\/www.instagram.com\/poggioallagnello\/\"]}]}<\/script>\n<!-- \/ Yoast SEO plugin. -->","yoast_head_json":{"title":"Behinderte Urlaubsresort Toskana - Poggio All'Agnello Resort","description":"Behinderte Urlaubsresort Toskana: Das Tourismusresort Poggio all\u2019Agnello stellt Personen mit Handicap eine Reihe an Services und eigenen Strukturen zur Verf\u00fcgung. Vom Parkplatz bis in jedes einzelne Appartement wurde mit Sorgfalt auf die einfache Fahrbar- und Erreichkbarkeit geachtet.","robots":{"index":"index","follow":"follow","max-snippet":"max-snippet:-1","max-image-preview":"max-image-preview:large","max-video-preview":"max-video-preview:-1"},"canonical":"https:\/\/www.poggioallagnello.it\/de\/leistungen\/behinderte\/","og_locale":"de_DE","og_type":"article","og_title":"Behinderte Urlaubsresort Toskana - Poggio All'Agnello Resort","og_description":"Behinderte Urlaubsresort Toskana: Das Tourismusresort Poggio all\u2019Agnello stellt Personen mit Handicap eine Reihe an Services und eigenen Strukturen zur Verf\u00fcgung. Vom Parkplatz bis in jedes einzelne Appartement wurde mit Sorgfalt auf die einfache Fahrbar- und Erreichkbarkeit geachtet.","og_url":"https:\/\/www.poggioallagnello.it\/de\/leistungen\/behinderte\/","og_site_name":"Poggio all&#039;Agnello","article_publisher":"https:\/\/www.facebook.com\/poggioallagnelloresort\/","article_modified_time":"2021-02-17T17:50:20+00:00","og_image":[{"width":1200,"height":800,"url":"https:\/\/www.poggioallagnello.it\/wp-content\/uploads\/2019\/06\/disabled-sport.jpg","type":"image\/jpeg"}],"twitter_card":"summary_large_image","twitter_site":"@poggioagnello","twitter_misc":{"Gesch\u00e4tzte Lesezeit":"2\u00a0Minuten"},"schema":{"@context":"https:\/\/schema.org","@graph":[{"@type":"WebPage","@id":"https:\/\/www.poggioallagnello.it\/de\/leistungen\/behinderte\/","url":"https:\/\/www.poggioallagnello.it\/de\/leistungen\/behinderte\/","name":"Behinderte Urlaubsresort Toskana - Poggio All'Agnello Resort","isPartOf":{"@id":"https:\/\/www.poggioallagnello.it\/#website"},"datePublished":"2019-02-08T09:57:15+00:00","dateModified":"2021-02-17T17:50:20+00:00","description":"Behinderte Urlaubsresort Toskana: Das Tourismusresort Poggio all\u2019Agnello stellt Personen mit Handicap eine Reihe an Services und eigenen Strukturen zur Verf\u00fcgung. Vom Parkplatz bis in jedes einzelne Appartement wurde mit Sorgfalt auf die einfache Fahrbar- und Erreichkbarkeit geachtet.","breadcrumb":{"@id":"https:\/\/www.poggioallagnello.it\/de\/leistungen\/behinderte\/#breadcrumb"},"inLanguage":"de","potentialAction":[{"@type":"ReadAction","target":["https:\/\/www.poggioallagnello.it\/de\/leistungen\/behinderte\/"]}]},{"@type":"BreadcrumbList","@id":"https:\/\/www.poggioallagnello.it\/de\/leistungen\/behinderte\/#breadcrumb","itemListElement":[{"@type":"ListItem","position":1,"name":"Home","item":"https:\/\/www.poggioallagnello.it\/de\/"},{"@type":"ListItem","position":2,"name":"SERVICELEISTUNGEN","item":"https:\/\/www.poggioallagnello.it\/de\/leistungen\/"},{"@type":"ListItem","position":3,"name":"Behinderte"}]},{"@type":"WebSite","@id":"https:\/\/www.poggioallagnello.it\/#website","url":"https:\/\/www.poggioallagnello.it\/","name":"Poggio all&#039;Agnello","description":"Sport &amp; Active Holidays","publisher":{"@id":"https:\/\/www.poggioallagnello.it\/#organization"},"potentialAction":[{"@type":"SearchAction","target":{"@type":"EntryPoint","urlTemplate":"https:\/\/www.poggioallagnello.it\/?s={search_term_string}"},"query-input":"required name=search_term_string"}],"inLanguage":"de"},{"@type":"Organization","@id":"https:\/\/www.poggioallagnello.it\/#organization","name":"Poggio all'Agnello","url":"https:\/\/www.poggioallagnello.it\/","logo":{"@type":"ImageObject","inLanguage":"de","@id":"https:\/\/www.poggioallagnello.it\/#\/schema\/logo\/image\/","url":"https:\/\/www.poggioallagnello.it\/wp-content\/uploads\/2019\/02\/poggioallagnello-logo-retina-1.png","contentUrl":"https:\/\/www.poggioallagnello.it\/wp-content\/uploads\/2019\/02\/poggioallagnello-logo-retina-1.png","width":407,"height":150,"caption":"Poggio all'Agnello"},"image":{"@id":"https:\/\/www.poggioallagnello.it\/#\/schema\/logo\/image\/"},"sameAs":["https:\/\/www.facebook.com\/poggioallagnelloresort\/","https:\/\/twitter.com\/poggioagnello","https:\/\/www.instagram.com\/poggioallagnello\/"]}]}},"_links":{"self":[{"href":"https:\/\/www.poggioallagnello.it\/de\/wp-json\/wp\/v2\/pages\/3729"}],"collection":[{"href":"https:\/\/www.poggioallagnello.it\/de\/wp-json\/wp\/v2\/pages"}],"about":[{"href":"https:\/\/www.poggioallagnello.it\/de\/wp-json\/wp\/v2\/types\/page"}],"author":[{"embeddable":true,"href":"https:\/\/www.poggioallagnello.it\/de\/wp-json\/wp\/v2\/users\/6"}],"replies":[{"embeddable":true,"href":"https:\/\/www.poggioallagnello.it\/de\/wp-json\/wp\/v2\/comments?post=3729"}],"version-history":[{"count":4,"href":"https:\/\/www.poggioallagnello.it\/de\/wp-json\/wp\/v2\/pages\/3729\/revisions"}],"predecessor-version":[{"id":4167,"href":"https:\/\/www.poggioallagnello.it\/de\/wp-json\/wp\/v2\/pages\/3729\/revisions\/4167"}],"wp:featuredmedia":[{"embeddable":true,"href":"https:\/\/www.poggioallagnello.it\/de\/wp-json\/wp\/v2\/media\/3914"}],"wp:attachment":[{"href":"https:\/\/www.poggioallagnello.it\/de\/wp-json\/wp\/v2\/media?parent=3729"}],"wp:term":[{"taxonomy":"post_tag","embeddable":true,"href":"https:\/\/www.poggioallagnello.it\/de\/wp-json\/wp\/v2\/tags?post=3729"}],"curies":[{"name":"wp","href":"https:\/\/api.w.org\/{rel}","templated":true}]}}