{"id":3736,"date":"2019-02-08T10:57:46","date_gmt":"2019-02-08T09:57:46","guid":{"rendered":"https:\/\/demo.poggioallagnello.it\/leistungen\/noleggio-biciclette-vacanza-toscana\/"},"modified":"2026-04-13T09:23:45","modified_gmt":"2026-04-13T07:23:45","slug":"fahrradverleih-toskana-kuste","status":"publish","type":"page","link":"https:\/\/www.poggioallagnello.it\/de\/fahrradverleih-toskana-kuste\/","title":{"rendered":"Fahrradverleih"},"content":{"rendered":"<section class=\"wpb-content-wrapper\"><p>[vc_row full_width=&#8220;stretch_row&#8220; bg_type=&#8220;bg_color&#8220; seperator_enable=&#8220;seperator_enable_value&#8220; seperator_type=&#8220;curve_down_seperator&#8220; seperator_position=&#8220;bottom_seperator&#8220; seperator_shape_background=&#8220;#ffffff&#8220; css=&#8220;.vc_custom_1581518160776{padding-top: 90px !important;padding-bottom: 80px !important;}&#8220; bg_color_value=&#8220;rgba(230,244,240,0.43)&#8220;][vc_column][vc_column_text css_animation=&#8220;fadeInDown&#8220;]<\/p>\n<h2>LEIHEN SIE SICH EIN FAHRRAD UND ERKUNDEN SIE DIE UMGEBUNG<\/h2>\n<h3>Wenn Sie leidenschaftlich gerne Sport treiben, sind Sie im Poggio all\u2019Agnello genau richtig<\/h3>\n<p>Einer von vielen Vorschl\u00e4gen f\u00fcr einen Aktivurlaub w\u00e4re eine gef\u00fchrte Fahrradtour f\u00fcr Fahrradfans, Mountainbiker oder Profis.<br \/>\nDas Poggio all\u2019Agnello liegt zwischen dem Meer und dem Inland inmitten einer sch\u00f6nen Landschaft, die Sie bei sportlichen Aktivit\u00e4ten im Freien genie\u00dfen k\u00f6nnen.[\/vc_column_text][vc_empty_space height=&#8220;70px&#8220;][\/vc_column][\/vc_row][vc_row equal_height=&#8220;yes&#8220; content_placement=&#8220;middle&#8220; css=&#8220;.vc_custom_1622099171018{padding-top: 140px !important;padding-bottom: 140px !important;}&#8220;][vc_column css=&#8220;.vc_custom_1581516475396{margin: 0px !important;padding: 0px !important;}&#8220;][vc_row_inner][vc_column_inner][vc_column_text css_animation=&#8220;fadeInDown&#8220;]<\/p>\n<h2>Trekkingrad f\u00fcr Erwachsene und Kinder<\/h2>\n<p><strong>Wie macht man? Folgen Sie diesen einfachen Schritten:<\/strong><\/p>\n<p>W\u00e4hlen Sie das Fahrrad, das Sie bevorzugen<br \/>\nBuchen Sie es \u00fcber Kontakte oder direkt bei Tuscany-Bike<br \/>\nF\u00fcllen Sie die Formulare bei Tuscany-bike aus und bezahlen Sie die Mietdauer<br \/>\nBinden Sie das Fahrrad mit den erhaltenen Schl\u00fcsseln ab<br \/>\n\u00dcberpr\u00fcfen Sie den Erhaltungszustand des Fahrrads vor und nach dem Gebrauch<br \/>\n\u00dcbergeben Sie die Schl\u00fcssel nach dem Abstellen des Fahrrads an Tuscany-bike[\/vc_column_text][vc_column_text css_animation=&#8220;fadeInDown&#8220; el_class=&#8220;prezzi-bike&#8220;]<\/p>\n<table class=\"noleggio\" style=\"width: 100%;\">\n<tbody>\n<tr>\n<td><strong> Tage<\/strong><\/td>\n<td><strong> 1<\/strong><\/td>\n<td><strong> 2<\/strong><\/td>\n<td><strong> 3<\/strong><\/td>\n<td><strong> 4<\/strong><\/td>\n<td><strong> 5<\/strong><\/td>\n<td><strong> 6<\/strong><\/td>\n<td><strong> 7<\/strong><\/td>\n<\/tr>\n<tr>\n<td><strong> Kinder<\/strong><\/td>\n<td>10 \u20ac<\/td>\n<td>15 \u20ac<\/td>\n<td>20 \u20ac<\/td>\n<td>25 \u20ac<\/td>\n<td>30 \u20ac<\/td>\n<td>33 \u20ac<\/td>\n<td>35 \u20ac<\/td>\n<\/tr>\n<tr>\n<td><strong>Erwachsene<\/strong><\/td>\n<td>12 \u20ac<\/td>\n<td>18 \u20ac<\/td>\n<td>24 \u20ac<\/td>\n<td>30 \u20ac<\/td>\n<td>35 \u20ac<\/td>\n<td>40 \u20ac<\/td>\n<td>43 \u20ac<\/td>\n<\/tr>\n<\/tbody>\n<\/table>\n<p>[\/vc_column_text][vc_column_text css_animation=&#8220;fadeInDown&#8220;]<strong>Rufen Sie uns an unter +39 3386823846 oder fragen Sie direkt an der Rezeption nach Informationen<\/strong>[\/vc_column_text][\/vc_column_inner][\/vc_row_inner][vc_empty_space height=&#8220;70px&#8220;][\/vc_column][\/vc_row][vc_row][vc_column][vc_column_text css_animation=&#8220;fadeInDown&#8220;]<\/p>\n<h2 style=\"text-align: left;\">SUCHEN SIE EIN PROFESSIONELLES BIKE?<\/h2>\n<h3 style=\"text-align: left;\">W\u00e4hle das beste aus! MTB und Elektro-MTB oder Rennrad<\/h3>\n<p>[\/vc_column_text][\/vc_column][\/vc_row][vc_row equal_height=&#8220;yes&#8220; content_placement=&#8220;middle&#8220; css=&#8220;.vc_custom_1581517978995{margin-top: 0px !important;margin-bottom: 0px !important;}&#8220;][vc_column width=&#8220;1\/2&#8243; css=&#8220;.vc_custom_1581519689502{padding: 30px !important;}&#8220;][vc_empty_space][vc_column_text css_animation=&#8220;fadeInDown&#8220;]<\/p>\n<h3>Rennradverleih<\/h3>\n<h5>In Zusammenarbeit mit Tuscany Bike<\/h5>\n<p>Haben Sie Probleme, Ihr <strong> Rennrad <\/strong>mit sich zu f\u00fchren? Buchen Sie es online und Sie finden es hier bei Ihrer Ankunft!<\/p>\n<p><a href=\"https:\/\/tuscany-bike.com\/\">Jetzt ein Fahrrad Mieten!<\/a>[\/vc_column_text][vc_empty_space][\/vc_column][vc_column width=&#8220;1\/2&#8243; css=&#8220;.vc_custom_1581516419335{margin: 0px !important;padding: 0px !important;}&#8220;][vc_single_image image=&#8220;14668&#8243; img_size=&#8220;full&#8220; onclick=&#8220;custom_link&#8220; image_hovers=&#8220;false&#8220; link=&#8220;https:\/\/www.poggioallagnello.it\/de\/sport\/entdecken-sie-die-toskana-auf-dem-fahrrad\/&#8220;][\/vc_column][\/vc_row][vc_row equal_height=&#8220;yes&#8220; content_placement=&#8220;middle&#8220; css=&#8220;.vc_custom_1581517972866{margin-top: 0px !important;margin-bottom: 0px !important;}&#8220;][vc_column width=&#8220;1\/2&#8243; css=&#8220;.vc_custom_1581516475396{margin: 0px !important;padding: 0px !important;}&#8220;][vc_single_image image=&#8220;3066&#8243; img_size=&#8220;full&#8220; onclick=&#8220;custom_link&#8220; image_hovers=&#8220;false&#8220; link=&#8220;https:\/\/www.poggioallagnello.it\/de\/sport\/mountainbike-in-der-etruskischen-kueste-der-toskana\/&#8220;][\/vc_column][vc_column width=&#8220;1\/2&#8243; css=&#8220;.vc_custom_1581519679295{padding: 30px !important;}&#8220;][vc_empty_space][vc_column_text css_animation=&#8220;fadeInDown&#8220;]<\/p>\n<h3>Mountainbike-Verleih<\/h3>\n<h5>In Zusammenarbeit mit Tuscany Bike<\/h5>\n<p>Auf der Suche nach einem aufregenden Erlebnis in den Buchten der etruskischen Bucht? Suchen Sie nach einem technischeren und leistungsst\u00e4rkeren Fahrrad f\u00fcr anspruchsvolle Trails?[\/vc_column_text][vc_empty_space][\/vc_column][\/vc_row]<\/p>\n<\/section>","protected":false},"excerpt":{"rendered":"<p>[vc_row full_width=&#8220;stretch_row&#8220; bg_type=&#8220;bg_color&#8220; seperator_enable=&#8220;seperator_enable_value&#8220; seperator_type=&#8220;curve_down_seperator&#8220; seperator_position=&#8220;bottom_seperator&#8220; seperator_shape_background=&#8220;#ffffff&#8220; css=&#8220;.vc_custom_1581518160776{padding-top: 90px !important;padding-bottom: 80px !important;}&#8220; bg_color_value=&#8220;rgba(230,244,240,0.43)&#8220;][vc_column][vc_column_text css_animation=&#8220;fadeInDown&#8220;] LEIHEN SIE SICH EIN FAHRRAD UND ERKUNDEN SIE DIE UMGEBUNG Wenn Sie leidenschaftlich gerne Sport treiben, sind Sie im Poggio all\u2019Agnello genau richtig Einer von vielen Vorschl\u00e4gen f\u00fcr einen Aktivurlaub w\u00e4re eine gef\u00fchrte Fahrradtour f\u00fcr Fahrradfans, Mountainbiker oder Profis. Das Poggio&hellip;<\/p>\n","protected":false},"author":6,"featured_media":5329,"parent":0,"menu_order":0,"comment_status":"closed","ping_status":"closed","template":"","meta":[],"tags":[104],"yoast_head":"<!-- This site is optimized with the Yoast SEO plugin v21.1 - https:\/\/yoast.com\/wordpress\/plugins\/seo\/ -->\n<title>Fahrradverleih Toskana Radreisen | Poggio All&#039;Agnello Resort<\/title>\n<meta name=\"description\" content=\"Resort Poggio all&#039;Agnello Toskana: Fahrradverleih in der Toskana bei Poggio all&#039;Agnello Toskana Ferienanlage, Radreisen Toskana Kuste.\" \/>\n<meta name=\"robots\" content=\"index, follow, max-snippet:-1, max-image-preview:large, max-video-preview:-1\" \/>\n<link rel=\"canonical\" href=\"https:\/\/www.poggioallagnello.it\/de\/fahrradverleih-toskana-kuste\/\" \/>\n<meta property=\"og:locale\" content=\"de_DE\" \/>\n<meta property=\"og:type\" content=\"article\" \/>\n<meta property=\"og:title\" content=\"Fahrradverleih Toskana Radreisen | Poggio All&#039;Agnello Resort\" \/>\n<meta property=\"og:description\" content=\"Resort Poggio all&#039;Agnello Toskana: Fahrradverleih in der Toskana bei Poggio all&#039;Agnello Toskana Ferienanlage, Radreisen Toskana Kuste.\" \/>\n<meta property=\"og:url\" content=\"https:\/\/www.poggioallagnello.it\/de\/fahrradverleih-toskana-kuste\/\" \/>\n<meta property=\"og:site_name\" content=\"Poggio all&#039;Agnello\" \/>\n<meta property=\"article:publisher\" content=\"https:\/\/www.facebook.com\/poggioallagnelloresort\/\" \/>\n<meta property=\"article:modified_time\" content=\"2026-04-13T07:23:45+00:00\" \/>\n<meta property=\"og:image\" content=\"https:\/\/www.poggioallagnello.it\/wp-content\/uploads\/2019\/10\/two-cyclist-practicing-for-triathlon-race.jpg\" \/>\n\t<meta property=\"og:image:width\" content=\"1920\" \/>\n\t<meta property=\"og:image:height\" content=\"1280\" \/>\n\t<meta property=\"og:image:type\" content=\"image\/jpeg\" \/>\n<meta name=\"twitter:card\" content=\"summary_large_image\" \/>\n<meta name=\"twitter:site\" content=\"@poggioagnello\" \/>\n<meta name=\"twitter:label1\" content=\"Gesch\u00e4tzte Lesezeit\" \/>\n\t<meta name=\"twitter:data1\" content=\"2\u00a0Minuten\" \/>\n<script type=\"application\/ld+json\" class=\"yoast-schema-graph\">{\"@context\":\"https:\/\/schema.org\",\"@graph\":[{\"@type\":\"WebPage\",\"@id\":\"https:\/\/www.poggioallagnello.it\/de\/fahrradverleih-toskana-kuste\/\",\"url\":\"https:\/\/www.poggioallagnello.it\/de\/fahrradverleih-toskana-kuste\/\",\"name\":\"Fahrradverleih Toskana Radreisen | Poggio All'Agnello Resort\",\"isPartOf\":{\"@id\":\"https:\/\/www.poggioallagnello.it\/#website\"},\"datePublished\":\"2019-02-08T09:57:46+00:00\",\"dateModified\":\"2026-04-13T07:23:45+00:00\",\"description\":\"Resort Poggio all'Agnello Toskana: Fahrradverleih in der Toskana bei Poggio all'Agnello Toskana Ferienanlage, Radreisen Toskana Kuste.\",\"breadcrumb\":{\"@id\":\"https:\/\/www.poggioallagnello.it\/de\/fahrradverleih-toskana-kuste\/#breadcrumb\"},\"inLanguage\":\"de\",\"potentialAction\":[{\"@type\":\"ReadAction\",\"target\":[\"https:\/\/www.poggioallagnello.it\/de\/fahrradverleih-toskana-kuste\/\"]}]},{\"@type\":\"BreadcrumbList\",\"@id\":\"https:\/\/www.poggioallagnello.it\/de\/fahrradverleih-toskana-kuste\/#breadcrumb\",\"itemListElement\":[{\"@type\":\"ListItem\",\"position\":1,\"name\":\"Home\",\"item\":\"https:\/\/www.poggioallagnello.it\/de\/\"},{\"@type\":\"ListItem\",\"position\":2,\"name\":\"Fahrradverleih\"}]},{\"@type\":\"WebSite\",\"@id\":\"https:\/\/www.poggioallagnello.it\/#website\",\"url\":\"https:\/\/www.poggioallagnello.it\/\",\"name\":\"Poggio all&#039;Agnello\",\"description\":\"Sport &amp; Active Holidays\",\"publisher\":{\"@id\":\"https:\/\/www.poggioallagnello.it\/#organization\"},\"potentialAction\":[{\"@type\":\"SearchAction\",\"target\":{\"@type\":\"EntryPoint\",\"urlTemplate\":\"https:\/\/www.poggioallagnello.it\/?s={search_term_string}\"},\"query-input\":\"required name=search_term_string\"}],\"inLanguage\":\"de\"},{\"@type\":\"Organization\",\"@id\":\"https:\/\/www.poggioallagnello.it\/#organization\",\"name\":\"Poggio all'Agnello\",\"url\":\"https:\/\/www.poggioallagnello.it\/\",\"logo\":{\"@type\":\"ImageObject\",\"inLanguage\":\"de\",\"@id\":\"https:\/\/www.poggioallagnello.it\/#\/schema\/logo\/image\/\",\"url\":\"https:\/\/www.poggioallagnello.it\/wp-content\/uploads\/2019\/02\/poggioallagnello-logo-retina-1.png\",\"contentUrl\":\"https:\/\/www.poggioallagnello.it\/wp-content\/uploads\/2019\/02\/poggioallagnello-logo-retina-1.png\",\"width\":407,\"height\":150,\"caption\":\"Poggio all'Agnello\"},\"image\":{\"@id\":\"https:\/\/www.poggioallagnello.it\/#\/schema\/logo\/image\/\"},\"sameAs\":[\"https:\/\/www.facebook.com\/poggioallagnelloresort\/\",\"https:\/\/twitter.com\/poggioagnello\",\"https:\/\/www.instagram.com\/poggioallagnello\/\"]}]}<\/script>\n<!-- \/ Yoast SEO plugin. -->","yoast_head_json":{"title":"Fahrradverleih Toskana Radreisen | Poggio All'Agnello Resort","description":"Resort Poggio all'Agnello Toskana: Fahrradverleih in der Toskana bei Poggio all'Agnello Toskana Ferienanlage, Radreisen Toskana Kuste.","robots":{"index":"index","follow":"follow","max-snippet":"max-snippet:-1","max-image-preview":"max-image-preview:large","max-video-preview":"max-video-preview:-1"},"canonical":"https:\/\/www.poggioallagnello.it\/de\/fahrradverleih-toskana-kuste\/","og_locale":"de_DE","og_type":"article","og_title":"Fahrradverleih Toskana Radreisen | Poggio All'Agnello Resort","og_description":"Resort Poggio all'Agnello Toskana: Fahrradverleih in der Toskana bei Poggio all'Agnello Toskana Ferienanlage, Radreisen Toskana Kuste.","og_url":"https:\/\/www.poggioallagnello.it\/de\/fahrradverleih-toskana-kuste\/","og_site_name":"Poggio all&#039;Agnello","article_publisher":"https:\/\/www.facebook.com\/poggioallagnelloresort\/","article_modified_time":"2026-04-13T07:23:45+00:00","og_image":[{"width":1920,"height":1280,"url":"https:\/\/www.poggioallagnello.it\/wp-content\/uploads\/2019\/10\/two-cyclist-practicing-for-triathlon-race.jpg","type":"image\/jpeg"}],"twitter_card":"summary_large_image","twitter_site":"@poggioagnello","twitter_misc":{"Gesch\u00e4tzte Lesezeit":"2\u00a0Minuten"},"schema":{"@context":"https:\/\/schema.org","@graph":[{"@type":"WebPage","@id":"https:\/\/www.poggioallagnello.it\/de\/fahrradverleih-toskana-kuste\/","url":"https:\/\/www.poggioallagnello.it\/de\/fahrradverleih-toskana-kuste\/","name":"Fahrradverleih Toskana Radreisen | Poggio All'Agnello Resort","isPartOf":{"@id":"https:\/\/www.poggioallagnello.it\/#website"},"datePublished":"2019-02-08T09:57:46+00:00","dateModified":"2026-04-13T07:23:45+00:00","description":"Resort Poggio all'Agnello Toskana: Fahrradverleih in der Toskana bei Poggio all'Agnello Toskana Ferienanlage, Radreisen Toskana Kuste.","breadcrumb":{"@id":"https:\/\/www.poggioallagnello.it\/de\/fahrradverleih-toskana-kuste\/#breadcrumb"},"inLanguage":"de","potentialAction":[{"@type":"ReadAction","target":["https:\/\/www.poggioallagnello.it\/de\/fahrradverleih-toskana-kuste\/"]}]},{"@type":"BreadcrumbList","@id":"https:\/\/www.poggioallagnello.it\/de\/fahrradverleih-toskana-kuste\/#breadcrumb","itemListElement":[{"@type":"ListItem","position":1,"name":"Home","item":"https:\/\/www.poggioallagnello.it\/de\/"},{"@type":"ListItem","position":2,"name":"Fahrradverleih"}]},{"@type":"WebSite","@id":"https:\/\/www.poggioallagnello.it\/#website","url":"https:\/\/www.poggioallagnello.it\/","name":"Poggio all&#039;Agnello","description":"Sport &amp; Active Holidays","publisher":{"@id":"https:\/\/www.poggioallagnello.it\/#organization"},"potentialAction":[{"@type":"SearchAction","target":{"@type":"EntryPoint","urlTemplate":"https:\/\/www.poggioallagnello.it\/?s={search_term_string}"},"query-input":"required name=search_term_string"}],"inLanguage":"de"},{"@type":"Organization","@id":"https:\/\/www.poggioallagnello.it\/#organization","name":"Poggio all'Agnello","url":"https:\/\/www.poggioallagnello.it\/","logo":{"@type":"ImageObject","inLanguage":"de","@id":"https:\/\/www.poggioallagnello.it\/#\/schema\/logo\/image\/","url":"https:\/\/www.poggioallagnello.it\/wp-content\/uploads\/2019\/02\/poggioallagnello-logo-retina-1.png","contentUrl":"https:\/\/www.poggioallagnello.it\/wp-content\/uploads\/2019\/02\/poggioallagnello-logo-retina-1.png","width":407,"height":150,"caption":"Poggio all'Agnello"},"image":{"@id":"https:\/\/www.poggioallagnello.it\/#\/schema\/logo\/image\/"},"sameAs":["https:\/\/www.facebook.com\/poggioallagnelloresort\/","https:\/\/twitter.com\/poggioagnello","https:\/\/www.instagram.com\/poggioallagnello\/"]}]}},"_links":{"self":[{"href":"https:\/\/www.poggioallagnello.it\/de\/wp-json\/wp\/v2\/pages\/3736"}],"collection":[{"href":"https:\/\/www.poggioallagnello.it\/de\/wp-json\/wp\/v2\/pages"}],"about":[{"href":"https:\/\/www.poggioallagnello.it\/de\/wp-json\/wp\/v2\/types\/page"}],"author":[{"embeddable":true,"href":"https:\/\/www.poggioallagnello.it\/de\/wp-json\/wp\/v2\/users\/6"}],"replies":[{"embeddable":true,"href":"https:\/\/www.poggioallagnello.it\/de\/wp-json\/wp\/v2\/comments?post=3736"}],"version-history":[{"count":8,"href":"https:\/\/www.poggioallagnello.it\/de\/wp-json\/wp\/v2\/pages\/3736\/revisions"}],"predecessor-version":[{"id":18932,"href":"https:\/\/www.poggioallagnello.it\/de\/wp-json\/wp\/v2\/pages\/3736\/revisions\/18932"}],"wp:featuredmedia":[{"embeddable":true,"href":"https:\/\/www.poggioallagnello.it\/de\/wp-json\/wp\/v2\/media\/5329"}],"wp:attachment":[{"href":"https:\/\/www.poggioallagnello.it\/de\/wp-json\/wp\/v2\/media?parent=3736"}],"wp:term":[{"taxonomy":"post_tag","embeddable":true,"href":"https:\/\/www.poggioallagnello.it\/de\/wp-json\/wp\/v2\/tags?post=3736"}],"curies":[{"name":"wp","href":"https:\/\/api.w.org\/{rel}","templated":true}]}}