{"id":3742,"date":"2019-02-08T10:53:54","date_gmt":"2019-02-08T09:53:54","guid":{"rendered":"https:\/\/demo.poggioallagnello.it\/leistungen\/servizi-e-attivita-toscana-costa-degli-etruschi\/"},"modified":"2025-11-13T12:12:29","modified_gmt":"2025-11-13T11:12:29","slug":"ferienanlage-unterkunfte-und-dienstleistungen","status":"publish","type":"page","link":"https:\/\/www.poggioallagnello.it\/de\/ferienanlage-unterkunfte-und-dienstleistungen\/","title":{"rendered":"Dienstleistungen"},"content":{"rendered":"<section class=\"wpb-content-wrapper\"><p>[vc_row full_width=&#8220;stretch_row&#8220; bg_type=&#8220;bg_color&#8220; seperator_enable=&#8220;seperator_enable_value&#8220; seperator_type=&#8220;curve_up_seperator&#8220; seperator_position=&#8220;bottom_seperator&#8220; seperator_svg_height=&#8220;140&#8243; seperator_shape_background=&#8220;#ffffff&#8220; css=&#8220;.vc_custom_1549995389086{padding-top: 90px !important;padding-bottom: 140px !important;}&#8220; bg_color_value=&#8220;#f4f6f7&#8243;][vc_column][vc_column_text css_animation=&#8220;fadeInDown&#8220;]<\/p>\n<h2>ENTDECKEN SIE ALL UNSERE SERVICELEISTUNGEN<\/h2>\n<p>[\/vc_column_text][vc_empty_space][vc_column_text css_animation=&#8220;fadeInUp&#8220;]Das Poggio all\u2019Agnello beschert seinen G\u00e4sten einen unvergesslichen Urlaub, in dem sportliche Aktivit\u00e4ten, das Meer und die Natur die t\u00e4gliche Hauptrolle spielen.<br \/>\nAuf dem Gel\u00e4nde des Resort k\u00f6nnen Sie unsere Sportanlagen nutzen, und wenn Sie sich an einem der herrlichen Str\u00e4nde an der Etruskischen K\u00fcste erholen m\u00f6chten, sind diese in wenigen Minuten erreicht.<br \/>\nG\u00f6nnen Sie sich am Ende des Tages einen Aperitif in unserer Bar am Pool, und genie\u00dfen Sie im Restaurant die hervorragende K\u00fcche der Region.<br \/>\nIm Poggio all\u2019Agnello k\u00f6nnen Sie den ganzen Tag \u00fcber die vielen Aktivit\u00e4ten erkunden, die wir f\u00fcr Ihren Urlaub an diesem wundersch\u00f6nen Fleck der Toskana bereithalten.[\/vc_column_text][\/vc_column][\/vc_row][vc_row equal_height=&#8220;yes&#8220; content_placement=&#8220;middle&#8220;][vc_column width=&#8220;1\/2&#8243;]<div class=\"ult-just-icon-wrapper  \"><div class=\"align-icon\" style=\"text-align:left;\">\n<div class=\"aio-icon circle \" data-animation=\"fadeInDown\" data-animation-delay=\"03\" style=\"color:#ffffff;background:#6da961;font-size:32px;\">\n\t<i class=\"Defaults-sun-o\"><\/i>\n<\/div><\/div><\/div>[vc_empty_space height=&#8220;16px&#8220;][vc_column_text css_animation=&#8220;fadeInLeft&#8220;]In der N\u00e4he gibt es viele Strandb\u00e4der, mit denen wir eine Partnerschaft pflegen.<\/p>\n<p>Restaurant mit 130 Pl\u00e4tzen im Speisesaal und 90 Pl\u00e4tzen auf der<\/p>\n<p>Rezeption in der Hochsaison rund um die Uhr ge\u00f6ffnet.<\/p>\n<p>Garten und gro\u00dfer Park.<\/p>\n<p>Schwimmbecken und Terrasse.[\/vc_column_text][\/vc_column][vc_column width=&#8220;1\/2&#8243; css=&#8220;.vc_custom_1549999443700{padding-left: 0px !important;}&#8220;][vc_single_image image=&#8220;1696&#8243; img_size=&#8220;full&#8220; css_animation=&#8220;fadeInRight&#8220;][\/vc_column][\/vc_row][vc_row equal_height=&#8220;yes&#8220; content_placement=&#8220;middle&#8220;][vc_column width=&#8220;1\/2&#8243; css=&#8220;.vc_custom_1549999461412{padding-right: 0px !important;}&#8220;][vc_single_image image=&#8220;2240&#8243; img_size=&#8220;full&#8220; css_animation=&#8220;fadeInLeft&#8220;][\/vc_column][vc_column width=&#8220;1\/2&#8243;]<div class=\"ult-just-icon-wrapper  \"><div class=\"align-icon\" style=\"text-align:left;\">\n<div class=\"aio-icon circle \" data-animation=\"fadeInDown\" data-animation-delay=\"03\" style=\"color:#ffffff;background:#6da961;font-size:32px;\">\n\t<i class=\"Defaults-bed hotel\"><\/i>\n<\/div><\/div><\/div>[vc_empty_space height=&#8220;16px&#8220;][vc_column_text css_animation=&#8220;fadeInRight&#8220;]Zimmer f\u00fcr Nichtraucher.<\/p>\n<p>Barrierefreie Zimmer.<\/p>\n<p>Aufz\u00fcge<\/p>\n<p>Safe<\/p>\n<p>Schallged\u00e4mpfte Zimmer<\/p>\n<p>WLAN in den \u00f6ffentlichen Bereichen<\/p>\n<p>Sat-TV (m\u00f6gliche Kan\u00e4le sind hell)[\/vc_column_text][\/vc_column][\/vc_row][vc_row equal_height=&#8220;yes&#8220; content_placement=&#8220;middle&#8220;][vc_column width=&#8220;1\/2&#8243;]<div class=\"ult-just-icon-wrapper  \"><div class=\"align-icon\" style=\"text-align:left;\">\n<div class=\"aio-icon circle \" data-animation=\"fadeInDown\" data-animation-delay=\"03\" style=\"color:#ffffff;background:#6da961;font-size:32px;\">\n\t<i class=\"Defaults-futbol-o soccer-ball-o\"><\/i>\n<\/div><\/div><\/div>[vc_empty_space height=&#8220;16px&#8220;][vc_column_text css_animation=&#8220;fadeInLeft&#8220;]4 Tennispl\u00e4tze, davon 2 Mehrzweckpl\u00e4tze. Art der Oberfl\u00e4che: 2 Play-It, 2 Kunstrasen<\/p>\n<p>Fitnesspfad im Freien<\/p>\n<p>Konferenzr\u00e4ume, die individuell aufgeteilt werden k\u00f6nnen<\/p>\n<p>Olympisches Schwimmbecken<\/p>\n<p>Kinderschwimmbecken<\/p>\n<p>Pool mit Hydromassage, der zu bestimmten Zeiten beheizt wird.[\/vc_column_text][\/vc_column][vc_column width=&#8220;1\/2&#8243; css=&#8220;.vc_custom_1549999516517{padding-left: 0px !important;}&#8220;][vc_single_image image=&#8220;1740&#8243; img_size=&#8220;full&#8220; css_animation=&#8220;fadeInRight&#8220;][\/vc_column][\/vc_row][vc_row equal_height=&#8220;yes&#8220; content_placement=&#8220;middle&#8220;][vc_column width=&#8220;1\/2&#8243; css=&#8220;.vc_custom_1549999729410{padding-right: 0px !important;}&#8220;][vc_single_image image=&#8220;2326&#8243; img_size=&#8220;full&#8220; css_animation=&#8220;fadeInLeft&#8220;][\/vc_column][vc_column width=&#8220;1\/2&#8243;]<div class=\"ult-just-icon-wrapper  \"><div class=\"align-icon\" style=\"text-align:left;\">\n<div class=\"aio-icon circle \" data-animation=\"fadeInDown\" data-animation-delay=\"03\" style=\"color:#ffffff;background:#6da961;font-size:32px;\">\n\t<i class=\"icomoon-font-awesome-14x14-shopping-basket\"><\/i>\n<\/div><\/div><\/div>[vc_empty_space height=&#8220;16px&#8220;][vc_column_text css_animation=&#8220;fadeInRight&#8220;]Spielplatz im Freien<\/p>\n<p>Animation f\u00fcr Kinder (Uhrzeiten erfragen Sie bitte an der Rezeption)<\/p>\n<p>Waschmaschinen mit M\u00fcnzbetrieb<\/p>\n<p>Mini-Markt<\/p>\n<p>Fahrradverleih (Uhrzeiten erfragen Sie bitte an der Rezeption)<\/p>\n<p>Kleine Haustiere sind in Appartements der Kategorie \u201eEinzimmer\/Zweizimmer\u201c (auf Anfrage, gegen Aufschlag und nach Verf\u00fcgbarkeit) willkommen.<\/p>\n<p>Parkplatz mit 277 Pl\u00e4tzen[\/vc_column_text][\/vc_column][\/vc_row][vc_row full_width=&#8220;stretch_row&#8220; bg_type=&#8220;bg_color&#8220; seperator_enable=&#8220;seperator_enable_value&#8220; seperator_type=&#8220;curve_down_seperator&#8220; seperator_svg_height=&#8220;140&#8243; seperator_shape_background=&#8220;#ffffff&#8220; css=&#8220;.vc_custom_1550001044860{padding-top: 210px !important;padding-bottom: 70px !important;}&#8220; bg_color_value=&#8220;#f6f9f2&#8243;][vc_column][vc_empty_space][vc_row_inner css=&#8220;.vc_custom_1550001028789{padding-top: 70px !important;padding-right: 0px !important;padding-left: 0px !important;}&#8220;][vc_column_inner width=&#8220;1\/2&#8243;]<div class=\"ult-just-icon-wrapper  \"><div class=\"align-icon\" style=\"text-align:left;\">\n<div class=\"aio-icon circle \" data-animation=\"fadeInDown\" data-animation-delay=\"03\" style=\"color:#ffffff;background:#6da961;font-size:32px;\">\n\t<i class=\"Defaults-plus\"><\/i>\n<\/div><\/div><\/div>[vc_empty_space][vc_column_text css_animation=&#8220;fadeInDown&#8220;]<\/p>\n<h3>APOTEKE<\/h3>\n<p>[\/vc_column_text][vc_empty_space height=&#8220;16px&#8220;][vc_column_text css_animation=&#8220;fadeInUp&#8220;]Die Apotheke ist nur 500 Meter vom Resort entfernt.<\/p>\n<p>FARMACIA RIVE ETRUSCHE<br \/>\nViale Etruria, 56\/62<br \/>\nPopulonia Stazione<br \/>\nTel +39 334 6177302 \/ +39 338 5932250 \/ +39 347 8037601[\/vc_column_text][\/vc_column_inner][vc_column_inner width=&#8220;1\/2&#8243;]<div class=\"ult-just-icon-wrapper  \"><div class=\"align-icon\" style=\"text-align:left;\">\n<div class=\"aio-icon circle \" data-animation=\"fadeInDown\" data-animation-delay=\"03\" style=\"color:#ffffff;background:#6da961;font-size:32px;\">\n\t<i class=\"Defaults-ticket\"><\/i>\n<\/div><\/div><\/div>[vc_empty_space][vc_column_text css_animation=&#8220;fadeInDown&#8220;]<\/p>\n<h3>EINTRITTS UND FAHRKARTENVERKAUF<\/h3>\n<p>[\/vc_column_text][vc_empty_space height=&#8220;16px&#8220;][vc_column_text css_animation=&#8220;fadeInUp&#8220;]Tuscany4me ist Ihr Ansprechpartner, der \u00fcber Ausfl\u00fcge in der Toskana, Transfers, Tickets (F\u00e4hren, Bahn, Flugzeug), Verleih (Auto, Motorroller, Boote) und \u00fcber Veranstaltungen in der Region informiert.<\/p>\n<p>P.zza Umberto I, 8 \u2013 San Vincenzo (LI)<br \/>\nTel.: +39 565 705205 \u2013 1766135<br \/>\nSito: <a href=\"https:\/\/www.tuscany4me.net\/\" target=\"_blank\" rel=\"noopener noreferrer\">www.tuscany4me.net<\/a><br \/>\nMail: <a href=\"mailto:booking@tuscany4me.net\">booking@tuscany4me.net<\/a>[\/vc_column_text][\/vc_column_inner][\/vc_row_inner][\/vc_column][\/vc_row][vc_row full_width=&#8220;stretch_row&#8220; bg_type=&#8220;u_iframe&#8220; u_video_url=&#8220;https:\/\/www.youtube.com\/watch?v=irErZTEPw_8&#8243; video_opts=&#8220;loop,muted&#8220; video_poster=&#8220;id^2319|url^https:\/\/www.poggioallagnello.it\/wp-content\/uploads\/2019\/02\/servizi-del-resort-poggio-all-agnello.jpg|caption^null|alt^null|title^servizi-del-resort-poggio-all-agnello|description^null&#8220; enable_overlay=&#8220;enable_overlay_value&#8220; overlay_color=&#8220;rgba(12,12,12,0.86)&#8220; css=&#8220;.vc_custom_1550002177807{padding-top: 140px !important;padding-bottom: 140px !important;}&#8220;][vc_column][vc_column_text css_animation=&#8220;fadeInDown&#8220;]<\/p>\n<h3 style=\"text-align: center;\"><span style=\"color: #ffffff;\">ANDERE SERVICELEISTUNGEN<\/span><\/h3>\n<p>[\/vc_column_text][vc_empty_space][vc_empty_space][vc_row_inner][vc_column_inner width=&#8220;1\/3&#8243;][vc_hoverbox image=&#8220;2341&#8243; primary_title=&#8220;&#8220; hover_title=&#8220;FAHRR\u00c4DER&#8220; shape=&#8220;square&#8220; hover_background_color=&#8220;white&#8220; hover_btn_title=&#8220;ENTDECKEN&#8220; hover_btn_style=&#8220;flat&#8220; hover_btn_shape=&#8220;square&#8220; hover_add_button=&#8220;true&#8220; hover_btn_link=&#8220;url:%2F%3Fpage_id%3D1435|&#8220;][\/vc_hoverbox][\/vc_column_inner][vc_column_inner width=&#8220;1\/3&#8243;][vc_hoverbox image=&#8220;1728&#8243; primary_title=&#8220;&#8220; hover_title=&#8220;SCHWIMMBAD&#8220; shape=&#8220;square&#8220; hover_background_color=&#8220;white&#8220; hover_btn_title=&#8220;ENTDECKEN&#8220; hover_btn_style=&#8220;flat&#8220; hover_btn_shape=&#8220;square&#8220; hover_add_button=&#8220;true&#8220; hover_btn_link=&#8220;url:https%3A%2F%2Fwww.poggioallagnello.it%2Fde%2Fleistungen%2Fschwimmbad%2F|&#8220;][\/vc_hoverbox][\/vc_column_inner][vc_column_inner width=&#8220;1\/3&#8243;][vc_hoverbox image=&#8220;1608&#8243; primary_title=&#8220;&#8220; hover_title=&#8220;STRANDB\u00c4DER&#8220; shape=&#8220;square&#8220; hover_background_color=&#8220;white&#8220; hover_btn_title=&#8220;ENTDECKEN&#8220; hover_btn_style=&#8220;flat&#8220; hover_btn_shape=&#8220;square&#8220; hover_add_button=&#8220;true&#8220; hover_btn_link=&#8220;url:https%3A%2F%2Fwww.poggioallagnello.it%2Fde%2Fleistungen%2Fausgestattet-straende%2F|&#8220;][\/vc_hoverbox][\/vc_column_inner][\/vc_row_inner][\/vc_column][\/vc_row]<\/p>\n<\/section>","protected":false},"excerpt":{"rendered":"<p>[vc_row full_width=&#8220;stretch_row&#8220; bg_type=&#8220;bg_color&#8220; seperator_enable=&#8220;seperator_enable_value&#8220; seperator_type=&#8220;curve_up_seperator&#8220; seperator_position=&#8220;bottom_seperator&#8220; seperator_svg_height=&#8220;140&#8243; seperator_shape_background=&#8220;#ffffff&#8220; css=&#8220;.vc_custom_1549995389086{padding-top: 90px !important;padding-bottom: 140px !important;}&#8220; bg_color_value=&#8220;#f4f6f7&#8243;][vc_column][vc_column_text css_animation=&#8220;fadeInDown&#8220;] ENTDECKEN SIE ALL UNSERE SERVICELEISTUNGEN [\/vc_column_text][vc_empty_space][vc_column_text css_animation=&#8220;fadeInUp&#8220;]Das Poggio all\u2019Agnello beschert seinen G\u00e4sten einen unvergesslichen Urlaub, in dem sportliche Aktivit\u00e4ten, das Meer und die Natur die t\u00e4gliche Hauptrolle spielen. Auf dem Gel\u00e4nde des Resort k\u00f6nnen Sie unsere Sportanlagen nutzen, und wenn&hellip;<\/p>\n","protected":false},"author":6,"featured_media":8565,"parent":0,"menu_order":0,"comment_status":"closed","ping_status":"closed","template":"","meta":[],"tags":[104],"yoast_head":"<!-- This site is optimized with the Yoast SEO plugin v21.1 - https:\/\/yoast.com\/wordpress\/plugins\/seo\/ -->\n<title>Dienstleistungen | Poggio all&#039;Agnello<\/title>\n<meta name=\"robots\" content=\"index, follow, max-snippet:-1, max-image-preview:large, max-video-preview:-1\" \/>\n<link rel=\"canonical\" href=\"https:\/\/www.poggioallagnello.it\/de\/ferienanlage-unterkunfte-und-dienstleistungen\/\" \/>\n<meta property=\"og:locale\" content=\"de_DE\" \/>\n<meta property=\"og:type\" content=\"article\" \/>\n<meta property=\"og:title\" content=\"Dienstleistungen | Poggio all&#039;Agnello\" \/>\n<meta property=\"og:description\" content=\"[vc_row full_width=&#8220;stretch_row&#8220; bg_type=&#8220;bg_color&#8220; seperator_enable=&#8220;seperator_enable_value&#8220; seperator_type=&#8220;curve_up_seperator&#8220; seperator_position=&#8220;bottom_seperator&#8220; seperator_svg_height=&#8220;140&#8243; seperator_shape_background=&#8220;#ffffff&#8220; css=&#8220;.vc_custom_1549995389086{padding-top: 90px !important;padding-bottom: 140px !important;}&#8220; bg_color_value=&#8220;#f4f6f7&#8243;][vc_column][vc_column_text css_animation=&#8220;fadeInDown&#8220;] ENTDECKEN SIE ALL UNSERE SERVICELEISTUNGEN [\/vc_column_text][vc_empty_space][vc_column_text css_animation=&#8220;fadeInUp&#8220;]Das Poggio all\u2019Agnello beschert seinen G\u00e4sten einen unvergesslichen Urlaub, in dem sportliche Aktivit\u00e4ten, das Meer und die Natur die t\u00e4gliche Hauptrolle spielen. Auf dem Gel\u00e4nde des Resort k\u00f6nnen Sie unsere Sportanlagen nutzen, und wenn&hellip;\" \/>\n<meta property=\"og:url\" content=\"https:\/\/www.poggioallagnello.it\/de\/ferienanlage-unterkunfte-und-dienstleistungen\/\" \/>\n<meta property=\"og:site_name\" content=\"Poggio all&#039;Agnello\" \/>\n<meta property=\"article:publisher\" content=\"https:\/\/www.facebook.com\/poggioallagnelloresort\/\" \/>\n<meta property=\"article:modified_time\" content=\"2025-11-13T11:12:29+00:00\" \/>\n<meta property=\"og:image\" content=\"https:\/\/www.poggioallagnello.it\/wp-content\/uploads\/2020\/07\/Poggio-all-agnello-experience-3.jpg\" \/>\n\t<meta property=\"og:image:width\" content=\"2016\" \/>\n\t<meta property=\"og:image:height\" content=\"1512\" \/>\n\t<meta property=\"og:image:type\" content=\"image\/jpeg\" \/>\n<meta name=\"twitter:card\" content=\"summary_large_image\" \/>\n<meta name=\"twitter:site\" content=\"@poggioagnello\" \/>\n<meta name=\"twitter:label1\" content=\"Gesch\u00e4tzte Lesezeit\" \/>\n\t<meta name=\"twitter:data1\" content=\"3\u00a0Minuten\" \/>\n<script type=\"application\/ld+json\" class=\"yoast-schema-graph\">{\"@context\":\"https:\/\/schema.org\",\"@graph\":[{\"@type\":\"WebPage\",\"@id\":\"https:\/\/www.poggioallagnello.it\/de\/ferienanlage-unterkunfte-und-dienstleistungen\/\",\"url\":\"https:\/\/www.poggioallagnello.it\/de\/ferienanlage-unterkunfte-und-dienstleistungen\/\",\"name\":\"Dienstleistungen | Poggio all&#039;Agnello\",\"isPartOf\":{\"@id\":\"https:\/\/www.poggioallagnello.it\/#website\"},\"datePublished\":\"2019-02-08T09:53:54+00:00\",\"dateModified\":\"2025-11-13T11:12:29+00:00\",\"breadcrumb\":{\"@id\":\"https:\/\/www.poggioallagnello.it\/de\/ferienanlage-unterkunfte-und-dienstleistungen\/#breadcrumb\"},\"inLanguage\":\"de\",\"potentialAction\":[{\"@type\":\"ReadAction\",\"target\":[\"https:\/\/www.poggioallagnello.it\/de\/ferienanlage-unterkunfte-und-dienstleistungen\/\"]}]},{\"@type\":\"BreadcrumbList\",\"@id\":\"https:\/\/www.poggioallagnello.it\/de\/ferienanlage-unterkunfte-und-dienstleistungen\/#breadcrumb\",\"itemListElement\":[{\"@type\":\"ListItem\",\"position\":1,\"name\":\"Home\",\"item\":\"https:\/\/www.poggioallagnello.it\/de\/\"},{\"@type\":\"ListItem\",\"position\":2,\"name\":\"Dienstleistungen\"}]},{\"@type\":\"WebSite\",\"@id\":\"https:\/\/www.poggioallagnello.it\/#website\",\"url\":\"https:\/\/www.poggioallagnello.it\/\",\"name\":\"Poggio all&#039;Agnello\",\"description\":\"Sport &amp; Active Holidays\",\"publisher\":{\"@id\":\"https:\/\/www.poggioallagnello.it\/#organization\"},\"potentialAction\":[{\"@type\":\"SearchAction\",\"target\":{\"@type\":\"EntryPoint\",\"urlTemplate\":\"https:\/\/www.poggioallagnello.it\/?s={search_term_string}\"},\"query-input\":\"required name=search_term_string\"}],\"inLanguage\":\"de\"},{\"@type\":\"Organization\",\"@id\":\"https:\/\/www.poggioallagnello.it\/#organization\",\"name\":\"Poggio all'Agnello\",\"url\":\"https:\/\/www.poggioallagnello.it\/\",\"logo\":{\"@type\":\"ImageObject\",\"inLanguage\":\"de\",\"@id\":\"https:\/\/www.poggioallagnello.it\/#\/schema\/logo\/image\/\",\"url\":\"https:\/\/www.poggioallagnello.it\/wp-content\/uploads\/2019\/02\/poggioallagnello-logo-retina-1.png\",\"contentUrl\":\"https:\/\/www.poggioallagnello.it\/wp-content\/uploads\/2019\/02\/poggioallagnello-logo-retina-1.png\",\"width\":407,\"height\":150,\"caption\":\"Poggio all'Agnello\"},\"image\":{\"@id\":\"https:\/\/www.poggioallagnello.it\/#\/schema\/logo\/image\/\"},\"sameAs\":[\"https:\/\/www.facebook.com\/poggioallagnelloresort\/\",\"https:\/\/twitter.com\/poggioagnello\",\"https:\/\/www.instagram.com\/poggioallagnello\/\"]}]}<\/script>\n<!-- \/ Yoast SEO plugin. -->","yoast_head_json":{"title":"Dienstleistungen | Poggio all&#039;Agnello","robots":{"index":"index","follow":"follow","max-snippet":"max-snippet:-1","max-image-preview":"max-image-preview:large","max-video-preview":"max-video-preview:-1"},"canonical":"https:\/\/www.poggioallagnello.it\/de\/ferienanlage-unterkunfte-und-dienstleistungen\/","og_locale":"de_DE","og_type":"article","og_title":"Dienstleistungen | Poggio all&#039;Agnello","og_description":"[vc_row full_width=&#8220;stretch_row&#8220; bg_type=&#8220;bg_color&#8220; seperator_enable=&#8220;seperator_enable_value&#8220; seperator_type=&#8220;curve_up_seperator&#8220; seperator_position=&#8220;bottom_seperator&#8220; seperator_svg_height=&#8220;140&#8243; seperator_shape_background=&#8220;#ffffff&#8220; css=&#8220;.vc_custom_1549995389086{padding-top: 90px !important;padding-bottom: 140px !important;}&#8220; bg_color_value=&#8220;#f4f6f7&#8243;][vc_column][vc_column_text css_animation=&#8220;fadeInDown&#8220;] ENTDECKEN SIE ALL UNSERE SERVICELEISTUNGEN [\/vc_column_text][vc_empty_space][vc_column_text css_animation=&#8220;fadeInUp&#8220;]Das Poggio all\u2019Agnello beschert seinen G\u00e4sten einen unvergesslichen Urlaub, in dem sportliche Aktivit\u00e4ten, das Meer und die Natur die t\u00e4gliche Hauptrolle spielen. Auf dem Gel\u00e4nde des Resort k\u00f6nnen Sie unsere Sportanlagen nutzen, und wenn&hellip;","og_url":"https:\/\/www.poggioallagnello.it\/de\/ferienanlage-unterkunfte-und-dienstleistungen\/","og_site_name":"Poggio all&#039;Agnello","article_publisher":"https:\/\/www.facebook.com\/poggioallagnelloresort\/","article_modified_time":"2025-11-13T11:12:29+00:00","og_image":[{"width":2016,"height":1512,"url":"https:\/\/www.poggioallagnello.it\/wp-content\/uploads\/2020\/07\/Poggio-all-agnello-experience-3.jpg","type":"image\/jpeg"}],"twitter_card":"summary_large_image","twitter_site":"@poggioagnello","twitter_misc":{"Gesch\u00e4tzte Lesezeit":"3\u00a0Minuten"},"schema":{"@context":"https:\/\/schema.org","@graph":[{"@type":"WebPage","@id":"https:\/\/www.poggioallagnello.it\/de\/ferienanlage-unterkunfte-und-dienstleistungen\/","url":"https:\/\/www.poggioallagnello.it\/de\/ferienanlage-unterkunfte-und-dienstleistungen\/","name":"Dienstleistungen | Poggio all&#039;Agnello","isPartOf":{"@id":"https:\/\/www.poggioallagnello.it\/#website"},"datePublished":"2019-02-08T09:53:54+00:00","dateModified":"2025-11-13T11:12:29+00:00","breadcrumb":{"@id":"https:\/\/www.poggioallagnello.it\/de\/ferienanlage-unterkunfte-und-dienstleistungen\/#breadcrumb"},"inLanguage":"de","potentialAction":[{"@type":"ReadAction","target":["https:\/\/www.poggioallagnello.it\/de\/ferienanlage-unterkunfte-und-dienstleistungen\/"]}]},{"@type":"BreadcrumbList","@id":"https:\/\/www.poggioallagnello.it\/de\/ferienanlage-unterkunfte-und-dienstleistungen\/#breadcrumb","itemListElement":[{"@type":"ListItem","position":1,"name":"Home","item":"https:\/\/www.poggioallagnello.it\/de\/"},{"@type":"ListItem","position":2,"name":"Dienstleistungen"}]},{"@type":"WebSite","@id":"https:\/\/www.poggioallagnello.it\/#website","url":"https:\/\/www.poggioallagnello.it\/","name":"Poggio all&#039;Agnello","description":"Sport &amp; Active Holidays","publisher":{"@id":"https:\/\/www.poggioallagnello.it\/#organization"},"potentialAction":[{"@type":"SearchAction","target":{"@type":"EntryPoint","urlTemplate":"https:\/\/www.poggioallagnello.it\/?s={search_term_string}"},"query-input":"required name=search_term_string"}],"inLanguage":"de"},{"@type":"Organization","@id":"https:\/\/www.poggioallagnello.it\/#organization","name":"Poggio all'Agnello","url":"https:\/\/www.poggioallagnello.it\/","logo":{"@type":"ImageObject","inLanguage":"de","@id":"https:\/\/www.poggioallagnello.it\/#\/schema\/logo\/image\/","url":"https:\/\/www.poggioallagnello.it\/wp-content\/uploads\/2019\/02\/poggioallagnello-logo-retina-1.png","contentUrl":"https:\/\/www.poggioallagnello.it\/wp-content\/uploads\/2019\/02\/poggioallagnello-logo-retina-1.png","width":407,"height":150,"caption":"Poggio all'Agnello"},"image":{"@id":"https:\/\/www.poggioallagnello.it\/#\/schema\/logo\/image\/"},"sameAs":["https:\/\/www.facebook.com\/poggioallagnelloresort\/","https:\/\/twitter.com\/poggioagnello","https:\/\/www.instagram.com\/poggioallagnello\/"]}]}},"_links":{"self":[{"href":"https:\/\/www.poggioallagnello.it\/de\/wp-json\/wp\/v2\/pages\/3742"}],"collection":[{"href":"https:\/\/www.poggioallagnello.it\/de\/wp-json\/wp\/v2\/pages"}],"about":[{"href":"https:\/\/www.poggioallagnello.it\/de\/wp-json\/wp\/v2\/types\/page"}],"author":[{"embeddable":true,"href":"https:\/\/www.poggioallagnello.it\/de\/wp-json\/wp\/v2\/users\/6"}],"replies":[{"embeddable":true,"href":"https:\/\/www.poggioallagnello.it\/de\/wp-json\/wp\/v2\/comments?post=3742"}],"version-history":[{"count":6,"href":"https:\/\/www.poggioallagnello.it\/de\/wp-json\/wp\/v2\/pages\/3742\/revisions"}],"predecessor-version":[{"id":18546,"href":"https:\/\/www.poggioallagnello.it\/de\/wp-json\/wp\/v2\/pages\/3742\/revisions\/18546"}],"wp:featuredmedia":[{"embeddable":true,"href":"https:\/\/www.poggioallagnello.it\/de\/wp-json\/wp\/v2\/media\/8565"}],"wp:attachment":[{"href":"https:\/\/www.poggioallagnello.it\/de\/wp-json\/wp\/v2\/media?parent=3742"}],"wp:term":[{"taxonomy":"post_tag","embeddable":true,"href":"https:\/\/www.poggioallagnello.it\/de\/wp-json\/wp\/v2\/tags?post=3742"}],"curies":[{"name":"wp","href":"https:\/\/api.w.org\/{rel}","templated":true}]}}