{"id":3748,"date":"2019-02-08T10:58:55","date_gmt":"2019-02-08T10:58:55","guid":{"rendered":"https:\/\/demo.poggioallagnello.it\/leistungen\/vacanze-benessere-spa-e-resort\/"},"modified":"2019-06-13T07:18:56","modified_gmt":"2019-06-13T07:18:56","slug":"wellnesszentrum-toskana-resort","status":"publish","type":"page","link":"https:\/\/www.poggioallagnello.it\/de\/leistungen\/wellnesszentrum-toskana-resort\/","title":{"rendered":"WELLNESS-URLAUB"},"content":{"rendered":"<section class=\"wpb-content-wrapper\"><p>[vc_row full_width=&#8220;stretch_row&#8220; bg_type=&#8220;bg_color&#8220; seperator_enable=&#8220;seperator_enable_value&#8220; seperator_type=&#8220;curve_up_seperator&#8220; seperator_position=&#8220;bottom_seperator&#8220; seperator_svg_height=&#8220;140&#8243; css=&#8220;.vc_custom_1550134061169{padding-top: 90px !important;padding-bottom: 140px !important;}&#8220; bg_color_value=&#8220;#f4f6f7&#8243;][vc_column][vc_column_text]<\/p>\n<h2> RELAXEN UND DEM K\u00d6RPER ETWAS GUTES TUN <\/h2>\n<p>Poggio all\u2019Agnello m\u00f6chte seinen G\u00e4sten einen unvergesslichen Urlaub erm\u00f6glichen, weshalb sie nur wenige Minuten vom Resort entfernt das Angebot und die Sch\u00f6nheitsbehandlungen des Centro Termale Wellness &#038; SPA genie\u00dfen k\u00f6nnen.<br \/>\nDas Wellnesszentrum ist ein Vertragspartner des Resort, und unsere G\u00e4ste k\u00f6nnen die Vorteile eines Thermalbades zu einem Vorzugspreis nutzen.[\/vc_column_text][\/vc_column][\/vc_row]<\/p>\n<\/section>","protected":false},"excerpt":{"rendered":"<p>[vc_row full_width=&#8220;stretch_row&#8220; bg_type=&#8220;bg_color&#8220; seperator_enable=&#8220;seperator_enable_value&#8220; seperator_type=&#8220;curve_up_seperator&#8220; seperator_position=&#8220;bottom_seperator&#8220; seperator_svg_height=&#8220;140&#8243; css=&#8220;.vc_custom_1550134061169{padding-top: 90px !important;padding-bottom: 140px !important;}&#8220; bg_color_value=&#8220;#f4f6f7&#8243;][vc_column][vc_column_text] RELAXEN UND DEM K\u00d6RPER ETWAS GUTES TUN Poggio all\u2019Agnello m\u00f6chte seinen G\u00e4sten einen unvergesslichen Urlaub erm\u00f6glichen, weshalb sie nur wenige Minuten vom Resort entfernt das Angebot und die Sch\u00f6nheitsbehandlungen des Centro Termale Wellness &#038; SPA genie\u00dfen k\u00f6nnen. Das Wellnesszentrum ist ein Vertragspartner&hellip;<\/p>\n","protected":false},"author":6,"featured_media":0,"parent":3725,"menu_order":0,"comment_status":"closed","ping_status":"closed","template":"","meta":[],"tags":[],"yoast_head":"<!-- This site is optimized with the Yoast SEO plugin v21.1 - https:\/\/yoast.com\/wordpress\/plugins\/seo\/ -->\n<title>WELLNESS-URLAUB | Poggio all&#039;Agnello<\/title>\n<meta name=\"robots\" content=\"index, follow, max-snippet:-1, max-image-preview:large, max-video-preview:-1\" \/>\n<link rel=\"canonical\" href=\"https:\/\/www.poggioallagnello.it\/de\/leistungen\/wellnesszentrum-toskana-resort\/\" \/>\n<meta property=\"og:locale\" content=\"de_DE\" \/>\n<meta property=\"og:type\" content=\"article\" \/>\n<meta property=\"og:title\" content=\"WELLNESS-URLAUB | Poggio all&#039;Agnello\" \/>\n<meta property=\"og:description\" content=\"[vc_row full_width=&#8220;stretch_row&#8220; bg_type=&#8220;bg_color&#8220; seperator_enable=&#8220;seperator_enable_value&#8220; seperator_type=&#8220;curve_up_seperator&#8220; seperator_position=&#8220;bottom_seperator&#8220; seperator_svg_height=&#8220;140&#8243; css=&#8220;.vc_custom_1550134061169{padding-top: 90px !important;padding-bottom: 140px !important;}&#8220; bg_color_value=&#8220;#f4f6f7&#8243;][vc_column][vc_column_text] RELAXEN UND DEM K\u00d6RPER ETWAS GUTES TUN Poggio all\u2019Agnello m\u00f6chte seinen G\u00e4sten einen unvergesslichen Urlaub erm\u00f6glichen, weshalb sie nur wenige Minuten vom Resort entfernt das Angebot und die Sch\u00f6nheitsbehandlungen des Centro Termale Wellness &#038; SPA genie\u00dfen k\u00f6nnen. Das Wellnesszentrum ist ein Vertragspartner&hellip;\" \/>\n<meta property=\"og:url\" content=\"https:\/\/www.poggioallagnello.it\/de\/leistungen\/wellnesszentrum-toskana-resort\/\" \/>\n<meta property=\"og:site_name\" content=\"Poggio all&#039;Agnello\" \/>\n<meta property=\"article:publisher\" content=\"https:\/\/www.facebook.com\/poggioallagnelloresort\/\" \/>\n<meta property=\"article:modified_time\" content=\"2019-06-13T07:18:56+00:00\" \/>\n<meta name=\"twitter:card\" content=\"summary_large_image\" \/>\n<meta name=\"twitter:site\" content=\"@poggioagnello\" \/>\n<meta name=\"twitter:label1\" content=\"Gesch\u00e4tzte Lesezeit\" \/>\n\t<meta name=\"twitter:data1\" content=\"1\u00a0Minute\" \/>\n<script type=\"application\/ld+json\" class=\"yoast-schema-graph\">{\"@context\":\"https:\/\/schema.org\",\"@graph\":[{\"@type\":\"WebPage\",\"@id\":\"https:\/\/www.poggioallagnello.it\/de\/leistungen\/wellnesszentrum-toskana-resort\/\",\"url\":\"https:\/\/www.poggioallagnello.it\/de\/leistungen\/wellnesszentrum-toskana-resort\/\",\"name\":\"WELLNESS-URLAUB | Poggio all&#039;Agnello\",\"isPartOf\":{\"@id\":\"https:\/\/www.poggioallagnello.it\/#website\"},\"datePublished\":\"2019-02-08T10:58:55+00:00\",\"dateModified\":\"2019-06-13T07:18:56+00:00\",\"breadcrumb\":{\"@id\":\"https:\/\/www.poggioallagnello.it\/de\/leistungen\/wellnesszentrum-toskana-resort\/#breadcrumb\"},\"inLanguage\":\"de\",\"potentialAction\":[{\"@type\":\"ReadAction\",\"target\":[\"https:\/\/www.poggioallagnello.it\/de\/leistungen\/wellnesszentrum-toskana-resort\/\"]}]},{\"@type\":\"BreadcrumbList\",\"@id\":\"https:\/\/www.poggioallagnello.it\/de\/leistungen\/wellnesszentrum-toskana-resort\/#breadcrumb\",\"itemListElement\":[{\"@type\":\"ListItem\",\"position\":1,\"name\":\"Home\",\"item\":\"https:\/\/www.poggioallagnello.it\/de\/\"},{\"@type\":\"ListItem\",\"position\":2,\"name\":\"SERVICELEISTUNGEN\",\"item\":\"https:\/\/www.poggioallagnello.it\/de\/leistungen\/\"},{\"@type\":\"ListItem\",\"position\":3,\"name\":\"WELLNESS-URLAUB\"}]},{\"@type\":\"WebSite\",\"@id\":\"https:\/\/www.poggioallagnello.it\/#website\",\"url\":\"https:\/\/www.poggioallagnello.it\/\",\"name\":\"Poggio all&#039;Agnello\",\"description\":\"Sport &amp; Active Holidays\",\"publisher\":{\"@id\":\"https:\/\/www.poggioallagnello.it\/#organization\"},\"potentialAction\":[{\"@type\":\"SearchAction\",\"target\":{\"@type\":\"EntryPoint\",\"urlTemplate\":\"https:\/\/www.poggioallagnello.it\/?s={search_term_string}\"},\"query-input\":\"required name=search_term_string\"}],\"inLanguage\":\"de\"},{\"@type\":\"Organization\",\"@id\":\"https:\/\/www.poggioallagnello.it\/#organization\",\"name\":\"Poggio all'Agnello\",\"url\":\"https:\/\/www.poggioallagnello.it\/\",\"logo\":{\"@type\":\"ImageObject\",\"inLanguage\":\"de\",\"@id\":\"https:\/\/www.poggioallagnello.it\/#\/schema\/logo\/image\/\",\"url\":\"https:\/\/www.poggioallagnello.it\/wp-content\/uploads\/2019\/02\/poggioallagnello-logo-retina-1.png\",\"contentUrl\":\"https:\/\/www.poggioallagnello.it\/wp-content\/uploads\/2019\/02\/poggioallagnello-logo-retina-1.png\",\"width\":407,\"height\":150,\"caption\":\"Poggio all'Agnello\"},\"image\":{\"@id\":\"https:\/\/www.poggioallagnello.it\/#\/schema\/logo\/image\/\"},\"sameAs\":[\"https:\/\/www.facebook.com\/poggioallagnelloresort\/\",\"https:\/\/twitter.com\/poggioagnello\",\"https:\/\/www.instagram.com\/poggioallagnello\/\"]}]}<\/script>\n<!-- \/ Yoast SEO plugin. -->","yoast_head_json":{"title":"WELLNESS-URLAUB | Poggio all&#039;Agnello","robots":{"index":"index","follow":"follow","max-snippet":"max-snippet:-1","max-image-preview":"max-image-preview:large","max-video-preview":"max-video-preview:-1"},"canonical":"https:\/\/www.poggioallagnello.it\/de\/leistungen\/wellnesszentrum-toskana-resort\/","og_locale":"de_DE","og_type":"article","og_title":"WELLNESS-URLAUB | Poggio all&#039;Agnello","og_description":"[vc_row full_width=&#8220;stretch_row&#8220; bg_type=&#8220;bg_color&#8220; seperator_enable=&#8220;seperator_enable_value&#8220; seperator_type=&#8220;curve_up_seperator&#8220; seperator_position=&#8220;bottom_seperator&#8220; seperator_svg_height=&#8220;140&#8243; css=&#8220;.vc_custom_1550134061169{padding-top: 90px !important;padding-bottom: 140px !important;}&#8220; bg_color_value=&#8220;#f4f6f7&#8243;][vc_column][vc_column_text] RELAXEN UND DEM K\u00d6RPER ETWAS GUTES TUN Poggio all\u2019Agnello m\u00f6chte seinen G\u00e4sten einen unvergesslichen Urlaub erm\u00f6glichen, weshalb sie nur wenige Minuten vom Resort entfernt das Angebot und die Sch\u00f6nheitsbehandlungen des Centro Termale Wellness &#038; SPA genie\u00dfen k\u00f6nnen. Das Wellnesszentrum ist ein Vertragspartner&hellip;","og_url":"https:\/\/www.poggioallagnello.it\/de\/leistungen\/wellnesszentrum-toskana-resort\/","og_site_name":"Poggio all&#039;Agnello","article_publisher":"https:\/\/www.facebook.com\/poggioallagnelloresort\/","article_modified_time":"2019-06-13T07:18:56+00:00","twitter_card":"summary_large_image","twitter_site":"@poggioagnello","twitter_misc":{"Gesch\u00e4tzte Lesezeit":"1\u00a0Minute"},"schema":{"@context":"https:\/\/schema.org","@graph":[{"@type":"WebPage","@id":"https:\/\/www.poggioallagnello.it\/de\/leistungen\/wellnesszentrum-toskana-resort\/","url":"https:\/\/www.poggioallagnello.it\/de\/leistungen\/wellnesszentrum-toskana-resort\/","name":"WELLNESS-URLAUB | Poggio all&#039;Agnello","isPartOf":{"@id":"https:\/\/www.poggioallagnello.it\/#website"},"datePublished":"2019-02-08T10:58:55+00:00","dateModified":"2019-06-13T07:18:56+00:00","breadcrumb":{"@id":"https:\/\/www.poggioallagnello.it\/de\/leistungen\/wellnesszentrum-toskana-resort\/#breadcrumb"},"inLanguage":"de","potentialAction":[{"@type":"ReadAction","target":["https:\/\/www.poggioallagnello.it\/de\/leistungen\/wellnesszentrum-toskana-resort\/"]}]},{"@type":"BreadcrumbList","@id":"https:\/\/www.poggioallagnello.it\/de\/leistungen\/wellnesszentrum-toskana-resort\/#breadcrumb","itemListElement":[{"@type":"ListItem","position":1,"name":"Home","item":"https:\/\/www.poggioallagnello.it\/de\/"},{"@type":"ListItem","position":2,"name":"SERVICELEISTUNGEN","item":"https:\/\/www.poggioallagnello.it\/de\/leistungen\/"},{"@type":"ListItem","position":3,"name":"WELLNESS-URLAUB"}]},{"@type":"WebSite","@id":"https:\/\/www.poggioallagnello.it\/#website","url":"https:\/\/www.poggioallagnello.it\/","name":"Poggio all&#039;Agnello","description":"Sport &amp; Active Holidays","publisher":{"@id":"https:\/\/www.poggioallagnello.it\/#organization"},"potentialAction":[{"@type":"SearchAction","target":{"@type":"EntryPoint","urlTemplate":"https:\/\/www.poggioallagnello.it\/?s={search_term_string}"},"query-input":"required name=search_term_string"}],"inLanguage":"de"},{"@type":"Organization","@id":"https:\/\/www.poggioallagnello.it\/#organization","name":"Poggio all'Agnello","url":"https:\/\/www.poggioallagnello.it\/","logo":{"@type":"ImageObject","inLanguage":"de","@id":"https:\/\/www.poggioallagnello.it\/#\/schema\/logo\/image\/","url":"https:\/\/www.poggioallagnello.it\/wp-content\/uploads\/2019\/02\/poggioallagnello-logo-retina-1.png","contentUrl":"https:\/\/www.poggioallagnello.it\/wp-content\/uploads\/2019\/02\/poggioallagnello-logo-retina-1.png","width":407,"height":150,"caption":"Poggio all'Agnello"},"image":{"@id":"https:\/\/www.poggioallagnello.it\/#\/schema\/logo\/image\/"},"sameAs":["https:\/\/www.facebook.com\/poggioallagnelloresort\/","https:\/\/twitter.com\/poggioagnello","https:\/\/www.instagram.com\/poggioallagnello\/"]}]}},"_links":{"self":[{"href":"https:\/\/www.poggioallagnello.it\/de\/wp-json\/wp\/v2\/pages\/3748"}],"collection":[{"href":"https:\/\/www.poggioallagnello.it\/de\/wp-json\/wp\/v2\/pages"}],"about":[{"href":"https:\/\/www.poggioallagnello.it\/de\/wp-json\/wp\/v2\/types\/page"}],"author":[{"embeddable":true,"href":"https:\/\/www.poggioallagnello.it\/de\/wp-json\/wp\/v2\/users\/6"}],"replies":[{"embeddable":true,"href":"https:\/\/www.poggioallagnello.it\/de\/wp-json\/wp\/v2\/comments?post=3748"}],"version-history":[{"count":4,"href":"https:\/\/www.poggioallagnello.it\/de\/wp-json\/wp\/v2\/pages\/3748\/revisions"}],"predecessor-version":[{"id":4173,"href":"https:\/\/www.poggioallagnello.it\/de\/wp-json\/wp\/v2\/pages\/3748\/revisions\/4173"}],"up":[{"embeddable":true,"href":"https:\/\/www.poggioallagnello.it\/de\/wp-json\/wp\/v2\/pages\/3725"}],"wp:attachment":[{"href":"https:\/\/www.poggioallagnello.it\/de\/wp-json\/wp\/v2\/media?parent=3748"}],"wp:term":[{"taxonomy":"post_tag","embeddable":true,"href":"https:\/\/www.poggioallagnello.it\/de\/wp-json\/wp\/v2\/tags?post=3748"}],"curies":[{"name":"wp","href":"https:\/\/api.w.org\/{rel}","templated":true}]}}