{"id":3751,"date":"2019-02-08T11:09:40","date_gmt":"2019-02-08T10:09:40","guid":{"rendered":"https:\/\/demo.poggioallagnello.it\/sport\/"},"modified":"2023-11-27T12:45:58","modified_gmt":"2023-11-27T11:45:58","slug":"sport-resort-toskana-meer","status":"publish","type":"page","link":"https:\/\/www.poggioallagnello.it\/de\/sport-resort-toskana-meer\/","title":{"rendered":"Sport"},"content":{"rendered":"<section class=\"wpb-content-wrapper\"><p>[vc_row full_width=&#8220;stretch_row&#8220; bg_type=&#8220;bg_color&#8220; seperator_enable=&#8220;seperator_enable_value&#8220; seperator_type=&#8220;curve_down_seperator&#8220; seperator_position=&#8220;bottom_seperator&#8220; seperator_svg_height=&#8220;120&#8243; seperator_shape_background=&#8220;#ffffff&#8220; css=&#8220;.vc_custom_1556013215587{padding-top: 90px !important;padding-bottom: 140px !important;}&#8220; bg_color_value=&#8220;#f4f6f7&#8243;][vc_column][vc_column_text css_animation=&#8220;fadeInDown&#8220; css=&#8220;.vc_custom_1639138969971{margin-top: 20px !important;margin-bottom: 40px !important;}&#8220;]<\/p>\n<h4>SPORT RESORT TOSKANA MEER<\/h4>\n<p>Das Poggio all\u2019Agnello ist die ideale L\u00f6sung f\u00fcr alle, die im Urlaub gerne aktiv sein wollen und ein g\u00e4nzlich neues und originelles Erlebnis m\u00f6gen: Entdecken Sie die Toskana und kombinieren Sie Sport, Meer und Kultur mit einer komfortablen Unterbringung, die perfekt f\u00fcr <strong>Familien mit Kindern<\/strong>, kleinere Reise- und <strong>Sportgruppen<\/strong> sowie f\u00fcr Unternehmen geeignet ist.<\/p>\n<p>Unsere G\u00e4ste k\u00f6nnen sich im Freien sportlich bet\u00e4tigen und in unseren Schwimmbecken <strong>schwimmen<\/strong>, <strong>Tennis<\/strong> oder <strong>Kleinfu\u00dfball<\/strong> spielen oder auf den <strong>Radwegen<\/strong>, <strong>Pump-Tracks<\/strong> oder Laufstrecken trainieren.<\/p>\n<p>Da das Resort ganz in der N\u00e4he des Meeres gelegen ist, bieten sich auch Wassersportarten wie Tauchen und Schnorcheln an.<\/p>\n<p><strong>Poggio all\u2019Agnello<\/strong> ist das ideale Ziel f\u00fcr einen unterhaltsamen und vielseitigen <strong>Aktivurlaub<\/strong>. Entscheiden Sie sich f\u00fcr unser Resort und erleben Sie einen <strong>sportiven Urlaub<\/strong> inmitten der unber\u00fchrten <strong>Natur<\/strong> am <strong>Meer<\/strong> der <strong>Toskana Etruskerk\u00fcste<\/strong>.[\/vc_column_text][\/vc_column][\/vc_row][vc_row full_width=&#8220;stretch_row&#8220; bg_type=&#8220;image&#8220; parallax_style=&#8220;vcpb-vz-jquery&#8220; bg_image_new=&#8220;id^5364|url^https:\/\/www.poggioallagnello.it\/wp-content\/uploads\/2019\/10\/Poggio-vista-aerea.jpg|caption^null|alt^null|title^Poggio-vista-aerea|description^null&#8220; bg_image_repeat=&#8220;no-repeat&#8220; enable_overlay=&#8220;enable_overlay_value&#8220; overlay_color=&#8220;rgba(10,0,0,0.1)&#8220; css=&#8220;.vc_custom_1594105720329{padding-top: 70px !important;padding-bottom: 70px !important;}&#8220;][vc_column][vc_empty_space][vc_column_text css_animation=&#8220;fadeInDown&#8220; css=&#8220;.vc_custom_1668179158064{padding-bottom: 40px !important;}&#8220;]<\/p>\n<h3 style=\"text-align: center;\"><span style=\"color: #ffffff;\">Buchen Sie Ihren Sporturlaub in der Toskana<\/span><\/h3>\n<p style=\"text-align: center;\"><span style=\"color: #ffffff;\">Die geografische Lage dieses Resorts macht es leicht mit dem Auto, dem Zug und dem Flugzeug zu erreichen. Die nat\u00fcrliche Umgebung, die es umgibt, ist gro\u00dfartig: vom <strong>K\u00fcstenpark von Rimigliano <\/strong> bis zu den Pinienw\u00e4ldern und Str\u00e4nden des <strong>Golf von Baratti <\/strong>.Die internen Sportanlagen machen es zum <strong> Struktur. Ideal f\u00fcr viele sportliche Aktivit\u00e4ten. <\/strong><\/span><\/p>\n<p>[\/vc_column_text][vc_btn title=&#8220;Kontakte&#8220; color=&#8220;green&#8220; align=&#8220;center&#8220; link=&#8220;url:%23footer&#8220;][vc_empty_space][\/vc_column][\/vc_row][vc_row css=&#8220;.vc_custom_1668097603529{margin-bottom: 32px !important;}&#8220; el_id=&#8220;servizi&#8220;][vc_column][vc_column_text]<\/p>\n<h2 style=\"text-align: center;\">ALLE UNSERE DIENSTLEISTUNGEN<\/h2>\n<p>[\/vc_column_text][vc_column_text]<\/p>\n<p style=\"text-align: center;\">Poggio all&#8217;Agnello Sport &amp; amp; Active Resort ist ein echtes Sportzentrum, in dem jedes Team oder jeder Athlet alles findet, was er f\u00fcr die Durchf\u00fchrung seines Trainingsprogramms ben\u00f6tigt. Fordern Sie ein kostenloses Angebot an und unsere Mitarbeiter senden Ihnen alle Informationen, die Sie ben\u00f6tigen, um Ihren Sporturlaub besser zu organisieren.<\/p>\n<p>[\/vc_column_text][\/vc_column][\/vc_row][vc_row css=&#8220;.vc_custom_1550574890266{margin-bottom: 32px !important;}&#8220;][vc_column width=&#8220;1\/3&#8243;][vc_column_text]<\/p>\n<h3 style=\"text-align: center;\">Ferienwohnung<\/h3>\n<p>[\/vc_column_text][vc_single_image image=&#8220;2151&#8243; img_size=&#8220;full&#8220;][\/vc_column][vc_column width=&#8220;1\/3&#8243;][vc_column_text]<\/p>\n<h3 style=\"text-align: center;\">Restaurant<\/h3>\n<p>[\/vc_column_text][vc_single_image image=&#8220;2816&#8243; img_size=&#8220;full&#8220;][\/vc_column][vc_column width=&#8220;1\/3&#8243;][vc_column_text]<\/p>\n<h3 style=\"text-align: center; font-size: 20px;\">Olympischem Schwimmbecken<\/h3>\n<p>[\/vc_column_text][vc_single_image image=&#8220;14719&#8243; img_size=&#8220;full&#8220;][\/vc_column][\/vc_row][vc_row css=&#8220;.vc_custom_1550574890266{margin-bottom: 32px !important;}&#8220;][vc_column width=&#8220;1\/3&#8243;][vc_column_text]<\/p>\n<h3 style=\"text-align: center;\">Fahrradaufbewahrung<\/h3>\n<p>[\/vc_column_text][vc_single_image image=&#8220;5783&#8243; img_size=&#8220;full&#8220;][\/vc_column][vc_column width=&#8220;1\/3&#8243;][vc_column_text]<\/p>\n<h3 style=\"text-align: center;\">Fitnessstudio<\/h3>\n<p>[\/vc_column_text][vc_single_image image=&#8220;15565&#8243; img_size=&#8220;full&#8220;][\/vc_column][vc_column width=&#8220;1\/3&#8243;][vc_column_text]<\/p>\n<h3 style=\"text-align: center;\">Besprechungsr\u00e4umen<\/h3>\n<p>[\/vc_column_text][vc_single_image image=&#8220;3414&#8243; img_size=&#8220;full&#8220;][\/vc_column][\/vc_row][vc_row css=&#8220;.vc_custom_1550574890266{margin-bottom: 32px !important;}&#8220;][vc_column width=&#8220;1\/3&#8243;][vc_column_text]<\/p>\n<h3 style=\"text-align: center;\">Parkplatz und Shuttlebus<\/h3>\n<p>[\/vc_column_text][vc_single_image image=&#8220;15553&#8243; img_size=&#8220;full&#8220;][\/vc_column][vc_column width=&#8220;1\/3&#8243;][vc_column_text]<\/p>\n<h3 style=\"text-align: center;\">Gr\u00fcnanlage<\/h3>\n<p>[\/vc_column_text][vc_single_image image=&#8220;2932&#8243; img_size=&#8220;full&#8220;][\/vc_column][vc_column width=&#8220;1\/3&#8243;][vc_column_text]<\/p>\n<h3 style=\"text-align: center;\">Fitnesspfad im Freien<\/h3>\n<p>[\/vc_column_text][vc_single_image image=&#8220;15574&#8243; img_size=&#8220;full&#8220;][\/vc_column][\/vc_row][vc_row][vc_column][vc_column_text]<\/p>\n<h2 style=\"text-align: center;\">Fitnessstudio<\/h2>\n<p>[\/vc_column_text]<div id=\"ultimate-video-54469dee723240a4\" class=\"ult-video  ult-adjust-bottom-margin ultimate-video-54469dee723240a4 ultv-7740 \"><div class=\"ultv-video ultv-aspect-ratio-16_9 ultv-subscribe-responsive-none\" data-videotype=\"uv_iframe\">\n\t\t\t\t\t\t<div class=\"ultv-video__outer-wrap\" data-autoplay=\"0\" data-device=\"false\"  data-iconbg=\"#3A3A3A\" data-overcolor=\"\" data-defaultbg=\"#1f1f1e\" data-defaultplay=\"defaulticon\"><div class=\"ultv-video__play\" data-src=\"https:\/\/www.youtube.com\/embed\/e_k9dqB4TGQ?rel=0&amp;start&amp;end&amp;controls=1&amp;mute=0&amp;modestbranding=0&amp;autoplay=1\">\n\t\t\t\t\t\t\t\t<img class=\"ultv-video__thumb\" src=\"https:\/\/i.ytimg.com\/vi\/e_k9dqB4TGQ\/maxresdefault.jpg\"\/>\n\t\t\t\t\t\t\t\t<div class=\"ultv-video__play-icon  ultv-animation-none\" style=\"width:75px\"><svg height=\"100%\" version=\"1.1\" viewBox=\"0 0 68 48\" width=\"100%\"><path class=\"ultv-youtube-icon-bg\" d=\"m .66,37.62 c 0,0 .66,4.70 2.70,6.77 2.58,2.71 5.98,2.63 7.49,2.91 5.43,.52 23.10,.68 23.12,.68 .00,-1.3e-5 14.29,-0.02 23.81,-0.71 1.32,-0.15 4.22,-0.17 6.81,-2.89 2.03,-2.07 2.70,-6.77 2.70,-6.77 0,0 .67,-5.52 .67,-11.04 l 0,-5.17 c 0,-5.52 -0.67,-11.04 -0.67,-11.04 0,0 -0.66,-4.70 -2.70,-6.77 C 62.03,.86 59.13,.84 57.80,.69 48.28,0 34.00,0 34.00,0 33.97,0 19.69,0 10.18,.69 8.85,.84 5.95,.86 3.36,3.58 1.32,5.65 .66,10.35 .66,10.35 c 0,0 -0.55,4.50 -0.66,9.45 l 0,8.36 c .10,4.94 .66,9.45 .66,9.45 z\" fill=\"#1f1f1e\" ><\/path><path d=\"m 26.96,13.67 18.37,9.62 -18.37,9.55 -0.00,-19.17 z\" fill=\"#fff\"><\/path><path d=\"M 45.02,23.46 45.32,23.28 26.96,13.67 43.32,22.34 45.02,23.46 z\" fill=\"#ccc\"><\/path><\/svg><\/div> <\/div> <\/div><\/div><\/div>[\/vc_column][\/vc_row][vc_row][vc_column][vc_column_text]<\/p>\n<h2 style=\"text-align: center;\">Sportliche Aktivit\u00e4ten<\/h2>\n<p>[\/vc_column_text][vc_basic_grid post_type=&#8220;page&#8220; max_items=&#8220;10&#8243; element_width=&#8220;3&#8243; gap=&#8220;15&#8243; order=&#8220;ASC&#8220; grid_id=&#8220;vc_gid:1701085527513-b0386ad2-2b86-0&#8243; taxonomies=&#8220;105, 105, 128&#8243; exclude=&#8220;3770, 3681, 3599, 1489&#8243;][\/vc_column][\/vc_row]<\/p>\n<\/section>","protected":false},"excerpt":{"rendered":"<p>[vc_row full_width=&#8220;stretch_row&#8220; bg_type=&#8220;bg_color&#8220; seperator_enable=&#8220;seperator_enable_value&#8220; seperator_type=&#8220;curve_down_seperator&#8220; seperator_position=&#8220;bottom_seperator&#8220; seperator_svg_height=&#8220;120&#8243; seperator_shape_background=&#8220;#ffffff&#8220; css=&#8220;.vc_custom_1556013215587{padding-top: 90px !important;padding-bottom: 140px !important;}&#8220; bg_color_value=&#8220;#f4f6f7&#8243;][vc_column][vc_column_text css_animation=&#8220;fadeInDown&#8220; css=&#8220;.vc_custom_1639138969971{margin-top: 20px !important;margin-bottom: 40px !important;}&#8220;] SPORT RESORT TOSKANA MEER Das Poggio all\u2019Agnello ist die ideale L\u00f6sung f\u00fcr alle, die im Urlaub gerne aktiv sein wollen und ein g\u00e4nzlich neues und originelles Erlebnis m\u00f6gen: Entdecken Sie die Toskana und kombinieren Sie&hellip;<\/p>\n","protected":false},"author":6,"featured_media":0,"parent":0,"menu_order":0,"comment_status":"closed","ping_status":"closed","template":"","meta":[],"tags":[],"yoast_head":"<!-- This site is optimized with the Yoast SEO plugin v21.1 - https:\/\/yoast.com\/wordpress\/plugins\/seo\/ -->\n<title>Sport Resort Toskana Meer Italien | Poggio all&#039;Agnello<\/title>\n<meta name=\"description\" content=\"Angebote f\u00fcr Sporthotels in Italien Toskana Meer. Poggio all&#039;Agnello Resort Sport Urlaub in der Toskana: Wohnungen, Sportanlagen, Schwimmb\u00e4der\" \/>\n<meta name=\"robots\" content=\"index, follow, max-snippet:-1, max-image-preview:large, max-video-preview:-1\" \/>\n<link rel=\"canonical\" href=\"https:\/\/www.poggioallagnello.it\/de\/sport-resort-toskana-meer\/\" \/>\n<meta property=\"og:locale\" content=\"de_DE\" \/>\n<meta property=\"og:type\" content=\"article\" \/>\n<meta property=\"og:title\" content=\"Sport Resort Toskana Meer Italien | Poggio all&#039;Agnello\" \/>\n<meta property=\"og:description\" content=\"Angebote f\u00fcr Sporthotels in Italien Toskana Meer. Poggio all&#039;Agnello Resort Sport Urlaub in der Toskana: Wohnungen, Sportanlagen, Schwimmb\u00e4der\" \/>\n<meta property=\"og:url\" content=\"https:\/\/www.poggioallagnello.it\/de\/sport-resort-toskana-meer\/\" \/>\n<meta property=\"og:site_name\" content=\"Poggio all&#039;Agnello\" \/>\n<meta property=\"article:publisher\" content=\"https:\/\/www.facebook.com\/poggioallagnelloresort\/\" \/>\n<meta property=\"article:modified_time\" content=\"2023-11-27T11:45:58+00:00\" \/>\n<meta name=\"twitter:card\" content=\"summary_large_image\" \/>\n<meta name=\"twitter:site\" content=\"@poggioagnello\" \/>\n<meta name=\"twitter:label1\" content=\"Gesch\u00e4tzte Lesezeit\" \/>\n\t<meta name=\"twitter:data1\" content=\"3\u00a0Minuten\" \/>\n<script type=\"application\/ld+json\" class=\"yoast-schema-graph\">{\"@context\":\"https:\/\/schema.org\",\"@graph\":[{\"@type\":\"WebPage\",\"@id\":\"https:\/\/www.poggioallagnello.it\/de\/sport-resort-toskana-meer\/\",\"url\":\"https:\/\/www.poggioallagnello.it\/de\/sport-resort-toskana-meer\/\",\"name\":\"Sport Resort Toskana Meer Italien | Poggio all&#039;Agnello\",\"isPartOf\":{\"@id\":\"https:\/\/www.poggioallagnello.it\/#website\"},\"datePublished\":\"2019-02-08T10:09:40+00:00\",\"dateModified\":\"2023-11-27T11:45:58+00:00\",\"description\":\"Angebote f\u00fcr Sporthotels in Italien Toskana Meer. Poggio all'Agnello Resort Sport Urlaub in der Toskana: Wohnungen, Sportanlagen, Schwimmb\u00e4der\",\"breadcrumb\":{\"@id\":\"https:\/\/www.poggioallagnello.it\/de\/sport-resort-toskana-meer\/#breadcrumb\"},\"inLanguage\":\"de\",\"potentialAction\":[{\"@type\":\"ReadAction\",\"target\":[\"https:\/\/www.poggioallagnello.it\/de\/sport-resort-toskana-meer\/\"]}]},{\"@type\":\"BreadcrumbList\",\"@id\":\"https:\/\/www.poggioallagnello.it\/de\/sport-resort-toskana-meer\/#breadcrumb\",\"itemListElement\":[{\"@type\":\"ListItem\",\"position\":1,\"name\":\"Home\",\"item\":\"https:\/\/www.poggioallagnello.it\/de\/\"},{\"@type\":\"ListItem\",\"position\":2,\"name\":\"Sport\"}]},{\"@type\":\"WebSite\",\"@id\":\"https:\/\/www.poggioallagnello.it\/#website\",\"url\":\"https:\/\/www.poggioallagnello.it\/\",\"name\":\"Poggio all&#039;Agnello\",\"description\":\"Sport &amp; Active Holidays\",\"publisher\":{\"@id\":\"https:\/\/www.poggioallagnello.it\/#organization\"},\"potentialAction\":[{\"@type\":\"SearchAction\",\"target\":{\"@type\":\"EntryPoint\",\"urlTemplate\":\"https:\/\/www.poggioallagnello.it\/?s={search_term_string}\"},\"query-input\":\"required name=search_term_string\"}],\"inLanguage\":\"de\"},{\"@type\":\"Organization\",\"@id\":\"https:\/\/www.poggioallagnello.it\/#organization\",\"name\":\"Poggio all'Agnello\",\"url\":\"https:\/\/www.poggioallagnello.it\/\",\"logo\":{\"@type\":\"ImageObject\",\"inLanguage\":\"de\",\"@id\":\"https:\/\/www.poggioallagnello.it\/#\/schema\/logo\/image\/\",\"url\":\"https:\/\/www.poggioallagnello.it\/wp-content\/uploads\/2019\/02\/poggioallagnello-logo-retina-1.png\",\"contentUrl\":\"https:\/\/www.poggioallagnello.it\/wp-content\/uploads\/2019\/02\/poggioallagnello-logo-retina-1.png\",\"width\":407,\"height\":150,\"caption\":\"Poggio all'Agnello\"},\"image\":{\"@id\":\"https:\/\/www.poggioallagnello.it\/#\/schema\/logo\/image\/\"},\"sameAs\":[\"https:\/\/www.facebook.com\/poggioallagnelloresort\/\",\"https:\/\/twitter.com\/poggioagnello\",\"https:\/\/www.instagram.com\/poggioallagnello\/\"]}]}<\/script>\n<!-- \/ Yoast SEO plugin. -->","yoast_head_json":{"title":"Sport Resort Toskana Meer Italien | Poggio all&#039;Agnello","description":"Angebote f\u00fcr Sporthotels in Italien Toskana Meer. Poggio all'Agnello Resort Sport Urlaub in der Toskana: Wohnungen, Sportanlagen, Schwimmb\u00e4der","robots":{"index":"index","follow":"follow","max-snippet":"max-snippet:-1","max-image-preview":"max-image-preview:large","max-video-preview":"max-video-preview:-1"},"canonical":"https:\/\/www.poggioallagnello.it\/de\/sport-resort-toskana-meer\/","og_locale":"de_DE","og_type":"article","og_title":"Sport Resort Toskana Meer Italien | Poggio all&#039;Agnello","og_description":"Angebote f\u00fcr Sporthotels in Italien Toskana Meer. Poggio all'Agnello Resort Sport Urlaub in der Toskana: Wohnungen, Sportanlagen, Schwimmb\u00e4der","og_url":"https:\/\/www.poggioallagnello.it\/de\/sport-resort-toskana-meer\/","og_site_name":"Poggio all&#039;Agnello","article_publisher":"https:\/\/www.facebook.com\/poggioallagnelloresort\/","article_modified_time":"2023-11-27T11:45:58+00:00","twitter_card":"summary_large_image","twitter_site":"@poggioagnello","twitter_misc":{"Gesch\u00e4tzte Lesezeit":"3\u00a0Minuten"},"schema":{"@context":"https:\/\/schema.org","@graph":[{"@type":"WebPage","@id":"https:\/\/www.poggioallagnello.it\/de\/sport-resort-toskana-meer\/","url":"https:\/\/www.poggioallagnello.it\/de\/sport-resort-toskana-meer\/","name":"Sport Resort Toskana Meer Italien | Poggio all&#039;Agnello","isPartOf":{"@id":"https:\/\/www.poggioallagnello.it\/#website"},"datePublished":"2019-02-08T10:09:40+00:00","dateModified":"2023-11-27T11:45:58+00:00","description":"Angebote f\u00fcr Sporthotels in Italien Toskana Meer. Poggio all'Agnello Resort Sport Urlaub in der Toskana: Wohnungen, Sportanlagen, Schwimmb\u00e4der","breadcrumb":{"@id":"https:\/\/www.poggioallagnello.it\/de\/sport-resort-toskana-meer\/#breadcrumb"},"inLanguage":"de","potentialAction":[{"@type":"ReadAction","target":["https:\/\/www.poggioallagnello.it\/de\/sport-resort-toskana-meer\/"]}]},{"@type":"BreadcrumbList","@id":"https:\/\/www.poggioallagnello.it\/de\/sport-resort-toskana-meer\/#breadcrumb","itemListElement":[{"@type":"ListItem","position":1,"name":"Home","item":"https:\/\/www.poggioallagnello.it\/de\/"},{"@type":"ListItem","position":2,"name":"Sport"}]},{"@type":"WebSite","@id":"https:\/\/www.poggioallagnello.it\/#website","url":"https:\/\/www.poggioallagnello.it\/","name":"Poggio all&#039;Agnello","description":"Sport &amp; Active Holidays","publisher":{"@id":"https:\/\/www.poggioallagnello.it\/#organization"},"potentialAction":[{"@type":"SearchAction","target":{"@type":"EntryPoint","urlTemplate":"https:\/\/www.poggioallagnello.it\/?s={search_term_string}"},"query-input":"required name=search_term_string"}],"inLanguage":"de"},{"@type":"Organization","@id":"https:\/\/www.poggioallagnello.it\/#organization","name":"Poggio all'Agnello","url":"https:\/\/www.poggioallagnello.it\/","logo":{"@type":"ImageObject","inLanguage":"de","@id":"https:\/\/www.poggioallagnello.it\/#\/schema\/logo\/image\/","url":"https:\/\/www.poggioallagnello.it\/wp-content\/uploads\/2019\/02\/poggioallagnello-logo-retina-1.png","contentUrl":"https:\/\/www.poggioallagnello.it\/wp-content\/uploads\/2019\/02\/poggioallagnello-logo-retina-1.png","width":407,"height":150,"caption":"Poggio all'Agnello"},"image":{"@id":"https:\/\/www.poggioallagnello.it\/#\/schema\/logo\/image\/"},"sameAs":["https:\/\/www.facebook.com\/poggioallagnelloresort\/","https:\/\/twitter.com\/poggioagnello","https:\/\/www.instagram.com\/poggioallagnello\/"]}]}},"_links":{"self":[{"href":"https:\/\/www.poggioallagnello.it\/de\/wp-json\/wp\/v2\/pages\/3751"}],"collection":[{"href":"https:\/\/www.poggioallagnello.it\/de\/wp-json\/wp\/v2\/pages"}],"about":[{"href":"https:\/\/www.poggioallagnello.it\/de\/wp-json\/wp\/v2\/types\/page"}],"author":[{"embeddable":true,"href":"https:\/\/www.poggioallagnello.it\/de\/wp-json\/wp\/v2\/users\/6"}],"replies":[{"embeddable":true,"href":"https:\/\/www.poggioallagnello.it\/de\/wp-json\/wp\/v2\/comments?post=3751"}],"version-history":[{"count":6,"href":"https:\/\/www.poggioallagnello.it\/de\/wp-json\/wp\/v2\/pages\/3751\/revisions"}],"predecessor-version":[{"id":16203,"href":"https:\/\/www.poggioallagnello.it\/de\/wp-json\/wp\/v2\/pages\/3751\/revisions\/16203"}],"wp:attachment":[{"href":"https:\/\/www.poggioallagnello.it\/de\/wp-json\/wp\/v2\/media?parent=3751"}],"wp:term":[{"taxonomy":"post_tag","embeddable":true,"href":"https:\/\/www.poggioallagnello.it\/de\/wp-json\/wp\/v2\/tags?post=3751"}],"curies":[{"name":"wp","href":"https:\/\/api.w.org\/{rel}","templated":true}]}}