{"id":3766,"date":"2019-02-08T11:10:09","date_gmt":"2019-02-08T10:10:09","guid":{"rendered":"https:\/\/demo.poggioallagnello.it\/sport\/tennis-campi-toscana\/"},"modified":"2023-11-27T14:04:44","modified_gmt":"2023-11-27T13:04:44","slug":"tennis-in-der-toskana","status":"publish","type":"page","link":"https:\/\/www.poggioallagnello.it\/de\/sport-resort-toskana-meer\/tennis-in-der-toskana\/","title":{"rendered":"Tennis"},"content":{"rendered":"<section class=\"wpb-content-wrapper\"><p>[vc_row full_width=&#8220;stretch_row&#8220; bg_type=&#8220;bg_color&#8220; seperator_enable=&#8220;seperator_enable_value&#8220; seperator_type=&#8220;curve_up_seperator&#8220; seperator_position=&#8220;bottom_seperator&#8220; seperator_svg_height=&#8220;140&#8243; css=&#8220;.vc_custom_1550142215862{padding-top: 90px !important;padding-bottom: 140px !important;}&#8220; bg_color_value=&#8220;#f4f6f7&#8243;][vc_column][vc_column_text]<\/p>\n<h2>4 TENNISPL\u00c4TZE ZU IHRER VERF\u00dcGUNG<\/h2>\n<h3>F\u00dcR EINEN URLAUB MIT VIEL SPORT<\/h3>\n<p>Wenn Sie gerne Tennis spielen, dann haben Sie im Poggio all\u2019Agnello vier Pl\u00e4tze zur Auswahl, von denen zwei Play-It-Tennispl\u00e4tze sind und zwei einen Kunstrasen haben.<br \/>\nUnsere Tennispl\u00e4tze stehen allen G\u00e4sten, Kindern, Jugendlichen, Erwachsenen und Sportgruppen zur Verf\u00fcgung. Es k\u00f6nnen auch Tennisschl\u00e4ger ausgeliehen werden.<br \/>\nUnser Trainer und Tennislehrer Gianni Berni, bietet au\u00dferdem ein \u00dcbungsprogramm f\u00fcr Anf\u00e4nger und Fortgeschrittene an.[\/vc_column_text][\/vc_column][\/vc_row][vc_row][vc_column css_animation=&#8220;fadeInLeft&#8220; width=&#8220;1\/2&#8243;][vc_column_text]<\/p>\n<ul class=\"ul1\">\n<li class=\"li1\"><span class=\"s2\">Spielzeiten mit Tennispartner<\/span><\/li>\n<li class=\"li1\"><span class=\"s2\">Tennisspiele f\u00fcr Kinder<\/span><\/li>\n<li class=\"li1\"><span class=\"s2\">Kurse f\u00fcr kleine Gruppen von Kindern und Erwachsenen<\/span><\/li>\n<\/ul>\n<p>[\/vc_column_text][vc_empty_space][\/vc_column][vc_column css_animation=&#8220;fadeInRight&#8220; width=&#8220;1\/2&#8243;][vc_column_text]<\/p>\n<ul class=\"ul1\">\n<li class=\"li1\"><span class=\"s2\">Individuelle Programme zur \u00dcbung und Vertiefung f\u00fcr Jugendliche und Erwachsene<\/span><\/li>\n<li class=\"li1\"><span class=\"s2\">Training f\u00fcr Jugendliche und Erwachsene in jeder Spielstufe.<\/span><\/li>\n<\/ul>\n<p>[\/vc_column_text][vc_empty_space][\/vc_column][\/vc_row][vc_row][vc_column][vc_column_text]<\/p>\n<h5>ALLEN TEILNEHMERN WIRD KOSTENLOS EIN SCHL\u00c4GER ZUR VERF\u00dcGUNG GESTELLT<\/h5>\n<p>[\/vc_column_text][\/vc_column][\/vc_row][vc_row css=&#8220;.vc_custom_1550142918402{padding-top: 32px !important;}&#8220;][vc_column width=&#8220;1\/2&#8243;][vc_column_text]Poggio all\u2019Agnello ist der ideale Ort f\u00fcr Ihre sportlichen \u00dcbungseinheiten, denn zur Verf\u00fcgung stehen:<\/p>\n<ul class=\"ul1\">\n<li class=\"li1\"><span class=\"s2\">2 Tennispl\u00e4tze auf synthetischem Belag<\/span><\/li>\n<li class=\"li1\"><span class=\"s2\">Ein 50 Meter-Schwimmbecken das ab dem 7. Oktober beheizt wird.<\/span><\/li>\n<li class=\"li1\"><span class=\"s2\">Schwimmbecken mit Hydromassage<\/span><\/li>\n<li class=\"li1\"><span class=\"s2\">Laufstrecke auf dem Gel\u00e4nde des Resort<\/span><\/li>\n<li class=\"li1\"><span class=\"s2\">Eigenes Restaurant mit regional typischen Gerichten und auf Anfrage mit Men\u00fcs f\u00fcr Sportler<\/span><\/li>\n<\/ul>\n<p>[\/vc_column_text][\/vc_column][vc_column width=&#8220;1\/2&#8243;][vc_column_text]<\/p>\n<h2>DAS FITNESSSTUDIO<\/h2>\n<h3>ERLEBEN SIE EINEN AKTIVEN URLAUB IN DER TOSKANA<\/h3>\n<p>[\/vc_column_text]<div id=\"ultimate-video-220769f258655a1c9\" class=\"ult-video  ult-adjust-bottom-margin ultimate-video-220769f258655a1c9 ultv-994 \"><div class=\"ultv-video ultv-aspect-ratio-16_9 ultv-subscribe-responsive-none\" data-videotype=\"uv_iframe\">\n\t\t\t\t\t\t<div class=\"ultv-video__outer-wrap\" data-autoplay=\"0\" data-device=\"false\"  data-iconbg=\"#3A3A3A\" data-overcolor=\"\" data-defaultbg=\"#1f1f1e\" data-defaultplay=\"defaulticon\"><div class=\"ultv-video__play\" data-src=\"https:\/\/www.youtube.com\/embed\/e_k9dqB4TGQ?rel=0&amp;start&amp;end&amp;controls=1&amp;mute=0&amp;modestbranding=0&amp;autoplay=1\">\n\t\t\t\t\t\t\t\t<img class=\"ultv-video__thumb\" src=\"https:\/\/i.ytimg.com\/vi\/e_k9dqB4TGQ\/maxresdefault.jpg\"\/>\n\t\t\t\t\t\t\t\t<div class=\"ultv-video__play-icon  ultv-animation-none\" style=\"width:75px\"><svg height=\"100%\" version=\"1.1\" viewBox=\"0 0 68 48\" width=\"100%\"><path class=\"ultv-youtube-icon-bg\" d=\"m .66,37.62 c 0,0 .66,4.70 2.70,6.77 2.58,2.71 5.98,2.63 7.49,2.91 5.43,.52 23.10,.68 23.12,.68 .00,-1.3e-5 14.29,-0.02 23.81,-0.71 1.32,-0.15 4.22,-0.17 6.81,-2.89 2.03,-2.07 2.70,-6.77 2.70,-6.77 0,0 .67,-5.52 .67,-11.04 l 0,-5.17 c 0,-5.52 -0.67,-11.04 -0.67,-11.04 0,0 -0.66,-4.70 -2.70,-6.77 C 62.03,.86 59.13,.84 57.80,.69 48.28,0 34.00,0 34.00,0 33.97,0 19.69,0 10.18,.69 8.85,.84 5.95,.86 3.36,3.58 1.32,5.65 .66,10.35 .66,10.35 c 0,0 -0.55,4.50 -0.66,9.45 l 0,8.36 c .10,4.94 .66,9.45 .66,9.45 z\" fill=\"#1f1f1e\" ><\/path><path d=\"m 26.96,13.67 18.37,9.62 -18.37,9.55 -0.00,-19.17 z\" fill=\"#fff\"><\/path><path d=\"M 45.02,23.46 45.32,23.28 26.96,13.67 43.32,22.34 45.02,23.46 z\" fill=\"#ccc\"><\/path><\/svg><\/div> <\/div> <\/div><\/div><\/div>[\/vc_column][\/vc_row][vc_row css=&#8220;.vc_custom_1667550758624{padding-top: 70px !important;padding-bottom: 70px !important;}&#8220; el_id=&#8220;footer&#8220;][vc_column width=&#8220;1\/2&#8243;][vc_column_text]<\/p>\n<section id=\"custom_html-22\" class=\"widget_text widget widget_custom_html\">\n<div class=\"widget-title\">BUCHEN SIE BEI UNS ES IST BEQUEM!<\/div>\n<div class=\"textwidget custom-html-widget\">\n<ul>\n<li>Bestpreisgarantie Die besten<\/li>\n<li>Stornierungsbedingungen<\/li>\n<li>Ge\u00f6ffnet bis 31.10<\/li>\n<li>beheizte Pools und zug\u00e4ngliche Tagungsr\u00e4ume<\/li>\n<li>Exklusive Angebote<\/li>\n<li>Direkter Kontakt zu unseren<\/li>\n<li>Mitarbeitern Personalisierte Angebote<\/li>\n<\/ul>\n<\/div>\n<\/section>\n<p>[\/vc_column_text][\/vc_column][vc_column width=&#8220;1\/2&#8243; css=&#8220;.vc_custom_1670859262096{background-color: #75adc0 !important;}&#8220;][vc_column_text]<\/p>\n<h2 style=\"text-align: center;\">Sind Sie daran interessiert, eine Gruppenreise zu organisieren? Kontaktiere uns jetzt!<\/h2>\n<p style=\"text-align: center;\">\n<div class=\"wpcf7 no-js\" id=\"wpcf7-f13510-o1\" lang=\"it-IT\" dir=\"ltr\">\n<div class=\"screen-reader-response\"><p role=\"status\" aria-live=\"polite\" aria-atomic=\"true\"><\/p> <ul><\/ul><\/div>\n<form action=\"\/de\/wp-json\/wp\/v2\/pages\/3766#wpcf7-f13510-o1\" method=\"post\" class=\"wpcf7-form init\" aria-label=\"Modulo di contatto\" novalidate=\"novalidate\" data-status=\"init\">\n<div style=\"display: none;\">\n<input type=\"hidden\" name=\"_wpcf7\" value=\"13510\" \/>\n<input type=\"hidden\" name=\"_wpcf7_version\" value=\"5.7.7\" \/>\n<input type=\"hidden\" name=\"_wpcf7_locale\" value=\"it_IT\" \/>\n<input type=\"hidden\" name=\"_wpcf7_unit_tag\" value=\"wpcf7-f13510-o1\" \/>\n<input type=\"hidden\" name=\"_wpcf7_container_post\" value=\"0\" \/>\n<input type=\"hidden\" name=\"_wpcf7_posted_data_hash\" value=\"\" \/>\n<input type=\"hidden\" name=\"_wpcf7_recaptcha_response\" value=\"\" \/>\n<\/div>\n<div class=\"vc_col-md-12\">\n\t<p><label> Vorname*<br \/>\n<span class=\"wpcf7-form-control-wrap\" data-name=\"your-name\"><input size=\"40\" class=\"wpcf7-form-control wpcf7-text wpcf7-validates-as-required\" aria-required=\"true\" aria-invalid=\"false\" value=\"\" type=\"text\" name=\"your-name\" \/><\/span> <\/label>\n\t<\/p>\n\t<p><label> E-mail*<br \/>\n<span class=\"wpcf7-form-control-wrap\" data-name=\"your-email\"><input size=\"40\" class=\"wpcf7-form-control wpcf7-text wpcf7-email wpcf7-validates-as-required wpcf7-validates-as-email\" aria-required=\"true\" aria-invalid=\"false\" value=\"\" type=\"email\" name=\"your-email\" \/><\/span> <\/label><br \/>\n<label> Telefon*<br \/>\n<span class=\"wpcf7-form-control-wrap\" data-name=\"phone\"><input size=\"40\" class=\"wpcf7-form-control wpcf7-text wpcf7-tel wpcf7-validates-as-required wpcf7-validates-as-tel\" aria-required=\"true\" aria-invalid=\"false\" value=\"\" type=\"tel\" name=\"phone\" \/><\/span><\/label><br \/>\n<label> Verband<br \/>\n<span class=\"wpcf7-form-control-wrap\" data-name=\"associazione\"><input size=\"40\" class=\"wpcf7-form-control wpcf7-text\" aria-invalid=\"false\" value=\"\" type=\"text\" name=\"associazione\" \/><\/span><\/label>\n\t<\/p>\n<\/div>\n<p><label> Botschaft<br \/>\n<span class=\"wpcf7-form-control-wrap\" data-name=\"your-message\"><textarea cols=\"40\" rows=\"3\" class=\"wpcf7-form-control wpcf7-textarea\" aria-invalid=\"false\" name=\"your-message\"><\/textarea><\/span> <\/label><br \/>\n<hr \/><br \/>\n<label><\/label>\n<\/p>\n<p class=\"privacy-button\"><span class=\"wpcf7-form-control-wrap\" data-name=\"privacy\"><span class=\"wpcf7-form-control wpcf7-acceptance\"><span class=\"wpcf7-list-item\"><label><input type=\"checkbox\" name=\"privacy\" value=\"1\" aria-invalid=\"false\" \/><span class=\"wpcf7-list-item-label\">*Ich stimme der Speicherung meiner pers\u00f6nlichen Daten zu. (Datenschutz-Bestimmungen)<\/small><\/span><\/label><\/span><\/span><\/span>\n<\/p>\n<p><input class=\"wpcf7-form-control has-spinner wpcf7-submit\" type=\"submit\" value=\"Anfrage absenden\" \/>\n<\/p><input type='hidden' class='wpcf7-pum' value='{\"closepopup\":false,\"closedelay\":0,\"openpopup\":false,\"openpopup_id\":0}' \/><div class=\"wpcf7-response-output\" aria-hidden=\"true\"><\/div>\n<\/form>\n<\/div>\n<p>[\/vc_column_text][\/vc_column][\/vc_row]<\/p>\n<\/section>","protected":false},"excerpt":{"rendered":"<p>[vc_row full_width=&#8220;stretch_row&#8220; bg_type=&#8220;bg_color&#8220; seperator_enable=&#8220;seperator_enable_value&#8220; seperator_type=&#8220;curve_up_seperator&#8220; seperator_position=&#8220;bottom_seperator&#8220; seperator_svg_height=&#8220;140&#8243; css=&#8220;.vc_custom_1550142215862{padding-top: 90px !important;padding-bottom: 140px !important;}&#8220; bg_color_value=&#8220;#f4f6f7&#8243;][vc_column][vc_column_text] 4 TENNISPL\u00c4TZE ZU IHRER VERF\u00dcGUNG F\u00dcR EINEN URLAUB MIT VIEL SPORT Wenn Sie gerne Tennis spielen, dann haben Sie im Poggio all\u2019Agnello vier Pl\u00e4tze zur Auswahl, von denen zwei Play-It-Tennispl\u00e4tze sind und zwei einen Kunstrasen haben. Unsere Tennispl\u00e4tze stehen allen G\u00e4sten, Kindern,&hellip;<\/p>\n","protected":false},"author":6,"featured_media":2636,"parent":3751,"menu_order":0,"comment_status":"closed","ping_status":"closed","template":"","meta":[],"yoast_head":"<!-- This site is optimized with the Yoast SEO plugin v21.1 - https:\/\/yoast.com\/wordpress\/plugins\/seo\/ -->\n<title>Tenniscamp in der Toskana Hotel Poggio all&#039;Agnello Resort<\/title>\n<meta name=\"description\" content=\"Wir freuen uns, Ihnen Poggio all&#039;Agnello Beach &amp; Residential Resort f\u00fcr ein Tenniscamp oder auch f\u00fcr Familienferien im Zeichen des Sports und der Erholung vorstellen zu d\u00fcrfen.\" \/>\n<meta name=\"robots\" content=\"index, follow, max-snippet:-1, max-image-preview:large, max-video-preview:-1\" \/>\n<link rel=\"canonical\" href=\"https:\/\/www.poggioallagnello.it\/de\/sport-resort-toskana-meer\/tennis-in-der-toskana\/\" \/>\n<meta property=\"og:locale\" content=\"de_DE\" \/>\n<meta property=\"og:type\" content=\"article\" \/>\n<meta property=\"og:title\" content=\"Tenniscamp in der Toskana Hotel Poggio all&#039;Agnello Resort\" \/>\n<meta property=\"og:description\" content=\"Wir freuen uns, Ihnen Poggio all&#039;Agnello Beach &amp; Residential Resort f\u00fcr ein Tenniscamp oder auch f\u00fcr Familienferien im Zeichen des Sports und der Erholung vorstellen zu d\u00fcrfen.\" \/>\n<meta property=\"og:url\" content=\"https:\/\/www.poggioallagnello.it\/de\/sport-resort-toskana-meer\/tennis-in-der-toskana\/\" \/>\n<meta property=\"og:site_name\" content=\"Poggio all&#039;Agnello\" \/>\n<meta property=\"article:publisher\" content=\"https:\/\/www.facebook.com\/poggioallagnelloresort\/\" \/>\n<meta property=\"article:modified_time\" content=\"2023-11-27T13:04:44+00:00\" \/>\n<meta property=\"og:image\" content=\"https:\/\/www.poggioallagnello.it\/wp-content\/uploads\/2019\/02\/Tennis-poggio-all-agnello-copertina.jpg\" \/>\n\t<meta property=\"og:image:width\" content=\"1920\" \/>\n\t<meta property=\"og:image:height\" content=\"1280\" \/>\n\t<meta property=\"og:image:type\" content=\"image\/jpeg\" \/>\n<meta name=\"twitter:card\" content=\"summary_large_image\" \/>\n<meta name=\"twitter:site\" content=\"@poggioagnello\" \/>\n<meta name=\"twitter:label1\" content=\"Gesch\u00e4tzte Lesezeit\" \/>\n\t<meta name=\"twitter:data1\" content=\"2\u00a0Minuten\" \/>\n<script type=\"application\/ld+json\" class=\"yoast-schema-graph\">{\"@context\":\"https:\/\/schema.org\",\"@graph\":[{\"@type\":\"WebPage\",\"@id\":\"https:\/\/www.poggioallagnello.it\/de\/sport-resort-toskana-meer\/tennis-in-der-toskana\/\",\"url\":\"https:\/\/www.poggioallagnello.it\/de\/sport-resort-toskana-meer\/tennis-in-der-toskana\/\",\"name\":\"Tenniscamp in der Toskana Hotel Poggio all&#039;Agnello Resort\",\"isPartOf\":{\"@id\":\"https:\/\/www.poggioallagnello.it\/#website\"},\"datePublished\":\"2019-02-08T10:10:09+00:00\",\"dateModified\":\"2023-11-27T13:04:44+00:00\",\"description\":\"Wir freuen uns, Ihnen Poggio all'Agnello Beach & Residential Resort f\u00fcr ein Tenniscamp oder auch f\u00fcr Familienferien im Zeichen des Sports und der Erholung vorstellen zu d\u00fcrfen.\",\"breadcrumb\":{\"@id\":\"https:\/\/www.poggioallagnello.it\/de\/sport-resort-toskana-meer\/tennis-in-der-toskana\/#breadcrumb\"},\"inLanguage\":\"de\",\"potentialAction\":[{\"@type\":\"ReadAction\",\"target\":[\"https:\/\/www.poggioallagnello.it\/de\/sport-resort-toskana-meer\/tennis-in-der-toskana\/\"]}]},{\"@type\":\"BreadcrumbList\",\"@id\":\"https:\/\/www.poggioallagnello.it\/de\/sport-resort-toskana-meer\/tennis-in-der-toskana\/#breadcrumb\",\"itemListElement\":[{\"@type\":\"ListItem\",\"position\":1,\"name\":\"Home\",\"item\":\"https:\/\/www.poggioallagnello.it\/de\/\"},{\"@type\":\"ListItem\",\"position\":2,\"name\":\"Sport\",\"item\":\"https:\/\/www.poggioallagnello.it\/de\/sport-resort-toskana-meer\/\"},{\"@type\":\"ListItem\",\"position\":3,\"name\":\"Tennis\"}]},{\"@type\":\"WebSite\",\"@id\":\"https:\/\/www.poggioallagnello.it\/#website\",\"url\":\"https:\/\/www.poggioallagnello.it\/\",\"name\":\"Poggio all&#039;Agnello\",\"description\":\"Sport &amp; Active Holidays\",\"publisher\":{\"@id\":\"https:\/\/www.poggioallagnello.it\/#organization\"},\"potentialAction\":[{\"@type\":\"SearchAction\",\"target\":{\"@type\":\"EntryPoint\",\"urlTemplate\":\"https:\/\/www.poggioallagnello.it\/?s={search_term_string}\"},\"query-input\":\"required name=search_term_string\"}],\"inLanguage\":\"de\"},{\"@type\":\"Organization\",\"@id\":\"https:\/\/www.poggioallagnello.it\/#organization\",\"name\":\"Poggio all'Agnello\",\"url\":\"https:\/\/www.poggioallagnello.it\/\",\"logo\":{\"@type\":\"ImageObject\",\"inLanguage\":\"de\",\"@id\":\"https:\/\/www.poggioallagnello.it\/#\/schema\/logo\/image\/\",\"url\":\"https:\/\/www.poggioallagnello.it\/wp-content\/uploads\/2019\/02\/poggioallagnello-logo-retina-1.png\",\"contentUrl\":\"https:\/\/www.poggioallagnello.it\/wp-content\/uploads\/2019\/02\/poggioallagnello-logo-retina-1.png\",\"width\":407,\"height\":150,\"caption\":\"Poggio all'Agnello\"},\"image\":{\"@id\":\"https:\/\/www.poggioallagnello.it\/#\/schema\/logo\/image\/\"},\"sameAs\":[\"https:\/\/www.facebook.com\/poggioallagnelloresort\/\",\"https:\/\/twitter.com\/poggioagnello\",\"https:\/\/www.instagram.com\/poggioallagnello\/\"]}]}<\/script>\n<!-- \/ Yoast SEO plugin. -->","yoast_head_json":{"title":"Tenniscamp in der Toskana Hotel Poggio all&#039;Agnello Resort","description":"Wir freuen uns, Ihnen Poggio all'Agnello Beach & Residential Resort f\u00fcr ein Tenniscamp oder auch f\u00fcr Familienferien im Zeichen des Sports und der Erholung vorstellen zu d\u00fcrfen.","robots":{"index":"index","follow":"follow","max-snippet":"max-snippet:-1","max-image-preview":"max-image-preview:large","max-video-preview":"max-video-preview:-1"},"canonical":"https:\/\/www.poggioallagnello.it\/de\/sport-resort-toskana-meer\/tennis-in-der-toskana\/","og_locale":"de_DE","og_type":"article","og_title":"Tenniscamp in der Toskana Hotel Poggio all&#039;Agnello Resort","og_description":"Wir freuen uns, Ihnen Poggio all'Agnello Beach & Residential Resort f\u00fcr ein Tenniscamp oder auch f\u00fcr Familienferien im Zeichen des Sports und der Erholung vorstellen zu d\u00fcrfen.","og_url":"https:\/\/www.poggioallagnello.it\/de\/sport-resort-toskana-meer\/tennis-in-der-toskana\/","og_site_name":"Poggio all&#039;Agnello","article_publisher":"https:\/\/www.facebook.com\/poggioallagnelloresort\/","article_modified_time":"2023-11-27T13:04:44+00:00","og_image":[{"width":1920,"height":1280,"url":"https:\/\/www.poggioallagnello.it\/wp-content\/uploads\/2019\/02\/Tennis-poggio-all-agnello-copertina.jpg","type":"image\/jpeg"}],"twitter_card":"summary_large_image","twitter_site":"@poggioagnello","twitter_misc":{"Gesch\u00e4tzte Lesezeit":"2\u00a0Minuten"},"schema":{"@context":"https:\/\/schema.org","@graph":[{"@type":"WebPage","@id":"https:\/\/www.poggioallagnello.it\/de\/sport-resort-toskana-meer\/tennis-in-der-toskana\/","url":"https:\/\/www.poggioallagnello.it\/de\/sport-resort-toskana-meer\/tennis-in-der-toskana\/","name":"Tenniscamp in der Toskana Hotel Poggio all&#039;Agnello Resort","isPartOf":{"@id":"https:\/\/www.poggioallagnello.it\/#website"},"datePublished":"2019-02-08T10:10:09+00:00","dateModified":"2023-11-27T13:04:44+00:00","description":"Wir freuen uns, Ihnen Poggio all'Agnello Beach & Residential Resort f\u00fcr ein Tenniscamp oder auch f\u00fcr Familienferien im Zeichen des Sports und der Erholung vorstellen zu d\u00fcrfen.","breadcrumb":{"@id":"https:\/\/www.poggioallagnello.it\/de\/sport-resort-toskana-meer\/tennis-in-der-toskana\/#breadcrumb"},"inLanguage":"de","potentialAction":[{"@type":"ReadAction","target":["https:\/\/www.poggioallagnello.it\/de\/sport-resort-toskana-meer\/tennis-in-der-toskana\/"]}]},{"@type":"BreadcrumbList","@id":"https:\/\/www.poggioallagnello.it\/de\/sport-resort-toskana-meer\/tennis-in-der-toskana\/#breadcrumb","itemListElement":[{"@type":"ListItem","position":1,"name":"Home","item":"https:\/\/www.poggioallagnello.it\/de\/"},{"@type":"ListItem","position":2,"name":"Sport","item":"https:\/\/www.poggioallagnello.it\/de\/sport-resort-toskana-meer\/"},{"@type":"ListItem","position":3,"name":"Tennis"}]},{"@type":"WebSite","@id":"https:\/\/www.poggioallagnello.it\/#website","url":"https:\/\/www.poggioallagnello.it\/","name":"Poggio all&#039;Agnello","description":"Sport &amp; Active Holidays","publisher":{"@id":"https:\/\/www.poggioallagnello.it\/#organization"},"potentialAction":[{"@type":"SearchAction","target":{"@type":"EntryPoint","urlTemplate":"https:\/\/www.poggioallagnello.it\/?s={search_term_string}"},"query-input":"required name=search_term_string"}],"inLanguage":"de"},{"@type":"Organization","@id":"https:\/\/www.poggioallagnello.it\/#organization","name":"Poggio all'Agnello","url":"https:\/\/www.poggioallagnello.it\/","logo":{"@type":"ImageObject","inLanguage":"de","@id":"https:\/\/www.poggioallagnello.it\/#\/schema\/logo\/image\/","url":"https:\/\/www.poggioallagnello.it\/wp-content\/uploads\/2019\/02\/poggioallagnello-logo-retina-1.png","contentUrl":"https:\/\/www.poggioallagnello.it\/wp-content\/uploads\/2019\/02\/poggioallagnello-logo-retina-1.png","width":407,"height":150,"caption":"Poggio all'Agnello"},"image":{"@id":"https:\/\/www.poggioallagnello.it\/#\/schema\/logo\/image\/"},"sameAs":["https:\/\/www.facebook.com\/poggioallagnelloresort\/","https:\/\/twitter.com\/poggioagnello","https:\/\/www.instagram.com\/poggioallagnello\/"]}]}},"_links":{"self":[{"href":"https:\/\/www.poggioallagnello.it\/de\/wp-json\/wp\/v2\/pages\/3766"}],"collection":[{"href":"https:\/\/www.poggioallagnello.it\/de\/wp-json\/wp\/v2\/pages"}],"about":[{"href":"https:\/\/www.poggioallagnello.it\/de\/wp-json\/wp\/v2\/types\/page"}],"author":[{"embeddable":true,"href":"https:\/\/www.poggioallagnello.it\/de\/wp-json\/wp\/v2\/users\/6"}],"replies":[{"embeddable":true,"href":"https:\/\/www.poggioallagnello.it\/de\/wp-json\/wp\/v2\/comments?post=3766"}],"version-history":[{"count":6,"href":"https:\/\/www.poggioallagnello.it\/de\/wp-json\/wp\/v2\/pages\/3766\/revisions"}],"predecessor-version":[{"id":16229,"href":"https:\/\/www.poggioallagnello.it\/de\/wp-json\/wp\/v2\/pages\/3766\/revisions\/16229"}],"up":[{"embeddable":true,"href":"https:\/\/www.poggioallagnello.it\/de\/wp-json\/wp\/v2\/pages\/3751"}],"wp:featuredmedia":[{"embeddable":true,"href":"https:\/\/www.poggioallagnello.it\/de\/wp-json\/wp\/v2\/media\/2636"}],"wp:attachment":[{"href":"https:\/\/www.poggioallagnello.it\/de\/wp-json\/wp\/v2\/media?parent=3766"}],"curies":[{"name":"wp","href":"https:\/\/api.w.org\/{rel}","templated":true}]}}