{"id":3770,"date":"2019-02-08T11:13:13","date_gmt":"2019-02-08T10:13:13","guid":{"rendered":"https:\/\/demo.poggioallagnello.it\/sport\/yoga\/"},"modified":"2022-12-12T16:32:41","modified_gmt":"2022-12-12T15:32:41","slug":"yoga","status":"publish","type":"page","link":"https:\/\/www.poggioallagnello.it\/de\/sport-resort-toskana-meer\/yoga\/","title":{"rendered":"Yoga"},"content":{"rendered":"<section class=\"wpb-content-wrapper\"><p>[vc_row disable_element=&#8220;yes&#8220; css=&#8220;.vc_custom_1669373445523{margin-top: 90px !important;}&#8220;][vc_column][vc_column_text]<\/p>\n<h2>FINDEN SIE IN DER HEIMAT DER ALTEN ETRUSKER IHR PERS\u00d6NLICHES GLEICHGEWICHT WIEDER<\/h2>\n<p>Das Poggio all\u2019Agnello ist der ideale Ort, um das eigene, k\u00f6rperliche und seelische Gleichgewicht wiederzufinden. Praktizieren Sie Yoga inmitten der Ruhe der Natur in der Umgebung des Resorts oder im gro\u00dfen Konferenzraum, der gem\u00e4\u00df Ihren Vorstellungen und Bed\u00fcrfnissen eingerichtet werden kann.<br \/>\nWenn Sie einen R\u00fcckzugsort f\u00fcr Yoga-Auszeiten suchen, dann bietet Ihnen das Poggio all\u2019Agnello bequeme und komfortable Unterk\u00fcnfte f\u00fcr bis zu sechs Personen und ein hotelinternes Restaurant, das allen Ern\u00e4hrungsgewohnheiten entspricht.<\/p>\n<p>[\/vc_column_text][\/vc_column][\/vc_row][vc_row full_width=&#8220;stretch_row&#8220; bg_type=&#8220;bg_color&#8220;][vc_column][vc_column_text]<\/p>\n<h2 class=\"LC20lb MBeuO DKV0Md\" style=\"text-align: center;\">YOGA RETREATS TOSKANA MEER<\/h2>\n<p>[\/vc_column_text][\/vc_column][\/vc_row][vc_row full_width=&#8220;stretch_row&#8220; bg_type=&#8220;bg_color&#8220;][vc_column][vc_column_text]Die alten V\u00f6lker, die die Toskana bewohnten, haben ein intimes und mystisches Kulturerbe l hinterlassen, das sie zu einem Land macht, in dem die nat\u00fcrliche Umgebung einladend wirkt und Balance und Wohlbefinden vermittelt.<\/p>\n<p>Wenn Sie das Bed\u00fcrfnis versp\u00fcren, die Hektik des Alltags hinter sich zu lassen, haben Sie im Poggio all&#8217;Agnello die M\u00f6glichkeit, die Emotionen und Empfindungen Ihrer bestm\u00f6glichen psychophysischen Verfassung wiederzuerlangen.[\/vc_column_text][\/vc_column][\/vc_row][vc_row full_width=&#8220;stretch_row&#8220; bg_type=&#8220;bg_color&#8220;][vc_column width=&#8220;1\/2&#8243;][vc_column_text]<\/p>\n<h3><strong>EIN MAGISCHER ORT<\/strong><\/h3>\n<p>Das Resort, eingebettet in die \u00fcppige toskanische Natur, zwischen H\u00fcgeln, Buchten, Pinienw\u00e4ldern und Str\u00e4nden, ist der ideale Ort , um Angst und Stress hinter sich zu lassen. Es bietet sportliche Aktivit\u00e4ten, von Schwimmen bis Triathlon, von Mountainbiken bis Tennis und ist ein einladendes und unterhaltsames Refugium f\u00fcr die ganze Familie.<\/p>\n<p>Aber was es vielleicht mehr als alles andere zu einer wahren Oase der absoluten Entspannung macht, ist, dass Poggio all&#8217;Agnello der ideale Ort ist, um Versammlungen, Yoga-Events, Tai-Chi-\u00dcbungen zu organisieren oder einfach zu lernen, sich durch die Philosophie dieser alten orientalischen Disziplin zu entspannen.[\/vc_column_text][\/vc_column][vc_column width=&#8220;1\/2&#8243;][vc_single_image image=&#8220;15090&#8243; img_size=&#8220;full&#8220;][\/vc_column][\/vc_row][vc_row full_width=&#8220;stretch_row&#8220; bg_type=&#8220;image&#8220; parallax_style=&#8220;vcpb-vz-jquery&#8220; bg_image_new=&#8220;id^15293|url^https:\/\/www.poggioallagnello.it\/wp-content\/uploads\/2022\/07\/parco-costiero-della-sterpaia2.jpg|caption^null|alt^Parco costiero della Sterpaia|title^Parco costiero della Sterpaia|description^null&#8220; bg_image_repeat=&#8220;no-repeat&#8220; enable_overlay=&#8220;enable_overlay_value&#8220; overlay_color=&#8220;rgba(10,0,0,0.1)&#8220; css=&#8220;.vc_custom_1669455782521{padding-top: 70px !important;padding-bottom: 70px !important;}&#8220; el_id=&#8220;baratti&#8220;][vc_column][vc_empty_space][vc_column_text css_animation=&#8220;fadeInDown&#8220; css=&#8220;.vc_custom_1669455773066{padding-bottom: 40px !important;}&#8220;]<\/p>\n<h3 style=\"text-align: center;\"><span style=\"color: #ffffff;\"><strong>NUR 2 KM VOM GOLF VON BARATTI ENTFERNT<\/strong><\/span><\/h3>\n<p style=\"text-align: center;\"><span style=\"color: #ffffff;\">Wie kann man einen Ort wie diesen nicht lieben? Baratti ist nicht nur eine Frage des Meeres, kristallklaren Wassers und kleiner Fische, die um Sie herum schwimmen\u2026 Baratti ist eine Geisteshaltung! Dieser magische Ort vermittelt jedem, der zu jeder Jahreszeit dort ankommt, Ruhe und Gelassenheit. Wild und elegant zugleich, hat es eine edle und eine rebellische Seele\u2026 wer einmal hierher kommt, m\u00f6chte nicht mehr auf sie verzichten.<\/span><\/p>\n<p style=\"text-align: center;\"><span style=\"color: #ffffff;\">Ein ber\u00fchmter Yogameister, BKS Iyengar sagte: <\/span><br \/>\n<span style=\"color: #ffffff;\"><em>&#8222;Der Rhythmus des K\u00f6rpers, die Melodie des Geistes und die Harmonie der Seele erschaffen die Symphonie des Lebens.&#8220;<\/em><\/span><\/p>\n<p style=\"text-align: center;\"><span style=\"color: #ffffff;\">Im Resort Poggio all&#8217;Agnello in der Toskana werden Sie feststellen, dass dies stimmt.<\/span><\/p>\n<p>[\/vc_column_text][vc_btn title=&#8220;Kontakte&#8220; color=&#8220;green&#8220; align=&#8220;center&#8220; link=&#8220;url:%23footer&#8220;][vc_empty_space][\/vc_column][\/vc_row][vc_row full_width=&#8220;stretch_row&#8220; bg_type=&#8220;bg_color&#8220;][vc_column width=&#8220;1\/2&#8243;][vc_single_image image=&#8220;15653&#8243; img_size=&#8220;full&#8220;][\/vc_column][vc_column width=&#8220;1\/2&#8243;][vc_empty_space][vc_column_text]<\/p>\n<h3><strong>ORGANISIEREN SIE EIN YOGA-RETREAT ODER EINE VERANSTALTUNG<\/strong><\/h3>\n<p>Unter der sorgf\u00e4ltigen Anleitung von Experten dieses Lebensstils werden Sie in der Lage sein eine K\u00f6rperhaltung, eine Atemkontrolle und Bewegungen zu erlernen, um sich von Ihren angesammelten Spannungen zu befreien.<\/p>\n<p>Die Umgebung des Resorts, eingebettet in eine Landschaft, die vom harmonischen Charme der Natur dominiert wird, wild, aber einladend, typisch f\u00fcr diesen Teil der Toskana, bietet Ihnen die f\u00fcr Ihre Bed\u00fcrfnisse am besten geeigneten Sinnespfade.<\/p>\n<p>Ob Wochenende oder langer Urlaub, ein Aufenthalt im Poggio all&#8217;Agnello kann durch die Teilnahme an Yoga- und Meditationsworkshops f\u00fcr Erwachsene und Kinder erg\u00e4nzt werden.<br \/>\nDie J\u00fcngsten werden ihre eigenen Erfahrungen machen, und beim Spielen soziale Kontakte kn\u00fcpfen, und die \u00c4lteren werden lernen, auf ihren K\u00f6rper und ihre Emotionen zu h\u00f6ren.<\/p>\n<p>Im Poggio all&#8217;Agnello wird auf jedes Detail geachtet, auch beim internen Catering-Service, der, alle Ern\u00e4hrungsstile ber\u00fccksichtigt, um Ausgeglichenheit und Wohlbefinden zu beg\u00fcnstigen.[\/vc_column_text][\/vc_column][\/vc_row][vc_row css=&#8220;.vc_custom_1670859321525{padding-top: 70px !important;padding-bottom: 70px !important;}&#8220; el_id=&#8220;footer&#8220;][vc_column width=&#8220;1\/2&#8243;][vc_column_text]<\/p>\n<section id=\"custom_html-22\" class=\"widget_text widget widget_custom_html\">\n<div class=\"widget-title\">BUCHEN SIE BEI UNS ES IST BEQUEM!<\/div>\n<div class=\"textwidget custom-html-widget\">\n<ul>\n<li>Bestpreisgarantie Die besten<\/li>\n<li>Stornierungsbedingungen<\/li>\n<li>Ge\u00f6ffnet bis 31.10<\/li>\n<li>beheizte Pools und zug\u00e4ngliche Tagungsr\u00e4ume<\/li>\n<li>Exklusive Angebote<\/li>\n<li>Direkter Kontakt zu unseren<\/li>\n<li>Mitarbeitern Personalisierte Angebote<\/li>\n<\/ul>\n<\/div>\n<\/section>\n<p>[\/vc_column_text][\/vc_column][vc_column width=&#8220;1\/2&#8243; css=&#8220;.vc_custom_1668101169393{background-color: #75adc0 !important;}&#8220;][vc_column_text]<\/p>\n<h2 style=\"text-align: center;\">Sind Sie daran interessiert, eine Gruppenreise zu organisieren? Kontaktiere uns jetzt!<\/h2>\n<p style=\"text-align: center;\">\n<div class=\"wpcf7 no-js\" id=\"wpcf7-f13510-o1\" lang=\"it-IT\" dir=\"ltr\">\n<div class=\"screen-reader-response\"><p role=\"status\" aria-live=\"polite\" aria-atomic=\"true\"><\/p> <ul><\/ul><\/div>\n<form action=\"\/de\/wp-json\/wp\/v2\/pages\/3770#wpcf7-f13510-o1\" method=\"post\" class=\"wpcf7-form init\" aria-label=\"Modulo di contatto\" novalidate=\"novalidate\" data-status=\"init\">\n<div style=\"display: none;\">\n<input type=\"hidden\" name=\"_wpcf7\" value=\"13510\" \/>\n<input type=\"hidden\" name=\"_wpcf7_version\" value=\"5.7.7\" \/>\n<input type=\"hidden\" name=\"_wpcf7_locale\" value=\"it_IT\" \/>\n<input type=\"hidden\" name=\"_wpcf7_unit_tag\" value=\"wpcf7-f13510-o1\" \/>\n<input type=\"hidden\" name=\"_wpcf7_container_post\" value=\"0\" \/>\n<input type=\"hidden\" name=\"_wpcf7_posted_data_hash\" value=\"\" \/>\n<input type=\"hidden\" name=\"_wpcf7_recaptcha_response\" value=\"\" \/>\n<\/div>\n<div class=\"vc_col-md-12\">\n\t<p><label> Vorname*<br \/>\n<span class=\"wpcf7-form-control-wrap\" data-name=\"your-name\"><input size=\"40\" class=\"wpcf7-form-control wpcf7-text wpcf7-validates-as-required\" aria-required=\"true\" aria-invalid=\"false\" value=\"\" type=\"text\" name=\"your-name\" \/><\/span> <\/label>\n\t<\/p>\n\t<p><label> E-mail*<br \/>\n<span class=\"wpcf7-form-control-wrap\" data-name=\"your-email\"><input size=\"40\" class=\"wpcf7-form-control wpcf7-text wpcf7-email wpcf7-validates-as-required wpcf7-validates-as-email\" aria-required=\"true\" aria-invalid=\"false\" value=\"\" type=\"email\" name=\"your-email\" \/><\/span> <\/label><br \/>\n<label> Telefon*<br \/>\n<span class=\"wpcf7-form-control-wrap\" data-name=\"phone\"><input size=\"40\" class=\"wpcf7-form-control wpcf7-text wpcf7-tel wpcf7-validates-as-required wpcf7-validates-as-tel\" aria-required=\"true\" aria-invalid=\"false\" value=\"\" type=\"tel\" name=\"phone\" \/><\/span><\/label><br \/>\n<label> Verband<br \/>\n<span class=\"wpcf7-form-control-wrap\" data-name=\"associazione\"><input size=\"40\" class=\"wpcf7-form-control wpcf7-text\" aria-invalid=\"false\" value=\"\" type=\"text\" name=\"associazione\" \/><\/span><\/label>\n\t<\/p>\n<\/div>\n<p><label> Botschaft<br \/>\n<span class=\"wpcf7-form-control-wrap\" data-name=\"your-message\"><textarea cols=\"40\" rows=\"3\" class=\"wpcf7-form-control wpcf7-textarea\" aria-invalid=\"false\" name=\"your-message\"><\/textarea><\/span> <\/label><br \/>\n<hr \/><br \/>\n<label><\/label>\n<\/p>\n<p class=\"privacy-button\"><span class=\"wpcf7-form-control-wrap\" data-name=\"privacy\"><span class=\"wpcf7-form-control wpcf7-acceptance\"><span class=\"wpcf7-list-item\"><label><input type=\"checkbox\" name=\"privacy\" value=\"1\" aria-invalid=\"false\" \/><span class=\"wpcf7-list-item-label\">*Ich stimme der Speicherung meiner pers\u00f6nlichen Daten zu. (Datenschutz-Bestimmungen)<\/small><\/span><\/label><\/span><\/span><\/span>\n<\/p>\n<p><input class=\"wpcf7-form-control has-spinner wpcf7-submit\" type=\"submit\" value=\"Anfrage absenden\" \/>\n<\/p><input type='hidden' class='wpcf7-pum' value='{\"closepopup\":false,\"closedelay\":0,\"openpopup\":false,\"openpopup_id\":0}' \/><div class=\"wpcf7-response-output\" aria-hidden=\"true\"><\/div>\n<\/form>\n<\/div>\n<p>[\/vc_column_text][\/vc_column][\/vc_row]<\/p>\n<\/section>","protected":false},"excerpt":{"rendered":"<p>[vc_row disable_element=&#8220;yes&#8220; css=&#8220;.vc_custom_1669373445523{margin-top: 90px !important;}&#8220;][vc_column][vc_column_text] FINDEN SIE IN DER HEIMAT DER ALTEN ETRUSKER IHR PERS\u00d6NLICHES GLEICHGEWICHT WIEDER Das Poggio all\u2019Agnello ist der ideale Ort, um das eigene, k\u00f6rperliche und seelische Gleichgewicht wiederzufinden. Praktizieren Sie Yoga inmitten der Ruhe der Natur in der Umgebung des Resorts oder im gro\u00dfen Konferenzraum, der gem\u00e4\u00df Ihren Vorstellungen und Bed\u00fcrfnissen&hellip;<\/p>\n","protected":false},"author":6,"featured_media":3158,"parent":3751,"menu_order":0,"comment_status":"closed","ping_status":"closed","template":"","meta":[],"yoast_head":"<!-- This site is optimized with the Yoast SEO plugin v21.1 - https:\/\/yoast.com\/wordpress\/plugins\/seo\/ -->\n<title>Praxis Yoga in der Toskana - Poggio all&#039;Agnello Resort<\/title>\n<meta name=\"description\" content=\"Das Poggio all&#039;Agnello verf\u00fcgt \u00fcber 4 Swimmingpools, einen gro\u00dfen Park mit viel Gr\u00fcn, Parkpl\u00e4tze, ein Wellnesscenter, ein Yoga-Center, ein Restaurant und einen Fitnessbereich.\" \/>\n<meta name=\"robots\" content=\"index, follow, max-snippet:-1, max-image-preview:large, max-video-preview:-1\" \/>\n<link rel=\"canonical\" href=\"https:\/\/www.poggioallagnello.it\/de\/sport-resort-toskana-meer\/yoga\/\" \/>\n<meta property=\"og:locale\" content=\"de_DE\" \/>\n<meta property=\"og:type\" content=\"article\" \/>\n<meta property=\"og:title\" content=\"Praxis Yoga in der Toskana - Poggio all&#039;Agnello Resort\" \/>\n<meta property=\"og:description\" content=\"Das Poggio all&#039;Agnello verf\u00fcgt \u00fcber 4 Swimmingpools, einen gro\u00dfen Park mit viel Gr\u00fcn, Parkpl\u00e4tze, ein Wellnesscenter, ein Yoga-Center, ein Restaurant und einen Fitnessbereich.\" \/>\n<meta property=\"og:url\" content=\"https:\/\/www.poggioallagnello.it\/de\/sport-resort-toskana-meer\/yoga\/\" \/>\n<meta property=\"og:site_name\" content=\"Poggio all&#039;Agnello\" \/>\n<meta property=\"article:publisher\" content=\"https:\/\/www.facebook.com\/poggioallagnelloresort\/\" \/>\n<meta property=\"article:modified_time\" content=\"2022-12-12T15:32:41+00:00\" \/>\n<meta property=\"og:image\" content=\"https:\/\/www.poggioallagnello.it\/wp-content\/uploads\/2019\/02\/Yoga-poggio-all-agnello-copertina.jpg\" \/>\n\t<meta property=\"og:image:width\" content=\"1920\" \/>\n\t<meta property=\"og:image:height\" content=\"1280\" \/>\n\t<meta property=\"og:image:type\" content=\"image\/jpeg\" \/>\n<meta name=\"twitter:card\" content=\"summary_large_image\" \/>\n<meta name=\"twitter:site\" content=\"@poggioagnello\" \/>\n<meta name=\"twitter:label1\" content=\"Gesch\u00e4tzte Lesezeit\" \/>\n\t<meta name=\"twitter:data1\" content=\"4\u00a0Minuten\" \/>\n<script type=\"application\/ld+json\" class=\"yoast-schema-graph\">{\"@context\":\"https:\/\/schema.org\",\"@graph\":[{\"@type\":\"WebPage\",\"@id\":\"https:\/\/www.poggioallagnello.it\/de\/sport-resort-toskana-meer\/yoga\/\",\"url\":\"https:\/\/www.poggioallagnello.it\/de\/sport-resort-toskana-meer\/yoga\/\",\"name\":\"Praxis Yoga in der Toskana - Poggio all'Agnello Resort\",\"isPartOf\":{\"@id\":\"https:\/\/www.poggioallagnello.it\/#website\"},\"datePublished\":\"2019-02-08T10:13:13+00:00\",\"dateModified\":\"2022-12-12T15:32:41+00:00\",\"description\":\"Das Poggio all'Agnello verf\u00fcgt \u00fcber 4 Swimmingpools, einen gro\u00dfen Park mit viel Gr\u00fcn, Parkpl\u00e4tze, ein Wellnesscenter, ein Yoga-Center, ein Restaurant und einen Fitnessbereich.\",\"breadcrumb\":{\"@id\":\"https:\/\/www.poggioallagnello.it\/de\/sport-resort-toskana-meer\/yoga\/#breadcrumb\"},\"inLanguage\":\"de\",\"potentialAction\":[{\"@type\":\"ReadAction\",\"target\":[\"https:\/\/www.poggioallagnello.it\/de\/sport-resort-toskana-meer\/yoga\/\"]}]},{\"@type\":\"BreadcrumbList\",\"@id\":\"https:\/\/www.poggioallagnello.it\/de\/sport-resort-toskana-meer\/yoga\/#breadcrumb\",\"itemListElement\":[{\"@type\":\"ListItem\",\"position\":1,\"name\":\"Home\",\"item\":\"https:\/\/www.poggioallagnello.it\/de\/\"},{\"@type\":\"ListItem\",\"position\":2,\"name\":\"Sport\",\"item\":\"https:\/\/www.poggioallagnello.it\/de\/sport-resort-toskana-meer\/\"},{\"@type\":\"ListItem\",\"position\":3,\"name\":\"Yoga\"}]},{\"@type\":\"WebSite\",\"@id\":\"https:\/\/www.poggioallagnello.it\/#website\",\"url\":\"https:\/\/www.poggioallagnello.it\/\",\"name\":\"Poggio all&#039;Agnello\",\"description\":\"Sport &amp; Active Holidays\",\"publisher\":{\"@id\":\"https:\/\/www.poggioallagnello.it\/#organization\"},\"potentialAction\":[{\"@type\":\"SearchAction\",\"target\":{\"@type\":\"EntryPoint\",\"urlTemplate\":\"https:\/\/www.poggioallagnello.it\/?s={search_term_string}\"},\"query-input\":\"required name=search_term_string\"}],\"inLanguage\":\"de\"},{\"@type\":\"Organization\",\"@id\":\"https:\/\/www.poggioallagnello.it\/#organization\",\"name\":\"Poggio all'Agnello\",\"url\":\"https:\/\/www.poggioallagnello.it\/\",\"logo\":{\"@type\":\"ImageObject\",\"inLanguage\":\"de\",\"@id\":\"https:\/\/www.poggioallagnello.it\/#\/schema\/logo\/image\/\",\"url\":\"https:\/\/www.poggioallagnello.it\/wp-content\/uploads\/2019\/02\/poggioallagnello-logo-retina-1.png\",\"contentUrl\":\"https:\/\/www.poggioallagnello.it\/wp-content\/uploads\/2019\/02\/poggioallagnello-logo-retina-1.png\",\"width\":407,\"height\":150,\"caption\":\"Poggio all'Agnello\"},\"image\":{\"@id\":\"https:\/\/www.poggioallagnello.it\/#\/schema\/logo\/image\/\"},\"sameAs\":[\"https:\/\/www.facebook.com\/poggioallagnelloresort\/\",\"https:\/\/twitter.com\/poggioagnello\",\"https:\/\/www.instagram.com\/poggioallagnello\/\"]}]}<\/script>\n<!-- \/ Yoast SEO plugin. -->","yoast_head_json":{"title":"Praxis Yoga in der Toskana - Poggio all'Agnello Resort","description":"Das Poggio all'Agnello verf\u00fcgt \u00fcber 4 Swimmingpools, einen gro\u00dfen Park mit viel Gr\u00fcn, Parkpl\u00e4tze, ein Wellnesscenter, ein Yoga-Center, ein Restaurant und einen Fitnessbereich.","robots":{"index":"index","follow":"follow","max-snippet":"max-snippet:-1","max-image-preview":"max-image-preview:large","max-video-preview":"max-video-preview:-1"},"canonical":"https:\/\/www.poggioallagnello.it\/de\/sport-resort-toskana-meer\/yoga\/","og_locale":"de_DE","og_type":"article","og_title":"Praxis Yoga in der Toskana - Poggio all'Agnello Resort","og_description":"Das Poggio all'Agnello verf\u00fcgt \u00fcber 4 Swimmingpools, einen gro\u00dfen Park mit viel Gr\u00fcn, Parkpl\u00e4tze, ein Wellnesscenter, ein Yoga-Center, ein Restaurant und einen Fitnessbereich.","og_url":"https:\/\/www.poggioallagnello.it\/de\/sport-resort-toskana-meer\/yoga\/","og_site_name":"Poggio all&#039;Agnello","article_publisher":"https:\/\/www.facebook.com\/poggioallagnelloresort\/","article_modified_time":"2022-12-12T15:32:41+00:00","og_image":[{"width":1920,"height":1280,"url":"https:\/\/www.poggioallagnello.it\/wp-content\/uploads\/2019\/02\/Yoga-poggio-all-agnello-copertina.jpg","type":"image\/jpeg"}],"twitter_card":"summary_large_image","twitter_site":"@poggioagnello","twitter_misc":{"Gesch\u00e4tzte Lesezeit":"4\u00a0Minuten"},"schema":{"@context":"https:\/\/schema.org","@graph":[{"@type":"WebPage","@id":"https:\/\/www.poggioallagnello.it\/de\/sport-resort-toskana-meer\/yoga\/","url":"https:\/\/www.poggioallagnello.it\/de\/sport-resort-toskana-meer\/yoga\/","name":"Praxis Yoga in der Toskana - Poggio all'Agnello Resort","isPartOf":{"@id":"https:\/\/www.poggioallagnello.it\/#website"},"datePublished":"2019-02-08T10:13:13+00:00","dateModified":"2022-12-12T15:32:41+00:00","description":"Das Poggio all'Agnello verf\u00fcgt \u00fcber 4 Swimmingpools, einen gro\u00dfen Park mit viel Gr\u00fcn, Parkpl\u00e4tze, ein Wellnesscenter, ein Yoga-Center, ein Restaurant und einen Fitnessbereich.","breadcrumb":{"@id":"https:\/\/www.poggioallagnello.it\/de\/sport-resort-toskana-meer\/yoga\/#breadcrumb"},"inLanguage":"de","potentialAction":[{"@type":"ReadAction","target":["https:\/\/www.poggioallagnello.it\/de\/sport-resort-toskana-meer\/yoga\/"]}]},{"@type":"BreadcrumbList","@id":"https:\/\/www.poggioallagnello.it\/de\/sport-resort-toskana-meer\/yoga\/#breadcrumb","itemListElement":[{"@type":"ListItem","position":1,"name":"Home","item":"https:\/\/www.poggioallagnello.it\/de\/"},{"@type":"ListItem","position":2,"name":"Sport","item":"https:\/\/www.poggioallagnello.it\/de\/sport-resort-toskana-meer\/"},{"@type":"ListItem","position":3,"name":"Yoga"}]},{"@type":"WebSite","@id":"https:\/\/www.poggioallagnello.it\/#website","url":"https:\/\/www.poggioallagnello.it\/","name":"Poggio all&#039;Agnello","description":"Sport &amp; Active Holidays","publisher":{"@id":"https:\/\/www.poggioallagnello.it\/#organization"},"potentialAction":[{"@type":"SearchAction","target":{"@type":"EntryPoint","urlTemplate":"https:\/\/www.poggioallagnello.it\/?s={search_term_string}"},"query-input":"required name=search_term_string"}],"inLanguage":"de"},{"@type":"Organization","@id":"https:\/\/www.poggioallagnello.it\/#organization","name":"Poggio all'Agnello","url":"https:\/\/www.poggioallagnello.it\/","logo":{"@type":"ImageObject","inLanguage":"de","@id":"https:\/\/www.poggioallagnello.it\/#\/schema\/logo\/image\/","url":"https:\/\/www.poggioallagnello.it\/wp-content\/uploads\/2019\/02\/poggioallagnello-logo-retina-1.png","contentUrl":"https:\/\/www.poggioallagnello.it\/wp-content\/uploads\/2019\/02\/poggioallagnello-logo-retina-1.png","width":407,"height":150,"caption":"Poggio all'Agnello"},"image":{"@id":"https:\/\/www.poggioallagnello.it\/#\/schema\/logo\/image\/"},"sameAs":["https:\/\/www.facebook.com\/poggioallagnelloresort\/","https:\/\/twitter.com\/poggioagnello","https:\/\/www.instagram.com\/poggioallagnello\/"]}]}},"_links":{"self":[{"href":"https:\/\/www.poggioallagnello.it\/de\/wp-json\/wp\/v2\/pages\/3770"}],"collection":[{"href":"https:\/\/www.poggioallagnello.it\/de\/wp-json\/wp\/v2\/pages"}],"about":[{"href":"https:\/\/www.poggioallagnello.it\/de\/wp-json\/wp\/v2\/types\/page"}],"author":[{"embeddable":true,"href":"https:\/\/www.poggioallagnello.it\/de\/wp-json\/wp\/v2\/users\/6"}],"replies":[{"embeddable":true,"href":"https:\/\/www.poggioallagnello.it\/de\/wp-json\/wp\/v2\/comments?post=3770"}],"version-history":[{"count":6,"href":"https:\/\/www.poggioallagnello.it\/de\/wp-json\/wp\/v2\/pages\/3770\/revisions"}],"predecessor-version":[{"id":15892,"href":"https:\/\/www.poggioallagnello.it\/de\/wp-json\/wp\/v2\/pages\/3770\/revisions\/15892"}],"up":[{"embeddable":true,"href":"https:\/\/www.poggioallagnello.it\/de\/wp-json\/wp\/v2\/pages\/3751"}],"wp:featuredmedia":[{"embeddable":true,"href":"https:\/\/www.poggioallagnello.it\/de\/wp-json\/wp\/v2\/media\/3158"}],"wp:attachment":[{"href":"https:\/\/www.poggioallagnello.it\/de\/wp-json\/wp\/v2\/media?parent=3770"}],"curies":[{"name":"wp","href":"https:\/\/api.w.org\/{rel}","templated":true}]}}