{"id":13273,"date":"2021-12-09T17:22:25","date_gmt":"2021-12-09T16:22:25","guid":{"rendered":"https:\/\/www.poggioallagnello.it\/?page_id=13273"},"modified":"2025-07-16T17:02:06","modified_gmt":"2025-07-16T15:02:06","slug":"avantages-reservez-avec-nous","status":"publish","type":"page","link":"https:\/\/www.poggioallagnello.it\/fr\/avantages-reservez-avec-nous\/","title":{"rendered":"Avantages de r\u00e9server avec nous"},"content":{"rendered":"<section class=\"wpb-content-wrapper\"><p>[vc_row full_width=\u00a0\u00bbstretch_row\u00a0\u00bb bg_type=\u00a0\u00bbbg_color\u00a0\u00bb seperator_enable=\u00a0\u00bbseperator_enable_value\u00a0\u00bb seperator_type=\u00a0\u00bbcurve_up_seperator\u00a0\u00bb seperator_position=\u00a0\u00bbbottom_seperator\u00a0\u00bb css=\u00a0\u00bb.vc_custom_1550658956859{padding-top: 90px !important;padding-bottom: 140px !important;}\u00a0\u00bb bg_color_value=\u00a0\u00bb#f4f6f7&Prime;][vc_column][vc_column_text]<\/p>\n<h2>JUSQU&rsquo;\u00c0 20% DE R\u00c9DUCTION EN R\u00c9SERVANT \u00c0 L&rsquo;AVANCE<\/h2>\n<h4>R\u00e9servez d\u00e8s maintenant vos vacances en 2025. R\u00e9duction pour r\u00e9servation directe.<\/h4>\n<p>Il existe de nombreuses raisons de choisir des <strong>vacances \u00e0 la plage en Toscane<\/strong> avec <strong>Poggio all&rsquo;Agnello<\/strong>. Gr\u00e2ce aux diff\u00e9rentes propositions que vous trouverez sur notre site officiel, vous aurez toujours la possibilit\u00e9 de choisir un s\u00e9jour en r\u00e9servant au <strong>meilleur rapport qualit\u00e9-prix<\/strong> !<\/p>\n<p>En envoyant une demande de devis ou en r\u00e9servant directement sur le site officiel, vous b\u00e9n\u00e9ficierez toujours du <strong>meilleur tarif garanti.<\/strong>[\/vc_column_text][\/vc_column][\/vc_row][vc_row css=\u00a0\u00bb.vc_custom_1551255640601{margin-top: 40px !important;margin-bottom: 40px !important;}\u00a0\u00bb][vc_column width=\u00a0\u00bb2\/3&Prime;][vc_column_text css_animation=\u00a0\u00bbfadeInDown\u00a0\u00bb]<\/p>\n<h2>PISCINE OLYMPIQUE CHAUFF\u00c9E<\/h2>\n<ul>\n<li>R\u00e9servez et profitez de notre\u00a0<strong>piscine olympique chauff\u00e9e \u00e0 27\u00b0<\/strong> * du 15 mars \u00e0 mai et en octobre.<em><br \/>\n* sans suppl\u00e9ment de prix pour ceux qui r\u00e9servent directement avec nous.<br \/>\n<\/em><em>* 1 couloir d\u00e9di\u00e9 \u00e0 des heures pr\u00e9cises chaque jour ( couloir occup\u00e9 par un maximum de 10 nageurs).<br \/>\n<\/em><em><em>* r\u00e9servation de couloir obligatoire.<\/em><\/em><\/li>\n<\/ul>\n<h2>PISCINE HYDRO CHAUFF\u00c9E<\/h2>\n<ul>\n<li>\u00c0 partir du 15\/03, piscine chauff\u00e9e \u00e0 27\u00b0C<\/li>\n<\/ul>\n<ul>\n<li style=\"list-style-type: none;\"><\/li>\n<\/ul>\n<h2>AUTRES AVANTAGES EN R\u00c9SERVANT DIRECTEMENT AVEC NOUS:<\/h2>\n<ul>\n<li>Profitez et\u00a0<strong>rechargez vos v\u00e9hicules \u00e9lectriques<\/strong>\u00a0*<br \/>\n<em>* 2 colonnes de recharge \u00e9lectrique (20 KW chacune) pr\u00e9sentes dans notre parking couvert<\/em><br \/>\n<em>* sans suppl\u00e9ment de prix<\/em><\/li>\n<li><strong>Arriv\u00e9e anticip\u00e9e<\/strong>\u00a0et d\u00e9part\u00a0<strong>tardif<\/strong>\u00a0selon disponibilit\u00e9.<\/li>\n<li><strong>Surclassement du type d&rsquo;appartement<\/strong>\u00a0selon disponibilit\u00e9.\u00a0<em>(en basse saison)<\/em><\/li>\n<li>Acc\u00e8s \u00e0\u00a0<strong>la piste VTT pour adultes et enfants<\/strong>\u00a0.<em><br \/>\nAvec votre propre v\u00e9lo bmx, si vous n&rsquo;en poss\u00e9dez pas, vous devez louer un v\u00e9lo sp\u00e9cial, en suppl\u00e9ment.<\/em><\/li>\n<\/ul>\n<p>[\/vc_column_text][\/vc_column][vc_column width=\u00a0\u00bb1\/3&Prime;][vc_single_image image=\u00a0\u00bb14417&Prime; img_size=\u00a0\u00bbfull\u00a0\u00bb alignment=\u00a0\u00bbcenter\u00a0\u00bb][vc_single_image image=\u00a0\u00bb9612&Prime; img_size=\u00a0\u00bbfull\u00a0\u00bb alignment=\u00a0\u00bbcenter\u00a0\u00bb][\/vc_column][\/vc_row][vc_row bg_type=\u00a0\u00bbimage\u00a0\u00bb parallax_style=\u00a0\u00bbvcpb-default\u00a0\u00bb bg_image_new=\u00a0\u00bbid^2497|url^https:\/\/www.poggioallagnello.it\/wp-content\/uploads\/2019\/02\/Piscina-poggio-all-agnello-vista-alto.jpg|caption^null|alt^null|title^Piscina-poggio-all-agnello-vista-alto|description^null\u00a0\u00bb bg_override=\u00a0\u00bbex-full\u00a0\u00bb enable_overlay=\u00a0\u00bbenable_overlay_value\u00a0\u00bb overlay_color=\u00a0\u00bbrgba(0,0,0,0.47)\u00a0\u00bb css=\u00a0\u00bb.vc_custom_1639071856935{padding-top: 90px !important;padding-bottom: 90px !important;}\u00a0\u00bb][vc_column][vc_column_text css_animation=\u00a0\u00bbfadeInDown\u00a0\u00bb]<\/p>\n<h3><span style=\"color: #ffffff;\">R\u00c9SERVEZ VOS PROCHAINES VACANCES \u00c0 LA PLAGE EN TOSCANE<\/span><\/h3>\n<p><span style=\"color: #ffffff;\">Lorsque vous r\u00e9servez sur notre site, vous aurez la garantie de transactions s\u00fbres et s\u00e9curis\u00e9es pour vous assurer que vos donn\u00e9es sont toujours en s\u00e9curit\u00e9.<\/span><\/p>\n<p>[\/vc_column_text][\/vc_column][\/vc_row][vc_row css=\u00a0\u00bb.vc_custom_1551255640601{margin-top: 40px !important;margin-bottom: 40px !important;}\u00a0\u00bb][vc_column width=\u00a0\u00bb1\/2&Prime;][vc_column_text css_animation=\u00a0\u00bbfadeInUp\u00a0\u00bb]<\/p>\n<h2>SERVICES INCLUS<\/h2>\n<ul>\n<li>Ensemble complet de serviettes de bain, linge de lit et de cuisine.<\/li>\n<li>Nettoyage final.<\/li>\n<li>Climatisation et chauffage.<\/li>\n<li>T\u00e9l\u00e9vision par satellite.<\/li>\n<li>Changement de linge hebdomadaire.\u00a0(en cas de s\u00e9jours de plus de 7 nuits)<\/li>\n<li>Parking (1 place de parking voiture\/moto)<\/li>\n<li>Piscines<\/li>\n<li>Utilisation des courts de tennis, football \u00e0 cinq et volley-ball sur gazon sur demande, disponibilit\u00e9 et r\u00e9servation.<\/li>\n<\/ul>\n<p>[\/vc_column_text][\/vc_column][vc_column width=\u00a0\u00bb1\/2&Prime;][vc_single_image image=\u00a0\u00bb1704&Prime; img_size=\u00a0\u00bbfull\u00a0\u00bb alignment=\u00a0\u00bbcenter\u00a0\u00bb][\/vc_column][\/vc_row][vc_row][vc_column][vc_column_text]Poggio all&rsquo;Agnello Sport &amp; Active Holidays est situ\u00e9 sur la c\u00f4te \u00e9trusque, dans une position strat\u00e9gique \u00e0 quelques kilom\u00e8tres de Piombino, face au\u00a0<strong>golfe de Baratti \u00e0<\/strong>\u00a0seulement 2 km de la mer.\u00a0Nos\u00a0<strong>appartements<\/strong>\u00a0, les\u00a0<strong>terrains de sport<\/strong>\u00a0, les\u00a0<strong>piscines<\/strong>\u00a0et le\u00a0<strong>restaurant ne<\/strong>\u00a0sont que quelques-uns des atouts qui font de notre station une destination id\u00e9ale pour\u00a0<strong>des vacances en famille<\/strong>\u00a0\u00a0et en\u00a0<strong>groupe<\/strong>\u00a0[\/vc_column_text][vc_empty_space][\/vc_column][\/vc_row]<\/p>\n<\/section>","protected":false},"excerpt":{"rendered":"<p>[vc_row full_width=\u00a0\u00bbstretch_row\u00a0\u00bb bg_type=\u00a0\u00bbbg_color\u00a0\u00bb seperator_enable=\u00a0\u00bbseperator_enable_value\u00a0\u00bb seperator_type=\u00a0\u00bbcurve_up_seperator\u00a0\u00bb seperator_position=\u00a0\u00bbbottom_seperator\u00a0\u00bb css=\u00a0\u00bb.vc_custom_1550658956859{padding-top: 90px !important;padding-bottom: 140px !important;}\u00a0\u00bb bg_color_value=\u00a0\u00bb#f4f6f7&Prime;][vc_column][vc_column_text] JUSQU&rsquo;\u00c0 20% DE R\u00c9DUCTION EN R\u00c9SERVANT \u00c0 L&rsquo;AVANCE R\u00e9servez d\u00e8s maintenant vos vacances en 2025. R\u00e9duction pour r\u00e9servation directe. Il existe de nombreuses raisons de choisir des vacances \u00e0 la plage en Toscane avec Poggio all&rsquo;Agnello. Gr\u00e2ce aux diff\u00e9rentes propositions que vous trouverez&hellip;<\/p>\n","protected":false},"author":9,"featured_media":0,"parent":0,"menu_order":0,"comment_status":"closed","ping_status":"closed","template":"","meta":[],"tags":[],"yoast_head":"<!-- This site is optimized with the Yoast SEO plugin v21.1 - https:\/\/yoast.com\/wordpress\/plugins\/seo\/ -->\n<title>Avantages de r\u00e9server avec nous - Poggio all&#039;Agnello Resort<\/title>\n<meta name=\"description\" content=\"R\u00e9servez vos vacances en Toscane pour les familles et les groupes sportifs \u00e0 Poggio all&#039;Agnello Holiday Resort. Meilleur tarif garanti !\" \/>\n<meta name=\"robots\" content=\"index, follow, max-snippet:-1, max-image-preview:large, max-video-preview:-1\" \/>\n<link rel=\"canonical\" href=\"https:\/\/www.poggioallagnello.it\/fr\/avantages-reservez-avec-nous\/\" \/>\n<meta property=\"og:locale\" content=\"fr_FR\" \/>\n<meta property=\"og:type\" content=\"article\" \/>\n<meta property=\"og:title\" content=\"Avantages de r\u00e9server avec nous - Poggio all&#039;Agnello Resort\" \/>\n<meta property=\"og:description\" content=\"R\u00e9servez vos vacances en Toscane pour les familles et les groupes sportifs \u00e0 Poggio all&#039;Agnello Holiday Resort. Meilleur tarif garanti !\" \/>\n<meta property=\"og:url\" content=\"https:\/\/www.poggioallagnello.it\/fr\/avantages-reservez-avec-nous\/\" \/>\n<meta property=\"og:site_name\" content=\"Poggio all&#039;Agnello\" \/>\n<meta property=\"article:publisher\" content=\"https:\/\/www.facebook.com\/poggioallagnelloresort\/\" \/>\n<meta property=\"article:modified_time\" content=\"2025-07-16T15:02:06+00:00\" \/>\n<meta name=\"twitter:card\" content=\"summary_large_image\" \/>\n<meta name=\"twitter:site\" content=\"@poggioagnello\" \/>\n<meta name=\"twitter:label1\" content=\"Dur\u00e9e de lecture estim\u00e9e\" \/>\n\t<meta name=\"twitter:data1\" content=\"3 minutes\" \/>\n<script type=\"application\/ld+json\" class=\"yoast-schema-graph\">{\"@context\":\"https:\/\/schema.org\",\"@graph\":[{\"@type\":\"WebPage\",\"@id\":\"https:\/\/www.poggioallagnello.it\/fr\/avantages-reservez-avec-nous\/\",\"url\":\"https:\/\/www.poggioallagnello.it\/fr\/avantages-reservez-avec-nous\/\",\"name\":\"Avantages de r\u00e9server avec nous - Poggio all'Agnello Resort\",\"isPartOf\":{\"@id\":\"https:\/\/www.poggioallagnello.it\/#website\"},\"datePublished\":\"2021-12-09T16:22:25+00:00\",\"dateModified\":\"2025-07-16T15:02:06+00:00\",\"description\":\"R\u00e9servez vos vacances en Toscane pour les familles et les groupes sportifs \u00e0 Poggio all'Agnello Holiday Resort. Meilleur tarif garanti !\",\"breadcrumb\":{\"@id\":\"https:\/\/www.poggioallagnello.it\/fr\/avantages-reservez-avec-nous\/#breadcrumb\"},\"inLanguage\":\"fr-FR\",\"potentialAction\":[{\"@type\":\"ReadAction\",\"target\":[\"https:\/\/www.poggioallagnello.it\/fr\/avantages-reservez-avec-nous\/\"]}]},{\"@type\":\"BreadcrumbList\",\"@id\":\"https:\/\/www.poggioallagnello.it\/fr\/avantages-reservez-avec-nous\/#breadcrumb\",\"itemListElement\":[{\"@type\":\"ListItem\",\"position\":1,\"name\":\"Home\",\"item\":\"https:\/\/www.poggioallagnello.it\/fr\/\"},{\"@type\":\"ListItem\",\"position\":2,\"name\":\"Avantages de r\u00e9server avec nous\"}]},{\"@type\":\"WebSite\",\"@id\":\"https:\/\/www.poggioallagnello.it\/#website\",\"url\":\"https:\/\/www.poggioallagnello.it\/\",\"name\":\"Poggio all&#039;Agnello\",\"description\":\"Sport &amp; Active Holidays\",\"publisher\":{\"@id\":\"https:\/\/www.poggioallagnello.it\/#organization\"},\"potentialAction\":[{\"@type\":\"SearchAction\",\"target\":{\"@type\":\"EntryPoint\",\"urlTemplate\":\"https:\/\/www.poggioallagnello.it\/?s={search_term_string}\"},\"query-input\":\"required name=search_term_string\"}],\"inLanguage\":\"fr-FR\"},{\"@type\":\"Organization\",\"@id\":\"https:\/\/www.poggioallagnello.it\/#organization\",\"name\":\"Poggio all'Agnello\",\"url\":\"https:\/\/www.poggioallagnello.it\/\",\"logo\":{\"@type\":\"ImageObject\",\"inLanguage\":\"fr-FR\",\"@id\":\"https:\/\/www.poggioallagnello.it\/#\/schema\/logo\/image\/\",\"url\":\"https:\/\/www.poggioallagnello.it\/wp-content\/uploads\/2019\/02\/poggioallagnello-logo-retina-1.png\",\"contentUrl\":\"https:\/\/www.poggioallagnello.it\/wp-content\/uploads\/2019\/02\/poggioallagnello-logo-retina-1.png\",\"width\":407,\"height\":150,\"caption\":\"Poggio all'Agnello\"},\"image\":{\"@id\":\"https:\/\/www.poggioallagnello.it\/#\/schema\/logo\/image\/\"},\"sameAs\":[\"https:\/\/www.facebook.com\/poggioallagnelloresort\/\",\"https:\/\/twitter.com\/poggioagnello\",\"https:\/\/www.instagram.com\/poggioallagnello\/\"]}]}<\/script>\n<!-- \/ Yoast SEO plugin. -->","yoast_head_json":{"title":"Avantages de r\u00e9server avec nous - Poggio all'Agnello Resort","description":"R\u00e9servez vos vacances en Toscane pour les familles et les groupes sportifs \u00e0 Poggio all'Agnello Holiday Resort. Meilleur tarif garanti !","robots":{"index":"index","follow":"follow","max-snippet":"max-snippet:-1","max-image-preview":"max-image-preview:large","max-video-preview":"max-video-preview:-1"},"canonical":"https:\/\/www.poggioallagnello.it\/fr\/avantages-reservez-avec-nous\/","og_locale":"fr_FR","og_type":"article","og_title":"Avantages de r\u00e9server avec nous - Poggio all'Agnello Resort","og_description":"R\u00e9servez vos vacances en Toscane pour les familles et les groupes sportifs \u00e0 Poggio all'Agnello Holiday Resort. Meilleur tarif garanti !","og_url":"https:\/\/www.poggioallagnello.it\/fr\/avantages-reservez-avec-nous\/","og_site_name":"Poggio all&#039;Agnello","article_publisher":"https:\/\/www.facebook.com\/poggioallagnelloresort\/","article_modified_time":"2025-07-16T15:02:06+00:00","twitter_card":"summary_large_image","twitter_site":"@poggioagnello","twitter_misc":{"Dur\u00e9e de lecture estim\u00e9e":"3 minutes"},"schema":{"@context":"https:\/\/schema.org","@graph":[{"@type":"WebPage","@id":"https:\/\/www.poggioallagnello.it\/fr\/avantages-reservez-avec-nous\/","url":"https:\/\/www.poggioallagnello.it\/fr\/avantages-reservez-avec-nous\/","name":"Avantages de r\u00e9server avec nous - Poggio all'Agnello Resort","isPartOf":{"@id":"https:\/\/www.poggioallagnello.it\/#website"},"datePublished":"2021-12-09T16:22:25+00:00","dateModified":"2025-07-16T15:02:06+00:00","description":"R\u00e9servez vos vacances en Toscane pour les familles et les groupes sportifs \u00e0 Poggio all'Agnello Holiday Resort. Meilleur tarif garanti !","breadcrumb":{"@id":"https:\/\/www.poggioallagnello.it\/fr\/avantages-reservez-avec-nous\/#breadcrumb"},"inLanguage":"fr-FR","potentialAction":[{"@type":"ReadAction","target":["https:\/\/www.poggioallagnello.it\/fr\/avantages-reservez-avec-nous\/"]}]},{"@type":"BreadcrumbList","@id":"https:\/\/www.poggioallagnello.it\/fr\/avantages-reservez-avec-nous\/#breadcrumb","itemListElement":[{"@type":"ListItem","position":1,"name":"Home","item":"https:\/\/www.poggioallagnello.it\/fr\/"},{"@type":"ListItem","position":2,"name":"Avantages de r\u00e9server avec nous"}]},{"@type":"WebSite","@id":"https:\/\/www.poggioallagnello.it\/#website","url":"https:\/\/www.poggioallagnello.it\/","name":"Poggio all&#039;Agnello","description":"Sport &amp; Active Holidays","publisher":{"@id":"https:\/\/www.poggioallagnello.it\/#organization"},"potentialAction":[{"@type":"SearchAction","target":{"@type":"EntryPoint","urlTemplate":"https:\/\/www.poggioallagnello.it\/?s={search_term_string}"},"query-input":"required name=search_term_string"}],"inLanguage":"fr-FR"},{"@type":"Organization","@id":"https:\/\/www.poggioallagnello.it\/#organization","name":"Poggio all'Agnello","url":"https:\/\/www.poggioallagnello.it\/","logo":{"@type":"ImageObject","inLanguage":"fr-FR","@id":"https:\/\/www.poggioallagnello.it\/#\/schema\/logo\/image\/","url":"https:\/\/www.poggioallagnello.it\/wp-content\/uploads\/2019\/02\/poggioallagnello-logo-retina-1.png","contentUrl":"https:\/\/www.poggioallagnello.it\/wp-content\/uploads\/2019\/02\/poggioallagnello-logo-retina-1.png","width":407,"height":150,"caption":"Poggio all'Agnello"},"image":{"@id":"https:\/\/www.poggioallagnello.it\/#\/schema\/logo\/image\/"},"sameAs":["https:\/\/www.facebook.com\/poggioallagnelloresort\/","https:\/\/twitter.com\/poggioagnello","https:\/\/www.instagram.com\/poggioallagnello\/"]}]}},"_links":{"self":[{"href":"https:\/\/www.poggioallagnello.it\/fr\/wp-json\/wp\/v2\/pages\/13273"}],"collection":[{"href":"https:\/\/www.poggioallagnello.it\/fr\/wp-json\/wp\/v2\/pages"}],"about":[{"href":"https:\/\/www.poggioallagnello.it\/fr\/wp-json\/wp\/v2\/types\/page"}],"author":[{"embeddable":true,"href":"https:\/\/www.poggioallagnello.it\/fr\/wp-json\/wp\/v2\/users\/9"}],"replies":[{"embeddable":true,"href":"https:\/\/www.poggioallagnello.it\/fr\/wp-json\/wp\/v2\/comments?post=13273"}],"version-history":[{"count":5,"href":"https:\/\/www.poggioallagnello.it\/fr\/wp-json\/wp\/v2\/pages\/13273\/revisions"}],"predecessor-version":[{"id":18323,"href":"https:\/\/www.poggioallagnello.it\/fr\/wp-json\/wp\/v2\/pages\/13273\/revisions\/18323"}],"wp:attachment":[{"href":"https:\/\/www.poggioallagnello.it\/fr\/wp-json\/wp\/v2\/media?parent=13273"}],"wp:term":[{"taxonomy":"post_tag","embeddable":true,"href":"https:\/\/www.poggioallagnello.it\/fr\/wp-json\/wp\/v2\/tags?post=13273"}],"curies":[{"name":"wp","href":"https:\/\/api.w.org\/{rel}","templated":true}]}}