{"id":13688,"date":"2022-01-10T14:12:40","date_gmt":"2022-01-10T13:12:40","guid":{"rendered":"https:\/\/www.poggioallagnello.it\/newsletter\/"},"modified":"2022-05-02T23:02:57","modified_gmt":"2022-05-02T21:02:57","slug":"newsletter","status":"publish","type":"page","link":"https:\/\/www.poggioallagnello.it\/fr\/newsletter\/","title":{"rendered":"Newsletter"},"content":{"rendered":"<section class=\"wpb-content-wrapper\"><p>[vc_row][vc_column][vc_empty_space][vc_custom_heading text=\u00a0\u00bbEntrez dans la liste de diffusion Poggio all\u2019Agnello\u00a0\u00bb font_container=\u00a0\u00bbtag:h2|text_align:center\u00a0\u00bb google_fonts=\u00a0\u00bbfont_family:Raleway%3A100%2C200%2C300%2Cregular%2C500%2C600%2C700%2C800%2C900|font_style:400%20regular%3A400%3Anormal\u00a0\u00bb][vc_empty_space][\/vc_column][\/vc_row][vc_row][vc_column width=\u00a0\u00bb1\/2&Prime;][vc_column_text]<\/p>\n<h3><strong>Porquoi s\u2019enregistrer:<\/strong><\/h3>\n<p style=\"font-weight: 400;\">En vous inscrivant \u00e0 notre liste de diffusion, vous aurez acc\u00e8s \u00e0 de nombreux avantages: une remise exclusive sur nos meilleurs tarifs en ligne. De plus, vous recevrez notre newsletter (Nous n\u2019aimons pas\u00a0 le spam aussi \ud83d\ude09\u00a0)<\/p>\n<ul style=\"font-weight: 400;\">\n<li>5% de r\u00e9duction sur les meilleurs tarifs garantis (uniquement pour les s\u00e9jours individuels),<\/li>\n<li>\u2022 Vous serez mis \u00e0 jour en avant-premi\u00e8re sur les nouveaut\u00e9s.<\/li>\n<li>Vous recevrez des promotions exclusives<\/li>\n<\/ul>\n<ul>\n<li style=\"font-weight: 400;\">Vous pouvez vous d\u00e9sinscrire \u00e0 tout moment en un seul clic.<\/li>\n<\/ul>\n<p>[\/vc_column_text][vc_column_text]<\/p>\n<h3><strong>Comment s\u2019enregistrer:<\/strong><\/h3>\n<p style=\"font-weight: 400;\">remplit les champs suivants:<\/p>\n<ol>\n<li style=\"font-weight: 400;\">Nom<\/li>\n<li style=\"font-weight: 400;\">Nom de famille<\/li>\n<li style=\"font-weight: 400;\">Courrier \u00c9lectronique<\/li>\n<li style=\"font-weight: 400;\">choisissez ce qui vous int\u00e9resse (Ex. Vacances = Vacances \u00e0 la mer)<\/li>\n<li style=\"font-weight: 400;\">coche \u00ab Je veux m\u2019inscrire \u00e0 la newsletter&#8230; \u00bb<\/li>\n<li style=\"font-weight: 400;\">Cliquez sur S\u2019ENREGISTER<\/li>\n<li style=\"font-weight: 400;\">Vous recevrez un email avec un link \u00e0 confirmer (n\u2019oubliez pas de v\u00e9rifier la bo\u00eete SPAM)<\/li>\n<\/ol>\n<p>[\/vc_column_text][\/vc_column][vc_column width=\u00a0\u00bb1\/2&Prime; css=\u00a0\u00bb.vc_custom_1641999497713{background-color: #eaeaea !important;}\u00a0\u00bb][vc_column_text]<div id=\"iscrizione_newsletter\" class=\"mc_widget_container\"><\/div><script>\n        var opt_iscrizione_newsletter = {\n            apiKey: \"54b0d284278b0d5ed77cb948caefafa57883a02b\",\n            targetId: \"iscrizione_newsletter\",\n            language: \"fr\",\n            lists: \"MCLST-1385,MCLST-1386,MCLST-1387,MCLST-1388\",\n            lists_choice: \"true\",\n            attr: \"229-nome,230-cognome,email\",\n            cExist: \"1\",\n            cOtherList: \"1\",\n            labelTxt: JSON.parse('{}'),\n            theme: JSON.parse('{\"background\":\"transparent\",\"font\":\"inherit\",\"align\":\"left\",\"txt_color\":\"#000000\",\"txt_size\":\"16px\",\"btn_background\":\"#00cc00\",\"btn_color\":\"#ffffff\",\"btn_size\":\"16px\",\"form_color\":\"#ffffff\",\"form_txt_color\":\"#000000\"}')\n        }\n        <\/script>[\/vc_column_text][\/vc_column][\/vc_row]<\/p>\n<\/section>","protected":false},"excerpt":{"rendered":"<p>[vc_row][vc_column][vc_empty_space][vc_custom_heading text=\u00a0\u00bbEntrez dans la liste de diffusion Poggio all\u2019Agnello\u00a0\u00bb font_container=\u00a0\u00bbtag:h2|text_align:center\u00a0\u00bb google_fonts=\u00a0\u00bbfont_family:Raleway%3A100%2C200%2C300%2Cregular%2C500%2C600%2C700%2C800%2C900|font_style:400%20regular%3A400%3Anormal\u00a0\u00bb][vc_empty_space][\/vc_column][\/vc_row][vc_row][vc_column width=\u00a0\u00bb1\/2&Prime;][vc_column_text] Porquoi s\u2019enregistrer: En vous inscrivant \u00e0 notre liste de diffusion, vous aurez acc\u00e8s \u00e0 de nombreux avantages: une remise exclusive sur nos meilleurs tarifs en ligne. De plus, vous recevrez notre newsletter (Nous n\u2019aimons pas\u00a0 le spam aussi \ud83d\ude09\u00a0) 5% de r\u00e9duction sur&hellip;<\/p>\n","protected":false},"author":7,"featured_media":0,"parent":0,"menu_order":0,"comment_status":"closed","ping_status":"closed","template":"","meta":[],"tags":[],"yoast_head":"<!-- This site is optimized with the Yoast SEO plugin v21.1 - https:\/\/yoast.com\/wordpress\/plugins\/seo\/ -->\n<title>Entrez dans la liste de diffusion - Poggio all&#039;Agnello Resort<\/title>\n<meta name=\"description\" content=\"Reasons to Sign you up:Sign up to our mailing list and get confidential rates and a contact moment newsletter\" \/>\n<meta name=\"robots\" content=\"index, follow, max-snippet:-1, max-image-preview:large, max-video-preview:-1\" \/>\n<link rel=\"canonical\" href=\"https:\/\/www.poggioallagnello.it\/fr\/newsletter\/\" \/>\n<meta property=\"og:locale\" content=\"fr_FR\" \/>\n<meta property=\"og:type\" content=\"article\" \/>\n<meta property=\"og:title\" content=\"Entrez dans la liste de diffusion - Poggio all&#039;Agnello Resort\" \/>\n<meta property=\"og:description\" content=\"Reasons to Sign you up:Sign up to our mailing list and get confidential rates and a contact moment newsletter\" \/>\n<meta property=\"og:url\" content=\"https:\/\/www.poggioallagnello.it\/fr\/newsletter\/\" \/>\n<meta property=\"og:site_name\" content=\"Poggio all&#039;Agnello\" \/>\n<meta property=\"article:publisher\" content=\"https:\/\/www.facebook.com\/poggioallagnelloresort\/\" \/>\n<meta property=\"article:modified_time\" content=\"2022-05-02T21:02:57+00:00\" \/>\n<meta name=\"twitter:card\" content=\"summary_large_image\" \/>\n<meta name=\"twitter:site\" content=\"@poggioagnello\" \/>\n<meta name=\"twitter:label1\" content=\"Dur\u00e9e de lecture estim\u00e9e\" \/>\n\t<meta name=\"twitter:data1\" content=\"1 minute\" \/>\n<script type=\"application\/ld+json\" class=\"yoast-schema-graph\">{\"@context\":\"https:\/\/schema.org\",\"@graph\":[{\"@type\":\"WebPage\",\"@id\":\"https:\/\/www.poggioallagnello.it\/fr\/newsletter\/\",\"url\":\"https:\/\/www.poggioallagnello.it\/fr\/newsletter\/\",\"name\":\"Entrez dans la liste de diffusion - Poggio all'Agnello Resort\",\"isPartOf\":{\"@id\":\"https:\/\/www.poggioallagnello.it\/#website\"},\"datePublished\":\"2022-01-10T13:12:40+00:00\",\"dateModified\":\"2022-05-02T21:02:57+00:00\",\"description\":\"Reasons to Sign you up:Sign up to our mailing list and get confidential rates and a contact moment newsletter\",\"breadcrumb\":{\"@id\":\"https:\/\/www.poggioallagnello.it\/fr\/newsletter\/#breadcrumb\"},\"inLanguage\":\"fr-FR\",\"potentialAction\":[{\"@type\":\"ReadAction\",\"target\":[\"https:\/\/www.poggioallagnello.it\/fr\/newsletter\/\"]}]},{\"@type\":\"BreadcrumbList\",\"@id\":\"https:\/\/www.poggioallagnello.it\/fr\/newsletter\/#breadcrumb\",\"itemListElement\":[{\"@type\":\"ListItem\",\"position\":1,\"name\":\"Home\",\"item\":\"https:\/\/www.poggioallagnello.it\/fr\/\"},{\"@type\":\"ListItem\",\"position\":2,\"name\":\"Newsletter\"}]},{\"@type\":\"WebSite\",\"@id\":\"https:\/\/www.poggioallagnello.it\/#website\",\"url\":\"https:\/\/www.poggioallagnello.it\/\",\"name\":\"Poggio all&#039;Agnello\",\"description\":\"Sport &amp; Active Holidays\",\"publisher\":{\"@id\":\"https:\/\/www.poggioallagnello.it\/#organization\"},\"potentialAction\":[{\"@type\":\"SearchAction\",\"target\":{\"@type\":\"EntryPoint\",\"urlTemplate\":\"https:\/\/www.poggioallagnello.it\/?s={search_term_string}\"},\"query-input\":\"required name=search_term_string\"}],\"inLanguage\":\"fr-FR\"},{\"@type\":\"Organization\",\"@id\":\"https:\/\/www.poggioallagnello.it\/#organization\",\"name\":\"Poggio all'Agnello\",\"url\":\"https:\/\/www.poggioallagnello.it\/\",\"logo\":{\"@type\":\"ImageObject\",\"inLanguage\":\"fr-FR\",\"@id\":\"https:\/\/www.poggioallagnello.it\/#\/schema\/logo\/image\/\",\"url\":\"https:\/\/www.poggioallagnello.it\/wp-content\/uploads\/2019\/02\/poggioallagnello-logo-retina-1.png\",\"contentUrl\":\"https:\/\/www.poggioallagnello.it\/wp-content\/uploads\/2019\/02\/poggioallagnello-logo-retina-1.png\",\"width\":407,\"height\":150,\"caption\":\"Poggio all'Agnello\"},\"image\":{\"@id\":\"https:\/\/www.poggioallagnello.it\/#\/schema\/logo\/image\/\"},\"sameAs\":[\"https:\/\/www.facebook.com\/poggioallagnelloresort\/\",\"https:\/\/twitter.com\/poggioagnello\",\"https:\/\/www.instagram.com\/poggioallagnello\/\"]}]}<\/script>\n<!-- \/ Yoast SEO plugin. -->","yoast_head_json":{"title":"Entrez dans la liste de diffusion - Poggio all'Agnello Resort","description":"Reasons to Sign you up:Sign up to our mailing list and get confidential rates and a contact moment newsletter","robots":{"index":"index","follow":"follow","max-snippet":"max-snippet:-1","max-image-preview":"max-image-preview:large","max-video-preview":"max-video-preview:-1"},"canonical":"https:\/\/www.poggioallagnello.it\/fr\/newsletter\/","og_locale":"fr_FR","og_type":"article","og_title":"Entrez dans la liste de diffusion - Poggio all'Agnello Resort","og_description":"Reasons to Sign you up:Sign up to our mailing list and get confidential rates and a contact moment newsletter","og_url":"https:\/\/www.poggioallagnello.it\/fr\/newsletter\/","og_site_name":"Poggio all&#039;Agnello","article_publisher":"https:\/\/www.facebook.com\/poggioallagnelloresort\/","article_modified_time":"2022-05-02T21:02:57+00:00","twitter_card":"summary_large_image","twitter_site":"@poggioagnello","twitter_misc":{"Dur\u00e9e de lecture estim\u00e9e":"1 minute"},"schema":{"@context":"https:\/\/schema.org","@graph":[{"@type":"WebPage","@id":"https:\/\/www.poggioallagnello.it\/fr\/newsletter\/","url":"https:\/\/www.poggioallagnello.it\/fr\/newsletter\/","name":"Entrez dans la liste de diffusion - Poggio all'Agnello Resort","isPartOf":{"@id":"https:\/\/www.poggioallagnello.it\/#website"},"datePublished":"2022-01-10T13:12:40+00:00","dateModified":"2022-05-02T21:02:57+00:00","description":"Reasons to Sign you up:Sign up to our mailing list and get confidential rates and a contact moment newsletter","breadcrumb":{"@id":"https:\/\/www.poggioallagnello.it\/fr\/newsletter\/#breadcrumb"},"inLanguage":"fr-FR","potentialAction":[{"@type":"ReadAction","target":["https:\/\/www.poggioallagnello.it\/fr\/newsletter\/"]}]},{"@type":"BreadcrumbList","@id":"https:\/\/www.poggioallagnello.it\/fr\/newsletter\/#breadcrumb","itemListElement":[{"@type":"ListItem","position":1,"name":"Home","item":"https:\/\/www.poggioallagnello.it\/fr\/"},{"@type":"ListItem","position":2,"name":"Newsletter"}]},{"@type":"WebSite","@id":"https:\/\/www.poggioallagnello.it\/#website","url":"https:\/\/www.poggioallagnello.it\/","name":"Poggio all&#039;Agnello","description":"Sport &amp; Active Holidays","publisher":{"@id":"https:\/\/www.poggioallagnello.it\/#organization"},"potentialAction":[{"@type":"SearchAction","target":{"@type":"EntryPoint","urlTemplate":"https:\/\/www.poggioallagnello.it\/?s={search_term_string}"},"query-input":"required name=search_term_string"}],"inLanguage":"fr-FR"},{"@type":"Organization","@id":"https:\/\/www.poggioallagnello.it\/#organization","name":"Poggio all'Agnello","url":"https:\/\/www.poggioallagnello.it\/","logo":{"@type":"ImageObject","inLanguage":"fr-FR","@id":"https:\/\/www.poggioallagnello.it\/#\/schema\/logo\/image\/","url":"https:\/\/www.poggioallagnello.it\/wp-content\/uploads\/2019\/02\/poggioallagnello-logo-retina-1.png","contentUrl":"https:\/\/www.poggioallagnello.it\/wp-content\/uploads\/2019\/02\/poggioallagnello-logo-retina-1.png","width":407,"height":150,"caption":"Poggio all'Agnello"},"image":{"@id":"https:\/\/www.poggioallagnello.it\/#\/schema\/logo\/image\/"},"sameAs":["https:\/\/www.facebook.com\/poggioallagnelloresort\/","https:\/\/twitter.com\/poggioagnello","https:\/\/www.instagram.com\/poggioallagnello\/"]}]}},"_links":{"self":[{"href":"https:\/\/www.poggioallagnello.it\/fr\/wp-json\/wp\/v2\/pages\/13688"}],"collection":[{"href":"https:\/\/www.poggioallagnello.it\/fr\/wp-json\/wp\/v2\/pages"}],"about":[{"href":"https:\/\/www.poggioallagnello.it\/fr\/wp-json\/wp\/v2\/types\/page"}],"author":[{"embeddable":true,"href":"https:\/\/www.poggioallagnello.it\/fr\/wp-json\/wp\/v2\/users\/7"}],"replies":[{"embeddable":true,"href":"https:\/\/www.poggioallagnello.it\/fr\/wp-json\/wp\/v2\/comments?post=13688"}],"version-history":[{"count":4,"href":"https:\/\/www.poggioallagnello.it\/fr\/wp-json\/wp\/v2\/pages\/13688\/revisions"}],"predecessor-version":[{"id":14963,"href":"https:\/\/www.poggioallagnello.it\/fr\/wp-json\/wp\/v2\/pages\/13688\/revisions\/14963"}],"wp:attachment":[{"href":"https:\/\/www.poggioallagnello.it\/fr\/wp-json\/wp\/v2\/media?parent=13688"}],"wp:term":[{"taxonomy":"post_tag","embeddable":true,"href":"https:\/\/www.poggioallagnello.it\/fr\/wp-json\/wp\/v2\/tags?post=13688"}],"curies":[{"name":"wp","href":"https:\/\/api.w.org\/{rel}","templated":true}]}}