{"id":15393,"date":"2022-08-04T14:40:34","date_gmt":"2022-08-04T12:40:34","guid":{"rendered":"https:\/\/www.poggioallagnello.it\/info-utili\/"},"modified":"2023-10-13T11:40:44","modified_gmt":"2023-10-13T09:40:44","slug":"informations-utiles","status":"publish","type":"page","link":"https:\/\/www.poggioallagnello.it\/fr\/informations-utiles\/","title":{"rendered":"Informations utiles"},"content":{"rendered":"<section class=\"wpb-content-wrapper\"><p>[vc_row css=\u00a0\u00bb.vc_custom_1551255640601{margin-top: 40px !important;margin-bottom: 40px !important;}\u00a0\u00bb][vc_column width=\u00a0\u00bb2\/3&Prime;][vc_column_text css_animation=\u00a0\u00bbfadeInUp\u00a0\u00bb]<\/p>\n<h2>Informations utiles<\/h2>\n<ul>\n<li style=\"list-style-type: none;\">\n<ul>\n<li>\u00c0 quelle heure il est possible d&rsquo;effectuer le <strong>check-in<\/strong> et le <strong>check-out<\/strong>?<\/li>\n<\/ul>\n<\/li>\n<\/ul>\n<p>L&rsquo;enregistrement s&rsquo;effectue \u00e0 partir de 17h00 et le d\u00e9part avant 10h00.<\/p>\n<ul>\n<li style=\"list-style-type: none;\">\n<ul>\n<li>Quels sont les principaux <strong>\u00c9quipements inclus dans les appartements<\/strong> ?<\/li>\n<\/ul>\n<\/li>\n<\/ul>\n<p>Set de bain complet, linge de lit et de cuisine<br \/>\nS\u00e8che-cheveux<br \/>\nClimatisation et chauffage<br \/>\nWi-fi dans les espaces communs et mise \u00e0 disposition d&rsquo;une salle de r\u00e9union avec connexion rapide<\/p>\n<p>&nbsp;<\/p>\n<p>Pour toute autre information, visitez la <a href=\"https:\/\/www.poggioallagnello.it\/fr\/services-du-resort\/\"><strong>page<\/strong> des services du Resort<\/a> et des <strong><a href=\"https:\/\/www.poggioallagnello.it\/fr\/appartements\/\">appartements<\/a><\/strong>.[\/vc_column_text][\/vc_column][vc_column width=\u00a0\u00bb1\/3&Prime;][vc_single_image image=\u00a0\u00bb1704&Prime; img_size=\u00a0\u00bbfull\u00a0\u00bb alignment=\u00a0\u00bbcenter\u00a0\u00bb][\/vc_column][\/vc_row][vc_row bg_type=\u00a0\u00bbimage\u00a0\u00bb parallax_style=\u00a0\u00bbvcpb-default\u00a0\u00bb bg_image_new=\u00a0\u00bbid^15090|url^https:\/\/www.poggioallagnello.it\/wp-content\/uploads\/2022\/05\/resort-gruppi-toscana.jpg|caption^null|alt^null|title^Poggio All&rsquo;agnello|description^null\u00a0\u00bb bg_override=\u00a0\u00bbex-full\u00a0\u00bb enable_overlay=\u00a0\u00bbenable_overlay_value\u00a0\u00bb overlay_color=\u00a0\u00bbrgba(0,0,0,0.47)\u00a0\u00bb css=\u00a0\u00bb.vc_custom_1659616475079{padding-top: 90px !important;padding-bottom: 90px !important;}\u00a0\u00bb][vc_column][vc_column_text css_animation=\u00a0\u00bbfadeInDown\u00a0\u00bb]<\/p>\n<h3><span style=\"color: #ffffff;\">R\u00c9SERVEZ VOS PROCHAINES VACANCES \u00c0 LA PLAGE EN TOSCANE<br \/>\n<\/span><\/h3>\n<p><span style=\"color: #ffffff;\">Lorsque vous r\u00e9servez sur notre site, vous aurez la garantie de transactions s\u00fbres et s\u00e9curis\u00e9es pour vous assurer que vos donn\u00e9es sont toujours en s\u00e9curit\u00e9.<\/span>[\/vc_column_text][\/vc_column][\/vc_row]<\/p>\n<\/section>","protected":false},"excerpt":{"rendered":"<p>[vc_row css=\u00a0\u00bb.vc_custom_1551255640601{margin-top: 40px !important;margin-bottom: 40px !important;}\u00a0\u00bb][vc_column width=\u00a0\u00bb2\/3&Prime;][vc_column_text css_animation=\u00a0\u00bbfadeInUp\u00a0\u00bb] Informations utiles \u00c0 quelle heure il est possible d&rsquo;effectuer le check-in et le check-out? L&rsquo;enregistrement s&rsquo;effectue \u00e0 partir de 17h00 et le d\u00e9part avant 10h00. Quels sont les principaux \u00c9quipements inclus dans les appartements ? Set de bain complet, linge de lit et de cuisine S\u00e8che-cheveux Climatisation&hellip;<\/p>\n","protected":false},"author":9,"featured_media":0,"parent":0,"menu_order":0,"comment_status":"closed","ping_status":"closed","template":"","meta":[],"tags":[],"yoast_head":"<!-- This site is optimized with the Yoast SEO plugin v21.1 - https:\/\/yoast.com\/wordpress\/plugins\/seo\/ -->\n<title>Informations utiles | Poggio all&#039;Agnello<\/title>\n<meta name=\"description\" content=\"R\u00e9servez sur le site officiel du Poggio all&#039;Agnello Resort et vous b\u00e9n\u00e9ficierez d&#039;avantages exclusifs et du meilleur tarif garanti. D\u00e9couvrez les infos utiles avant de partir.\" \/>\n<meta name=\"robots\" content=\"index, follow, max-snippet:-1, max-image-preview:large, max-video-preview:-1\" \/>\n<link rel=\"canonical\" href=\"https:\/\/www.poggioallagnello.it\/fr\/informations-utiles\/\" \/>\n<meta property=\"og:locale\" content=\"fr_FR\" \/>\n<meta property=\"og:type\" content=\"article\" \/>\n<meta property=\"og:title\" content=\"Informations utiles | Poggio all&#039;Agnello\" \/>\n<meta property=\"og:description\" content=\"R\u00e9servez sur le site officiel du Poggio all&#039;Agnello Resort et vous b\u00e9n\u00e9ficierez d&#039;avantages exclusifs et du meilleur tarif garanti. D\u00e9couvrez les infos utiles avant de partir.\" \/>\n<meta property=\"og:url\" content=\"https:\/\/www.poggioallagnello.it\/fr\/informations-utiles\/\" \/>\n<meta property=\"og:site_name\" content=\"Poggio all&#039;Agnello\" \/>\n<meta property=\"article:publisher\" content=\"https:\/\/www.facebook.com\/poggioallagnelloresort\/\" \/>\n<meta property=\"article:modified_time\" content=\"2023-10-13T09:40:44+00:00\" \/>\n<meta name=\"twitter:card\" content=\"summary_large_image\" \/>\n<meta name=\"twitter:site\" content=\"@poggioagnello\" \/>\n<meta name=\"twitter:label1\" content=\"Dur\u00e9e de lecture estim\u00e9e\" \/>\n\t<meta name=\"twitter:data1\" content=\"1 minute\" \/>\n<script type=\"application\/ld+json\" class=\"yoast-schema-graph\">{\"@context\":\"https:\/\/schema.org\",\"@graph\":[{\"@type\":\"WebPage\",\"@id\":\"https:\/\/www.poggioallagnello.it\/fr\/informations-utiles\/\",\"url\":\"https:\/\/www.poggioallagnello.it\/fr\/informations-utiles\/\",\"name\":\"Informations utiles | Poggio all&#039;Agnello\",\"isPartOf\":{\"@id\":\"https:\/\/www.poggioallagnello.it\/#website\"},\"datePublished\":\"2022-08-04T12:40:34+00:00\",\"dateModified\":\"2023-10-13T09:40:44+00:00\",\"description\":\"R\u00e9servez sur le site officiel du Poggio all'Agnello Resort et vous b\u00e9n\u00e9ficierez d'avantages exclusifs et du meilleur tarif garanti. D\u00e9couvrez les infos utiles avant de partir.\",\"breadcrumb\":{\"@id\":\"https:\/\/www.poggioallagnello.it\/fr\/informations-utiles\/#breadcrumb\"},\"inLanguage\":\"fr-FR\",\"potentialAction\":[{\"@type\":\"ReadAction\",\"target\":[\"https:\/\/www.poggioallagnello.it\/fr\/informations-utiles\/\"]}]},{\"@type\":\"BreadcrumbList\",\"@id\":\"https:\/\/www.poggioallagnello.it\/fr\/informations-utiles\/#breadcrumb\",\"itemListElement\":[{\"@type\":\"ListItem\",\"position\":1,\"name\":\"Home\",\"item\":\"https:\/\/www.poggioallagnello.it\/fr\/\"},{\"@type\":\"ListItem\",\"position\":2,\"name\":\"Informations utiles\"}]},{\"@type\":\"WebSite\",\"@id\":\"https:\/\/www.poggioallagnello.it\/#website\",\"url\":\"https:\/\/www.poggioallagnello.it\/\",\"name\":\"Poggio all&#039;Agnello\",\"description\":\"Sport &amp; Active Holidays\",\"publisher\":{\"@id\":\"https:\/\/www.poggioallagnello.it\/#organization\"},\"potentialAction\":[{\"@type\":\"SearchAction\",\"target\":{\"@type\":\"EntryPoint\",\"urlTemplate\":\"https:\/\/www.poggioallagnello.it\/?s={search_term_string}\"},\"query-input\":\"required name=search_term_string\"}],\"inLanguage\":\"fr-FR\"},{\"@type\":\"Organization\",\"@id\":\"https:\/\/www.poggioallagnello.it\/#organization\",\"name\":\"Poggio all'Agnello\",\"url\":\"https:\/\/www.poggioallagnello.it\/\",\"logo\":{\"@type\":\"ImageObject\",\"inLanguage\":\"fr-FR\",\"@id\":\"https:\/\/www.poggioallagnello.it\/#\/schema\/logo\/image\/\",\"url\":\"https:\/\/www.poggioallagnello.it\/wp-content\/uploads\/2019\/02\/poggioallagnello-logo-retina-1.png\",\"contentUrl\":\"https:\/\/www.poggioallagnello.it\/wp-content\/uploads\/2019\/02\/poggioallagnello-logo-retina-1.png\",\"width\":407,\"height\":150,\"caption\":\"Poggio all'Agnello\"},\"image\":{\"@id\":\"https:\/\/www.poggioallagnello.it\/#\/schema\/logo\/image\/\"},\"sameAs\":[\"https:\/\/www.facebook.com\/poggioallagnelloresort\/\",\"https:\/\/twitter.com\/poggioagnello\",\"https:\/\/www.instagram.com\/poggioallagnello\/\"]}]}<\/script>\n<!-- \/ Yoast SEO plugin. -->","yoast_head_json":{"title":"Informations utiles | Poggio all&#039;Agnello","description":"R\u00e9servez sur le site officiel du Poggio all'Agnello Resort et vous b\u00e9n\u00e9ficierez d'avantages exclusifs et du meilleur tarif garanti. D\u00e9couvrez les infos utiles avant de partir.","robots":{"index":"index","follow":"follow","max-snippet":"max-snippet:-1","max-image-preview":"max-image-preview:large","max-video-preview":"max-video-preview:-1"},"canonical":"https:\/\/www.poggioallagnello.it\/fr\/informations-utiles\/","og_locale":"fr_FR","og_type":"article","og_title":"Informations utiles | Poggio all&#039;Agnello","og_description":"R\u00e9servez sur le site officiel du Poggio all'Agnello Resort et vous b\u00e9n\u00e9ficierez d'avantages exclusifs et du meilleur tarif garanti. D\u00e9couvrez les infos utiles avant de partir.","og_url":"https:\/\/www.poggioallagnello.it\/fr\/informations-utiles\/","og_site_name":"Poggio all&#039;Agnello","article_publisher":"https:\/\/www.facebook.com\/poggioallagnelloresort\/","article_modified_time":"2023-10-13T09:40:44+00:00","twitter_card":"summary_large_image","twitter_site":"@poggioagnello","twitter_misc":{"Dur\u00e9e de lecture estim\u00e9e":"1 minute"},"schema":{"@context":"https:\/\/schema.org","@graph":[{"@type":"WebPage","@id":"https:\/\/www.poggioallagnello.it\/fr\/informations-utiles\/","url":"https:\/\/www.poggioallagnello.it\/fr\/informations-utiles\/","name":"Informations utiles | Poggio all&#039;Agnello","isPartOf":{"@id":"https:\/\/www.poggioallagnello.it\/#website"},"datePublished":"2022-08-04T12:40:34+00:00","dateModified":"2023-10-13T09:40:44+00:00","description":"R\u00e9servez sur le site officiel du Poggio all'Agnello Resort et vous b\u00e9n\u00e9ficierez d'avantages exclusifs et du meilleur tarif garanti. D\u00e9couvrez les infos utiles avant de partir.","breadcrumb":{"@id":"https:\/\/www.poggioallagnello.it\/fr\/informations-utiles\/#breadcrumb"},"inLanguage":"fr-FR","potentialAction":[{"@type":"ReadAction","target":["https:\/\/www.poggioallagnello.it\/fr\/informations-utiles\/"]}]},{"@type":"BreadcrumbList","@id":"https:\/\/www.poggioallagnello.it\/fr\/informations-utiles\/#breadcrumb","itemListElement":[{"@type":"ListItem","position":1,"name":"Home","item":"https:\/\/www.poggioallagnello.it\/fr\/"},{"@type":"ListItem","position":2,"name":"Informations utiles"}]},{"@type":"WebSite","@id":"https:\/\/www.poggioallagnello.it\/#website","url":"https:\/\/www.poggioallagnello.it\/","name":"Poggio all&#039;Agnello","description":"Sport &amp; Active Holidays","publisher":{"@id":"https:\/\/www.poggioallagnello.it\/#organization"},"potentialAction":[{"@type":"SearchAction","target":{"@type":"EntryPoint","urlTemplate":"https:\/\/www.poggioallagnello.it\/?s={search_term_string}"},"query-input":"required name=search_term_string"}],"inLanguage":"fr-FR"},{"@type":"Organization","@id":"https:\/\/www.poggioallagnello.it\/#organization","name":"Poggio all'Agnello","url":"https:\/\/www.poggioallagnello.it\/","logo":{"@type":"ImageObject","inLanguage":"fr-FR","@id":"https:\/\/www.poggioallagnello.it\/#\/schema\/logo\/image\/","url":"https:\/\/www.poggioallagnello.it\/wp-content\/uploads\/2019\/02\/poggioallagnello-logo-retina-1.png","contentUrl":"https:\/\/www.poggioallagnello.it\/wp-content\/uploads\/2019\/02\/poggioallagnello-logo-retina-1.png","width":407,"height":150,"caption":"Poggio all'Agnello"},"image":{"@id":"https:\/\/www.poggioallagnello.it\/#\/schema\/logo\/image\/"},"sameAs":["https:\/\/www.facebook.com\/poggioallagnelloresort\/","https:\/\/twitter.com\/poggioagnello","https:\/\/www.instagram.com\/poggioallagnello\/"]}]}},"_links":{"self":[{"href":"https:\/\/www.poggioallagnello.it\/fr\/wp-json\/wp\/v2\/pages\/15393"}],"collection":[{"href":"https:\/\/www.poggioallagnello.it\/fr\/wp-json\/wp\/v2\/pages"}],"about":[{"href":"https:\/\/www.poggioallagnello.it\/fr\/wp-json\/wp\/v2\/types\/page"}],"author":[{"embeddable":true,"href":"https:\/\/www.poggioallagnello.it\/fr\/wp-json\/wp\/v2\/users\/9"}],"replies":[{"embeddable":true,"href":"https:\/\/www.poggioallagnello.it\/fr\/wp-json\/wp\/v2\/comments?post=15393"}],"version-history":[{"count":3,"href":"https:\/\/www.poggioallagnello.it\/fr\/wp-json\/wp\/v2\/pages\/15393\/revisions"}],"predecessor-version":[{"id":16060,"href":"https:\/\/www.poggioallagnello.it\/fr\/wp-json\/wp\/v2\/pages\/15393\/revisions\/16060"}],"wp:attachment":[{"href":"https:\/\/www.poggioallagnello.it\/fr\/wp-json\/wp\/v2\/media?parent=15393"}],"wp:term":[{"taxonomy":"post_tag","embeddable":true,"href":"https:\/\/www.poggioallagnello.it\/fr\/wp-json\/wp\/v2\/tags?post=15393"}],"curies":[{"name":"wp","href":"https:\/\/api.w.org\/{rel}","templated":true}]}}