{"id":17367,"date":"2024-07-26T18:39:32","date_gmt":"2024-07-26T16:39:32","guid":{"rendered":"https:\/\/www.poggioallagnello.it\/?page_id=17367"},"modified":"2026-01-20T14:37:08","modified_gmt":"2026-01-20T13:37:08","slug":"piste-cyclable-resort-golfe-de-baratti","status":"publish","type":"page","link":"https:\/\/www.poggioallagnello.it\/fr\/piste-cyclable-resort-golfe-de-baratti\/","title":{"rendered":"Pista Ciclabile"},"content":{"rendered":"<section class=\"wpb-content-wrapper\"><p>[vc_row full_width=\u00a0\u00bbstretch_row\u00a0\u00bb equal_height=\u00a0\u00bbyes\u00a0\u00bb content_placement=\u00a0\u00bbmiddle\u00a0\u00bb css=\u00a0\u00bb.vc_custom_1722012939472{padding-top: 140px !important;}\u00a0\u00bb][vc_column css=\u00a0\u00bb.vc_custom_1549836856365{padding-right: 0px !important;}\u00a0\u00bb][vc_column_text css_animation=\u00a0\u00bbfadeInLeft\u00a0\u00bb]<\/p>\n<h2>NOUVELLE PISTE CYCLABLE DU RESORT \u00c0 LA MER DE BARATTI<\/h2>\n<p>Venez vivre une exp\u00e9rience unique, immerg\u00e9s dans la nature et \u00e0 quelques pas des magnifiques eaux du golfe de Baratti.<\/p>\n<p>[\/vc_column_text][\/vc_column][\/vc_row][vc_row full_width=\u00a0\u00bbstretch_row\u00a0\u00bb equal_height=\u00a0\u00bbyes\u00a0\u00bb content_placement=\u00a0\u00bbmiddle\u00a0\u00bb][vc_column width=\u00a0\u00bb1\/6&Prime; css=\u00a0\u00bb.vc_custom_1549836856365{padding-right: 0px !important;}\u00a0\u00bb][\/vc_column][vc_column width=\u00a0\u00bb2\/3&Prime;][vc_video link=\u00a0\u00bbhttps:\/\/youtu.be\/UkJhJ8jWBX0?si=1nlWWRa0McXjBgA2&Prime; align=\u00a0\u00bbcenter\u00a0\u00bb][\/vc_column][vc_column width=\u00a0\u00bb1\/6&Prime;][\/vc_column][\/vc_row][vc_row full_width=\u00a0\u00bbstretch_row\u00a0\u00bb equal_height=\u00a0\u00bbyes\u00a0\u00bb content_placement=\u00a0\u00bbmiddle\u00a0\u00bb css=\u00a0\u00bb.vc_custom_1722012932196{padding-bottom: 140px !important;}\u00a0\u00bb][vc_column css=\u00a0\u00bb.vc_custom_1549836856365{padding-right: 0px !important;}\u00a0\u00bb][vc_column_text]Nous sommes ravis de vous pr\u00e9senter la nouvelle piste cyclable qui relie notre resort au merveilleux golfe de Baratti sur une distance de 2 km. Imaginez-vous vous r\u00e9veillant le matin, prenant votre v\u00e9lo ou votre ami \u00e0 quatre pattes, et p\u00e9dalant vers la mer sans souci. Pas d&rsquo;horaires \u00e0 respecter, pas de stress, et surtout pas de probl\u00e8mes de stationnement.<\/p>\n<p>L&rsquo;\u00e9t\u00e9 \u00e0 Poggio all\u2019Agnello dans le cadre extraordinaire de Populonia, en Toscane, est un r\u00eave devenu r\u00e9alit\u00e9.[\/vc_column_text][\/vc_column][\/vc_row]<\/p>\n<\/section>","protected":false},"excerpt":{"rendered":"<p>[vc_row full_width=\u00a0\u00bbstretch_row\u00a0\u00bb equal_height=\u00a0\u00bbyes\u00a0\u00bb content_placement=\u00a0\u00bbmiddle\u00a0\u00bb css=\u00a0\u00bb.vc_custom_1722012939472{padding-top: 140px !important;}\u00a0\u00bb][vc_column css=\u00a0\u00bb.vc_custom_1549836856365{padding-right: 0px !important;}\u00a0\u00bb][vc_column_text css_animation=\u00a0\u00bbfadeInLeft\u00a0\u00bb] NOUVELLE PISTE CYCLABLE DU RESORT \u00c0 LA MER DE BARATTI Venez vivre une exp\u00e9rience unique, immerg\u00e9s dans la nature et \u00e0 quelques pas des magnifiques eaux du golfe de Baratti. [\/vc_column_text][\/vc_column][\/vc_row][vc_row full_width=\u00a0\u00bbstretch_row\u00a0\u00bb equal_height=\u00a0\u00bbyes\u00a0\u00bb content_placement=\u00a0\u00bbmiddle\u00a0\u00bb][vc_column width=\u00a0\u00bb1\/6&Prime; css=\u00a0\u00bb.vc_custom_1549836856365{padding-right: 0px !important;}\u00a0\u00bb][\/vc_column][vc_column width=\u00a0\u00bb2\/3&Prime;][vc_video link=\u00a0\u00bbhttps:\/\/youtu.be\/UkJhJ8jWBX0?si=1nlWWRa0McXjBgA2&Prime; align=\u00a0\u00bbcenter\u00a0\u00bb][\/vc_column][vc_column width=\u00a0\u00bb1\/6&Prime;][\/vc_column][\/vc_row][vc_row full_width=\u00a0\u00bbstretch_row\u00a0\u00bb equal_height=\u00a0\u00bbyes\u00a0\u00bb&hellip;<\/p>\n","protected":false},"author":9,"featured_media":0,"parent":0,"menu_order":0,"comment_status":"closed","ping_status":"closed","template":"","meta":[],"tags":[],"yoast_head":"<!-- This site is optimized with the Yoast SEO plugin v21.1 - https:\/\/yoast.com\/wordpress\/plugins\/seo\/ -->\n<title>Piste cyclable reliant le resort au golfe de Baratti<\/title>\n<meta name=\"description\" content=\"Venez vivre une exp\u00e9rience unique, immerg\u00e9s dans la nature et \u00e0 quelques pas des magnifiques eaux du golfe de Baratti.\" \/>\n<meta name=\"robots\" content=\"index, follow, max-snippet:-1, max-image-preview:large, max-video-preview:-1\" \/>\n<link rel=\"canonical\" href=\"https:\/\/www.poggioallagnello.it\/fr\/piste-cyclable-resort-golfe-de-baratti\/\" \/>\n<meta property=\"og:locale\" content=\"fr_FR\" \/>\n<meta property=\"og:type\" content=\"article\" \/>\n<meta property=\"og:title\" content=\"Piste cyclable reliant le resort au golfe de Baratti\" \/>\n<meta property=\"og:description\" content=\"Venez vivre une exp\u00e9rience unique, immerg\u00e9s dans la nature et \u00e0 quelques pas des magnifiques eaux du golfe de Baratti.\" \/>\n<meta property=\"og:url\" content=\"https:\/\/www.poggioallagnello.it\/fr\/piste-cyclable-resort-golfe-de-baratti\/\" \/>\n<meta property=\"og:site_name\" content=\"Poggio all&#039;Agnello\" \/>\n<meta property=\"article:publisher\" content=\"https:\/\/www.facebook.com\/poggioallagnelloresort\/\" \/>\n<meta property=\"article:modified_time\" content=\"2026-01-20T13:37:08+00:00\" \/>\n<meta name=\"twitter:card\" content=\"summary_large_image\" \/>\n<meta name=\"twitter:site\" content=\"@poggioagnello\" \/>\n<meta name=\"twitter:label1\" content=\"Dur\u00e9e de lecture estim\u00e9e\" \/>\n\t<meta name=\"twitter:data1\" content=\"1 minute\" \/>\n<script type=\"application\/ld+json\" class=\"yoast-schema-graph\">{\"@context\":\"https:\/\/schema.org\",\"@graph\":[{\"@type\":\"WebPage\",\"@id\":\"https:\/\/www.poggioallagnello.it\/fr\/piste-cyclable-resort-golfe-de-baratti\/\",\"url\":\"https:\/\/www.poggioallagnello.it\/fr\/piste-cyclable-resort-golfe-de-baratti\/\",\"name\":\"Piste cyclable reliant le resort au golfe de Baratti\",\"isPartOf\":{\"@id\":\"https:\/\/www.poggioallagnello.it\/#website\"},\"datePublished\":\"2024-07-26T16:39:32+00:00\",\"dateModified\":\"2026-01-20T13:37:08+00:00\",\"description\":\"Venez vivre une exp\u00e9rience unique, immerg\u00e9s dans la nature et \u00e0 quelques pas des magnifiques eaux du golfe de Baratti.\",\"breadcrumb\":{\"@id\":\"https:\/\/www.poggioallagnello.it\/fr\/piste-cyclable-resort-golfe-de-baratti\/#breadcrumb\"},\"inLanguage\":\"fr-FR\",\"potentialAction\":[{\"@type\":\"ReadAction\",\"target\":[\"https:\/\/www.poggioallagnello.it\/fr\/piste-cyclable-resort-golfe-de-baratti\/\"]}]},{\"@type\":\"BreadcrumbList\",\"@id\":\"https:\/\/www.poggioallagnello.it\/fr\/piste-cyclable-resort-golfe-de-baratti\/#breadcrumb\",\"itemListElement\":[{\"@type\":\"ListItem\",\"position\":1,\"name\":\"Home\",\"item\":\"https:\/\/www.poggioallagnello.it\/fr\/\"},{\"@type\":\"ListItem\",\"position\":2,\"name\":\"Pista Ciclabile\"}]},{\"@type\":\"WebSite\",\"@id\":\"https:\/\/www.poggioallagnello.it\/#website\",\"url\":\"https:\/\/www.poggioallagnello.it\/\",\"name\":\"Poggio all&#039;Agnello\",\"description\":\"Sport &amp; Active Holidays\",\"publisher\":{\"@id\":\"https:\/\/www.poggioallagnello.it\/#organization\"},\"potentialAction\":[{\"@type\":\"SearchAction\",\"target\":{\"@type\":\"EntryPoint\",\"urlTemplate\":\"https:\/\/www.poggioallagnello.it\/?s={search_term_string}\"},\"query-input\":\"required name=search_term_string\"}],\"inLanguage\":\"fr-FR\"},{\"@type\":\"Organization\",\"@id\":\"https:\/\/www.poggioallagnello.it\/#organization\",\"name\":\"Poggio all'Agnello\",\"url\":\"https:\/\/www.poggioallagnello.it\/\",\"logo\":{\"@type\":\"ImageObject\",\"inLanguage\":\"fr-FR\",\"@id\":\"https:\/\/www.poggioallagnello.it\/#\/schema\/logo\/image\/\",\"url\":\"https:\/\/www.poggioallagnello.it\/wp-content\/uploads\/2019\/02\/poggioallagnello-logo-retina-1.png\",\"contentUrl\":\"https:\/\/www.poggioallagnello.it\/wp-content\/uploads\/2019\/02\/poggioallagnello-logo-retina-1.png\",\"width\":407,\"height\":150,\"caption\":\"Poggio all'Agnello\"},\"image\":{\"@id\":\"https:\/\/www.poggioallagnello.it\/#\/schema\/logo\/image\/\"},\"sameAs\":[\"https:\/\/www.facebook.com\/poggioallagnelloresort\/\",\"https:\/\/twitter.com\/poggioagnello\",\"https:\/\/www.instagram.com\/poggioallagnello\/\"]}]}<\/script>\n<!-- \/ Yoast SEO plugin. -->","yoast_head_json":{"title":"Piste cyclable reliant le resort au golfe de Baratti","description":"Venez vivre une exp\u00e9rience unique, immerg\u00e9s dans la nature et \u00e0 quelques pas des magnifiques eaux du golfe de Baratti.","robots":{"index":"index","follow":"follow","max-snippet":"max-snippet:-1","max-image-preview":"max-image-preview:large","max-video-preview":"max-video-preview:-1"},"canonical":"https:\/\/www.poggioallagnello.it\/fr\/piste-cyclable-resort-golfe-de-baratti\/","og_locale":"fr_FR","og_type":"article","og_title":"Piste cyclable reliant le resort au golfe de Baratti","og_description":"Venez vivre une exp\u00e9rience unique, immerg\u00e9s dans la nature et \u00e0 quelques pas des magnifiques eaux du golfe de Baratti.","og_url":"https:\/\/www.poggioallagnello.it\/fr\/piste-cyclable-resort-golfe-de-baratti\/","og_site_name":"Poggio all&#039;Agnello","article_publisher":"https:\/\/www.facebook.com\/poggioallagnelloresort\/","article_modified_time":"2026-01-20T13:37:08+00:00","twitter_card":"summary_large_image","twitter_site":"@poggioagnello","twitter_misc":{"Dur\u00e9e de lecture estim\u00e9e":"1 minute"},"schema":{"@context":"https:\/\/schema.org","@graph":[{"@type":"WebPage","@id":"https:\/\/www.poggioallagnello.it\/fr\/piste-cyclable-resort-golfe-de-baratti\/","url":"https:\/\/www.poggioallagnello.it\/fr\/piste-cyclable-resort-golfe-de-baratti\/","name":"Piste cyclable reliant le resort au golfe de Baratti","isPartOf":{"@id":"https:\/\/www.poggioallagnello.it\/#website"},"datePublished":"2024-07-26T16:39:32+00:00","dateModified":"2026-01-20T13:37:08+00:00","description":"Venez vivre une exp\u00e9rience unique, immerg\u00e9s dans la nature et \u00e0 quelques pas des magnifiques eaux du golfe de Baratti.","breadcrumb":{"@id":"https:\/\/www.poggioallagnello.it\/fr\/piste-cyclable-resort-golfe-de-baratti\/#breadcrumb"},"inLanguage":"fr-FR","potentialAction":[{"@type":"ReadAction","target":["https:\/\/www.poggioallagnello.it\/fr\/piste-cyclable-resort-golfe-de-baratti\/"]}]},{"@type":"BreadcrumbList","@id":"https:\/\/www.poggioallagnello.it\/fr\/piste-cyclable-resort-golfe-de-baratti\/#breadcrumb","itemListElement":[{"@type":"ListItem","position":1,"name":"Home","item":"https:\/\/www.poggioallagnello.it\/fr\/"},{"@type":"ListItem","position":2,"name":"Pista Ciclabile"}]},{"@type":"WebSite","@id":"https:\/\/www.poggioallagnello.it\/#website","url":"https:\/\/www.poggioallagnello.it\/","name":"Poggio all&#039;Agnello","description":"Sport &amp; Active Holidays","publisher":{"@id":"https:\/\/www.poggioallagnello.it\/#organization"},"potentialAction":[{"@type":"SearchAction","target":{"@type":"EntryPoint","urlTemplate":"https:\/\/www.poggioallagnello.it\/?s={search_term_string}"},"query-input":"required name=search_term_string"}],"inLanguage":"fr-FR"},{"@type":"Organization","@id":"https:\/\/www.poggioallagnello.it\/#organization","name":"Poggio all'Agnello","url":"https:\/\/www.poggioallagnello.it\/","logo":{"@type":"ImageObject","inLanguage":"fr-FR","@id":"https:\/\/www.poggioallagnello.it\/#\/schema\/logo\/image\/","url":"https:\/\/www.poggioallagnello.it\/wp-content\/uploads\/2019\/02\/poggioallagnello-logo-retina-1.png","contentUrl":"https:\/\/www.poggioallagnello.it\/wp-content\/uploads\/2019\/02\/poggioallagnello-logo-retina-1.png","width":407,"height":150,"caption":"Poggio all'Agnello"},"image":{"@id":"https:\/\/www.poggioallagnello.it\/#\/schema\/logo\/image\/"},"sameAs":["https:\/\/www.facebook.com\/poggioallagnelloresort\/","https:\/\/twitter.com\/poggioagnello","https:\/\/www.instagram.com\/poggioallagnello\/"]}]}},"_links":{"self":[{"href":"https:\/\/www.poggioallagnello.it\/fr\/wp-json\/wp\/v2\/pages\/17367"}],"collection":[{"href":"https:\/\/www.poggioallagnello.it\/fr\/wp-json\/wp\/v2\/pages"}],"about":[{"href":"https:\/\/www.poggioallagnello.it\/fr\/wp-json\/wp\/v2\/types\/page"}],"author":[{"embeddable":true,"href":"https:\/\/www.poggioallagnello.it\/fr\/wp-json\/wp\/v2\/users\/9"}],"replies":[{"embeddable":true,"href":"https:\/\/www.poggioallagnello.it\/fr\/wp-json\/wp\/v2\/comments?post=17367"}],"version-history":[{"count":3,"href":"https:\/\/www.poggioallagnello.it\/fr\/wp-json\/wp\/v2\/pages\/17367\/revisions"}],"predecessor-version":[{"id":18682,"href":"https:\/\/www.poggioallagnello.it\/fr\/wp-json\/wp\/v2\/pages\/17367\/revisions\/18682"}],"wp:attachment":[{"href":"https:\/\/www.poggioallagnello.it\/fr\/wp-json\/wp\/v2\/media?parent=17367"}],"wp:term":[{"taxonomy":"post_tag","embeddable":true,"href":"https:\/\/www.poggioallagnello.it\/fr\/wp-json\/wp\/v2\/tags?post=17367"}],"curies":[{"name":"wp","href":"https:\/\/api.w.org\/{rel}","templated":true}]}}