{"id":3617,"date":"2019-02-08T11:15:00","date_gmt":"2019-02-08T10:15:00","guid":{"rendered":"https:\/\/demo.poggioallagnello.it\/gruppi-vacanza-toscana-mare\/"},"modified":"2021-12-17T17:30:01","modified_gmt":"2021-12-17T17:30:01","slug":"vacances-de-groupes-en-toscane","status":"publish","type":"page","link":"https:\/\/www.poggioallagnello.it\/fr\/vacances-de-groupes-en-toscane\/","title":{"rendered":"Groupes"},"content":{"rendered":"<section class=\"wpb-content-wrapper\"><p>[vc_row full_width=\u00a0\u00bbstretch_row\u00a0\u00bb bg_type=\u00a0\u00bbbg_color\u00a0\u00bb seperator_enable=\u00a0\u00bbseperator_enable_value\u00a0\u00bb seperator_type=\u00a0\u00bbcurve_up_seperator\u00a0\u00bb seperator_position=\u00a0\u00bbbottom_seperator\u00a0\u00bb css=\u00a0\u00bb.vc_custom_1550658956859{padding-top: 90px !important;padding-bottom: 140px !important;}\u00a0\u00bb bg_color_value=\u00a0\u00bb#f4f6f7&Prime;][vc_column][vc_column_text]<\/p>\n<h2>VACANCES EN GROUPE EN TOSCANE<\/h2>\n<p>Organiser des vacances pour un ou plusieurs groupes de personnes exige une bonne logistique et le Village Touristique de Poggio all&rsquo;Agnello en Toscane est le lieu id\u00e9al pour accueillir des groupes italiens et \u00e9trangers. Le vaste parking, la proximit\u00e9 de Piombino et l&#8217;embarcad\u00e8re pour les \u00eeles d&rsquo;Elbe, de la Sardaigne et de la Corse, l&rsquo;importante capacit\u00e9 d&rsquo;accueil et la disponibilit\u00e9 d&rsquo;appartements de dimensions vari\u00e9es ainsi que la pr\u00e9sence de salles de conf\u00e9rence et de r\u00e9union, en font un lieu parfait pour organiser des vacances de groupe tant pour le loisir qu&rsquo;\u00e0 l&rsquo;occasion d&rsquo;un congr\u00e8s.[\/vc_column_text][\/vc_column][\/vc_row][vc_row css=\u00a0\u00bb.vc_custom_1639759338655{padding-top: 70px !important;padding-bottom: 70px !important;}\u00a0\u00bb][vc_column width=\u00a0\u00bb1\/6&Prime;][\/vc_column][vc_column width=\u00a0\u00bb2\/3&Prime;][vc_column_text]<\/p>\n<h2 style=\"text-align: center;\">Vous souhaitez organiser des vacances en groupe ? Contactez-nous maintenant!<\/h2>\n<p style=\"text-align: center;\">\n<div class=\"wpcf7 no-js\" id=\"wpcf7-f13508-o1\" lang=\"it-IT\" dir=\"ltr\">\n<div class=\"screen-reader-response\"><p role=\"status\" aria-live=\"polite\" aria-atomic=\"true\"><\/p> <ul><\/ul><\/div>\n<form action=\"\/fr\/wp-json\/wp\/v2\/pages\/3617#wpcf7-f13508-o1\" method=\"post\" class=\"wpcf7-form init\" aria-label=\"Modulo di contatto\" novalidate=\"novalidate\" data-status=\"init\">\n<div style=\"display: none;\">\n<input type=\"hidden\" name=\"_wpcf7\" value=\"13508\" \/>\n<input type=\"hidden\" name=\"_wpcf7_version\" value=\"5.7.7\" \/>\n<input type=\"hidden\" name=\"_wpcf7_locale\" value=\"it_IT\" \/>\n<input type=\"hidden\" name=\"_wpcf7_unit_tag\" value=\"wpcf7-f13508-o1\" \/>\n<input type=\"hidden\" name=\"_wpcf7_container_post\" value=\"0\" \/>\n<input type=\"hidden\" name=\"_wpcf7_posted_data_hash\" value=\"\" \/>\n<input type=\"hidden\" name=\"_wpcf7_recaptcha_response\" value=\"\" \/>\n<\/div>\n<div class=\"vc_col-md-12\">\n\t<p><label> Nom*<br \/>\n<span class=\"wpcf7-form-control-wrap\" data-name=\"your-name\"><input size=\"40\" class=\"wpcf7-form-control wpcf7-text wpcf7-validates-as-required\" aria-required=\"true\" aria-invalid=\"false\" value=\"\" type=\"text\" name=\"your-name\" \/><\/span> <\/label>\n\t<\/p>\n\t<p><label> E-mail*<br \/>\n<span class=\"wpcf7-form-control-wrap\" data-name=\"your-email\"><input size=\"40\" class=\"wpcf7-form-control wpcf7-text wpcf7-email wpcf7-validates-as-required wpcf7-validates-as-email\" aria-required=\"true\" aria-invalid=\"false\" value=\"\" type=\"email\" name=\"your-email\" \/><\/span> <\/label><br \/>\n<label> T\u00e9l\u00e9phone*<br \/>\n<span class=\"wpcf7-form-control-wrap\" data-name=\"phone\"><input size=\"40\" class=\"wpcf7-form-control wpcf7-text wpcf7-tel wpcf7-validates-as-required wpcf7-validates-as-tel\" aria-required=\"true\" aria-invalid=\"false\" value=\"\" type=\"tel\" name=\"phone\" \/><\/span><\/label><br \/>\n<label> Association<br \/>\n<span class=\"wpcf7-form-control-wrap\" data-name=\"associazione\"><input size=\"40\" class=\"wpcf7-form-control wpcf7-text\" aria-invalid=\"false\" value=\"\" type=\"text\" name=\"associazione\" \/><\/span><\/label>\n\t<\/p>\n<\/div>\n<p><label> Votre message<br \/>\n<span class=\"wpcf7-form-control-wrap\" data-name=\"your-message\"><textarea cols=\"40\" rows=\"3\" class=\"wpcf7-form-control wpcf7-textarea\" aria-invalid=\"false\" name=\"your-message\"><\/textarea><\/span> <\/label><br \/>\n<hr \/><br \/>\n<label><\/label>\n<\/p>\n<p class=\"privacy-button\"><span class=\"wpcf7-form-control-wrap\" data-name=\"privacy\"><span class=\"wpcf7-form-control wpcf7-acceptance\"><span class=\"wpcf7-list-item\"><label><input type=\"checkbox\" name=\"privacy\" value=\"1\" aria-invalid=\"false\" \/><span class=\"wpcf7-list-item-label\">*J'ai lu les informations relatives au traitement de mes donn\u00e9es personnelles et j'accepte. (Politique de confidentialit\u00e9 )<\/small><\/span><\/label><\/span><\/span><\/span>\n<\/p>\n<p><input class=\"wpcf7-form-control has-spinner wpcf7-submit\" type=\"submit\" value=\"Envoyer une demande\" \/>\n<\/p><input type='hidden' class='wpcf7-pum' value='{\"closepopup\":false,\"closedelay\":0,\"openpopup\":false,\"openpopup_id\":0}' \/><div class=\"wpcf7-response-output\" aria-hidden=\"true\"><\/div>\n<\/form>\n<\/div>\n<p>[\/vc_column_text][\/vc_column][vc_column width=\u00a0\u00bb1\/6&Prime;][\/vc_column][\/vc_row][vc_row][vc_column][vc_column_text]Que votre groupe arrive en autocar, avec sa voiture personnelle, en moto, en avion ou en bateau, notre complexe h\u00f4telier vous offrira tous les services n\u00e9cessaires \u00e0 vos besoins et plus encore.<br \/>\nPour les vacances de groupes itin\u00e9rants, il est \u00e9galement possible d&rsquo;organiser des activit\u00e9s sur le temps libre du groupe, avec des excursions culturelles ou oenogastronomiques, du trekking et des promenades, tout type de sports et de loisirs sur la C\u00f4te des \u00c9trusques. Pour les groupes, itin\u00e9rants ou non, il est aussi possible d&rsquo;organiser des menus sp\u00e9ciaux en collaboration avec notre service de restauration pour un excellent rapport qualit\u00e9 prix.<\/p>\n<p>[\/vc_column_text][vc_empty_space][\/vc_column][\/vc_row][vc_row bg_type=\u00a0\u00bbimage\u00a0\u00bb parallax_style=\u00a0\u00bbvcpb-default\u00a0\u00bb bg_image_new=\u00a0\u00bbid^3345|url^https:\/\/www.poggioallagnello.it\/wp-content\/uploads\/2019\/02\/Gruppi-poggio-all-agnello-piscina.jpg|caption^null|alt^null|title^Gruppi-poggio-all-agnello-piscina|description^null\u00a0\u00bb bg_override=\u00a0\u00bbex-full\u00a0\u00bb enable_overlay=\u00a0\u00bbenable_overlay_value\u00a0\u00bb overlay_color=\u00a0\u00bbrgba(0,0,0,0.47)\u00a0\u00bb css=\u00a0\u00bb.vc_custom_1550827574061{padding-top: 90px !important;padding-bottom: 90px !important;}\u00a0\u00bb][vc_column][vc_column_text css_animation=\u00a0\u00bbfadeInDown\u00a0\u00bb]<\/p>\n<h3><span style=\"color: #ffffff;\"> VOYAGES SCOLAIRES ET CAMPS ESTIVAUX DANS LE MAGNIFIQUE COMPLEXE H\u00d4TELIER TOSCAN <\/span><\/h3>\n<p><span style=\"color: #ffffff;\"> Le village touristique de Poggio all&rsquo;Agnello en Toscane est une r\u00e9f\u00e9rence id\u00e9ale pour les voyages scolaires de plusieurs jours et le d\u00e9roulement de camps estivaux \u00e0 caract\u00e8re culturel, ludique voire sportif. Son emplacement et ses \u00e9quipements de service font du Village Touristique de Poggio all&rsquo;Agnello un point de chute parfait pour les visites culturelles et historiques, le loisir estival ou autre ainsi que des moments consacr\u00e9s \u00e0 des activit\u00e9s sportives et de groupe. <\/span>[\/vc_column_text][\/vc_column][\/vc_row][vc_row css=\u00a0\u00bb.vc_custom_1551255640601{margin-top: 40px !important;margin-bottom: 40px !important;}\u00a0\u00bb][vc_column][vc_column_text css_animation=\u00a0\u00bbfadeInDown\u00a0\u00bb]Le vaste parc, les piscines et terrains de sport de Poggio all&rsquo;Agnello offrent un cadre idyllique pour accueillir et animer un voyage scolaire en Toscane.<br \/>\nLes journ\u00e9es culturelles qu&rsquo;offre la C\u00f4te des \u00c9trusques, avec ses bourgs m\u00e9di\u00e9vaux (Populo nia, Baratti, Piombino, San Vincenzo, Bibbona, Bolgheri, Castagneto Carducci, Campiglia Marittima, etc.) peuvent s&rsquo;alterner \u00e0 des journ\u00e9es farniente \u00e0 la mer sur les magnifiques plages de la Riviera des \u00c9trusques.[\/vc_column_text][vc_column_text css_animation=\u00a0\u00bbfadeInUp\u00a0\u00bb]<\/p>\n<p class=\"p1\"><span class=\"s1\">Une petite heure d&rsquo;autocar permet en outre d&rsquo;atteindre d&rsquo;autre villes d&rsquo;art renomm\u00e9es comme Massa Marittima, Volterra, San Gimignano, Livourne et Pise.<\/span><\/p>\n<p class=\"p1\"><span class=\"s1\">Les transbordeurs horaires pour l&rsquo;\u00eele d&rsquo;Elbe offrent une solution de d\u00e9placement pratique et permettent de visiter l&rsquo;archipel Toscan afin de passer une journ\u00e9e dans le splendide d\u00e9cor de l&rsquo;\u00eele d&rsquo;Elbe, en alternative aux plages de la Riviera des \u00c9trusques.<\/span><\/p>\n<p class=\"p1\"><span class=\"s1\">Le vaste restaurant et bar au bord de la piscine, ainsi que les nombreux services propos\u00e9s par notre Village touristique, garantissent un confort id\u00e9al pour les \u00e9l\u00e8ves, leurs enseignants et les accompagnateurs. Des menus sp\u00e9ciaux peuvent \u00eatre convenus pour les scolaires<\/span><\/p>\n<p>[\/vc_column_text][\/vc_column][\/vc_row]<\/p>\n<\/section>","protected":false},"excerpt":{"rendered":"<p>[vc_row full_width=\u00a0\u00bbstretch_row\u00a0\u00bb bg_type=\u00a0\u00bbbg_color\u00a0\u00bb seperator_enable=\u00a0\u00bbseperator_enable_value\u00a0\u00bb seperator_type=\u00a0\u00bbcurve_up_seperator\u00a0\u00bb seperator_position=\u00a0\u00bbbottom_seperator\u00a0\u00bb css=\u00a0\u00bb.vc_custom_1550658956859{padding-top: 90px !important;padding-bottom: 140px !important;}\u00a0\u00bb bg_color_value=\u00a0\u00bb#f4f6f7&Prime;][vc_column][vc_column_text] VACANCES EN GROUPE EN TOSCANE Organiser des vacances pour un ou plusieurs groupes de personnes exige une bonne logistique et le Village Touristique de Poggio all&rsquo;Agnello en Toscane est le lieu id\u00e9al pour accueillir des groupes italiens et \u00e9trangers. Le vaste parking, la&hellip;<\/p>\n","protected":false},"author":6,"featured_media":0,"parent":0,"menu_order":0,"comment_status":"closed","ping_status":"closed","template":"","meta":[],"yoast_head":"<!-- This site is optimized with the Yoast SEO plugin v21.1 - https:\/\/yoast.com\/wordpress\/plugins\/seo\/ -->\n<title>Vacance de Groupes en Toscane mer - Poggio all&#039;Agnello Resort<\/title>\n<meta name=\"description\" content=\"Les Groupes trouvent dans le resort de Poggio all\u2019Agnello la situation id\u00e9ale pour organiser leur vacances, gr\u00e2ce aux nombreux appartements situ\u00e9s en diff\u00e9rents \u00e9difices, au service de restauration adaptable aux groupes, au grand parking, \u00e0 la proximit\u00e9 des localit\u00e9s de la c\u00f4te des \u00e9trusques\" \/>\n<meta name=\"robots\" content=\"index, follow, max-snippet:-1, max-image-preview:large, max-video-preview:-1\" \/>\n<link rel=\"canonical\" href=\"https:\/\/www.poggioallagnello.it\/fr\/vacances-de-groupes-en-toscane\/\" \/>\n<meta property=\"og:locale\" content=\"fr_FR\" \/>\n<meta property=\"og:type\" content=\"article\" \/>\n<meta property=\"og:title\" content=\"Vacance de Groupes en Toscane mer - Poggio all&#039;Agnello Resort\" \/>\n<meta property=\"og:description\" content=\"Les Groupes trouvent dans le resort de Poggio all\u2019Agnello la situation id\u00e9ale pour organiser leur vacances, gr\u00e2ce aux nombreux appartements situ\u00e9s en diff\u00e9rents \u00e9difices, au service de restauration adaptable aux groupes, au grand parking, \u00e0 la proximit\u00e9 des localit\u00e9s de la c\u00f4te des \u00e9trusques\" \/>\n<meta property=\"og:url\" content=\"https:\/\/www.poggioallagnello.it\/fr\/vacances-de-groupes-en-toscane\/\" \/>\n<meta property=\"og:site_name\" content=\"Poggio all&#039;Agnello\" \/>\n<meta property=\"article:publisher\" content=\"https:\/\/www.facebook.com\/poggioallagnelloresort\/\" \/>\n<meta property=\"article:modified_time\" content=\"2021-12-17T17:30:01+00:00\" \/>\n<meta name=\"twitter:card\" content=\"summary_large_image\" \/>\n<meta name=\"twitter:site\" content=\"@poggioagnello\" \/>\n<meta name=\"twitter:label1\" content=\"Dur\u00e9e de lecture estim\u00e9e\" \/>\n\t<meta name=\"twitter:data1\" content=\"3 minutes\" \/>\n<script type=\"application\/ld+json\" class=\"yoast-schema-graph\">{\"@context\":\"https:\/\/schema.org\",\"@graph\":[{\"@type\":\"WebPage\",\"@id\":\"https:\/\/www.poggioallagnello.it\/fr\/vacances-de-groupes-en-toscane\/\",\"url\":\"https:\/\/www.poggioallagnello.it\/fr\/vacances-de-groupes-en-toscane\/\",\"name\":\"Vacance de Groupes en Toscane mer - Poggio all'Agnello Resort\",\"isPartOf\":{\"@id\":\"https:\/\/www.poggioallagnello.it\/#website\"},\"datePublished\":\"2019-02-08T10:15:00+00:00\",\"dateModified\":\"2021-12-17T17:30:01+00:00\",\"description\":\"Les Groupes trouvent dans le resort de Poggio all\u2019Agnello la situation id\u00e9ale pour organiser leur vacances, gr\u00e2ce aux nombreux appartements situ\u00e9s en diff\u00e9rents \u00e9difices, au service de restauration adaptable aux groupes, au grand parking, \u00e0 la proximit\u00e9 des localit\u00e9s de la c\u00f4te des \u00e9trusques\",\"breadcrumb\":{\"@id\":\"https:\/\/www.poggioallagnello.it\/fr\/vacances-de-groupes-en-toscane\/#breadcrumb\"},\"inLanguage\":\"fr-FR\",\"potentialAction\":[{\"@type\":\"ReadAction\",\"target\":[\"https:\/\/www.poggioallagnello.it\/fr\/vacances-de-groupes-en-toscane\/\"]}]},{\"@type\":\"BreadcrumbList\",\"@id\":\"https:\/\/www.poggioallagnello.it\/fr\/vacances-de-groupes-en-toscane\/#breadcrumb\",\"itemListElement\":[{\"@type\":\"ListItem\",\"position\":1,\"name\":\"Home\",\"item\":\"https:\/\/www.poggioallagnello.it\/fr\/\"},{\"@type\":\"ListItem\",\"position\":2,\"name\":\"Groupes\"}]},{\"@type\":\"WebSite\",\"@id\":\"https:\/\/www.poggioallagnello.it\/#website\",\"url\":\"https:\/\/www.poggioallagnello.it\/\",\"name\":\"Poggio all&#039;Agnello\",\"description\":\"Sport &amp; Active Holidays\",\"publisher\":{\"@id\":\"https:\/\/www.poggioallagnello.it\/#organization\"},\"potentialAction\":[{\"@type\":\"SearchAction\",\"target\":{\"@type\":\"EntryPoint\",\"urlTemplate\":\"https:\/\/www.poggioallagnello.it\/?s={search_term_string}\"},\"query-input\":\"required name=search_term_string\"}],\"inLanguage\":\"fr-FR\"},{\"@type\":\"Organization\",\"@id\":\"https:\/\/www.poggioallagnello.it\/#organization\",\"name\":\"Poggio all'Agnello\",\"url\":\"https:\/\/www.poggioallagnello.it\/\",\"logo\":{\"@type\":\"ImageObject\",\"inLanguage\":\"fr-FR\",\"@id\":\"https:\/\/www.poggioallagnello.it\/#\/schema\/logo\/image\/\",\"url\":\"https:\/\/www.poggioallagnello.it\/wp-content\/uploads\/2019\/02\/poggioallagnello-logo-retina-1.png\",\"contentUrl\":\"https:\/\/www.poggioallagnello.it\/wp-content\/uploads\/2019\/02\/poggioallagnello-logo-retina-1.png\",\"width\":407,\"height\":150,\"caption\":\"Poggio all'Agnello\"},\"image\":{\"@id\":\"https:\/\/www.poggioallagnello.it\/#\/schema\/logo\/image\/\"},\"sameAs\":[\"https:\/\/www.facebook.com\/poggioallagnelloresort\/\",\"https:\/\/twitter.com\/poggioagnello\",\"https:\/\/www.instagram.com\/poggioallagnello\/\"]}]}<\/script>\n<!-- \/ Yoast SEO plugin. -->","yoast_head_json":{"title":"Vacance de Groupes en Toscane mer - Poggio all'Agnello Resort","description":"Les Groupes trouvent dans le resort de Poggio all\u2019Agnello la situation id\u00e9ale pour organiser leur vacances, gr\u00e2ce aux nombreux appartements situ\u00e9s en diff\u00e9rents \u00e9difices, au service de restauration adaptable aux groupes, au grand parking, \u00e0 la proximit\u00e9 des localit\u00e9s de la c\u00f4te des \u00e9trusques","robots":{"index":"index","follow":"follow","max-snippet":"max-snippet:-1","max-image-preview":"max-image-preview:large","max-video-preview":"max-video-preview:-1"},"canonical":"https:\/\/www.poggioallagnello.it\/fr\/vacances-de-groupes-en-toscane\/","og_locale":"fr_FR","og_type":"article","og_title":"Vacance de Groupes en Toscane mer - Poggio all'Agnello Resort","og_description":"Les Groupes trouvent dans le resort de Poggio all\u2019Agnello la situation id\u00e9ale pour organiser leur vacances, gr\u00e2ce aux nombreux appartements situ\u00e9s en diff\u00e9rents \u00e9difices, au service de restauration adaptable aux groupes, au grand parking, \u00e0 la proximit\u00e9 des localit\u00e9s de la c\u00f4te des \u00e9trusques","og_url":"https:\/\/www.poggioallagnello.it\/fr\/vacances-de-groupes-en-toscane\/","og_site_name":"Poggio all&#039;Agnello","article_publisher":"https:\/\/www.facebook.com\/poggioallagnelloresort\/","article_modified_time":"2021-12-17T17:30:01+00:00","twitter_card":"summary_large_image","twitter_site":"@poggioagnello","twitter_misc":{"Dur\u00e9e de lecture estim\u00e9e":"3 minutes"},"schema":{"@context":"https:\/\/schema.org","@graph":[{"@type":"WebPage","@id":"https:\/\/www.poggioallagnello.it\/fr\/vacances-de-groupes-en-toscane\/","url":"https:\/\/www.poggioallagnello.it\/fr\/vacances-de-groupes-en-toscane\/","name":"Vacance de Groupes en Toscane mer - Poggio all'Agnello Resort","isPartOf":{"@id":"https:\/\/www.poggioallagnello.it\/#website"},"datePublished":"2019-02-08T10:15:00+00:00","dateModified":"2021-12-17T17:30:01+00:00","description":"Les Groupes trouvent dans le resort de Poggio all\u2019Agnello la situation id\u00e9ale pour organiser leur vacances, gr\u00e2ce aux nombreux appartements situ\u00e9s en diff\u00e9rents \u00e9difices, au service de restauration adaptable aux groupes, au grand parking, \u00e0 la proximit\u00e9 des localit\u00e9s de la c\u00f4te des \u00e9trusques","breadcrumb":{"@id":"https:\/\/www.poggioallagnello.it\/fr\/vacances-de-groupes-en-toscane\/#breadcrumb"},"inLanguage":"fr-FR","potentialAction":[{"@type":"ReadAction","target":["https:\/\/www.poggioallagnello.it\/fr\/vacances-de-groupes-en-toscane\/"]}]},{"@type":"BreadcrumbList","@id":"https:\/\/www.poggioallagnello.it\/fr\/vacances-de-groupes-en-toscane\/#breadcrumb","itemListElement":[{"@type":"ListItem","position":1,"name":"Home","item":"https:\/\/www.poggioallagnello.it\/fr\/"},{"@type":"ListItem","position":2,"name":"Groupes"}]},{"@type":"WebSite","@id":"https:\/\/www.poggioallagnello.it\/#website","url":"https:\/\/www.poggioallagnello.it\/","name":"Poggio all&#039;Agnello","description":"Sport &amp; Active Holidays","publisher":{"@id":"https:\/\/www.poggioallagnello.it\/#organization"},"potentialAction":[{"@type":"SearchAction","target":{"@type":"EntryPoint","urlTemplate":"https:\/\/www.poggioallagnello.it\/?s={search_term_string}"},"query-input":"required name=search_term_string"}],"inLanguage":"fr-FR"},{"@type":"Organization","@id":"https:\/\/www.poggioallagnello.it\/#organization","name":"Poggio all'Agnello","url":"https:\/\/www.poggioallagnello.it\/","logo":{"@type":"ImageObject","inLanguage":"fr-FR","@id":"https:\/\/www.poggioallagnello.it\/#\/schema\/logo\/image\/","url":"https:\/\/www.poggioallagnello.it\/wp-content\/uploads\/2019\/02\/poggioallagnello-logo-retina-1.png","contentUrl":"https:\/\/www.poggioallagnello.it\/wp-content\/uploads\/2019\/02\/poggioallagnello-logo-retina-1.png","width":407,"height":150,"caption":"Poggio all'Agnello"},"image":{"@id":"https:\/\/www.poggioallagnello.it\/#\/schema\/logo\/image\/"},"sameAs":["https:\/\/www.facebook.com\/poggioallagnelloresort\/","https:\/\/twitter.com\/poggioagnello","https:\/\/www.instagram.com\/poggioallagnello\/"]}]}},"_links":{"self":[{"href":"https:\/\/www.poggioallagnello.it\/fr\/wp-json\/wp\/v2\/pages\/3617"}],"collection":[{"href":"https:\/\/www.poggioallagnello.it\/fr\/wp-json\/wp\/v2\/pages"}],"about":[{"href":"https:\/\/www.poggioallagnello.it\/fr\/wp-json\/wp\/v2\/types\/page"}],"author":[{"embeddable":true,"href":"https:\/\/www.poggioallagnello.it\/fr\/wp-json\/wp\/v2\/users\/6"}],"replies":[{"embeddable":true,"href":"https:\/\/www.poggioallagnello.it\/fr\/wp-json\/wp\/v2\/comments?post=3617"}],"version-history":[{"count":5,"href":"https:\/\/www.poggioallagnello.it\/fr\/wp-json\/wp\/v2\/pages\/3617\/revisions"}],"predecessor-version":[{"id":13539,"href":"https:\/\/www.poggioallagnello.it\/fr\/wp-json\/wp\/v2\/pages\/3617\/revisions\/13539"}],"wp:attachment":[{"href":"https:\/\/www.poggioallagnello.it\/fr\/wp-json\/wp\/v2\/media?parent=3617"}],"curies":[{"name":"wp","href":"https:\/\/api.w.org\/{rel}","templated":true}]}}