{"id":3621,"date":"2019-02-08T11:17:29","date_gmt":"2019-02-08T10:17:29","guid":{"rendered":"https:\/\/demo.poggioallagnello.it\/meeting\/attivita-post-congressuali\/"},"modified":"2019-08-21T10:41:08","modified_gmt":"2019-08-21T10:41:08","slug":"activites-post-congres","status":"publish","type":"page","link":"https:\/\/www.poggioallagnello.it\/fr\/activites-post-congres\/","title":{"rendered":"Activit\u00e8s post congr\u00e8s"},"content":{"rendered":"<section class=\"wpb-content-wrapper\"><p>[vc_row full_width=\u00a0\u00bbstretch_row\u00a0\u00bb bg_type=\u00a0\u00bbbg_color\u00a0\u00bb seperator_enable=\u00a0\u00bbseperator_enable_value\u00a0\u00bb seperator_type=\u00a0\u00bbcurve_up_seperator\u00a0\u00bb seperator_position=\u00a0\u00bbbottom_seperator\u00a0\u00bb css=\u00a0\u00bb.vc_custom_1550661837928{padding-top: 90px !important;padding-bottom: 140px !important;}\u00a0\u00bb bg_color_value=\u00a0\u00bb#f4f6f7&Prime;][vc_column][vc_column_text]<\/p>\n<h2>ACTIVIT\u00c9S POST-CONGR\u00c8S EN TOSCANE<\/h2>\n<p>Id\u00e9alement situ\u00e9 sur la C\u00f4te des \u00c9trusques, Poggio all&rsquo;Agnello offre \u00e9galement un riche \u00e9ventail d&rsquo;activit\u00e9s post-congr\u00e8s pour enrichir l&rsquo;exp\u00e9rience d&rsquo;un congr\u00e8s par des activit\u00e9s r\u00e9cr\u00e9atives et culturelles.<\/p>\n<p>[\/vc_column_text][\/vc_column][\/vc_row][vc_row full_width=\u00a0\u00bbstretch_row\u00a0\u00bb bg_type=\u00a0\u00bbbg_color\u00a0\u00bb css=\u00a0\u00bb.vc_custom_1560185215844{padding-top: 90px !important;padding-bottom: 140px !important;}\u00a0\u00bb bg_color_value=\u00a0\u00bb#ffffff\u00a0\u00bb][vc_column][vc_column_text]<\/p>\n<h2>D\u00c9COUVREZ TOUTES LES ACTIVIT\u00c9S<\/h2>\n<p>Poggio all&rsquo;Agnello est situ\u00e9 dans une r\u00e9gion de la Toscane dont le patrimoine naturel et culturel permettront \u00e0 votre \u00e9quipe professionnelle de vivre l&rsquo;exp\u00e9rience d&rsquo;un s\u00e9jour riche et stimulant.<br \/>\nLes alentours du complexe h\u00f4telier vous permettront d&rsquo;organiser des visites dans des villes d&rsquo;art et des bourgs m\u00e9di\u00e9vaux ou de vous fondre dans la nature d&rsquo;oasis et de parc prot\u00e9g\u00e9s.[\/vc_column_text][\/vc_column][\/vc_row][vc_row css_animation=\u00a0\u00bbfadeInDown\u00a0\u00bb bg_type=\u00a0\u00bbimage\u00a0\u00bb parallax_style=\u00a0\u00bbvcpb-default\u00a0\u00bb bg_image_new=\u00a0\u00bbid^3186|url^https:\/\/www.poggioallagnello.it\/wp-content\/uploads\/2019\/02\/Attivita-post-poggio-all-agnello-arte.jpg|caption^null|alt^null|title^Attivita-post-poggio-all-agnello-arte|description^null\u00a0\u00bb bg_override=\u00a0\u00bbex-full\u00a0\u00bb enable_overlay=\u00a0\u00bbenable_overlay_value\u00a0\u00bb overlay_color=\u00a0\u00bbrgba(0,0,0,0.43)\u00a0\u00bb css=\u00a0\u00bb.vc_custom_1550737788255{padding-top: 90px !important;padding-bottom: 90px !important;}\u00a0\u00bb][vc_column width=\u00a0\u00bb1\/2&Prime;][vc_column_text]<\/p>\n<h3><span style=\"color: #ffffff;\">VILLES D&rsquo;ART M\u00c9DI\u00c9VALES<\/span><\/h3>\n<p><span style=\"color: #ffffff;\"> La C\u00f4te des \u00c9trusques est un paradis naturel riche en histoire : Castagneto Carducci, Castiglioncello, Populonia, Campiglia, Bibbona, comptent parmi les bourgs accessibles depuis Poggio all\u2019Agnello. Rues, ruelles, petites places et panoramas \u00e0 couper le souffle. <\/span>[\/vc_column_text][\/vc_column][vc_column width=\u00a0\u00bb1\/2&Prime;][vc_column_text]<\/p>\n<h3><span style=\"color: #ffffff;\">ARCH\u00c9OLOGIE<\/span><\/h3>\n<p><span style=\"color: #ffffff;\"> \u00c0 proximit\u00e9 imm\u00e9diate du complexe h\u00f4telier, vous d\u00e9couvrirez les vestiges arch\u00e9ologiques du myst\u00e9rieux peuple des \u00c9trusques. Le Parc Arch\u00e9ologique de Baratti et Populonia, accessible en quelques minutes de voiture depuis Poggio all&rsquo;Agnello, vous permettra de vivre une exp\u00e9rience r\u00e9ellement suggestive qui vous fera remonter le temps. <\/span><\/p>\n<h3><\/h3>\n<p>[\/vc_column_text][\/vc_column][\/vc_row][vc_row css=\u00a0\u00bb.vc_custom_1550737668680{margin-top: 32px !important;margin-bottom: 32px !important;}\u00a0\u00bb][vc_column width=\u00a0\u00bb1\/2&Prime;][vc_column_text]<\/p>\n<h3>NATURE ET PARCS<\/h3>\n<p>La nature sauvage et intacte est le v\u00e9ritable acteur de la C\u00f4te des \u00c9trusques : visitez les <a href=\"http:\/\/www.parchivaldicornia.it\/\">Parcs du Val di Cornia<\/a>, \u00e0 quelques km du complexe h\u00f4telier et d\u00e9couvrez la beaut\u00e9 de ce territoire.[\/vc_column_text][\/vc_column][vc_column width=\u00a0\u00bb1\/2&Prime;][vc_column_text]<\/p>\n<h3>EXCURSIONS ET TOURS EN MER<\/h3>\n<p>Un bref trajet depuis Poggio all\u2019Agnello vous permet de rejoindre la petite ville de Piombino ou vous embarquerez \u00e0 la d\u00e9couverte des merveilles de l&rsquo;Archipel de l&rsquo;Elbe : Pianosa, Capraia, Montecristo, Giannutri, Gorgona et Giglio.[\/vc_column_text][\/vc_column][\/vc_row][vc_row css_animation=\u00a0\u00bbfadeInUp\u00a0\u00bb bg_type=\u00a0\u00bbimage\u00a0\u00bb parallax_style=\u00a0\u00bbvcpb-default\u00a0\u00bb bg_image_new=\u00a0\u00bbid^3192|url^https:\/\/www.poggioallagnello.it\/wp-content\/uploads\/2019\/02\/Attivita-post-poggio-all-agnello-vigneto.jpg|caption^null|alt^null|title^Attivita-post-poggio-all-agnello-vigneto|description^null\u00a0\u00bb bg_override=\u00a0\u00bbex-full\u00a0\u00bb enable_overlay=\u00a0\u00bbenable_overlay_value\u00a0\u00bb overlay_color=\u00a0\u00bbrgba(0,0,0,0.43)\u00a0\u00bb css=\u00a0\u00bb.vc_custom_1550737713657{padding-top: 90px !important;padding-bottom: 90px !important;}\u00a0\u00bb][vc_column][vc_column_text]<\/p>\n<h3><span style=\"color: #ffffff;\">GASTRONOMIE ET VINS DE TOSCANE<\/span><\/h3>\n<h4><span style=\"color: #ffffff;\">LA C\u00d4TE DES \u00c9TRUSQUES \u00c0 TABLE<\/span><\/h4>\n<p><span style=\"color: #ffffff;\"> Partez de Poggio all&rsquo;Agnello \u00e0 la d\u00e9couverte de la Route du Vin et de l&rsquo;Huile de la C\u00f4te des \u00c9trusques, un parcours gastronomique parmi les grands vins et les plats typiques qui ont fa\u00e7onn\u00e9 l&rsquo;histoire de la gastronomie italienne. <\/span>[\/vc_column_text][\/vc_column][\/vc_row]<\/p>\n<\/section>","protected":false},"excerpt":{"rendered":"<p>[vc_row full_width=\u00a0\u00bbstretch_row\u00a0\u00bb bg_type=\u00a0\u00bbbg_color\u00a0\u00bb seperator_enable=\u00a0\u00bbseperator_enable_value\u00a0\u00bb seperator_type=\u00a0\u00bbcurve_up_seperator\u00a0\u00bb seperator_position=\u00a0\u00bbbottom_seperator\u00a0\u00bb css=\u00a0\u00bb.vc_custom_1550661837928{padding-top: 90px !important;padding-bottom: 140px !important;}\u00a0\u00bb bg_color_value=\u00a0\u00bb#f4f6f7&Prime;][vc_column][vc_column_text] ACTIVIT\u00c9S POST-CONGR\u00c8S EN TOSCANE Id\u00e9alement situ\u00e9 sur la C\u00f4te des \u00c9trusques, Poggio all&rsquo;Agnello offre \u00e9galement un riche \u00e9ventail d&rsquo;activit\u00e9s post-congr\u00e8s pour enrichir l&rsquo;exp\u00e9rience d&rsquo;un congr\u00e8s par des activit\u00e9s r\u00e9cr\u00e9atives et culturelles. [\/vc_column_text][\/vc_column][\/vc_row][vc_row full_width=\u00a0\u00bbstretch_row\u00a0\u00bb bg_type=\u00a0\u00bbbg_color\u00a0\u00bb css=\u00a0\u00bb.vc_custom_1560185215844{padding-top: 90px !important;padding-bottom: 140px !important;}\u00a0\u00bb bg_color_value=\u00a0\u00bb#ffffff\u00a0\u00bb][vc_column][vc_column_text] D\u00c9COUVREZ TOUTES LES&hellip;<\/p>\n","protected":false},"author":6,"featured_media":0,"parent":0,"menu_order":0,"comment_status":"closed","ping_status":"closed","template":"","meta":[],"tags":[],"yoast_head":"<!-- This site is optimized with the Yoast SEO plugin v21.1 - https:\/\/yoast.com\/wordpress\/plugins\/seo\/ -->\n<title>Activit\u00e8s Post Congr\u00e8s en Toscane Resort \u00b7 Poggio all&#039;Agnello Resort<\/title>\n<meta name=\"description\" content=\"Poggio all\u2019Agnello offre de nombreuses activit\u00e9s post-congr\u00e9s gr\u00e2ce \u00e0 sa position id\u00e9ale sur la C\u00f4te des Etrusques et \u00e0 quelques kilom\u00e8tres de l\u2019Ile D\u2019Elbe: art, culture, arch\u00e9ologie, excursions en mer, sport et oenogastronomie Toscane!\" \/>\n<meta name=\"robots\" content=\"index, follow, max-snippet:-1, max-image-preview:large, max-video-preview:-1\" \/>\n<link rel=\"canonical\" href=\"https:\/\/www.poggioallagnello.it\/fr\/meeting\/activites-post-congres\/\" \/>\n<meta property=\"og:locale\" content=\"fr_FR\" \/>\n<meta property=\"og:type\" content=\"article\" \/>\n<meta property=\"og:title\" content=\"Activit\u00e8s Post Congr\u00e8s en Toscane Resort \u00b7 Poggio all&#039;Agnello Resort\" \/>\n<meta property=\"og:description\" content=\"Poggio all\u2019Agnello offre de nombreuses activit\u00e9s post-congr\u00e9s gr\u00e2ce \u00e0 sa position id\u00e9ale sur la C\u00f4te des Etrusques et \u00e0 quelques kilom\u00e8tres de l\u2019Ile D\u2019Elbe: art, culture, arch\u00e9ologie, excursions en mer, sport et oenogastronomie Toscane!\" \/>\n<meta property=\"og:url\" content=\"https:\/\/www.poggioallagnello.it\/fr\/meeting\/activites-post-congres\/\" \/>\n<meta property=\"og:site_name\" content=\"Poggio all&#039;Agnello\" \/>\n<meta property=\"article:publisher\" content=\"https:\/\/www.facebook.com\/poggioallagnelloresort\/\" \/>\n<meta property=\"article:modified_time\" content=\"2019-08-21T10:41:08+00:00\" \/>\n<meta name=\"twitter:card\" content=\"summary_large_image\" \/>\n<meta name=\"twitter:site\" content=\"@poggioagnello\" \/>\n<meta name=\"twitter:label1\" content=\"Dur\u00e9e de lecture estim\u00e9e\" \/>\n\t<meta name=\"twitter:data1\" content=\"3 minutes\" \/>\n<script type=\"application\/ld+json\" class=\"yoast-schema-graph\">{\"@context\":\"https:\/\/schema.org\",\"@graph\":[{\"@type\":\"WebPage\",\"@id\":\"https:\/\/www.poggioallagnello.it\/fr\/meeting\/activites-post-congres\/\",\"url\":\"https:\/\/www.poggioallagnello.it\/fr\/meeting\/activites-post-congres\/\",\"name\":\"Activit\u00e8s Post Congr\u00e8s en Toscane Resort \u00b7 Poggio all'Agnello Resort\",\"isPartOf\":{\"@id\":\"https:\/\/www.poggioallagnello.it\/#website\"},\"datePublished\":\"2019-02-08T10:17:29+00:00\",\"dateModified\":\"2019-08-21T10:41:08+00:00\",\"description\":\"Poggio all\u2019Agnello offre de nombreuses activit\u00e9s post-congr\u00e9s gr\u00e2ce \u00e0 sa position id\u00e9ale sur la C\u00f4te des Etrusques et \u00e0 quelques kilom\u00e8tres de l\u2019Ile D\u2019Elbe: art, culture, arch\u00e9ologie, excursions en mer, sport et oenogastronomie Toscane!\",\"breadcrumb\":{\"@id\":\"https:\/\/www.poggioallagnello.it\/fr\/meeting\/activites-post-congres\/#breadcrumb\"},\"inLanguage\":\"fr-FR\",\"potentialAction\":[{\"@type\":\"ReadAction\",\"target\":[\"https:\/\/www.poggioallagnello.it\/fr\/meeting\/activites-post-congres\/\"]}]},{\"@type\":\"BreadcrumbList\",\"@id\":\"https:\/\/www.poggioallagnello.it\/fr\/meeting\/activites-post-congres\/#breadcrumb\",\"itemListElement\":[{\"@type\":\"ListItem\",\"position\":1,\"name\":\"Home\",\"item\":\"https:\/\/www.poggioallagnello.it\/fr\/\"},{\"@type\":\"ListItem\",\"position\":2,\"name\":\"Meeting\",\"item\":\"https:\/\/www.poggioallagnello.it\/fr\/meeting\/\"},{\"@type\":\"ListItem\",\"position\":3,\"name\":\"Activit\u00e8s post congr\u00e8s\"}]},{\"@type\":\"WebSite\",\"@id\":\"https:\/\/www.poggioallagnello.it\/#website\",\"url\":\"https:\/\/www.poggioallagnello.it\/\",\"name\":\"Poggio all&#039;Agnello\",\"description\":\"Sport &amp; Active Holidays\",\"publisher\":{\"@id\":\"https:\/\/www.poggioallagnello.it\/#organization\"},\"potentialAction\":[{\"@type\":\"SearchAction\",\"target\":{\"@type\":\"EntryPoint\",\"urlTemplate\":\"https:\/\/www.poggioallagnello.it\/?s={search_term_string}\"},\"query-input\":\"required name=search_term_string\"}],\"inLanguage\":\"fr-FR\"},{\"@type\":\"Organization\",\"@id\":\"https:\/\/www.poggioallagnello.it\/#organization\",\"name\":\"Poggio all'Agnello\",\"url\":\"https:\/\/www.poggioallagnello.it\/\",\"logo\":{\"@type\":\"ImageObject\",\"inLanguage\":\"fr-FR\",\"@id\":\"https:\/\/www.poggioallagnello.it\/#\/schema\/logo\/image\/\",\"url\":\"https:\/\/www.poggioallagnello.it\/wp-content\/uploads\/2019\/02\/poggioallagnello-logo-retina-1.png\",\"contentUrl\":\"https:\/\/www.poggioallagnello.it\/wp-content\/uploads\/2019\/02\/poggioallagnello-logo-retina-1.png\",\"width\":407,\"height\":150,\"caption\":\"Poggio all'Agnello\"},\"image\":{\"@id\":\"https:\/\/www.poggioallagnello.it\/#\/schema\/logo\/image\/\"},\"sameAs\":[\"https:\/\/www.facebook.com\/poggioallagnelloresort\/\",\"https:\/\/twitter.com\/poggioagnello\",\"https:\/\/www.instagram.com\/poggioallagnello\/\"]}]}<\/script>\n<!-- \/ Yoast SEO plugin. -->","yoast_head_json":{"title":"Activit\u00e8s Post Congr\u00e8s en Toscane Resort \u00b7 Poggio all'Agnello Resort","description":"Poggio all\u2019Agnello offre de nombreuses activit\u00e9s post-congr\u00e9s gr\u00e2ce \u00e0 sa position id\u00e9ale sur la C\u00f4te des Etrusques et \u00e0 quelques kilom\u00e8tres de l\u2019Ile D\u2019Elbe: art, culture, arch\u00e9ologie, excursions en mer, sport et oenogastronomie Toscane!","robots":{"index":"index","follow":"follow","max-snippet":"max-snippet:-1","max-image-preview":"max-image-preview:large","max-video-preview":"max-video-preview:-1"},"canonical":"https:\/\/www.poggioallagnello.it\/fr\/meeting\/activites-post-congres\/","og_locale":"fr_FR","og_type":"article","og_title":"Activit\u00e8s Post Congr\u00e8s en Toscane Resort \u00b7 Poggio all'Agnello Resort","og_description":"Poggio all\u2019Agnello offre de nombreuses activit\u00e9s post-congr\u00e9s gr\u00e2ce \u00e0 sa position id\u00e9ale sur la C\u00f4te des Etrusques et \u00e0 quelques kilom\u00e8tres de l\u2019Ile D\u2019Elbe: art, culture, arch\u00e9ologie, excursions en mer, sport et oenogastronomie Toscane!","og_url":"https:\/\/www.poggioallagnello.it\/fr\/meeting\/activites-post-congres\/","og_site_name":"Poggio all&#039;Agnello","article_publisher":"https:\/\/www.facebook.com\/poggioallagnelloresort\/","article_modified_time":"2019-08-21T10:41:08+00:00","twitter_card":"summary_large_image","twitter_site":"@poggioagnello","twitter_misc":{"Dur\u00e9e de lecture estim\u00e9e":"3 minutes"},"schema":{"@context":"https:\/\/schema.org","@graph":[{"@type":"WebPage","@id":"https:\/\/www.poggioallagnello.it\/fr\/meeting\/activites-post-congres\/","url":"https:\/\/www.poggioallagnello.it\/fr\/meeting\/activites-post-congres\/","name":"Activit\u00e8s Post Congr\u00e8s en Toscane Resort \u00b7 Poggio all'Agnello Resort","isPartOf":{"@id":"https:\/\/www.poggioallagnello.it\/#website"},"datePublished":"2019-02-08T10:17:29+00:00","dateModified":"2019-08-21T10:41:08+00:00","description":"Poggio all\u2019Agnello offre de nombreuses activit\u00e9s post-congr\u00e9s gr\u00e2ce \u00e0 sa position id\u00e9ale sur la C\u00f4te des Etrusques et \u00e0 quelques kilom\u00e8tres de l\u2019Ile D\u2019Elbe: art, culture, arch\u00e9ologie, excursions en mer, sport et oenogastronomie Toscane!","breadcrumb":{"@id":"https:\/\/www.poggioallagnello.it\/fr\/meeting\/activites-post-congres\/#breadcrumb"},"inLanguage":"fr-FR","potentialAction":[{"@type":"ReadAction","target":["https:\/\/www.poggioallagnello.it\/fr\/meeting\/activites-post-congres\/"]}]},{"@type":"BreadcrumbList","@id":"https:\/\/www.poggioallagnello.it\/fr\/meeting\/activites-post-congres\/#breadcrumb","itemListElement":[{"@type":"ListItem","position":1,"name":"Home","item":"https:\/\/www.poggioallagnello.it\/fr\/"},{"@type":"ListItem","position":2,"name":"Meeting","item":"https:\/\/www.poggioallagnello.it\/fr\/meeting\/"},{"@type":"ListItem","position":3,"name":"Activit\u00e8s post congr\u00e8s"}]},{"@type":"WebSite","@id":"https:\/\/www.poggioallagnello.it\/#website","url":"https:\/\/www.poggioallagnello.it\/","name":"Poggio all&#039;Agnello","description":"Sport &amp; Active Holidays","publisher":{"@id":"https:\/\/www.poggioallagnello.it\/#organization"},"potentialAction":[{"@type":"SearchAction","target":{"@type":"EntryPoint","urlTemplate":"https:\/\/www.poggioallagnello.it\/?s={search_term_string}"},"query-input":"required name=search_term_string"}],"inLanguage":"fr-FR"},{"@type":"Organization","@id":"https:\/\/www.poggioallagnello.it\/#organization","name":"Poggio all'Agnello","url":"https:\/\/www.poggioallagnello.it\/","logo":{"@type":"ImageObject","inLanguage":"fr-FR","@id":"https:\/\/www.poggioallagnello.it\/#\/schema\/logo\/image\/","url":"https:\/\/www.poggioallagnello.it\/wp-content\/uploads\/2019\/02\/poggioallagnello-logo-retina-1.png","contentUrl":"https:\/\/www.poggioallagnello.it\/wp-content\/uploads\/2019\/02\/poggioallagnello-logo-retina-1.png","width":407,"height":150,"caption":"Poggio all'Agnello"},"image":{"@id":"https:\/\/www.poggioallagnello.it\/#\/schema\/logo\/image\/"},"sameAs":["https:\/\/www.facebook.com\/poggioallagnelloresort\/","https:\/\/twitter.com\/poggioagnello","https:\/\/www.instagram.com\/poggioallagnello\/"]}]}},"_links":{"self":[{"href":"https:\/\/www.poggioallagnello.it\/fr\/wp-json\/wp\/v2\/pages\/3621"}],"collection":[{"href":"https:\/\/www.poggioallagnello.it\/fr\/wp-json\/wp\/v2\/pages"}],"about":[{"href":"https:\/\/www.poggioallagnello.it\/fr\/wp-json\/wp\/v2\/types\/page"}],"author":[{"embeddable":true,"href":"https:\/\/www.poggioallagnello.it\/fr\/wp-json\/wp\/v2\/users\/6"}],"replies":[{"embeddable":true,"href":"https:\/\/www.poggioallagnello.it\/fr\/wp-json\/wp\/v2\/comments?post=3621"}],"version-history":[{"count":3,"href":"https:\/\/www.poggioallagnello.it\/fr\/wp-json\/wp\/v2\/pages\/3621\/revisions"}],"predecessor-version":[{"id":4259,"href":"https:\/\/www.poggioallagnello.it\/fr\/wp-json\/wp\/v2\/pages\/3621\/revisions\/4259"}],"wp:attachment":[{"href":"https:\/\/www.poggioallagnello.it\/fr\/wp-json\/wp\/v2\/media?parent=3621"}],"wp:term":[{"taxonomy":"post_tag","embeddable":true,"href":"https:\/\/www.poggioallagnello.it\/fr\/wp-json\/wp\/v2\/tags?post=3621"}],"curies":[{"name":"wp","href":"https:\/\/api.w.org\/{rel}","templated":true}]}}