{"id":3625,"date":"2019-02-08T11:16:51","date_gmt":"2019-02-08T10:16:51","guid":{"rendered":"https:\/\/demo.poggioallagnello.it\/meeting\/team-building\/"},"modified":"2019-08-21T10:41:23","modified_gmt":"2019-08-21T10:41:23","slug":"team-building","status":"publish","type":"page","link":"https:\/\/www.poggioallagnello.it\/fr\/team-building\/","title":{"rendered":"Team Building"},"content":{"rendered":"<section class=\"wpb-content-wrapper\"><p>[vc_row full_width=\u00a0\u00bbstretch_row\u00a0\u00bb bg_type=\u00a0\u00bbbg_color\u00a0\u00bb seperator_enable=\u00a0\u00bbseperator_enable_value\u00a0\u00bb seperator_type=\u00a0\u00bbcurve_up_seperator\u00a0\u00bb seperator_position=\u00a0\u00bbbottom_seperator\u00a0\u00bb seperator_svg_height=\u00a0\u00bb140&Prime; css=\u00a0\u00bb.vc_custom_1550660908471{padding-top: 90px !important;padding-bottom: 140px !important;}\u00a0\u00bb bg_color_value=\u00a0\u00bb#f4f6f7&Prime;][vc_column][vc_column_text]<\/p>\n<h2>ACTIVIT\u00c9 DE TEAM BUILDING<\/h2>\n<p>Poggio all\u2019Agnello vous offre la possibilit\u00e9 de renforcer l&rsquo;entente au sein de votre \u00e9quipe professionnelle, de d\u00e9velopper le sentiment d&rsquo;appartenance et d&rsquo;accroitre la motivation \u00e0 travers des activit\u00e9s auxquelles vos collaborateurs pourront s&rsquo;adonner ensemble.<br \/>\nOutre les espaces int\u00e9rieurs et les salles de r\u00e9union, Poggio all&rsquo;Agnello met \u00e0 votre disposition d&rsquo;amples espaces et \u00e9quipements sportifs pour organiser des activit\u00e9s et des jeux.<br \/>\nL &lsquo;environnement naturel pr\u00e9serv\u00e9 entre campagne et mer de la C\u00f4te des \u00c9trusques de Poggio all&rsquo;Agnello dans lequel se d\u00e9roulent les activit\u00e9s, contribuera d&rsquo;autant plus \u00e0 tisser un lien entre vos collaborateurs en leur offrant une exp\u00e9rience inoubliable.[\/vc_column_text][\/vc_column][\/vc_row][vc_row][vc_column width=\u00a0\u00bb1\/4&Prime;][vc_column_text css_animation=\u00a0\u00bbfadeInLeft\u00a0\u00bb]<\/p>\n<h3>TEAM BUILDING SPORTIF<\/h3>\n<p>Le sport poss\u00e8de un puissant pouvoir f\u00e9d\u00e9rateur et \u00e0 Poggio all\u2019Agnello, toutes les installations sportives seront \u00e0 votre enti\u00e8re disposition. La piscine olympique chauff\u00e9e \u00e0 certaines p\u00e9riodes de l&rsquo;ann\u00e9e, les cours de tennis, le terrain de foot en \u00e9quipe r\u00e9duite ou de basket volley ainsi que celui de volley-ball sur herbe vous permettront d&rsquo;organiser des tournois en toute libert\u00e9.[\/vc_column_text][\/vc_column][vc_column width=\u00a0\u00bb1\/2&Prime;][vc_column_text css_animation=\u00a0\u00bbfadeInDown\u00a0\u00bb]<\/p>\n<h3>TEAM BUILDING INDOOR<\/h3>\n<p>Vous disposez, au sein du complexe h\u00f4telier, d&rsquo;un espace couvert dans lequel organiser des activit\u00e9s collectives telles que des jeux de soci\u00e9t\u00e9, concours de chant, de th\u00e9\u00e2tre ou encore la r\u00e9alisation de films.[\/vc_column_text][\/vc_column][vc_column width=\u00a0\u00bb1\/4&Prime;][vc_column_text css_animation=\u00a0\u00bbfadeInRight\u00a0\u00bb]<\/p>\n<h3>TEAM BUILDING AVENTURE<\/h3>\n<p>Le vaste parc du complexe h\u00f4telier et les espaces verts qui entourent la structure constituent un cadre id\u00e9al pour organiser des activit\u00e9s au contact de la nature comme une chasse au tr\u00e9sor, une course d&rsquo;orientation et des jeux sans fronti\u00e8re. [\/vc_column_text][\/vc_column][\/vc_row]<\/p>\n<\/section>","protected":false},"excerpt":{"rendered":"<p>[vc_row full_width=\u00a0\u00bbstretch_row\u00a0\u00bb bg_type=\u00a0\u00bbbg_color\u00a0\u00bb seperator_enable=\u00a0\u00bbseperator_enable_value\u00a0\u00bb seperator_type=\u00a0\u00bbcurve_up_seperator\u00a0\u00bb seperator_position=\u00a0\u00bbbottom_seperator\u00a0\u00bb seperator_svg_height=\u00a0\u00bb140&Prime; css=\u00a0\u00bb.vc_custom_1550660908471{padding-top: 90px !important;padding-bottom: 140px !important;}\u00a0\u00bb bg_color_value=\u00a0\u00bb#f4f6f7&Prime;][vc_column][vc_column_text] ACTIVIT\u00c9 DE TEAM BUILDING Poggio all\u2019Agnello vous offre la possibilit\u00e9 de renforcer l&rsquo;entente au sein de votre \u00e9quipe professionnelle, de d\u00e9velopper le sentiment d&rsquo;appartenance et d&rsquo;accroitre la motivation \u00e0 travers des activit\u00e9s auxquelles vos collaborateurs pourront s&rsquo;adonner ensemble. Outre les espaces int\u00e9rieurs&hellip;<\/p>\n","protected":false},"author":6,"featured_media":0,"parent":0,"menu_order":0,"comment_status":"closed","ping_status":"closed","template":"","meta":[],"tags":[],"yoast_head":"<!-- This site is optimized with the Yoast SEO plugin v21.1 - https:\/\/yoast.com\/wordpress\/plugins\/seo\/ -->\n<title>Team Building et Incentives en Toscane \u00b7 Poggio all&#039;Agnello<\/title>\n<meta name=\"description\" content=\"Poggio all\u2019Agnello est une solution id\u00e9ale pour activit\u00e9s de Team Building ou formation exp\u00e9rientielle gr\u00e2ce aux amples espaces \u00e0 l\u2019int\u00e9rieur et \u00e0 l\u2019ext\u00e9rieur et aux nombreux services disponibles. Le lieu id\u00e9al pour un meeting d\u2019entreprise.\" \/>\n<meta name=\"robots\" content=\"index, follow, max-snippet:-1, max-image-preview:large, max-video-preview:-1\" \/>\n<link rel=\"canonical\" href=\"https:\/\/www.poggioallagnello.it\/fr\/meeting\/team-building\/\" \/>\n<meta property=\"og:locale\" content=\"fr_FR\" \/>\n<meta property=\"og:type\" content=\"article\" \/>\n<meta property=\"og:title\" content=\"Team Building et Incentives en Toscane \u00b7 Poggio all&#039;Agnello\" \/>\n<meta property=\"og:description\" content=\"Poggio all\u2019Agnello est une solution id\u00e9ale pour activit\u00e9s de Team Building ou formation exp\u00e9rientielle gr\u00e2ce aux amples espaces \u00e0 l\u2019int\u00e9rieur et \u00e0 l\u2019ext\u00e9rieur et aux nombreux services disponibles. Le lieu id\u00e9al pour un meeting d\u2019entreprise.\" \/>\n<meta property=\"og:url\" content=\"https:\/\/www.poggioallagnello.it\/fr\/meeting\/team-building\/\" \/>\n<meta property=\"og:site_name\" content=\"Poggio all&#039;Agnello\" \/>\n<meta property=\"article:publisher\" content=\"https:\/\/www.facebook.com\/poggioallagnelloresort\/\" \/>\n<meta property=\"article:modified_time\" content=\"2019-08-21T10:41:23+00:00\" \/>\n<meta name=\"twitter:card\" content=\"summary_large_image\" \/>\n<meta name=\"twitter:site\" content=\"@poggioagnello\" \/>\n<meta name=\"twitter:label1\" content=\"Dur\u00e9e de lecture estim\u00e9e\" \/>\n\t<meta name=\"twitter:data1\" content=\"2 minutes\" \/>\n<script type=\"application\/ld+json\" class=\"yoast-schema-graph\">{\"@context\":\"https:\/\/schema.org\",\"@graph\":[{\"@type\":\"WebPage\",\"@id\":\"https:\/\/www.poggioallagnello.it\/fr\/meeting\/team-building\/\",\"url\":\"https:\/\/www.poggioallagnello.it\/fr\/meeting\/team-building\/\",\"name\":\"Team Building et Incentives en Toscane \u00b7 Poggio all'Agnello\",\"isPartOf\":{\"@id\":\"https:\/\/www.poggioallagnello.it\/#website\"},\"datePublished\":\"2019-02-08T10:16:51+00:00\",\"dateModified\":\"2019-08-21T10:41:23+00:00\",\"description\":\"Poggio all\u2019Agnello est une solution id\u00e9ale pour activit\u00e9s de Team Building ou formation exp\u00e9rientielle gr\u00e2ce aux amples espaces \u00e0 l\u2019int\u00e9rieur et \u00e0 l\u2019ext\u00e9rieur et aux nombreux services disponibles. Le lieu id\u00e9al pour un meeting d\u2019entreprise.\",\"breadcrumb\":{\"@id\":\"https:\/\/www.poggioallagnello.it\/fr\/meeting\/team-building\/#breadcrumb\"},\"inLanguage\":\"fr-FR\",\"potentialAction\":[{\"@type\":\"ReadAction\",\"target\":[\"https:\/\/www.poggioallagnello.it\/fr\/meeting\/team-building\/\"]}]},{\"@type\":\"BreadcrumbList\",\"@id\":\"https:\/\/www.poggioallagnello.it\/fr\/meeting\/team-building\/#breadcrumb\",\"itemListElement\":[{\"@type\":\"ListItem\",\"position\":1,\"name\":\"Home\",\"item\":\"https:\/\/www.poggioallagnello.it\/fr\/\"},{\"@type\":\"ListItem\",\"position\":2,\"name\":\"Meeting\",\"item\":\"https:\/\/www.poggioallagnello.it\/fr\/meeting\/\"},{\"@type\":\"ListItem\",\"position\":3,\"name\":\"Team Building\"}]},{\"@type\":\"WebSite\",\"@id\":\"https:\/\/www.poggioallagnello.it\/#website\",\"url\":\"https:\/\/www.poggioallagnello.it\/\",\"name\":\"Poggio all&#039;Agnello\",\"description\":\"Sport &amp; Active Holidays\",\"publisher\":{\"@id\":\"https:\/\/www.poggioallagnello.it\/#organization\"},\"potentialAction\":[{\"@type\":\"SearchAction\",\"target\":{\"@type\":\"EntryPoint\",\"urlTemplate\":\"https:\/\/www.poggioallagnello.it\/?s={search_term_string}\"},\"query-input\":\"required name=search_term_string\"}],\"inLanguage\":\"fr-FR\"},{\"@type\":\"Organization\",\"@id\":\"https:\/\/www.poggioallagnello.it\/#organization\",\"name\":\"Poggio all'Agnello\",\"url\":\"https:\/\/www.poggioallagnello.it\/\",\"logo\":{\"@type\":\"ImageObject\",\"inLanguage\":\"fr-FR\",\"@id\":\"https:\/\/www.poggioallagnello.it\/#\/schema\/logo\/image\/\",\"url\":\"https:\/\/www.poggioallagnello.it\/wp-content\/uploads\/2019\/02\/poggioallagnello-logo-retina-1.png\",\"contentUrl\":\"https:\/\/www.poggioallagnello.it\/wp-content\/uploads\/2019\/02\/poggioallagnello-logo-retina-1.png\",\"width\":407,\"height\":150,\"caption\":\"Poggio all'Agnello\"},\"image\":{\"@id\":\"https:\/\/www.poggioallagnello.it\/#\/schema\/logo\/image\/\"},\"sameAs\":[\"https:\/\/www.facebook.com\/poggioallagnelloresort\/\",\"https:\/\/twitter.com\/poggioagnello\",\"https:\/\/www.instagram.com\/poggioallagnello\/\"]}]}<\/script>\n<!-- \/ Yoast SEO plugin. -->","yoast_head_json":{"title":"Team Building et Incentives en Toscane \u00b7 Poggio all'Agnello","description":"Poggio all\u2019Agnello est une solution id\u00e9ale pour activit\u00e9s de Team Building ou formation exp\u00e9rientielle gr\u00e2ce aux amples espaces \u00e0 l\u2019int\u00e9rieur et \u00e0 l\u2019ext\u00e9rieur et aux nombreux services disponibles. Le lieu id\u00e9al pour un meeting d\u2019entreprise.","robots":{"index":"index","follow":"follow","max-snippet":"max-snippet:-1","max-image-preview":"max-image-preview:large","max-video-preview":"max-video-preview:-1"},"canonical":"https:\/\/www.poggioallagnello.it\/fr\/meeting\/team-building\/","og_locale":"fr_FR","og_type":"article","og_title":"Team Building et Incentives en Toscane \u00b7 Poggio all'Agnello","og_description":"Poggio all\u2019Agnello est une solution id\u00e9ale pour activit\u00e9s de Team Building ou formation exp\u00e9rientielle gr\u00e2ce aux amples espaces \u00e0 l\u2019int\u00e9rieur et \u00e0 l\u2019ext\u00e9rieur et aux nombreux services disponibles. Le lieu id\u00e9al pour un meeting d\u2019entreprise.","og_url":"https:\/\/www.poggioallagnello.it\/fr\/meeting\/team-building\/","og_site_name":"Poggio all&#039;Agnello","article_publisher":"https:\/\/www.facebook.com\/poggioallagnelloresort\/","article_modified_time":"2019-08-21T10:41:23+00:00","twitter_card":"summary_large_image","twitter_site":"@poggioagnello","twitter_misc":{"Dur\u00e9e de lecture estim\u00e9e":"2 minutes"},"schema":{"@context":"https:\/\/schema.org","@graph":[{"@type":"WebPage","@id":"https:\/\/www.poggioallagnello.it\/fr\/meeting\/team-building\/","url":"https:\/\/www.poggioallagnello.it\/fr\/meeting\/team-building\/","name":"Team Building et Incentives en Toscane \u00b7 Poggio all'Agnello","isPartOf":{"@id":"https:\/\/www.poggioallagnello.it\/#website"},"datePublished":"2019-02-08T10:16:51+00:00","dateModified":"2019-08-21T10:41:23+00:00","description":"Poggio all\u2019Agnello est une solution id\u00e9ale pour activit\u00e9s de Team Building ou formation exp\u00e9rientielle gr\u00e2ce aux amples espaces \u00e0 l\u2019int\u00e9rieur et \u00e0 l\u2019ext\u00e9rieur et aux nombreux services disponibles. Le lieu id\u00e9al pour un meeting d\u2019entreprise.","breadcrumb":{"@id":"https:\/\/www.poggioallagnello.it\/fr\/meeting\/team-building\/#breadcrumb"},"inLanguage":"fr-FR","potentialAction":[{"@type":"ReadAction","target":["https:\/\/www.poggioallagnello.it\/fr\/meeting\/team-building\/"]}]},{"@type":"BreadcrumbList","@id":"https:\/\/www.poggioallagnello.it\/fr\/meeting\/team-building\/#breadcrumb","itemListElement":[{"@type":"ListItem","position":1,"name":"Home","item":"https:\/\/www.poggioallagnello.it\/fr\/"},{"@type":"ListItem","position":2,"name":"Meeting","item":"https:\/\/www.poggioallagnello.it\/fr\/meeting\/"},{"@type":"ListItem","position":3,"name":"Team Building"}]},{"@type":"WebSite","@id":"https:\/\/www.poggioallagnello.it\/#website","url":"https:\/\/www.poggioallagnello.it\/","name":"Poggio all&#039;Agnello","description":"Sport &amp; Active Holidays","publisher":{"@id":"https:\/\/www.poggioallagnello.it\/#organization"},"potentialAction":[{"@type":"SearchAction","target":{"@type":"EntryPoint","urlTemplate":"https:\/\/www.poggioallagnello.it\/?s={search_term_string}"},"query-input":"required name=search_term_string"}],"inLanguage":"fr-FR"},{"@type":"Organization","@id":"https:\/\/www.poggioallagnello.it\/#organization","name":"Poggio all'Agnello","url":"https:\/\/www.poggioallagnello.it\/","logo":{"@type":"ImageObject","inLanguage":"fr-FR","@id":"https:\/\/www.poggioallagnello.it\/#\/schema\/logo\/image\/","url":"https:\/\/www.poggioallagnello.it\/wp-content\/uploads\/2019\/02\/poggioallagnello-logo-retina-1.png","contentUrl":"https:\/\/www.poggioallagnello.it\/wp-content\/uploads\/2019\/02\/poggioallagnello-logo-retina-1.png","width":407,"height":150,"caption":"Poggio all'Agnello"},"image":{"@id":"https:\/\/www.poggioallagnello.it\/#\/schema\/logo\/image\/"},"sameAs":["https:\/\/www.facebook.com\/poggioallagnelloresort\/","https:\/\/twitter.com\/poggioagnello","https:\/\/www.instagram.com\/poggioallagnello\/"]}]}},"_links":{"self":[{"href":"https:\/\/www.poggioallagnello.it\/fr\/wp-json\/wp\/v2\/pages\/3625"}],"collection":[{"href":"https:\/\/www.poggioallagnello.it\/fr\/wp-json\/wp\/v2\/pages"}],"about":[{"href":"https:\/\/www.poggioallagnello.it\/fr\/wp-json\/wp\/v2\/types\/page"}],"author":[{"embeddable":true,"href":"https:\/\/www.poggioallagnello.it\/fr\/wp-json\/wp\/v2\/users\/6"}],"replies":[{"embeddable":true,"href":"https:\/\/www.poggioallagnello.it\/fr\/wp-json\/wp\/v2\/comments?post=3625"}],"version-history":[{"count":3,"href":"https:\/\/www.poggioallagnello.it\/fr\/wp-json\/wp\/v2\/pages\/3625\/revisions"}],"predecessor-version":[{"id":4255,"href":"https:\/\/www.poggioallagnello.it\/fr\/wp-json\/wp\/v2\/pages\/3625\/revisions\/4255"}],"wp:attachment":[{"href":"https:\/\/www.poggioallagnello.it\/fr\/wp-json\/wp\/v2\/media?parent=3625"}],"wp:term":[{"taxonomy":"post_tag","embeddable":true,"href":"https:\/\/www.poggioallagnello.it\/fr\/wp-json\/wp\/v2\/tags?post=3625"}],"curies":[{"name":"wp","href":"https:\/\/api.w.org\/{rel}","templated":true}]}}