{"id":3635,"date":"2019-02-08T10:43:41","date_gmt":"2019-02-08T09:43:41","guid":{"rendered":"https:\/\/demo.poggioallagnello.it\/resort\/itinerari\/"},"modified":"2019-08-21T11:04:42","modified_gmt":"2019-08-21T11:04:42","slug":"itineraires","status":"publish","type":"page","link":"https:\/\/www.poggioallagnello.it\/fr\/itineraires\/","title":{"rendered":"Itin\u00e9raires"},"content":{"rendered":"<section class=\"wpb-content-wrapper\"><p>[vc_row full_width=\u00a0\u00bbstretch_row\u00a0\u00bb bg_type=\u00a0\u00bbbg_color\u00a0\u00bb css=\u00a0\u00bb.vc_custom_1560182872249{padding-top: 90px !important;padding-bottom: 140px !important;}\u00a0\u00bb bg_color_value=\u00a0\u00bb#f4f6f7&Prime;][vc_column][vc_column_text]<\/p>\n<h2>CYCLOTOURISME EN TOSCANE \u2013 ITIN\u00c9RAIRES ET PARCOURS<\/h2>\n<p>La beaut\u00e9 du territoire, de ses nombreux parcs et oasis naturelles, les plages enchanteresses adoss\u00e9es \u00e0 des pin\u00e8des, font du Village touristique de Poggio all&rsquo;Agnello une destination particuli\u00e8rement appr\u00e9ci\u00e9e pour le cyclotourisme en Toscane. Voici quelques itin\u00e9raires de v\u00e9lo de route et mountain bike ainsi que les attractions paysag\u00e8res de la C\u00f4te des \u00c9trusques.[\/vc_column_text][\/vc_column][\/vc_row][vc_row bg_type=\u00a0\u00bbimage\u00a0\u00bb parallax_style=\u00a0\u00bbvcpb-default\u00a0\u00bb bg_image_new=\u00a0\u00bbid^3303|url^https:\/\/www.poggioallagnello.it\/wp-content\/uploads\/2019\/02\/Itinerari-poggio-all-agnello-trekking.jpg|caption^null|alt^null|title^Itinerari-poggio-all-agnello-trekking|description^null\u00a0\u00bb bg_override=\u00a0\u00bbex-full\u00a0\u00bb enable_overlay=\u00a0\u00bbenable_overlay_value\u00a0\u00bb overlay_color=\u00a0\u00bbrgba(0,0,0,0.4)\u00a0\u00bb seperator_enable=\u00a0\u00bbseperator_enable_value\u00a0\u00bb seperator_type=\u00a0\u00bbcurve_up_seperator\u00a0\u00bb seperator_shape_background=\u00a0\u00bb#f4f6f7&Prime; css=\u00a0\u00bb.vc_custom_1560183017009{margin-bottom: 40px !important;padding-top: 210px !important;padding-bottom: 160px !important;}\u00a0\u00bb][vc_column][vc_column_text]<\/p>\n<h2><span style=\"color: #ffffff;\">VACANCES TREKKING EN TOSCANE \u2013 POGGIO ALL&rsquo;AGNELLO<br \/>\n<\/span><\/h2>\n<p><span style=\"color: #ffffff;\">Le territoire de la C\u00f4te des \u00c9trusques toscane a tant \u00e0 offrir aux passionn\u00e9s de trekking, ou tout simplement aux amateurs de promenade, avec ses plages de sable fin, ses oasis naturelles, ses parcs bois\u00e9s et sa nature pr\u00e9serv\u00e9e.<br \/>\n<\/span>[\/vc_column_text][\/vc_column][\/vc_row][vc_row][vc_column css_animation=\u00a0\u00bbfadeIn\u00a0\u00bb width=\u00a0\u00bb1\/3&Prime;][vc_column_text css_animation=\u00a0\u00bbfadeIn\u00a0\u00bb]<\/p>\n<h4>LE PARC DE POGGIO NERI \u2013 SASSETTA (LI)<\/h4>\n<p>Le Parc de Poggio Neri est une destination id\u00e9ale pour les passionn\u00e9s de trekking. Le parc s&rsquo;\u00e9tend sur environ 700 hectares d&rsquo;une vaste for\u00eat principalement compos\u00e9e de ch\u00e2taigniers et de ch\u00eanes verts travers\u00e9e de nombreux sentiers \u00e0 d\u00e9couvrir \u00e0 pieds, en mountain bike et \u00e0 cheval. Le sentier est ponctu\u00e9 d&rsquo;espaces pique-nique am\u00e9nag\u00e9s et de fontaines \u00e0 eau auxquelles vous pourrez remplir vos gourdes. Le parc offre en outre un sentier am\u00e9nag\u00e9 pour les personnes \u00e0 mobilit\u00e9 r\u00e9duite afin de donner \u00e0 tous la possibilit\u00e9 de profiter de ses beaut\u00e9s naturelles.[\/vc_column_text][\/vc_column][vc_column width=\u00a0\u00bb1\/3&Prime;][vc_column_text css_animation=\u00a0\u00bbfadeIn\u00a0\u00bb]<\/p>\n<h4>PROMONTOIRE DE PIOMBINO \u2013 PIOMBINO (LI)<\/h4>\n<p>Le Promontoire de Piombino concilie de fa\u00e7on int\u00e9ressante parcours \u00e0 travers for\u00eats m\u00e9diterran\u00e9ennes et mer pour les passionn\u00e9s de trekking. Le sentier part des abords de Populonia et longe souvent la c\u00f4te, offrant ainsi de magnifiques paysages marins avec l\u2019\u00eele d&rsquo;Elbe pour horizon. \u00c0 la belle saison, les nombreuses criques -dont la plus connue est la \u00ab buca delle fate \u00bb- permettent de se baigner dans une eau cristalline. Au bout d&rsquo;environ 8 km, le sentier se termine aux abords de Piombino (localit\u00e9 Salivoli).[\/vc_column_text][\/vc_column][vc_column width=\u00a0\u00bb1\/3&Prime;][vc_column_text css_animation=\u00a0\u00bbfadeIn\u00a0\u00bb]<\/p>\n<h4>PARC ARCH\u00c9OMINIER DE SAN SILVESTRO \u2013 CAMPIGLIA MARITTIMA (LI)<\/h4>\n<p>Le Parc de San Silvestro ajoute \u00e0 la promenade naturelle une note culturelle et arch\u00e9ologique. Les parcours qui traversent le parc sont ponctu\u00e9s de mus\u00e9es, anciennes mines, bourgs m\u00e9di\u00e9vaux et tr\u00e9sors arch\u00e9ologiques jusqu&rsquo;\u00e0 d\u00e9boucher sur le site m\u00e9di\u00e9val de Rocca di San Silvestro, vestige d&rsquo;une fortification antique. L&rsquo;entr\u00e9e est payante et une visite guid\u00e9e est disponible.[\/vc_column_text][\/vc_column][\/vc_row][vc_row css=\u00a0\u00bb.vc_custom_1550823863718{margin-top: 40px !important;margin-bottom: 40px !important;}\u00a0\u00bb][vc_column css_animation=\u00a0\u00bbfadeIn\u00a0\u00bb width=\u00a0\u00bb1\/3&Prime;][vc_column_text css_animation=\u00a0\u00bbfadeInDown\u00a0\u00bb]<\/p>\n<h4>PARC C\u00d4TIER DE LA STERPAIA \u2013 PIOMBINO (LI)<\/h4>\n<p>Le parc est compos\u00e9 d&rsquo;une zone bois\u00e9e courant le long du littoral aux dunes de sable fin caract\u00e9ristiques, situ\u00e9e sur la portion de littoral comprise entre Piombino et Follonica. Des tours d&rsquo;observation typiques remontant \u00e0 des temps recul\u00e9s se dressent le long de la ligne c\u00f4ti\u00e8re du Parc. Le Parc de la Sterpaia est id\u00e9al pour des promenades \u00e0 pied ou en mountain bike, alliant le plaisir de traverser des for\u00eats de ch\u00eanes s\u00e9culaires \u00e0 celui d&rsquo;une baignade dans la mer cristalline du Golfe de Follonica, dans les divers paysages typiques de la Maremme Livournaise. La puret\u00e9 de ses eaux et la disponibilit\u00e9 de services aux baigneurs ont valu \u00e0 cette zone la reconnaissance du Drapeau Bleu pendant plusieurs ann\u00e9es.[\/vc_column_text][\/vc_column][vc_column width=\u00a0\u00bb1\/3&Prime;][vc_column_text css_animation=\u00a0\u00bbfadeInDown\u00a0\u00bb]<\/p>\n<h4>PARC NATUREL DE MONTIONI &#8211; SUVERETO (LI) ET AUTRE COMMUNES<\/h4>\n<p>Le parc de Montioni se situe \u00e0 quelques minutes de voiture de Poggio all&rsquo;Agnello, entre Massa Marittima et Suvereto. Le Parc de Montioni qui s&rsquo;\u00e9tend sur environ 6 000 hectares se distingue par de vertes collines couvertes de for\u00eats de ch\u00eanes verts, ch\u00eanes chevelus de Bourgogne, ch\u00eanes et autres essences m\u00e9diterran\u00e9ennes. D&rsquo;importants t\u00e9moignages historiques subsistent en raison de l&rsquo;ancienne production de charbon et de la pr\u00e9sence de villages miniers. Le Parc propose \u00e0 ses visiteurs une imposante \u00e9tendue de sentiers de trekking praticables \u00e0 pied, en v\u00e9lo (mountain bike) et \u00e0 cheval, ainsi que la possibilit\u00e9 d&rsquo;admirer une riche faune peupl\u00e9e de daims, chevreuil, sangliers, porcs-\u00e9pics et de nombreuses esp\u00e8ces d&rsquo;oiseaux. Un service de restauration est \u00e9galement disponible (restaurant \u00ab La Foresta \u00bb, localit\u00e9 Montioni) au sein du Parc.<br \/>\n[\/vc_column_text][\/vc_column][vc_column width=\u00a0\u00bb1\/3&Prime;][vc_column_text css_animation=\u00a0\u00bbfadeInDown\u00a0\u00bb]<\/p>\n<h4>Suvereto \u2013 Suvereto (LI)<\/h4>\n<p>La campagne de Suvereto, parsem\u00e9e d&rsquo;exploitations agricoles, for\u00eats de ch\u00eanes-li\u00e8ges et de ch\u00eanaies, propose des promenades insolites dans un environnement \u00e0 la fois naturel et anthropique, le long de la bien connue route des vins de la C\u00f4te des \u00c9trusques. La zone de Suvereto est non seulement connue pour son vin (Doc Val di Cornia) mais \u00e9galement pour l&rsquo;excellente huile d&rsquo;olive vierge extra produite dans de nombreux pressoirs de la r\u00e9gion. Cette promenade offre donc d&rsquo;agr\u00e9ables moments de d\u00e9tente ponctu\u00e9s de d\u00e9gustation de vin, d&rsquo;huile et de plats typiques avec possibilit\u00e9 de visiter directement caves et pressoirs. Certaines visites requi\u00e8rent une r\u00e9servation.<br \/>\n[\/vc_column_text][\/vc_column][vc_column][vc_column_text css=\u00a0\u00bb.vc_custom_1550823929111{margin-top: 40px !important;}\u00a0\u00bb]<strong> Les coordonn\u00e9es de guides sp\u00e9cialis\u00e9s de trekking et de v\u00e9lo sont disponibles aupr\u00e8s de la r\u00e9ception. Pour les familles et\/ou les groupes. <\/strong>[\/vc_column_text][\/vc_column][\/vc_row][vc_row bg_type=\u00a0\u00bbimage\u00a0\u00bb parallax_style=\u00a0\u00bbvcpb-default\u00a0\u00bb bg_image_new=\u00a0\u00bbid^3314|url^https:\/\/www.poggioallagnello.it\/wp-content\/uploads\/2019\/02\/Itinerari-poggio-all-agnello-vino.jpg|caption^null|alt^null|title^Itinerari-poggio-all-agnello-vino|description^null\u00a0\u00bb bg_override=\u00a0\u00bbex-full\u00a0\u00bb enable_overlay=\u00a0\u00bbenable_overlay_value\u00a0\u00bb overlay_color=\u00a0\u00bbrgba(0,0,0,0.45)\u00a0\u00bb css=\u00a0\u00bb.vc_custom_1550825031847{margin-bottom: 40px !important;padding-top: 90px !important;padding-bottom: 90px !important;}\u00a0\u00bb][vc_column][vc_column_text css_animation=\u00a0\u00bbfadeIn\u00a0\u00bb]<\/p>\n<h2><span style=\"color: #ffffff;\"> ITIN\u00c9RAIRES \u0152NOGASTRONOMIQUES SUR LA C\u00d4TE DES \u00c9TRUSQUES TOSCANE <\/span><\/h2>\n<p><span style=\"color: #ffffff;\"> La culture du vin fait partie int\u00e9grante de la r\u00e9gion de la C\u00f4te des \u00c9trusques, comme le prouvent les prestigieux vins Doc : le Bolgheri Doc, le Montescudaio Doc, le Val di Cornia Doc, et le Doc Elba. La passion pour le vin se marie naturellement \u00e0 celle pour d&rsquo;autres produits typiques, tels que l&rsquo;huile d&rsquo;olive extra-vierge issue des vastes oliveraies (Moraiolo, Leccino et autres vari\u00e9t\u00e9s autochtones) qui tapissent les collines de cette r\u00e9gion tirant parti des influences b\u00e9n\u00e9fiques de la m\u00e9diterran\u00e9e. <\/span>[\/vc_column_text][\/vc_column][\/vc_row][vc_row css=\u00a0\u00bb.vc_custom_1550824959345{margin-top: 40px !important;margin-bottom: 40px !important;}\u00a0\u00bb][vc_column][vc_column_text css_animation=\u00a0\u00bbfadeIn\u00a0\u00bb]Divers itin\u00e9raires oenogastronomiques s&rsquo;articulent le long de la Riviera des \u00c9trusques, \u00e0 travers des bourgs m\u00e9di\u00e9vaux riches en histoire mais \u00e9galement en produits typiques \u00e0 d\u00e9guster dans les nombreuses recettes de la cuisine toscane qui, sur la C\u00f4te des \u00c9trusques allie des mets marins (cacciucco \u00e0 la livournaise, vivaneaux, daurades, crustac\u00e9s, p\u00e2tes \u00e0 l&rsquo;encre de seiche) \u00e0 des produits du terroir (viande de race \u00ab Chianina \u00bb et gibier o\u00f9 se distinguent les plats \u00e0 base de sanglier).<\/p>\n<p><strong> La C\u00f4te des \u00c9trusques : une cuisine toscane et une s\u00e9rie d&rsquo;invitations oenogastronomiques, dont chacune est \u00e0 go\u00fbter et \u00e0 savourer. <\/strong>[\/vc_column_text][\/vc_column][\/vc_row][vc_row bg_type=\u00a0\u00bbimage\u00a0\u00bb parallax_style=\u00a0\u00bbvcpb-default\u00a0\u00bb bg_image_new=\u00a0\u00bbid^3323|url^https:\/\/www.poggioallagnello.it\/wp-content\/uploads\/2019\/02\/Itinerari-poggio-all-agnello-moto.jpg|caption^null|alt^null|title^Itinerari-poggio-all-agnello-moto|description^null\u00a0\u00bb bg_override=\u00a0\u00bbex-full\u00a0\u00bb enable_overlay=\u00a0\u00bbenable_overlay_value\u00a0\u00bb overlay_color=\u00a0\u00bbrgba(0,0,0,0.46)\u00a0\u00bb css=\u00a0\u00bb.vc_custom_1550825061328{margin-bottom: 40px !important;padding-top: 90px !important;padding-bottom: 90px !important;}\u00a0\u00bb][vc_column][vc_column_text css_animation=\u00a0\u00bbfadeIn\u00a0\u00bb]<\/p>\n<h2><span style=\"color: #ffffff;\">ITIN\u00c9RAIRES ET TOURS EN TOSCANE EN VOITURE ET MOTO<\/span><\/h2>\n<p><span style=\"color: #ffffff;\"> L&rsquo;int\u00e9rieur des terres de la C\u00f4te des \u00c9trusques propose divers parcours au c\u0153ur de la nature toscane \u00e0 d\u00e9couvrir en moto, loin des autoroutes bond\u00e9es, entre for\u00eats s\u00e9culaires, ch\u00e2teaux et magnifiques villes d&rsquo;art. <\/span>[\/vc_column_text][\/vc_column][\/vc_row][vc_row css=\u00a0\u00bb.vc_custom_1550824501279{margin-top: 32px !important;margin-bottom: 32px !important;}\u00a0\u00bb][vc_column][vc_column_text css_animation=\u00a0\u00bbfadeInDown\u00a0\u00bb]<\/p>\n<h3>ITIN\u00c9RAIRE EN MOTO DE POGGIO ALL\u2019AGNELLO \u00c0 SAN GIMIGNANO 111 KM (ALLER), EXCURSION D&rsquo;UNE JOURN\u00c9E<\/h3>\n<p>\u00c0 partir de Poggio all&rsquo;Agnello, passer par Venturina puis prendre la direction de Suvereto. \u00c0 partir de Suvereto, suivre une portion de la vall\u00e9e du fleuve Cornia en direction nord, vers Montescudaio, puis, arriv\u00e9 \u00e0 Casino di Terra, prendre la direction de Volterra et San Gimignano. Une halte est conseill\u00e9e \u00e0 Volterra pour admirer la magnifique ville d&rsquo;origine \u00e9trusque, puis poursuivre une trentaine de kilom\u00e8tres \u00e0 travers les routes de la campagne toscane jusqu&rsquo;\u00e0 San Gimignano, ville mondialement connue pour avoir conserv\u00e9 intacte sa forme m\u00e9di\u00e9vale. Au retour, optez pour une variante (environ 120 km) de l&rsquo;aller en passant par Colle Val d&rsquo;Elsa et Castelnuovo di Val di Cecina afin de d\u00e9couvrir de nouveaux paysages entre les collines bois\u00e9es toscanes. Il est recommand\u00e9 de faire une halte dans le bourg pittoresque et caract\u00e9ristique de Val di Cecina. L&rsquo;itin\u00e9raire du retour comporte de nombreux tournants et convient davantage aux amateurs de conduite dynamique et sportive.[\/vc_column_text][\/vc_column][\/vc_row][vc_row][vc_column][vc_column_text css_animation=\u00a0\u00bbfadeInDown\u00a0\u00bb]<\/p>\n<h3>ITIN\u00c9RAIRE EN MOTO DE POGGIO ALL\u2019AGNELLO \u00c0 MONTESCUDAIO KM 71 (ALLER), EXCURSION D&rsquo;UNE JOURN\u00c9E<\/h3>\n<p>Depuis Poggio all\u2019Agnello, traverser Venturina et prendre la direction de Suvereto, premi\u00e8re \u00e9tape possible avec arr\u00eat dans le bourg m\u00e9di\u00e9val, dans une cave \u00e0 vin ou dans un pressoir du territoire pour d\u00e9guster les sp\u00e9cialit\u00e9s. Poursuivre vers le nord jusqu&rsquo;\u00e0 Sassetta puis Castagneto Carducci, sur une route parall\u00e8le \u00e0 la c\u00f4te (distante d&rsquo;environ 5-6 km, avec vue sur la mer). De Castagneto Carducci, redescendre en direction de Bibbona puis de l\u00e0, remonter vers Montescudaio en suivant la cr\u00eate des collines parall\u00e8les \u00e0 la C\u00f4te des \u00c9trusques. Apr\u00e8s avoir visit\u00e9 Montescudaio dont l&#8217;emplacement sur les hauteurs offre une vue sur la mer, le retour peut se faire en redescendant vers la c\u00f4te par Cecina puis, plus au sud, par San Vincenzo (trajet d&rsquo;environ 48 km).<\/p>\n<p><strong> Ces m\u00eames parcours sont bien entendu disponibles \u00e0 ceux qui privil\u00e9gient les d\u00e9placements en voiture. <\/strong>[\/vc_column_text][\/vc_column][\/vc_row]<\/p>\n<\/section>","protected":false},"excerpt":{"rendered":"<p>[vc_row full_width=\u00a0\u00bbstretch_row\u00a0\u00bb bg_type=\u00a0\u00bbbg_color\u00a0\u00bb css=\u00a0\u00bb.vc_custom_1560182872249{padding-top: 90px !important;padding-bottom: 140px !important;}\u00a0\u00bb bg_color_value=\u00a0\u00bb#f4f6f7&Prime;][vc_column][vc_column_text] CYCLOTOURISME EN TOSCANE \u2013 ITIN\u00c9RAIRES ET PARCOURS La beaut\u00e9 du territoire, de ses nombreux parcs et oasis naturelles, les plages enchanteresses adoss\u00e9es \u00e0 des pin\u00e8des, font du Village touristique de Poggio all&rsquo;Agnello une destination particuli\u00e8rement appr\u00e9ci\u00e9e pour le cyclotourisme en Toscane. Voici quelques itin\u00e9raires de v\u00e9lo&hellip;<\/p>\n","protected":false},"author":6,"featured_media":0,"parent":0,"menu_order":0,"comment_status":"closed","ping_status":"closed","template":"","meta":[],"tags":[],"yoast_head":"<!-- This site is optimized with the Yoast SEO plugin v21.1 - https:\/\/yoast.com\/wordpress\/plugins\/seo\/ -->\n<title>Vacances \u00e0 ne pas manquer en Toscane - Poggio All&#039;Agnello Resort<\/title>\n<meta name=\"description\" content=\"La r\u00e9gion des Etrusques est un m\u00e9lange attrayant de nourriture et de vins toscans authentiques et de paysages \u00e0 couper le souffle pour la randonn\u00e9e ou la conduite.\" \/>\n<meta name=\"robots\" content=\"index, follow, max-snippet:-1, max-image-preview:large, max-video-preview:-1\" \/>\n<link rel=\"canonical\" href=\"https:\/\/www.poggioallagnello.it\/fr\/itineraires\/\" \/>\n<meta property=\"og:locale\" content=\"fr_FR\" \/>\n<meta property=\"og:type\" content=\"article\" \/>\n<meta property=\"og:title\" content=\"Vacances \u00e0 ne pas manquer en Toscane - Poggio All&#039;Agnello Resort\" \/>\n<meta property=\"og:description\" content=\"La r\u00e9gion des Etrusques est un m\u00e9lange attrayant de nourriture et de vins toscans authentiques et de paysages \u00e0 couper le souffle pour la randonn\u00e9e ou la conduite.\" \/>\n<meta property=\"og:url\" content=\"https:\/\/www.poggioallagnello.it\/fr\/itineraires\/\" \/>\n<meta property=\"og:site_name\" content=\"Poggio all&#039;Agnello\" \/>\n<meta property=\"article:publisher\" content=\"https:\/\/www.facebook.com\/poggioallagnelloresort\/\" \/>\n<meta property=\"article:modified_time\" content=\"2019-08-21T11:04:42+00:00\" \/>\n<meta name=\"twitter:card\" content=\"summary_large_image\" \/>\n<meta name=\"twitter:site\" content=\"@poggioagnello\" \/>\n<meta name=\"twitter:label1\" content=\"Dur\u00e9e de lecture estim\u00e9e\" \/>\n\t<meta name=\"twitter:data1\" content=\"9 minutes\" \/>\n<script type=\"application\/ld+json\" class=\"yoast-schema-graph\">{\"@context\":\"https:\/\/schema.org\",\"@graph\":[{\"@type\":\"WebPage\",\"@id\":\"https:\/\/www.poggioallagnello.it\/fr\/itineraires\/\",\"url\":\"https:\/\/www.poggioallagnello.it\/fr\/itineraires\/\",\"name\":\"Vacances \u00e0 ne pas manquer en Toscane - Poggio All'Agnello Resort\",\"isPartOf\":{\"@id\":\"https:\/\/www.poggioallagnello.it\/#website\"},\"datePublished\":\"2019-02-08T09:43:41+00:00\",\"dateModified\":\"2019-08-21T11:04:42+00:00\",\"description\":\"La r\u00e9gion des Etrusques est un m\u00e9lange attrayant de nourriture et de vins toscans authentiques et de paysages \u00e0 couper le souffle pour la randonn\u00e9e ou la conduite.\",\"breadcrumb\":{\"@id\":\"https:\/\/www.poggioallagnello.it\/fr\/itineraires\/#breadcrumb\"},\"inLanguage\":\"fr-FR\",\"potentialAction\":[{\"@type\":\"ReadAction\",\"target\":[\"https:\/\/www.poggioallagnello.it\/fr\/itineraires\/\"]}]},{\"@type\":\"BreadcrumbList\",\"@id\":\"https:\/\/www.poggioallagnello.it\/fr\/itineraires\/#breadcrumb\",\"itemListElement\":[{\"@type\":\"ListItem\",\"position\":1,\"name\":\"Home\",\"item\":\"https:\/\/www.poggioallagnello.it\/fr\/\"},{\"@type\":\"ListItem\",\"position\":2,\"name\":\"Itin\u00e9raires\"}]},{\"@type\":\"WebSite\",\"@id\":\"https:\/\/www.poggioallagnello.it\/#website\",\"url\":\"https:\/\/www.poggioallagnello.it\/\",\"name\":\"Poggio all&#039;Agnello\",\"description\":\"Sport &amp; Active Holidays\",\"publisher\":{\"@id\":\"https:\/\/www.poggioallagnello.it\/#organization\"},\"potentialAction\":[{\"@type\":\"SearchAction\",\"target\":{\"@type\":\"EntryPoint\",\"urlTemplate\":\"https:\/\/www.poggioallagnello.it\/?s={search_term_string}\"},\"query-input\":\"required name=search_term_string\"}],\"inLanguage\":\"fr-FR\"},{\"@type\":\"Organization\",\"@id\":\"https:\/\/www.poggioallagnello.it\/#organization\",\"name\":\"Poggio all'Agnello\",\"url\":\"https:\/\/www.poggioallagnello.it\/\",\"logo\":{\"@type\":\"ImageObject\",\"inLanguage\":\"fr-FR\",\"@id\":\"https:\/\/www.poggioallagnello.it\/#\/schema\/logo\/image\/\",\"url\":\"https:\/\/www.poggioallagnello.it\/wp-content\/uploads\/2019\/02\/poggioallagnello-logo-retina-1.png\",\"contentUrl\":\"https:\/\/www.poggioallagnello.it\/wp-content\/uploads\/2019\/02\/poggioallagnello-logo-retina-1.png\",\"width\":407,\"height\":150,\"caption\":\"Poggio all'Agnello\"},\"image\":{\"@id\":\"https:\/\/www.poggioallagnello.it\/#\/schema\/logo\/image\/\"},\"sameAs\":[\"https:\/\/www.facebook.com\/poggioallagnelloresort\/\",\"https:\/\/twitter.com\/poggioagnello\",\"https:\/\/www.instagram.com\/poggioallagnello\/\"]}]}<\/script>\n<!-- \/ Yoast SEO plugin. -->","yoast_head_json":{"title":"Vacances \u00e0 ne pas manquer en Toscane - Poggio All'Agnello Resort","description":"La r\u00e9gion des Etrusques est un m\u00e9lange attrayant de nourriture et de vins toscans authentiques et de paysages \u00e0 couper le souffle pour la randonn\u00e9e ou la conduite.","robots":{"index":"index","follow":"follow","max-snippet":"max-snippet:-1","max-image-preview":"max-image-preview:large","max-video-preview":"max-video-preview:-1"},"canonical":"https:\/\/www.poggioallagnello.it\/fr\/itineraires\/","og_locale":"fr_FR","og_type":"article","og_title":"Vacances \u00e0 ne pas manquer en Toscane - Poggio All'Agnello Resort","og_description":"La r\u00e9gion des Etrusques est un m\u00e9lange attrayant de nourriture et de vins toscans authentiques et de paysages \u00e0 couper le souffle pour la randonn\u00e9e ou la conduite.","og_url":"https:\/\/www.poggioallagnello.it\/fr\/itineraires\/","og_site_name":"Poggio all&#039;Agnello","article_publisher":"https:\/\/www.facebook.com\/poggioallagnelloresort\/","article_modified_time":"2019-08-21T11:04:42+00:00","twitter_card":"summary_large_image","twitter_site":"@poggioagnello","twitter_misc":{"Dur\u00e9e de lecture estim\u00e9e":"9 minutes"},"schema":{"@context":"https:\/\/schema.org","@graph":[{"@type":"WebPage","@id":"https:\/\/www.poggioallagnello.it\/fr\/itineraires\/","url":"https:\/\/www.poggioallagnello.it\/fr\/itineraires\/","name":"Vacances \u00e0 ne pas manquer en Toscane - Poggio All'Agnello Resort","isPartOf":{"@id":"https:\/\/www.poggioallagnello.it\/#website"},"datePublished":"2019-02-08T09:43:41+00:00","dateModified":"2019-08-21T11:04:42+00:00","description":"La r\u00e9gion des Etrusques est un m\u00e9lange attrayant de nourriture et de vins toscans authentiques et de paysages \u00e0 couper le souffle pour la randonn\u00e9e ou la conduite.","breadcrumb":{"@id":"https:\/\/www.poggioallagnello.it\/fr\/itineraires\/#breadcrumb"},"inLanguage":"fr-FR","potentialAction":[{"@type":"ReadAction","target":["https:\/\/www.poggioallagnello.it\/fr\/itineraires\/"]}]},{"@type":"BreadcrumbList","@id":"https:\/\/www.poggioallagnello.it\/fr\/itineraires\/#breadcrumb","itemListElement":[{"@type":"ListItem","position":1,"name":"Home","item":"https:\/\/www.poggioallagnello.it\/fr\/"},{"@type":"ListItem","position":2,"name":"Itin\u00e9raires"}]},{"@type":"WebSite","@id":"https:\/\/www.poggioallagnello.it\/#website","url":"https:\/\/www.poggioallagnello.it\/","name":"Poggio all&#039;Agnello","description":"Sport &amp; Active Holidays","publisher":{"@id":"https:\/\/www.poggioallagnello.it\/#organization"},"potentialAction":[{"@type":"SearchAction","target":{"@type":"EntryPoint","urlTemplate":"https:\/\/www.poggioallagnello.it\/?s={search_term_string}"},"query-input":"required name=search_term_string"}],"inLanguage":"fr-FR"},{"@type":"Organization","@id":"https:\/\/www.poggioallagnello.it\/#organization","name":"Poggio all'Agnello","url":"https:\/\/www.poggioallagnello.it\/","logo":{"@type":"ImageObject","inLanguage":"fr-FR","@id":"https:\/\/www.poggioallagnello.it\/#\/schema\/logo\/image\/","url":"https:\/\/www.poggioallagnello.it\/wp-content\/uploads\/2019\/02\/poggioallagnello-logo-retina-1.png","contentUrl":"https:\/\/www.poggioallagnello.it\/wp-content\/uploads\/2019\/02\/poggioallagnello-logo-retina-1.png","width":407,"height":150,"caption":"Poggio all'Agnello"},"image":{"@id":"https:\/\/www.poggioallagnello.it\/#\/schema\/logo\/image\/"},"sameAs":["https:\/\/www.facebook.com\/poggioallagnelloresort\/","https:\/\/twitter.com\/poggioagnello","https:\/\/www.instagram.com\/poggioallagnello\/"]}]}},"_links":{"self":[{"href":"https:\/\/www.poggioallagnello.it\/fr\/wp-json\/wp\/v2\/pages\/3635"}],"collection":[{"href":"https:\/\/www.poggioallagnello.it\/fr\/wp-json\/wp\/v2\/pages"}],"about":[{"href":"https:\/\/www.poggioallagnello.it\/fr\/wp-json\/wp\/v2\/types\/page"}],"author":[{"embeddable":true,"href":"https:\/\/www.poggioallagnello.it\/fr\/wp-json\/wp\/v2\/users\/6"}],"replies":[{"embeddable":true,"href":"https:\/\/www.poggioallagnello.it\/fr\/wp-json\/wp\/v2\/comments?post=3635"}],"version-history":[{"count":3,"href":"https:\/\/www.poggioallagnello.it\/fr\/wp-json\/wp\/v2\/pages\/3635\/revisions"}],"predecessor-version":[{"id":4270,"href":"https:\/\/www.poggioallagnello.it\/fr\/wp-json\/wp\/v2\/pages\/3635\/revisions\/4270"}],"wp:attachment":[{"href":"https:\/\/www.poggioallagnello.it\/fr\/wp-json\/wp\/v2\/media?parent=3635"}],"wp:term":[{"taxonomy":"post_tag","embeddable":true,"href":"https:\/\/www.poggioallagnello.it\/fr\/wp-json\/wp\/v2\/tags?post=3635"}],"curies":[{"name":"wp","href":"https:\/\/api.w.org\/{rel}","templated":true}]}}