{"id":3648,"date":"2019-02-08T10:57:46","date_gmt":"2019-02-08T09:57:46","guid":{"rendered":"https:\/\/demo.poggioallagnello.it\/services\/noleggio-biciclette-vacanza-toscana\/"},"modified":"2026-04-13T09:24:25","modified_gmt":"2026-04-13T07:24:25","slug":"location-velo-vacances-en-toscane","status":"publish","type":"page","link":"https:\/\/www.poggioallagnello.it\/fr\/location-velo-vacances-en-toscane\/","title":{"rendered":"Location Velo"},"content":{"rendered":"<section class=\"wpb-content-wrapper\"><p>[vc_row full_width=\u00a0\u00bbstretch_row\u00a0\u00bb bg_type=\u00a0\u00bbbg_color\u00a0\u00bb seperator_enable=\u00a0\u00bbseperator_enable_value\u00a0\u00bb seperator_type=\u00a0\u00bbcurve_down_seperator\u00a0\u00bb seperator_position=\u00a0\u00bbbottom_seperator\u00a0\u00bb seperator_shape_background=\u00a0\u00bb#ffffff\u00a0\u00bb css=\u00a0\u00bb.vc_custom_1581518160776{padding-top: 90px !important;padding-bottom: 80px !important;}\u00a0\u00bb bg_color_value=\u00a0\u00bbrgba(230,244,240,0.43)\u00a0\u00bb][vc_column][vc_column_text css_animation=\u00a0\u00bbfadeInDown\u00a0\u00bb]<\/p>\n<h2>LOUEZ VOTRE V\u00c9LO ET D\u00c9COUVREZ LES ALENTOURS<\/h2>\n<h3>SI VOTRE PASSION EST SPORTIVE, VOUS NE DEVEZ PAS ABANDONNER \u00c0 POGGIO ALL&rsquo;AGNELLO<\/h3>\n<p>Parmi les nombreuses activit\u00e9s propos\u00e9es aux amoureux des vacances actives, il est possible de r\u00e9server des excursions guid\u00e9es adapt\u00e9es tant aux cyclo-amateurs qu&rsquo;aux fans de trails MTB et professionnels.<br \/>\nPoggio all&rsquo;Agnello situ\u00e9 entre mer et campagne vous permettra d&rsquo;admirer la beaut\u00e9 du paysage pendant vos activit\u00e9s physiques en plein air.[\/vc_column_text][vc_empty_space height=\u00a0\u00bb70px\u00a0\u00bb][\/vc_column][\/vc_row][vc_row equal_height=\u00a0\u00bbyes\u00a0\u00bb content_placement=\u00a0\u00bbmiddle\u00a0\u00bb css=\u00a0\u00bb.vc_custom_1622099171018{padding-top: 140px !important;padding-bottom: 140px !important;}\u00a0\u00bb][vc_column css=\u00a0\u00bb.vc_custom_1581516475396{margin: 0px !important;padding: 0px !important;}\u00a0\u00bb][vc_row_inner][vc_column_inner][vc_column_text css_animation=\u00a0\u00bbfadeInDown\u00a0\u00bb]<\/p>\n<h2>V\u00e9lo de randonn\u00e9e pour Adultes et Enfants<\/h2>\n<p><strong>Comment faire? Suivez ces \u00e9tapes simples :<\/strong><\/p>\n<p>Choisissez le v\u00e9lo que vous pr\u00e9f\u00e9rez<br \/>\nR\u00e9servez-le via nos contacts ou directement sur Tuscany-bike<br \/>\nRemplissez les formulaires chez Tuscany-bike et payez la p\u00e9riode de location<br \/>\nD\u00e9tacher le v\u00e9lo avec les cl\u00e9s re\u00e7ues<br \/>\nV\u00e9rifier l&rsquo;\u00e9tat de conservation du v\u00e9lo avant et apr\u00e8s utilisation<br \/>\nRemettre les cl\u00e9s de Tuscany-bike apr\u00e8s avoir rang\u00e9 le v\u00e9lo[\/vc_column_text][vc_column_text css_animation=\u00a0\u00bbfadeInDown\u00a0\u00bb el_class=\u00a0\u00bbprezzi-bike\u00a0\u00bb]<\/p>\n<table class=\"noleggio\" style=\"width: 100%;\">\n<tbody>\n<tr>\n<td><strong> Journ\u00e9es<\/strong><\/td>\n<td><strong> 1<\/strong><\/td>\n<td><strong> 2<\/strong><\/td>\n<td><strong> 3<\/strong><\/td>\n<td><strong> 4<\/strong><\/td>\n<td><strong> 5<\/strong><\/td>\n<td><strong> 6<\/strong><\/td>\n<td><strong> 7<\/strong><\/td>\n<\/tr>\n<tr>\n<td><strong> Enfants<\/strong><\/td>\n<td>10 \u20ac<\/td>\n<td>15 \u20ac<\/td>\n<td>20 \u20ac<\/td>\n<td>25 \u20ac<\/td>\n<td>30 \u20ac<\/td>\n<td>33 \u20ac<\/td>\n<td>35 \u20ac<\/td>\n<\/tr>\n<tr>\n<td><strong>Adultes<\/strong><\/td>\n<td>12 \u20ac<\/td>\n<td>18 \u20ac<\/td>\n<td>24 \u20ac<\/td>\n<td>30 \u20ac<\/td>\n<td>35 \u20ac<\/td>\n<td>40 \u20ac<\/td>\n<td>43 \u20ac<\/td>\n<\/tr>\n<\/tbody>\n<\/table>\n<p>[\/vc_column_text][vc_column_text css_animation=\u00a0\u00bbfadeInDown\u00a0\u00bb]<strong>Appelez-nous au +39 3386823846 ou demandez des informations directement \u00e0 la r\u00e9ception<\/strong>[\/vc_column_text][\/vc_column_inner][\/vc_row_inner][vc_empty_space height=\u00a0\u00bb70px\u00a0\u00bb][\/vc_column][\/vc_row][vc_row][vc_column][vc_column_text css_animation=\u00a0\u00bbfadeInDown\u00a0\u00bb]<\/p>\n<h2 style=\"text-align: left;\">VOUS CHERCHEZ UN V\u00c9LO PROFESSIONNEL?<\/h2>\n<h3 style=\"text-align: left;\">Choisis le meilleur! VTT et VTT \u00e9lectrique ou v\u00e9lo de route<\/h3>\n<p>[\/vc_column_text][\/vc_column][\/vc_row][vc_row equal_height=\u00a0\u00bbyes\u00a0\u00bb content_placement=\u00a0\u00bbmiddle\u00a0\u00bb css=\u00a0\u00bb.vc_custom_1581517978995{margin-top: 0px !important;margin-bottom: 0px !important;}\u00a0\u00bb][vc_column width=\u00a0\u00bb1\/2&Prime; css=\u00a0\u00bb.vc_custom_1581519689502{padding: 30px !important;}\u00a0\u00bb][vc_empty_space][vc_column_text css_animation=\u00a0\u00bbfadeInDown\u00a0\u00bb]<\/p>\n<h3>Location de v\u00e9los de course<\/h3>\n<h5>En collaboration avec Tuscany Bike<\/h5>\n<p>Vous avez du mal \u00e0 transporter votre v\u00e9lo de route avec vous? R\u00e9servez-le en ligne et vous le trouverez ici \u00e0 votre arriv\u00e9e!<\/p>\n<p><a href=\"https:\/\/tuscany-bike.com\/\">Louer un v\u00e9lo maintenant!<\/a>[\/vc_column_text][vc_empty_space][\/vc_column][vc_column width=\u00a0\u00bb1\/2&Prime; css=\u00a0\u00bb.vc_custom_1581516419335{margin: 0px !important;padding: 0px !important;}\u00a0\u00bb][vc_single_image image=\u00a0\u00bb14667&Prime; img_size=\u00a0\u00bbfull\u00a0\u00bb onclick=\u00a0\u00bbcustom_link\u00a0\u00bb image_hovers=\u00a0\u00bbfalse\u00a0\u00bb link=\u00a0\u00bbhttps:\/\/www.poggioallagnello.it\/de\/sport\/entdecken-sie-die-toskana-auf-dem-fahrrad\/\u00a0\u00bb][\/vc_column][\/vc_row][vc_row equal_height=\u00a0\u00bbyes\u00a0\u00bb content_placement=\u00a0\u00bbmiddle\u00a0\u00bb css=\u00a0\u00bb.vc_custom_1581517972866{margin-top: 0px !important;margin-bottom: 0px !important;}\u00a0\u00bb][vc_column width=\u00a0\u00bb1\/2&Prime; css=\u00a0\u00bb.vc_custom_1581516475396{margin: 0px !important;padding: 0px !important;}\u00a0\u00bb][vc_single_image image=\u00a0\u00bb3065&Prime; img_size=\u00a0\u00bbfull\u00a0\u00bb onclick=\u00a0\u00bbcustom_link\u00a0\u00bb image_hovers=\u00a0\u00bbfalse\u00a0\u00bb link=\u00a0\u00bbhttps:\/\/www.poggioallagnello.it\/fr\/sport\/velo-tout-terrain-en-toscane\/\u00a0\u00bb][\/vc_column][vc_column width=\u00a0\u00bb1\/2&Prime; css=\u00a0\u00bb.vc_custom_1581519679295{padding: 30px !important;}\u00a0\u00bb][vc_empty_space][vc_column_text css_animation=\u00a0\u00bbfadeInDown\u00a0\u00bb]<\/p>\n<h3>Location VTT<\/h3>\n<h5>En collaboration avec Tuscany Bike<\/h5>\n<p>Vous recherchez une exp\u00e9rience palpitante dans les criques de la baie des \u00e9trusques? Vous recherchez un v\u00e9lo plus technique et performant pour les sentiers exigeants?[\/vc_column_text][vc_empty_space][\/vc_column][\/vc_row]<\/p>\n<\/section>","protected":false},"excerpt":{"rendered":"<p>[vc_row full_width=\u00a0\u00bbstretch_row\u00a0\u00bb bg_type=\u00a0\u00bbbg_color\u00a0\u00bb seperator_enable=\u00a0\u00bbseperator_enable_value\u00a0\u00bb seperator_type=\u00a0\u00bbcurve_down_seperator\u00a0\u00bb seperator_position=\u00a0\u00bbbottom_seperator\u00a0\u00bb seperator_shape_background=\u00a0\u00bb#ffffff\u00a0\u00bb css=\u00a0\u00bb.vc_custom_1581518160776{padding-top: 90px !important;padding-bottom: 80px !important;}\u00a0\u00bb bg_color_value=\u00a0\u00bbrgba(230,244,240,0.43)\u00a0\u00bb][vc_column][vc_column_text css_animation=\u00a0\u00bbfadeInDown\u00a0\u00bb] LOUEZ VOTRE V\u00c9LO ET D\u00c9COUVREZ LES ALENTOURS SI VOTRE PASSION EST SPORTIVE, VOUS NE DEVEZ PAS ABANDONNER \u00c0 POGGIO ALL&rsquo;AGNELLO Parmi les nombreuses activit\u00e9s propos\u00e9es aux amoureux des vacances actives, il est possible de r\u00e9server des excursions guid\u00e9es adapt\u00e9es tant aux&hellip;<\/p>\n","protected":false},"author":6,"featured_media":5328,"parent":0,"menu_order":0,"comment_status":"closed","ping_status":"closed","template":"","meta":[],"tags":[103],"yoast_head":"<!-- This site is optimized with the Yoast SEO plugin v21.1 - https:\/\/yoast.com\/wordpress\/plugins\/seo\/ -->\n<title>Location Velo \u00b7 Vacances en Toscane \u00b7 Poggio all&#039;Agnello Resort<\/title>\n<meta name=\"description\" content=\"Vacances en Toscane \u00e0 Poggio all&#039;Agnello: vous trouverez un service sp\u00e9cial pour louer votre v\u00e9lo. Les mod\u00e8les sont disponibles pour adultes et enfants et les accessoires selon vos besoins. Des visites guid\u00e9es sont \u00e9galement disponibles pour les cyclistes amateurs et professionnels.\" \/>\n<meta name=\"robots\" content=\"index, follow, max-snippet:-1, max-image-preview:large, max-video-preview:-1\" \/>\n<link rel=\"canonical\" href=\"https:\/\/www.poggioallagnello.it\/fr\/location-velo-vacances-en-toscane\/\" \/>\n<meta property=\"og:locale\" content=\"fr_FR\" \/>\n<meta property=\"og:type\" content=\"article\" \/>\n<meta property=\"og:title\" content=\"Location Velo \u00b7 Vacances en Toscane \u00b7 Poggio all&#039;Agnello Resort\" \/>\n<meta property=\"og:description\" content=\"Vacances en Toscane \u00e0 Poggio all&#039;Agnello: vous trouverez un service sp\u00e9cial pour louer votre v\u00e9lo. Les mod\u00e8les sont disponibles pour adultes et enfants et les accessoires selon vos besoins. Des visites guid\u00e9es sont \u00e9galement disponibles pour les cyclistes amateurs et professionnels.\" \/>\n<meta property=\"og:url\" content=\"https:\/\/www.poggioallagnello.it\/fr\/location-velo-vacances-en-toscane\/\" \/>\n<meta property=\"og:site_name\" content=\"Poggio all&#039;Agnello\" \/>\n<meta property=\"article:publisher\" content=\"https:\/\/www.facebook.com\/poggioallagnelloresort\/\" \/>\n<meta property=\"article:modified_time\" content=\"2026-04-13T07:24:25+00:00\" \/>\n<meta property=\"og:image\" content=\"https:\/\/www.poggioallagnello.it\/wp-content\/uploads\/2019\/10\/two-cyclist-practicing-for-triathlon-race.jpg\" \/>\n\t<meta property=\"og:image:width\" content=\"1920\" \/>\n\t<meta property=\"og:image:height\" content=\"1280\" \/>\n\t<meta property=\"og:image:type\" content=\"image\/jpeg\" \/>\n<meta name=\"twitter:card\" content=\"summary_large_image\" \/>\n<meta name=\"twitter:site\" content=\"@poggioagnello\" \/>\n<meta name=\"twitter:label1\" content=\"Dur\u00e9e de lecture estim\u00e9e\" \/>\n\t<meta name=\"twitter:data1\" content=\"2 minutes\" \/>\n<script type=\"application\/ld+json\" class=\"yoast-schema-graph\">{\"@context\":\"https:\/\/schema.org\",\"@graph\":[{\"@type\":\"WebPage\",\"@id\":\"https:\/\/www.poggioallagnello.it\/fr\/location-velo-vacances-en-toscane\/\",\"url\":\"https:\/\/www.poggioallagnello.it\/fr\/location-velo-vacances-en-toscane\/\",\"name\":\"Location Velo \u00b7 Vacances en Toscane \u00b7 Poggio all'Agnello Resort\",\"isPartOf\":{\"@id\":\"https:\/\/www.poggioallagnello.it\/#website\"},\"datePublished\":\"2019-02-08T09:57:46+00:00\",\"dateModified\":\"2026-04-13T07:24:25+00:00\",\"description\":\"Vacances en Toscane \u00e0 Poggio all'Agnello: vous trouverez un service sp\u00e9cial pour louer votre v\u00e9lo. Les mod\u00e8les sont disponibles pour adultes et enfants et les accessoires selon vos besoins. Des visites guid\u00e9es sont \u00e9galement disponibles pour les cyclistes amateurs et professionnels.\",\"breadcrumb\":{\"@id\":\"https:\/\/www.poggioallagnello.it\/fr\/location-velo-vacances-en-toscane\/#breadcrumb\"},\"inLanguage\":\"fr-FR\",\"potentialAction\":[{\"@type\":\"ReadAction\",\"target\":[\"https:\/\/www.poggioallagnello.it\/fr\/location-velo-vacances-en-toscane\/\"]}]},{\"@type\":\"BreadcrumbList\",\"@id\":\"https:\/\/www.poggioallagnello.it\/fr\/location-velo-vacances-en-toscane\/#breadcrumb\",\"itemListElement\":[{\"@type\":\"ListItem\",\"position\":1,\"name\":\"Home\",\"item\":\"https:\/\/www.poggioallagnello.it\/fr\/\"},{\"@type\":\"ListItem\",\"position\":2,\"name\":\"Location Velo\"}]},{\"@type\":\"WebSite\",\"@id\":\"https:\/\/www.poggioallagnello.it\/#website\",\"url\":\"https:\/\/www.poggioallagnello.it\/\",\"name\":\"Poggio all&#039;Agnello\",\"description\":\"Sport &amp; Active Holidays\",\"publisher\":{\"@id\":\"https:\/\/www.poggioallagnello.it\/#organization\"},\"potentialAction\":[{\"@type\":\"SearchAction\",\"target\":{\"@type\":\"EntryPoint\",\"urlTemplate\":\"https:\/\/www.poggioallagnello.it\/?s={search_term_string}\"},\"query-input\":\"required name=search_term_string\"}],\"inLanguage\":\"fr-FR\"},{\"@type\":\"Organization\",\"@id\":\"https:\/\/www.poggioallagnello.it\/#organization\",\"name\":\"Poggio all'Agnello\",\"url\":\"https:\/\/www.poggioallagnello.it\/\",\"logo\":{\"@type\":\"ImageObject\",\"inLanguage\":\"fr-FR\",\"@id\":\"https:\/\/www.poggioallagnello.it\/#\/schema\/logo\/image\/\",\"url\":\"https:\/\/www.poggioallagnello.it\/wp-content\/uploads\/2019\/02\/poggioallagnello-logo-retina-1.png\",\"contentUrl\":\"https:\/\/www.poggioallagnello.it\/wp-content\/uploads\/2019\/02\/poggioallagnello-logo-retina-1.png\",\"width\":407,\"height\":150,\"caption\":\"Poggio all'Agnello\"},\"image\":{\"@id\":\"https:\/\/www.poggioallagnello.it\/#\/schema\/logo\/image\/\"},\"sameAs\":[\"https:\/\/www.facebook.com\/poggioallagnelloresort\/\",\"https:\/\/twitter.com\/poggioagnello\",\"https:\/\/www.instagram.com\/poggioallagnello\/\"]}]}<\/script>\n<!-- \/ Yoast SEO plugin. -->","yoast_head_json":{"title":"Location Velo \u00b7 Vacances en Toscane \u00b7 Poggio all'Agnello Resort","description":"Vacances en Toscane \u00e0 Poggio all'Agnello: vous trouverez un service sp\u00e9cial pour louer votre v\u00e9lo. Les mod\u00e8les sont disponibles pour adultes et enfants et les accessoires selon vos besoins. Des visites guid\u00e9es sont \u00e9galement disponibles pour les cyclistes amateurs et professionnels.","robots":{"index":"index","follow":"follow","max-snippet":"max-snippet:-1","max-image-preview":"max-image-preview:large","max-video-preview":"max-video-preview:-1"},"canonical":"https:\/\/www.poggioallagnello.it\/fr\/location-velo-vacances-en-toscane\/","og_locale":"fr_FR","og_type":"article","og_title":"Location Velo \u00b7 Vacances en Toscane \u00b7 Poggio all'Agnello Resort","og_description":"Vacances en Toscane \u00e0 Poggio all'Agnello: vous trouverez un service sp\u00e9cial pour louer votre v\u00e9lo. Les mod\u00e8les sont disponibles pour adultes et enfants et les accessoires selon vos besoins. Des visites guid\u00e9es sont \u00e9galement disponibles pour les cyclistes amateurs et professionnels.","og_url":"https:\/\/www.poggioallagnello.it\/fr\/location-velo-vacances-en-toscane\/","og_site_name":"Poggio all&#039;Agnello","article_publisher":"https:\/\/www.facebook.com\/poggioallagnelloresort\/","article_modified_time":"2026-04-13T07:24:25+00:00","og_image":[{"width":1920,"height":1280,"url":"https:\/\/www.poggioallagnello.it\/wp-content\/uploads\/2019\/10\/two-cyclist-practicing-for-triathlon-race.jpg","type":"image\/jpeg"}],"twitter_card":"summary_large_image","twitter_site":"@poggioagnello","twitter_misc":{"Dur\u00e9e de lecture estim\u00e9e":"2 minutes"},"schema":{"@context":"https:\/\/schema.org","@graph":[{"@type":"WebPage","@id":"https:\/\/www.poggioallagnello.it\/fr\/location-velo-vacances-en-toscane\/","url":"https:\/\/www.poggioallagnello.it\/fr\/location-velo-vacances-en-toscane\/","name":"Location Velo \u00b7 Vacances en Toscane \u00b7 Poggio all'Agnello Resort","isPartOf":{"@id":"https:\/\/www.poggioallagnello.it\/#website"},"datePublished":"2019-02-08T09:57:46+00:00","dateModified":"2026-04-13T07:24:25+00:00","description":"Vacances en Toscane \u00e0 Poggio all'Agnello: vous trouverez un service sp\u00e9cial pour louer votre v\u00e9lo. Les mod\u00e8les sont disponibles pour adultes et enfants et les accessoires selon vos besoins. Des visites guid\u00e9es sont \u00e9galement disponibles pour les cyclistes amateurs et professionnels.","breadcrumb":{"@id":"https:\/\/www.poggioallagnello.it\/fr\/location-velo-vacances-en-toscane\/#breadcrumb"},"inLanguage":"fr-FR","potentialAction":[{"@type":"ReadAction","target":["https:\/\/www.poggioallagnello.it\/fr\/location-velo-vacances-en-toscane\/"]}]},{"@type":"BreadcrumbList","@id":"https:\/\/www.poggioallagnello.it\/fr\/location-velo-vacances-en-toscane\/#breadcrumb","itemListElement":[{"@type":"ListItem","position":1,"name":"Home","item":"https:\/\/www.poggioallagnello.it\/fr\/"},{"@type":"ListItem","position":2,"name":"Location Velo"}]},{"@type":"WebSite","@id":"https:\/\/www.poggioallagnello.it\/#website","url":"https:\/\/www.poggioallagnello.it\/","name":"Poggio all&#039;Agnello","description":"Sport &amp; Active Holidays","publisher":{"@id":"https:\/\/www.poggioallagnello.it\/#organization"},"potentialAction":[{"@type":"SearchAction","target":{"@type":"EntryPoint","urlTemplate":"https:\/\/www.poggioallagnello.it\/?s={search_term_string}"},"query-input":"required name=search_term_string"}],"inLanguage":"fr-FR"},{"@type":"Organization","@id":"https:\/\/www.poggioallagnello.it\/#organization","name":"Poggio all'Agnello","url":"https:\/\/www.poggioallagnello.it\/","logo":{"@type":"ImageObject","inLanguage":"fr-FR","@id":"https:\/\/www.poggioallagnello.it\/#\/schema\/logo\/image\/","url":"https:\/\/www.poggioallagnello.it\/wp-content\/uploads\/2019\/02\/poggioallagnello-logo-retina-1.png","contentUrl":"https:\/\/www.poggioallagnello.it\/wp-content\/uploads\/2019\/02\/poggioallagnello-logo-retina-1.png","width":407,"height":150,"caption":"Poggio all'Agnello"},"image":{"@id":"https:\/\/www.poggioallagnello.it\/#\/schema\/logo\/image\/"},"sameAs":["https:\/\/www.facebook.com\/poggioallagnelloresort\/","https:\/\/twitter.com\/poggioagnello","https:\/\/www.instagram.com\/poggioallagnello\/"]}]}},"_links":{"self":[{"href":"https:\/\/www.poggioallagnello.it\/fr\/wp-json\/wp\/v2\/pages\/3648"}],"collection":[{"href":"https:\/\/www.poggioallagnello.it\/fr\/wp-json\/wp\/v2\/pages"}],"about":[{"href":"https:\/\/www.poggioallagnello.it\/fr\/wp-json\/wp\/v2\/types\/page"}],"author":[{"embeddable":true,"href":"https:\/\/www.poggioallagnello.it\/fr\/wp-json\/wp\/v2\/users\/6"}],"replies":[{"embeddable":true,"href":"https:\/\/www.poggioallagnello.it\/fr\/wp-json\/wp\/v2\/comments?post=3648"}],"version-history":[{"count":7,"href":"https:\/\/www.poggioallagnello.it\/fr\/wp-json\/wp\/v2\/pages\/3648\/revisions"}],"predecessor-version":[{"id":18934,"href":"https:\/\/www.poggioallagnello.it\/fr\/wp-json\/wp\/v2\/pages\/3648\/revisions\/18934"}],"wp:featuredmedia":[{"embeddable":true,"href":"https:\/\/www.poggioallagnello.it\/fr\/wp-json\/wp\/v2\/media\/5328"}],"wp:attachment":[{"href":"https:\/\/www.poggioallagnello.it\/fr\/wp-json\/wp\/v2\/media?parent=3648"}],"wp:term":[{"taxonomy":"post_tag","embeddable":true,"href":"https:\/\/www.poggioallagnello.it\/fr\/wp-json\/wp\/v2\/tags?post=3648"}],"curies":[{"name":"wp","href":"https:\/\/api.w.org\/{rel}","templated":true}]}}