{"id":3655,"date":"2019-02-08T10:53:54","date_gmt":"2019-02-08T09:53:54","guid":{"rendered":"https:\/\/demo.poggioallagnello.it\/services\/servizi-e-attivita-toscana-costa-degli-etruschi\/"},"modified":"2025-11-12T10:33:33","modified_gmt":"2025-11-12T09:33:33","slug":"services-du-resort","status":"publish","type":"page","link":"https:\/\/www.poggioallagnello.it\/fr\/services-du-resort\/","title":{"rendered":"SERVICES OFFERTS PAR LE RESORT"},"content":{"rendered":"<section class=\"wpb-content-wrapper\"><p>[vc_row full_width=\u00a0\u00bbstretch_row\u00a0\u00bb bg_type=\u00a0\u00bbbg_color\u00a0\u00bb seperator_enable=\u00a0\u00bbseperator_enable_value\u00a0\u00bb seperator_type=\u00a0\u00bbcurve_up_seperator\u00a0\u00bb seperator_position=\u00a0\u00bbbottom_seperator\u00a0\u00bb seperator_svg_height=\u00a0\u00bb140&Prime; seperator_shape_background=\u00a0\u00bb#ffffff\u00a0\u00bb css=\u00a0\u00bb.vc_custom_1549995389086{padding-top: 90px !important;padding-bottom: 140px !important;}\u00a0\u00bb bg_color_value=\u00a0\u00bb#f4f6f7&Prime;][vc_column][vc_column_text css_animation=\u00a0\u00bbfadeInDown\u00a0\u00bb]<\/p>\n<h2>D\u00c9COUVREZ TOUS NOS SERVICES<\/h2>\n<p>[\/vc_column_text][vc_empty_space][vc_column_text css_animation=\u00a0\u00bbfadeInUp\u00a0\u00bb]Poggio all\u2019Agnello offre \u00e0 ses h\u00f4tes l&rsquo;\u00e9motion de vacances inoubliables o\u00f9 sport, mer et nature sont les principaux acteurs de vos journ\u00e9es !<br \/>\nVous pouvez pratiquer, au sein du complexe h\u00f4telier, des activit\u00e9s physiques dans nos installations sportives et atteindrez la mer en quelques minutes si vous souhaitez vous d\u00e9tendre sur l&rsquo;une des magnifiques plages de la C\u00f4te des \u00c9trusques.<br \/>\nLe soir venu, notre bar au bord de la piscine vous proposera un ap\u00e9ritif et le restaurant une savoureuse cuisine du terroir.<br \/>\n\u00c0 Poggio all\u2019Agnello, chaque moment de la journ\u00e9e est l&rsquo;occasion de d\u00e9couvrir l&rsquo;une des nombreuses activit\u00e9s organis\u00e9es pour faire de votre s\u00e9jour dans ce merveilleux coin de Toscane un moment unique et magique.[\/vc_column_text][\/vc_column][\/vc_row][vc_row equal_height=\u00a0\u00bbyes\u00a0\u00bb content_placement=\u00a0\u00bbmiddle\u00a0\u00bb][vc_column width=\u00a0\u00bb1\/2&Prime;]<div class=\"ult-just-icon-wrapper  \"><div class=\"align-icon\" style=\"text-align:left;\">\n<div class=\"aio-icon circle \" data-animation=\"fadeInDown\" data-animation-delay=\"03\" style=\"color:#ffffff;background:#6da961;font-size:32px;\">\n\t<i class=\"Defaults-sun-o\"><\/i>\n<\/div><\/div><\/div>[vc_empty_space height=\u00a0\u00bb16px\u00a0\u00bb][vc_column_text css_animation=\u00a0\u00bbfadeInLeft\u00a0\u00bb]Plages am\u00e9nag\u00e9es conventionn\u00e9es disponibles \u00e0 proximit\u00e9.<\/p>\n<p>Restaurant de 130 couverts en int\u00e9rieur et 90 couverts \u00e0 l&rsquo;ext\u00e9rieur Bar Terrasse au bord des piscines<\/p>\n<p>R\u00e9ception ouverte 24h\/24 en haute saison<\/p>\n<p>Jardin et vaste parc<\/p>\n<p>Piscines et terrasse[\/vc_column_text][\/vc_column][vc_column width=\u00a0\u00bb1\/2&Prime; css=\u00a0\u00bb.vc_custom_1549999443700{padding-left: 0px !important;}\u00a0\u00bb][vc_single_image image=\u00a0\u00bb1696&Prime; img_size=\u00a0\u00bbfull\u00a0\u00bb css_animation=\u00a0\u00bbfadeInRight\u00a0\u00bb][\/vc_column][\/vc_row][vc_row equal_height=\u00a0\u00bbyes\u00a0\u00bb content_placement=\u00a0\u00bbmiddle\u00a0\u00bb][vc_column width=\u00a0\u00bb1\/2&Prime; css=\u00a0\u00bb.vc_custom_1549999461412{padding-right: 0px !important;}\u00a0\u00bb][vc_single_image image=\u00a0\u00bb2240&Prime; img_size=\u00a0\u00bbfull\u00a0\u00bb css_animation=\u00a0\u00bbfadeInLeft\u00a0\u00bb][\/vc_column][vc_column width=\u00a0\u00bb1\/2&Prime;]<div class=\"ult-just-icon-wrapper  \"><div class=\"align-icon\" style=\"text-align:left;\">\n<div class=\"aio-icon circle \" data-animation=\"fadeInDown\" data-animation-delay=\"03\" style=\"color:#ffffff;background:#6da961;font-size:32px;\">\n\t<i class=\"Defaults-bed hotel\"><\/i>\n<\/div><\/div><\/div>[vc_empty_space height=\u00a0\u00bb16px\u00a0\u00bb][vc_column_text css_animation=\u00a0\u00bbfadeInRight\u00a0\u00bb]Chambres pour non fumeur<\/p>\n<p>Chambres pour personnes \u00e0 mobilit\u00e9 r\u00e9duite<\/p>\n<p>Ascenseurs<\/p>\n<p>Coffre-fort<\/p>\n<p>Chambres insonoris\u00e9es<\/p>\n<p>Couverture Wi-Fi dans les parties communes<\/p>\n<p>TV satellitaire-Sat liste des cha\u00eenes (cha\u00eenes visibles en clair)[\/vc_column_text][\/vc_column][\/vc_row][vc_row equal_height=\u00a0\u00bbyes\u00a0\u00bb content_placement=\u00a0\u00bbmiddle\u00a0\u00bb][vc_column width=\u00a0\u00bb1\/2&Prime;]<div class=\"ult-just-icon-wrapper  \"><div class=\"align-icon\" style=\"text-align:left;\">\n<div class=\"aio-icon circle \" data-animation=\"fadeInDown\" data-animation-delay=\"03\" style=\"color:#ffffff;background:#6da961;font-size:32px;\">\n\t<i class=\"Defaults-futbol-o soccer-ball-o\"><\/i>\n<\/div><\/div><\/div>[vc_empty_space height=\u00a0\u00bb16px\u00a0\u00bb][vc_column_text css_animation=\u00a0\u00bbfadeInLeft\u00a0\u00bb]4 cours de Tennis dont 2 polyvalents foot en \u00e9quipe r\u00e9duite. Type de surface : 2 play-it, 2 en herbe synth\u00e9tique<\/p>\n<p>Parcours Fitness ext\u00e9rieur<\/p>\n<p>Salles de r\u00e9union modulables<\/p>\n<p>Piscine olympique<\/p>\n<p>Menus sp\u00e9ciaux pour enfants<\/p>\n<p>Piscine \u00e0 Hydrojet chauff\u00e9e \u00e0 certaines p\u00e9riodes de l&rsquo;ann\u00e9e[\/vc_column_text][\/vc_column][vc_column width=\u00a0\u00bb1\/2&Prime; css=\u00a0\u00bb.vc_custom_1549999516517{padding-left: 0px !important;}\u00a0\u00bb][vc_single_image image=\u00a0\u00bb1740&Prime; img_size=\u00a0\u00bbfull\u00a0\u00bb css_animation=\u00a0\u00bbfadeInRight\u00a0\u00bb][\/vc_column][\/vc_row][vc_row equal_height=\u00a0\u00bbyes\u00a0\u00bb content_placement=\u00a0\u00bbmiddle\u00a0\u00bb][vc_column width=\u00a0\u00bb1\/2&Prime; css=\u00a0\u00bb.vc_custom_1549999729410{padding-right: 0px !important;}\u00a0\u00bb][vc_single_image image=\u00a0\u00bb2326&Prime; img_size=\u00a0\u00bbfull\u00a0\u00bb css_animation=\u00a0\u00bbfadeInLeft\u00a0\u00bb][\/vc_column][vc_column width=\u00a0\u00bb1\/2&Prime;]<div class=\"ult-just-icon-wrapper  \"><div class=\"align-icon\" style=\"text-align:left;\">\n<div class=\"aio-icon circle \" data-animation=\"fadeInDown\" data-animation-delay=\"03\" style=\"color:#ffffff;background:#6da961;font-size:32px;\">\n\t<i class=\"icomoon-font-awesome-14x14-shopping-basket\"><\/i>\n<\/div><\/div><\/div>[vc_empty_space height=\u00a0\u00bb16px\u00a0\u00bb][vc_column_text css_animation=\u00a0\u00bbfadeInRight\u00a0\u00bb]Espace de jeux vert pour enfants<\/p>\n<p>Divertissement pour enfants (se renseigner \u00e0 la r\u00e9ception pour les dates et les horaires du service)<\/p>\n<p>Blanchisserie \u00e0 jetons<\/p>\n<p>\u00c9picerie mini-market<\/p>\n<p>Location de v\u00e9lo (se renseigner \u00e0 la r\u00e9ception pour les dates et les horaires du service)<\/p>\n<p>Les animaux de petite taille sont admis (moyennant un suppl\u00e9ment, sur demande et sous r\u00e9serve de disponibilit\u00e9) dans les studios de type \u00ab 1 pi\u00e8ce \u00bb et \u00ab 2 pi\u00e8ces \u00bb<\/p>\n<p>Parking de 277 places de voiture[\/vc_column_text][\/vc_column][\/vc_row][vc_row full_width=\u00a0\u00bbstretch_row\u00a0\u00bb bg_type=\u00a0\u00bbbg_color\u00a0\u00bb seperator_enable=\u00a0\u00bbseperator_enable_value\u00a0\u00bb seperator_type=\u00a0\u00bbcurve_down_seperator\u00a0\u00bb seperator_svg_height=\u00a0\u00bb140&Prime; seperator_shape_background=\u00a0\u00bb#ffffff\u00a0\u00bb css=\u00a0\u00bb.vc_custom_1550001044860{padding-top: 210px !important;padding-bottom: 70px !important;}\u00a0\u00bb bg_color_value=\u00a0\u00bb#f6f9f2&Prime;][vc_column][vc_empty_space][vc_row_inner css=\u00a0\u00bb.vc_custom_1550001028789{padding-top: 70px !important;padding-right: 0px !important;padding-left: 0px !important;}\u00a0\u00bb][vc_column_inner width=\u00a0\u00bb1\/2&Prime;]<div class=\"ult-just-icon-wrapper  \"><div class=\"align-icon\" style=\"text-align:left;\">\n<div class=\"aio-icon circle \" data-animation=\"fadeInDown\" data-animation-delay=\"03\" style=\"color:#ffffff;background:#6da961;font-size:32px;\">\n\t<i class=\"Defaults-plus\"><\/i>\n<\/div><\/div><\/div>[vc_empty_space][vc_column_text css_animation=\u00a0\u00bbfadeInDown\u00a0\u00bb]<\/p>\n<h3>PHARMACIE<\/h3>\n<p>[\/vc_column_text][vc_empty_space height=\u00a0\u00bb16px\u00a0\u00bb][vc_column_text css_animation=\u00a0\u00bbfadeInUp\u00a0\u00bb]La pharmacie se trouve \u00e0 seulement 500 m\u00e8tres du complexe h\u00f4telier.<\/p>\n<p>FARMACIA RIVE ETRUSCHE<br \/>\nViale Etruria, 56\/62<br \/>\nPopulonia Stazione<br \/>\nTel +39 334 6177302 \/ +39 338 5932250 \/ +39 347 8037601[\/vc_column_text][\/vc_column_inner][vc_column_inner width=\u00a0\u00bb1\/2&Prime;]<div class=\"ult-just-icon-wrapper  \"><div class=\"align-icon\" style=\"text-align:left;\">\n<div class=\"aio-icon circle \" data-animation=\"fadeInDown\" data-animation-delay=\"03\" style=\"color:#ffffff;background:#6da961;font-size:32px;\">\n\t<i class=\"Defaults-ticket\"><\/i>\n<\/div><\/div><\/div>[vc_empty_space][vc_column_text css_animation=\u00a0\u00bbfadeInDown\u00a0\u00bb]<\/p>\n<h3>Billetterie<\/h3>\n<p>[\/vc_column_text][vc_empty_space height=\u00a0\u00bb16px\u00a0\u00bb][vc_column_text css_animation=\u00a0\u00bbfadeInUp\u00a0\u00bb]Tuscany4me est une r\u00e9f\u00e9rence en mati\u00e8re d&rsquo;informations relatives aux excursions sur le territoire et en Toscane, transferts, billetterie (transbordeurs, trains et avions), location (auto scooter bateaux), \u00e9v\u00e8nements &amp; spectacles et services sur le territoire.[\/vc_column_text][\/vc_column_inner][\/vc_row_inner][\/vc_column][\/vc_row][vc_row full_width=\u00a0\u00bbstretch_row\u00a0\u00bb bg_type=\u00a0\u00bbu_iframe\u00a0\u00bb u_video_url=\u00a0\u00bbhttps:\/\/www.youtube.com\/watch?v=irErZTEPw_8&Prime; video_opts=\u00a0\u00bbloop,muted\u00a0\u00bb video_poster=\u00a0\u00bbid^2319|url^https:\/\/www.poggioallagnello.it\/wp-content\/uploads\/2019\/02\/servizi-del-resort-poggio-all-agnello.jpg|caption^null|alt^null|title^servizi-del-resort-poggio-all-agnello|description^null\u00a0\u00bb enable_overlay=\u00a0\u00bbenable_overlay_value\u00a0\u00bb overlay_color=\u00a0\u00bbrgba(12,12,12,0.86)\u00a0\u00bb css=\u00a0\u00bb.vc_custom_1550002177807{padding-top: 140px !important;padding-bottom: 140px !important;}\u00a0\u00bb][vc_column][vc_column_text css_animation=\u00a0\u00bbfadeInDown\u00a0\u00bb]<\/p>\n<h3 style=\"text-align: center;\"><span style=\"color: #ffffff;\"><br \/>\nAUTRES SERVICES<\/span><\/h3>\n<p>[\/vc_column_text][vc_empty_space][vc_empty_space][vc_row_inner][vc_column_inner width=\u00a0\u00bb1\/3&Prime;][vc_hoverbox image=\u00a0\u00bb2341&Prime; primary_title=\u00a0\u00bb\u00a0\u00bb hover_title=\u00a0\u00bbBICYCLETTES\u00a0\u00bb shape=\u00a0\u00bbsquare\u00a0\u00bb hover_background_color=\u00a0\u00bbwhite\u00a0\u00bb hover_btn_title=\u00a0\u00bbD\u00c9COUVRE\u00a0\u00bb hover_btn_style=\u00a0\u00bbflat\u00a0\u00bb hover_btn_shape=\u00a0\u00bbsquare\u00a0\u00bb hover_add_button=\u00a0\u00bbtrue\u00a0\u00bb hover_btn_link=\u00a0\u00bburl:%2F%3Fpage_id%3D1435|\u00a0\u00bb][\/vc_hoverbox][\/vc_column_inner][vc_column_inner width=\u00a0\u00bb1\/3&Prime;][vc_hoverbox image=\u00a0\u00bb1728&Prime; primary_title=\u00a0\u00bb\u00a0\u00bb hover_title=\u00a0\u00bbPiscine\u00a0\u00bb shape=\u00a0\u00bbsquare\u00a0\u00bb hover_background_color=\u00a0\u00bbwhite\u00a0\u00bb hover_btn_title=\u00a0\u00bbD\u00c9COUVRE\u00a0\u00bb hover_btn_style=\u00a0\u00bbflat\u00a0\u00bb hover_btn_shape=\u00a0\u00bbsquare\u00a0\u00bb hover_add_button=\u00a0\u00bbtrue\u00a0\u00bb hover_btn_link=\u00a0\u00bburl:https%3A%2F%2Fwww.poggioallagnello.it%2Ffr%2Fservices%2Fpiscine%2F|\u00a0\u00bb][\/vc_hoverbox][\/vc_column_inner][vc_column_inner width=\u00a0\u00bb1\/3&Prime;][vc_hoverbox image=\u00a0\u00bb1608&Prime; primary_title=\u00a0\u00bb\u00a0\u00bb hover_title=\u00a0\u00bbPLAGES AM\u00c9NAG\u00c9ES\u00a0\u00bb shape=\u00a0\u00bbsquare\u00a0\u00bb hover_background_color=\u00a0\u00bbwhite\u00a0\u00bb hover_btn_title=\u00a0\u00bbD\u00c9COUVRE\u00a0\u00bb hover_btn_style=\u00a0\u00bbflat\u00a0\u00bb hover_btn_shape=\u00a0\u00bbsquare\u00a0\u00bb hover_add_button=\u00a0\u00bbtrue\u00a0\u00bb hover_btn_link=\u00a0\u00bburl:https%3A%2F%2Fwww.poggioallagnello.it%2Ffr%2Fservices%2Fplages-equipees%2F|\u00a0\u00bb][\/vc_hoverbox][\/vc_column_inner][\/vc_row_inner][\/vc_column][\/vc_row]<\/p>\n<\/section>","protected":false},"excerpt":{"rendered":"<p>[vc_row full_width=\u00a0\u00bbstretch_row\u00a0\u00bb bg_type=\u00a0\u00bbbg_color\u00a0\u00bb seperator_enable=\u00a0\u00bbseperator_enable_value\u00a0\u00bb seperator_type=\u00a0\u00bbcurve_up_seperator\u00a0\u00bb seperator_position=\u00a0\u00bbbottom_seperator\u00a0\u00bb seperator_svg_height=\u00a0\u00bb140&Prime; seperator_shape_background=\u00a0\u00bb#ffffff\u00a0\u00bb css=\u00a0\u00bb.vc_custom_1549995389086{padding-top: 90px !important;padding-bottom: 140px !important;}\u00a0\u00bb bg_color_value=\u00a0\u00bb#f4f6f7&Prime;][vc_column][vc_column_text css_animation=\u00a0\u00bbfadeInDown\u00a0\u00bb] D\u00c9COUVREZ TOUS NOS SERVICES [\/vc_column_text][vc_empty_space][vc_column_text css_animation=\u00a0\u00bbfadeInUp\u00a0\u00bb]Poggio all\u2019Agnello offre \u00e0 ses h\u00f4tes l&rsquo;\u00e9motion de vacances inoubliables o\u00f9 sport, mer et nature sont les principaux acteurs de vos journ\u00e9es ! Vous pouvez pratiquer, au sein du complexe h\u00f4telier, des activit\u00e9s physiques dans&hellip;<\/p>\n","protected":false},"author":6,"featured_media":8564,"parent":0,"menu_order":0,"comment_status":"closed","ping_status":"closed","template":"","meta":[],"tags":[103],"yoast_head":"<!-- This site is optimized with the Yoast SEO plugin v21.1 - https:\/\/yoast.com\/wordpress\/plugins\/seo\/ -->\n<title>Hotel de charme toscane C\u00f4te-H\u00e9bergement et Services Poggio all&#039;Agnello<\/title>\n<meta name=\"description\" content=\"Le village touristique de Poggio all\u2019Agnello, Hotel de charme en Toscane, offre \u00e0 ses h\u00f4tes une riche dotation de services parmi lesquels 4 piscines, 4 courts de tennis, espaces pour enfants et famille, marchand de journaux, parking, chambres non-fumeurs, tv satellite et m\u00eame le chenil pour vos animaux domestiques\" \/>\n<meta name=\"robots\" content=\"index, follow, max-snippet:-1, max-image-preview:large, max-video-preview:-1\" \/>\n<link rel=\"canonical\" href=\"https:\/\/www.poggioallagnello.it\/fr\/services-du-resort\/\" \/>\n<meta property=\"og:locale\" content=\"fr_FR\" \/>\n<meta property=\"og:type\" content=\"article\" \/>\n<meta property=\"og:title\" content=\"Hotel de charme toscane C\u00f4te-H\u00e9bergement et Services Poggio all&#039;Agnello\" \/>\n<meta property=\"og:description\" content=\"Le village touristique de Poggio all\u2019Agnello, Hotel de charme en Toscane, offre \u00e0 ses h\u00f4tes une riche dotation de services parmi lesquels 4 piscines, 4 courts de tennis, espaces pour enfants et famille, marchand de journaux, parking, chambres non-fumeurs, tv satellite et m\u00eame le chenil pour vos animaux domestiques\" \/>\n<meta property=\"og:url\" content=\"https:\/\/www.poggioallagnello.it\/fr\/services-du-resort\/\" \/>\n<meta property=\"og:site_name\" content=\"Poggio all&#039;Agnello\" \/>\n<meta property=\"article:publisher\" content=\"https:\/\/www.facebook.com\/poggioallagnelloresort\/\" \/>\n<meta property=\"article:modified_time\" content=\"2025-11-12T09:33:33+00:00\" \/>\n<meta property=\"og:image\" content=\"https:\/\/www.poggioallagnello.it\/wp-content\/uploads\/2020\/07\/Poggio-all-agnello-experience-3.jpg\" \/>\n\t<meta property=\"og:image:width\" content=\"2016\" \/>\n\t<meta property=\"og:image:height\" content=\"1512\" \/>\n\t<meta property=\"og:image:type\" content=\"image\/jpeg\" \/>\n<meta name=\"twitter:card\" content=\"summary_large_image\" \/>\n<meta name=\"twitter:site\" content=\"@poggioagnello\" \/>\n<meta name=\"twitter:label1\" content=\"Dur\u00e9e de lecture estim\u00e9e\" \/>\n\t<meta name=\"twitter:data1\" content=\"4 minutes\" \/>\n<script type=\"application\/ld+json\" class=\"yoast-schema-graph\">{\"@context\":\"https:\/\/schema.org\",\"@graph\":[{\"@type\":\"WebPage\",\"@id\":\"https:\/\/www.poggioallagnello.it\/fr\/services-du-resort\/\",\"url\":\"https:\/\/www.poggioallagnello.it\/fr\/services-du-resort\/\",\"name\":\"Hotel de charme toscane C\u00f4te-H\u00e9bergement et Services Poggio all'Agnello\",\"isPartOf\":{\"@id\":\"https:\/\/www.poggioallagnello.it\/#website\"},\"datePublished\":\"2019-02-08T09:53:54+00:00\",\"dateModified\":\"2025-11-12T09:33:33+00:00\",\"description\":\"Le village touristique de Poggio all\u2019Agnello, Hotel de charme en Toscane, offre \u00e0 ses h\u00f4tes une riche dotation de services parmi lesquels 4 piscines, 4 courts de tennis, espaces pour enfants et famille, marchand de journaux, parking, chambres non-fumeurs, tv satellite et m\u00eame le chenil pour vos animaux domestiques\",\"breadcrumb\":{\"@id\":\"https:\/\/www.poggioallagnello.it\/fr\/services-du-resort\/#breadcrumb\"},\"inLanguage\":\"fr-FR\",\"potentialAction\":[{\"@type\":\"ReadAction\",\"target\":[\"https:\/\/www.poggioallagnello.it\/fr\/services-du-resort\/\"]}]},{\"@type\":\"BreadcrumbList\",\"@id\":\"https:\/\/www.poggioallagnello.it\/fr\/services-du-resort\/#breadcrumb\",\"itemListElement\":[{\"@type\":\"ListItem\",\"position\":1,\"name\":\"Home\",\"item\":\"https:\/\/www.poggioallagnello.it\/fr\/\"},{\"@type\":\"ListItem\",\"position\":2,\"name\":\"SERVICES OFFERTS PAR LE RESORT\"}]},{\"@type\":\"WebSite\",\"@id\":\"https:\/\/www.poggioallagnello.it\/#website\",\"url\":\"https:\/\/www.poggioallagnello.it\/\",\"name\":\"Poggio all&#039;Agnello\",\"description\":\"Sport &amp; Active Holidays\",\"publisher\":{\"@id\":\"https:\/\/www.poggioallagnello.it\/#organization\"},\"potentialAction\":[{\"@type\":\"SearchAction\",\"target\":{\"@type\":\"EntryPoint\",\"urlTemplate\":\"https:\/\/www.poggioallagnello.it\/?s={search_term_string}\"},\"query-input\":\"required name=search_term_string\"}],\"inLanguage\":\"fr-FR\"},{\"@type\":\"Organization\",\"@id\":\"https:\/\/www.poggioallagnello.it\/#organization\",\"name\":\"Poggio all'Agnello\",\"url\":\"https:\/\/www.poggioallagnello.it\/\",\"logo\":{\"@type\":\"ImageObject\",\"inLanguage\":\"fr-FR\",\"@id\":\"https:\/\/www.poggioallagnello.it\/#\/schema\/logo\/image\/\",\"url\":\"https:\/\/www.poggioallagnello.it\/wp-content\/uploads\/2019\/02\/poggioallagnello-logo-retina-1.png\",\"contentUrl\":\"https:\/\/www.poggioallagnello.it\/wp-content\/uploads\/2019\/02\/poggioallagnello-logo-retina-1.png\",\"width\":407,\"height\":150,\"caption\":\"Poggio all'Agnello\"},\"image\":{\"@id\":\"https:\/\/www.poggioallagnello.it\/#\/schema\/logo\/image\/\"},\"sameAs\":[\"https:\/\/www.facebook.com\/poggioallagnelloresort\/\",\"https:\/\/twitter.com\/poggioagnello\",\"https:\/\/www.instagram.com\/poggioallagnello\/\"]}]}<\/script>\n<!-- \/ Yoast SEO plugin. -->","yoast_head_json":{"title":"Hotel de charme toscane C\u00f4te-H\u00e9bergement et Services Poggio all'Agnello","description":"Le village touristique de Poggio all\u2019Agnello, Hotel de charme en Toscane, offre \u00e0 ses h\u00f4tes une riche dotation de services parmi lesquels 4 piscines, 4 courts de tennis, espaces pour enfants et famille, marchand de journaux, parking, chambres non-fumeurs, tv satellite et m\u00eame le chenil pour vos animaux domestiques","robots":{"index":"index","follow":"follow","max-snippet":"max-snippet:-1","max-image-preview":"max-image-preview:large","max-video-preview":"max-video-preview:-1"},"canonical":"https:\/\/www.poggioallagnello.it\/fr\/services-du-resort\/","og_locale":"fr_FR","og_type":"article","og_title":"Hotel de charme toscane C\u00f4te-H\u00e9bergement et Services Poggio all'Agnello","og_description":"Le village touristique de Poggio all\u2019Agnello, Hotel de charme en Toscane, offre \u00e0 ses h\u00f4tes une riche dotation de services parmi lesquels 4 piscines, 4 courts de tennis, espaces pour enfants et famille, marchand de journaux, parking, chambres non-fumeurs, tv satellite et m\u00eame le chenil pour vos animaux domestiques","og_url":"https:\/\/www.poggioallagnello.it\/fr\/services-du-resort\/","og_site_name":"Poggio all&#039;Agnello","article_publisher":"https:\/\/www.facebook.com\/poggioallagnelloresort\/","article_modified_time":"2025-11-12T09:33:33+00:00","og_image":[{"width":2016,"height":1512,"url":"https:\/\/www.poggioallagnello.it\/wp-content\/uploads\/2020\/07\/Poggio-all-agnello-experience-3.jpg","type":"image\/jpeg"}],"twitter_card":"summary_large_image","twitter_site":"@poggioagnello","twitter_misc":{"Dur\u00e9e de lecture estim\u00e9e":"4 minutes"},"schema":{"@context":"https:\/\/schema.org","@graph":[{"@type":"WebPage","@id":"https:\/\/www.poggioallagnello.it\/fr\/services-du-resort\/","url":"https:\/\/www.poggioallagnello.it\/fr\/services-du-resort\/","name":"Hotel de charme toscane C\u00f4te-H\u00e9bergement et Services Poggio all'Agnello","isPartOf":{"@id":"https:\/\/www.poggioallagnello.it\/#website"},"datePublished":"2019-02-08T09:53:54+00:00","dateModified":"2025-11-12T09:33:33+00:00","description":"Le village touristique de Poggio all\u2019Agnello, Hotel de charme en Toscane, offre \u00e0 ses h\u00f4tes une riche dotation de services parmi lesquels 4 piscines, 4 courts de tennis, espaces pour enfants et famille, marchand de journaux, parking, chambres non-fumeurs, tv satellite et m\u00eame le chenil pour vos animaux domestiques","breadcrumb":{"@id":"https:\/\/www.poggioallagnello.it\/fr\/services-du-resort\/#breadcrumb"},"inLanguage":"fr-FR","potentialAction":[{"@type":"ReadAction","target":["https:\/\/www.poggioallagnello.it\/fr\/services-du-resort\/"]}]},{"@type":"BreadcrumbList","@id":"https:\/\/www.poggioallagnello.it\/fr\/services-du-resort\/#breadcrumb","itemListElement":[{"@type":"ListItem","position":1,"name":"Home","item":"https:\/\/www.poggioallagnello.it\/fr\/"},{"@type":"ListItem","position":2,"name":"SERVICES OFFERTS PAR LE RESORT"}]},{"@type":"WebSite","@id":"https:\/\/www.poggioallagnello.it\/#website","url":"https:\/\/www.poggioallagnello.it\/","name":"Poggio all&#039;Agnello","description":"Sport &amp; Active Holidays","publisher":{"@id":"https:\/\/www.poggioallagnello.it\/#organization"},"potentialAction":[{"@type":"SearchAction","target":{"@type":"EntryPoint","urlTemplate":"https:\/\/www.poggioallagnello.it\/?s={search_term_string}"},"query-input":"required name=search_term_string"}],"inLanguage":"fr-FR"},{"@type":"Organization","@id":"https:\/\/www.poggioallagnello.it\/#organization","name":"Poggio all'Agnello","url":"https:\/\/www.poggioallagnello.it\/","logo":{"@type":"ImageObject","inLanguage":"fr-FR","@id":"https:\/\/www.poggioallagnello.it\/#\/schema\/logo\/image\/","url":"https:\/\/www.poggioallagnello.it\/wp-content\/uploads\/2019\/02\/poggioallagnello-logo-retina-1.png","contentUrl":"https:\/\/www.poggioallagnello.it\/wp-content\/uploads\/2019\/02\/poggioallagnello-logo-retina-1.png","width":407,"height":150,"caption":"Poggio all'Agnello"},"image":{"@id":"https:\/\/www.poggioallagnello.it\/#\/schema\/logo\/image\/"},"sameAs":["https:\/\/www.facebook.com\/poggioallagnelloresort\/","https:\/\/twitter.com\/poggioagnello","https:\/\/www.instagram.com\/poggioallagnello\/"]}]}},"_links":{"self":[{"href":"https:\/\/www.poggioallagnello.it\/fr\/wp-json\/wp\/v2\/pages\/3655"}],"collection":[{"href":"https:\/\/www.poggioallagnello.it\/fr\/wp-json\/wp\/v2\/pages"}],"about":[{"href":"https:\/\/www.poggioallagnello.it\/fr\/wp-json\/wp\/v2\/types\/page"}],"author":[{"embeddable":true,"href":"https:\/\/www.poggioallagnello.it\/fr\/wp-json\/wp\/v2\/users\/6"}],"replies":[{"embeddable":true,"href":"https:\/\/www.poggioallagnello.it\/fr\/wp-json\/wp\/v2\/comments?post=3655"}],"version-history":[{"count":5,"href":"https:\/\/www.poggioallagnello.it\/fr\/wp-json\/wp\/v2\/pages\/3655\/revisions"}],"predecessor-version":[{"id":18535,"href":"https:\/\/www.poggioallagnello.it\/fr\/wp-json\/wp\/v2\/pages\/3655\/revisions\/18535"}],"wp:featuredmedia":[{"embeddable":true,"href":"https:\/\/www.poggioallagnello.it\/fr\/wp-json\/wp\/v2\/media\/8564"}],"wp:attachment":[{"href":"https:\/\/www.poggioallagnello.it\/fr\/wp-json\/wp\/v2\/media?parent=3655"}],"wp:term":[{"taxonomy":"post_tag","embeddable":true,"href":"https:\/\/www.poggioallagnello.it\/fr\/wp-json\/wp\/v2\/tags?post=3655"}],"curies":[{"name":"wp","href":"https:\/\/api.w.org\/{rel}","templated":true}]}}