{"id":3677,"date":"2019-02-08T11:10:09","date_gmt":"2019-02-08T10:10:09","guid":{"rendered":"https:\/\/demo.poggioallagnello.it\/sport\/tennis-campi-toscana\/"},"modified":"2023-11-27T14:06:09","modified_gmt":"2023-11-27T13:06:09","slug":"tennis-camp-en-toscane","status":"publish","type":"page","link":"https:\/\/www.poggioallagnello.it\/fr\/sport\/tennis-camp-en-toscane\/","title":{"rendered":"Tennis"},"content":{"rendered":"<section class=\"wpb-content-wrapper\"><p>[vc_row full_width=\u00a0\u00bbstretch_row\u00a0\u00bb bg_type=\u00a0\u00bbbg_color\u00a0\u00bb seperator_enable=\u00a0\u00bbseperator_enable_value\u00a0\u00bb seperator_type=\u00a0\u00bbcurve_up_seperator\u00a0\u00bb seperator_position=\u00a0\u00bbbottom_seperator\u00a0\u00bb seperator_svg_height=\u00a0\u00bb140&Prime; css=\u00a0\u00bb.vc_custom_1550142215862{padding-top: 90px !important;padding-bottom: 140px !important;}\u00a0\u00bb bg_color_value=\u00a0\u00bb#f4f6f7&Prime;][vc_column][vc_column_text]<\/p>\n<h2>4 COURS DE TENNIS \u00c0 VOTRE DISPOSITION<\/h2>\n<h3>POUR DES VACANCES \u00c0 L&rsquo;ENSEIGNE DU SPORT<\/h3>\n<p>Si vous \u00eates passionn\u00e9 de tennis, Poggio all&rsquo;Agnello vous propose 4 cours, 2 play it et 2 en herbe synth\u00e9tique.<br \/>\nNos cours de tennis sont ouverts \u00e0 tous nos h\u00f4tes, enfants, jeunes et adultes ainsi qu&rsquo;aux groupes sportifs. Nous mettons \u00e9galement des raquettes \u00e0 votre disposition.<br \/>\nVous pourrez choisir diverses activit\u00e9s coordonn\u00e9es par notre entra\u00eeneur et professeur <a href=\"https:\/\/www.gianniberni.it\">Gianni Berni<\/a> , adapt\u00e9es tant aux d\u00e9butants qu&rsquo;aux joueurs plus aguerris.<\/p>\n<p>[\/vc_column_text][\/vc_column][\/vc_row][vc_row][vc_column css_animation=\u00a0\u00bbfadeInLeft\u00a0\u00bb width=\u00a0\u00bb1\/2&Prime;][vc_column_text]<\/p>\n<ul class=\"ul1\">\n<li class=\"li2\"><span class=\"s1\">Heures de jeux avec relanceur (sparring-partners) ;<\/span><\/li>\n<li class=\"li2\"><span class=\"s1\">Jeu Tennis pour enfants ;<\/span><\/li>\n<li class=\"li2\"><span class=\"s1\">Cours pour enfants ou adultes en petits groupes ;<\/span><\/li>\n<\/ul>\n<p>[\/vc_column_text][vc_empty_space][\/vc_column][vc_column css_animation=\u00a0\u00bbfadeInRight\u00a0\u00bb width=\u00a0\u00bb1\/2&Prime;][vc_column_text]<\/p>\n<ul>\n<li class=\"li2\"><span class=\"s1\">Programmes individuels d&rsquo;initiation ou de perfectionnement pour jeunes et adultes ;<\/span><\/li>\n<li class=\"li2\"><span class=\"s1\">Entra\u00eenement ou programmes d&rsquo;entra\u00eenement pour jeunes et adultes de tout niveau comp\u00e9titif.<\/span><\/li>\n<\/ul>\n<p>[\/vc_column_text][vc_empty_space][\/vc_column][\/vc_row][vc_row content_placement=\u00a0\u00bbmiddle\u00a0\u00bb][vc_column][vc_column_text]<\/p>\n<h5 style=\"text-align: center;\">LA RAQUETTE PEUT \u00caTRE FOURNIE GRATUITEMENT \u00c0 TOUS LES D\u00c9BUTANTS<\/h5>\n<p>[\/vc_column_text][\/vc_column][\/vc_row][vc_row css=\u00a0\u00bb.vc_custom_1550142918402{padding-top: 32px !important;}\u00a0\u00bb][vc_column width=\u00a0\u00bb1\/2&Prime;][vc_column_text]Poggio all\u2019Agnello se pr\u00eate id\u00e9alement \u00e0 vos entra\u00eenements avec \u00e0 votre disposition :<\/p>\n<ul class=\"ul1\">\n<li class=\"li1\"><span class=\"s2\">2 Cours de tennis synth\u00e9tiques<\/span><\/li>\n<li class=\"li1\"><span class=\"s2\">Piscine de 50 m chauff\u00e9e : \u00e0 partir du 7 octobre<\/span><\/li>\n<li class=\"li1\"><span class=\"s2\">Piscine avec hydromassage<\/span><\/li>\n<li class=\"li1\"><span class=\"s2\">Parcours de running interne au complexe h\u00f4telier<\/span><\/li>\n<li class=\"li1\"><span class=\"s2\">Restaurant interne servant des produits typiques et proposant sur demande un menu sportif<\/span><\/li>\n<\/ul>\n<p>[\/vc_column_text][\/vc_column][vc_column width=\u00a0\u00bb1\/2&Prime;][vc_column_text]<\/p>\n<h2>LA SALLE DE SPORT<\/h2>\n<h3>VIVEZ DES VACANCES ACTIVES EN TOSCANE<\/h3>\n<p>[\/vc_column_text]<div id=\"ultimate-video-381769df2ede83375\" class=\"ult-video  ult-adjust-bottom-margin ultimate-video-381769df2ede83375 ultv-2544 \"><div class=\"ultv-video ultv-aspect-ratio-16_9 ultv-subscribe-responsive-none\" data-videotype=\"uv_iframe\">\n\t\t\t\t\t\t<div class=\"ultv-video__outer-wrap\" data-autoplay=\"0\" data-device=\"false\"  data-iconbg=\"#3A3A3A\" data-overcolor=\"\" data-defaultbg=\"#1f1f1e\" data-defaultplay=\"defaulticon\"><div class=\"ultv-video__play\" data-src=\"https:\/\/www.youtube.com\/embed\/e_k9dqB4TGQ?rel=0&amp;start&amp;end&amp;controls=1&amp;mute=0&amp;modestbranding=0&amp;autoplay=1\">\n\t\t\t\t\t\t\t\t<img class=\"ultv-video__thumb\" src=\"https:\/\/i.ytimg.com\/vi\/e_k9dqB4TGQ\/maxresdefault.jpg\"\/>\n\t\t\t\t\t\t\t\t<div class=\"ultv-video__play-icon  ultv-animation-none\" style=\"width:75px\"><svg height=\"100%\" version=\"1.1\" viewBox=\"0 0 68 48\" width=\"100%\"><path class=\"ultv-youtube-icon-bg\" d=\"m .66,37.62 c 0,0 .66,4.70 2.70,6.77 2.58,2.71 5.98,2.63 7.49,2.91 5.43,.52 23.10,.68 23.12,.68 .00,-1.3e-5 14.29,-0.02 23.81,-0.71 1.32,-0.15 4.22,-0.17 6.81,-2.89 2.03,-2.07 2.70,-6.77 2.70,-6.77 0,0 .67,-5.52 .67,-11.04 l 0,-5.17 c 0,-5.52 -0.67,-11.04 -0.67,-11.04 0,0 -0.66,-4.70 -2.70,-6.77 C 62.03,.86 59.13,.84 57.80,.69 48.28,0 34.00,0 34.00,0 33.97,0 19.69,0 10.18,.69 8.85,.84 5.95,.86 3.36,3.58 1.32,5.65 .66,10.35 .66,10.35 c 0,0 -0.55,4.50 -0.66,9.45 l 0,8.36 c .10,4.94 .66,9.45 .66,9.45 z\" fill=\"#1f1f1e\" ><\/path><path d=\"m 26.96,13.67 18.37,9.62 -18.37,9.55 -0.00,-19.17 z\" fill=\"#fff\"><\/path><path d=\"M 45.02,23.46 45.32,23.28 26.96,13.67 43.32,22.34 45.02,23.46 z\" fill=\"#ccc\"><\/path><\/svg><\/div> <\/div> <\/div><\/div><\/div>[\/vc_column][\/vc_row][vc_row][vc_column][vc_column_text]<\/p>\n<p>[\/vc_column_text][\/vc_column][\/vc_row][vc_row css=\u00a0\u00bb.vc_custom_1667551915078{padding-top: 70px !important;padding-bottom: 70px !important;}\u00a0\u00bb el_id=\u00a0\u00bbfooter\u00a0\u00bb][vc_column width=\u00a0\u00bb1\/2&Prime;][vc_column_text]<\/p>\n<section id=\"custom_html-22\" class=\"widget_text widget widget_custom_html\">\n<div class=\"widget-title\">R\u00c9SERVER AVEC NOUS EST PRATIQUE!<\/div>\n<div class=\"textwidget custom-html-widget\">\n<ul>\n<li>Meilleur tarif garanti<\/li>\n<li>Meilleur politique de annulation<\/li>\n<li>Offres exclusives<\/li>\n<li>Contact direct avec notre personnel<\/li>\n<li>Devis personnalis\u00e9s<\/li>\n<\/ul>\n<\/div>\n<\/section>\n<p>[\/vc_column_text][\/vc_column][vc_column width=\u00a0\u00bb1\/2&Prime;][vc_column_text]<\/p>\n<h2 style=\"text-align: center;\">Vous souhaitez organiser un s\u00e9jour tennis en Italie? Contactez-nous maintenant!<\/h2>\n<p style=\"text-align: center;\">\n<div class=\"wpcf7 no-js\" id=\"wpcf7-f13508-o1\" lang=\"it-IT\" dir=\"ltr\">\n<div class=\"screen-reader-response\"><p role=\"status\" aria-live=\"polite\" aria-atomic=\"true\"><\/p> <ul><\/ul><\/div>\n<form action=\"\/fr\/wp-json\/wp\/v2\/pages\/3677#wpcf7-f13508-o1\" method=\"post\" class=\"wpcf7-form init\" aria-label=\"Modulo di contatto\" novalidate=\"novalidate\" data-status=\"init\">\n<div style=\"display: none;\">\n<input type=\"hidden\" name=\"_wpcf7\" value=\"13508\" \/>\n<input type=\"hidden\" name=\"_wpcf7_version\" value=\"5.7.7\" \/>\n<input type=\"hidden\" name=\"_wpcf7_locale\" value=\"it_IT\" \/>\n<input type=\"hidden\" name=\"_wpcf7_unit_tag\" value=\"wpcf7-f13508-o1\" \/>\n<input type=\"hidden\" name=\"_wpcf7_container_post\" value=\"0\" \/>\n<input type=\"hidden\" name=\"_wpcf7_posted_data_hash\" value=\"\" \/>\n<input type=\"hidden\" name=\"_wpcf7_recaptcha_response\" value=\"\" \/>\n<\/div>\n<div class=\"vc_col-md-12\">\n\t<p><label> Nom*<br \/>\n<span class=\"wpcf7-form-control-wrap\" data-name=\"your-name\"><input size=\"40\" class=\"wpcf7-form-control wpcf7-text wpcf7-validates-as-required\" aria-required=\"true\" aria-invalid=\"false\" value=\"\" type=\"text\" name=\"your-name\" \/><\/span> <\/label>\n\t<\/p>\n\t<p><label> E-mail*<br \/>\n<span class=\"wpcf7-form-control-wrap\" data-name=\"your-email\"><input size=\"40\" class=\"wpcf7-form-control wpcf7-text wpcf7-email wpcf7-validates-as-required wpcf7-validates-as-email\" aria-required=\"true\" aria-invalid=\"false\" value=\"\" type=\"email\" name=\"your-email\" \/><\/span> <\/label><br \/>\n<label> T\u00e9l\u00e9phone*<br \/>\n<span class=\"wpcf7-form-control-wrap\" data-name=\"phone\"><input size=\"40\" class=\"wpcf7-form-control wpcf7-text wpcf7-tel wpcf7-validates-as-required wpcf7-validates-as-tel\" aria-required=\"true\" aria-invalid=\"false\" value=\"\" type=\"tel\" name=\"phone\" \/><\/span><\/label><br \/>\n<label> Association<br \/>\n<span class=\"wpcf7-form-control-wrap\" data-name=\"associazione\"><input size=\"40\" class=\"wpcf7-form-control wpcf7-text\" aria-invalid=\"false\" value=\"\" type=\"text\" name=\"associazione\" \/><\/span><\/label>\n\t<\/p>\n<\/div>\n<p><label> Votre message<br \/>\n<span class=\"wpcf7-form-control-wrap\" data-name=\"your-message\"><textarea cols=\"40\" rows=\"3\" class=\"wpcf7-form-control wpcf7-textarea\" aria-invalid=\"false\" name=\"your-message\"><\/textarea><\/span> <\/label><br \/>\n<hr \/><br \/>\n<label><\/label>\n<\/p>\n<p class=\"privacy-button\"><span class=\"wpcf7-form-control-wrap\" data-name=\"privacy\"><span class=\"wpcf7-form-control wpcf7-acceptance\"><span class=\"wpcf7-list-item\"><label><input type=\"checkbox\" name=\"privacy\" value=\"1\" aria-invalid=\"false\" \/><span class=\"wpcf7-list-item-label\">*J'ai lu les informations relatives au traitement de mes donn\u00e9es personnelles et j'accepte. (Politique de confidentialit\u00e9 )<\/small><\/span><\/label><\/span><\/span><\/span>\n<\/p>\n<p><input class=\"wpcf7-form-control has-spinner wpcf7-submit\" type=\"submit\" value=\"Envoyer une demande\" \/>\n<\/p><input type='hidden' class='wpcf7-pum' value='{\"closepopup\":false,\"closedelay\":0,\"openpopup\":false,\"openpopup_id\":0}' \/><div class=\"wpcf7-response-output\" aria-hidden=\"true\"><\/div>\n<\/form>\n<\/div>\n<p>[\/vc_column_text][\/vc_column][\/vc_row]<\/p>\n<\/section>","protected":false},"excerpt":{"rendered":"<p>[vc_row full_width=\u00a0\u00bbstretch_row\u00a0\u00bb bg_type=\u00a0\u00bbbg_color\u00a0\u00bb seperator_enable=\u00a0\u00bbseperator_enable_value\u00a0\u00bb seperator_type=\u00a0\u00bbcurve_up_seperator\u00a0\u00bb seperator_position=\u00a0\u00bbbottom_seperator\u00a0\u00bb seperator_svg_height=\u00a0\u00bb140&Prime; css=\u00a0\u00bb.vc_custom_1550142215862{padding-top: 90px !important;padding-bottom: 140px !important;}\u00a0\u00bb bg_color_value=\u00a0\u00bb#f4f6f7&Prime;][vc_column][vc_column_text] 4 COURS DE TENNIS \u00c0 VOTRE DISPOSITION POUR DES VACANCES \u00c0 L&rsquo;ENSEIGNE DU SPORT Si vous \u00eates passionn\u00e9 de tennis, Poggio all&rsquo;Agnello vous propose 4 cours, 2 play it et 2 en herbe synth\u00e9tique. Nos cours de tennis sont ouverts \u00e0 tous&hellip;<\/p>\n","protected":false},"author":6,"featured_media":1369,"parent":3662,"menu_order":0,"comment_status":"closed","ping_status":"closed","template":"","meta":[],"yoast_head":"<!-- This site is optimized with the Yoast SEO plugin v21.1 - https:\/\/yoast.com\/wordpress\/plugins\/seo\/ -->\n<title>Poggio all&#039;Agnello Resort - Tennis Camp en Toscane<\/title>\n<meta name=\"description\" content=\"Nous sommes heureux de pr\u00e9senter Poggio all&#039;Agnello Resort comme location id\u00e9ale pour r\u00e9aliser un camp tennis sur mesure ou pour une vacances du sport et du relax en famille.\" \/>\n<meta name=\"robots\" content=\"index, follow, max-snippet:-1, max-image-preview:large, max-video-preview:-1\" \/>\n<link rel=\"canonical\" href=\"https:\/\/www.poggioallagnello.it\/fr\/sport\/tennis-camp-en-toscane\/\" \/>\n<meta property=\"og:locale\" content=\"fr_FR\" \/>\n<meta property=\"og:type\" content=\"article\" \/>\n<meta property=\"og:title\" content=\"Poggio all&#039;Agnello Resort - Tennis Camp en Toscane\" \/>\n<meta property=\"og:description\" content=\"Nous sommes heureux de pr\u00e9senter Poggio all&#039;Agnello Resort comme location id\u00e9ale pour r\u00e9aliser un camp tennis sur mesure ou pour une vacances du sport et du relax en famille.\" \/>\n<meta property=\"og:url\" content=\"https:\/\/www.poggioallagnello.it\/fr\/sport\/tennis-camp-en-toscane\/\" \/>\n<meta property=\"og:site_name\" content=\"Poggio all&#039;Agnello\" \/>\n<meta property=\"article:publisher\" content=\"https:\/\/www.facebook.com\/poggioallagnelloresort\/\" \/>\n<meta property=\"article:modified_time\" content=\"2023-11-27T13:06:09+00:00\" \/>\n<meta property=\"og:image\" content=\"https:\/\/www.poggioallagnello.it\/wp-content\/uploads\/2019\/02\/tennis-girl.jpg\" \/>\n\t<meta property=\"og:image:width\" content=\"1920\" \/>\n\t<meta property=\"og:image:height\" content=\"1281\" \/>\n\t<meta property=\"og:image:type\" content=\"image\/jpeg\" \/>\n<meta name=\"twitter:card\" content=\"summary_large_image\" \/>\n<meta name=\"twitter:site\" content=\"@poggioagnello\" \/>\n<meta name=\"twitter:label1\" content=\"Dur\u00e9e de lecture estim\u00e9e\" \/>\n\t<meta name=\"twitter:data1\" content=\"2 minutes\" \/>\n<script type=\"application\/ld+json\" class=\"yoast-schema-graph\">{\"@context\":\"https:\/\/schema.org\",\"@graph\":[{\"@type\":\"WebPage\",\"@id\":\"https:\/\/www.poggioallagnello.it\/fr\/sport\/tennis-camp-en-toscane\/\",\"url\":\"https:\/\/www.poggioallagnello.it\/fr\/sport\/tennis-camp-en-toscane\/\",\"name\":\"Poggio all'Agnello Resort - Tennis Camp en Toscane\",\"isPartOf\":{\"@id\":\"https:\/\/www.poggioallagnello.it\/#website\"},\"datePublished\":\"2019-02-08T10:10:09+00:00\",\"dateModified\":\"2023-11-27T13:06:09+00:00\",\"description\":\"Nous sommes heureux de pr\u00e9senter Poggio all'Agnello Resort comme location id\u00e9ale pour r\u00e9aliser un camp tennis sur mesure ou pour une vacances du sport et du relax en famille.\",\"breadcrumb\":{\"@id\":\"https:\/\/www.poggioallagnello.it\/fr\/sport\/tennis-camp-en-toscane\/#breadcrumb\"},\"inLanguage\":\"fr-FR\",\"potentialAction\":[{\"@type\":\"ReadAction\",\"target\":[\"https:\/\/www.poggioallagnello.it\/fr\/sport\/tennis-camp-en-toscane\/\"]}]},{\"@type\":\"BreadcrumbList\",\"@id\":\"https:\/\/www.poggioallagnello.it\/fr\/sport\/tennis-camp-en-toscane\/#breadcrumb\",\"itemListElement\":[{\"@type\":\"ListItem\",\"position\":1,\"name\":\"Home\",\"item\":\"https:\/\/www.poggioallagnello.it\/fr\/\"},{\"@type\":\"ListItem\",\"position\":2,\"name\":\"Sport\",\"item\":\"https:\/\/www.poggioallagnello.it\/fr\/sport\/\"},{\"@type\":\"ListItem\",\"position\":3,\"name\":\"Tennis\"}]},{\"@type\":\"WebSite\",\"@id\":\"https:\/\/www.poggioallagnello.it\/#website\",\"url\":\"https:\/\/www.poggioallagnello.it\/\",\"name\":\"Poggio all&#039;Agnello\",\"description\":\"Sport &amp; Active Holidays\",\"publisher\":{\"@id\":\"https:\/\/www.poggioallagnello.it\/#organization\"},\"potentialAction\":[{\"@type\":\"SearchAction\",\"target\":{\"@type\":\"EntryPoint\",\"urlTemplate\":\"https:\/\/www.poggioallagnello.it\/?s={search_term_string}\"},\"query-input\":\"required name=search_term_string\"}],\"inLanguage\":\"fr-FR\"},{\"@type\":\"Organization\",\"@id\":\"https:\/\/www.poggioallagnello.it\/#organization\",\"name\":\"Poggio all'Agnello\",\"url\":\"https:\/\/www.poggioallagnello.it\/\",\"logo\":{\"@type\":\"ImageObject\",\"inLanguage\":\"fr-FR\",\"@id\":\"https:\/\/www.poggioallagnello.it\/#\/schema\/logo\/image\/\",\"url\":\"https:\/\/www.poggioallagnello.it\/wp-content\/uploads\/2019\/02\/poggioallagnello-logo-retina-1.png\",\"contentUrl\":\"https:\/\/www.poggioallagnello.it\/wp-content\/uploads\/2019\/02\/poggioallagnello-logo-retina-1.png\",\"width\":407,\"height\":150,\"caption\":\"Poggio all'Agnello\"},\"image\":{\"@id\":\"https:\/\/www.poggioallagnello.it\/#\/schema\/logo\/image\/\"},\"sameAs\":[\"https:\/\/www.facebook.com\/poggioallagnelloresort\/\",\"https:\/\/twitter.com\/poggioagnello\",\"https:\/\/www.instagram.com\/poggioallagnello\/\"]}]}<\/script>\n<!-- \/ Yoast SEO plugin. -->","yoast_head_json":{"title":"Poggio all'Agnello Resort - Tennis Camp en Toscane","description":"Nous sommes heureux de pr\u00e9senter Poggio all'Agnello Resort comme location id\u00e9ale pour r\u00e9aliser un camp tennis sur mesure ou pour une vacances du sport et du relax en famille.","robots":{"index":"index","follow":"follow","max-snippet":"max-snippet:-1","max-image-preview":"max-image-preview:large","max-video-preview":"max-video-preview:-1"},"canonical":"https:\/\/www.poggioallagnello.it\/fr\/sport\/tennis-camp-en-toscane\/","og_locale":"fr_FR","og_type":"article","og_title":"Poggio all'Agnello Resort - Tennis Camp en Toscane","og_description":"Nous sommes heureux de pr\u00e9senter Poggio all'Agnello Resort comme location id\u00e9ale pour r\u00e9aliser un camp tennis sur mesure ou pour une vacances du sport et du relax en famille.","og_url":"https:\/\/www.poggioallagnello.it\/fr\/sport\/tennis-camp-en-toscane\/","og_site_name":"Poggio all&#039;Agnello","article_publisher":"https:\/\/www.facebook.com\/poggioallagnelloresort\/","article_modified_time":"2023-11-27T13:06:09+00:00","og_image":[{"width":1920,"height":1281,"url":"https:\/\/www.poggioallagnello.it\/wp-content\/uploads\/2019\/02\/tennis-girl.jpg","type":"image\/jpeg"}],"twitter_card":"summary_large_image","twitter_site":"@poggioagnello","twitter_misc":{"Dur\u00e9e de lecture estim\u00e9e":"2 minutes"},"schema":{"@context":"https:\/\/schema.org","@graph":[{"@type":"WebPage","@id":"https:\/\/www.poggioallagnello.it\/fr\/sport\/tennis-camp-en-toscane\/","url":"https:\/\/www.poggioallagnello.it\/fr\/sport\/tennis-camp-en-toscane\/","name":"Poggio all'Agnello Resort - Tennis Camp en Toscane","isPartOf":{"@id":"https:\/\/www.poggioallagnello.it\/#website"},"datePublished":"2019-02-08T10:10:09+00:00","dateModified":"2023-11-27T13:06:09+00:00","description":"Nous sommes heureux de pr\u00e9senter Poggio all'Agnello Resort comme location id\u00e9ale pour r\u00e9aliser un camp tennis sur mesure ou pour une vacances du sport et du relax en famille.","breadcrumb":{"@id":"https:\/\/www.poggioallagnello.it\/fr\/sport\/tennis-camp-en-toscane\/#breadcrumb"},"inLanguage":"fr-FR","potentialAction":[{"@type":"ReadAction","target":["https:\/\/www.poggioallagnello.it\/fr\/sport\/tennis-camp-en-toscane\/"]}]},{"@type":"BreadcrumbList","@id":"https:\/\/www.poggioallagnello.it\/fr\/sport\/tennis-camp-en-toscane\/#breadcrumb","itemListElement":[{"@type":"ListItem","position":1,"name":"Home","item":"https:\/\/www.poggioallagnello.it\/fr\/"},{"@type":"ListItem","position":2,"name":"Sport","item":"https:\/\/www.poggioallagnello.it\/fr\/sport\/"},{"@type":"ListItem","position":3,"name":"Tennis"}]},{"@type":"WebSite","@id":"https:\/\/www.poggioallagnello.it\/#website","url":"https:\/\/www.poggioallagnello.it\/","name":"Poggio all&#039;Agnello","description":"Sport &amp; Active Holidays","publisher":{"@id":"https:\/\/www.poggioallagnello.it\/#organization"},"potentialAction":[{"@type":"SearchAction","target":{"@type":"EntryPoint","urlTemplate":"https:\/\/www.poggioallagnello.it\/?s={search_term_string}"},"query-input":"required name=search_term_string"}],"inLanguage":"fr-FR"},{"@type":"Organization","@id":"https:\/\/www.poggioallagnello.it\/#organization","name":"Poggio all'Agnello","url":"https:\/\/www.poggioallagnello.it\/","logo":{"@type":"ImageObject","inLanguage":"fr-FR","@id":"https:\/\/www.poggioallagnello.it\/#\/schema\/logo\/image\/","url":"https:\/\/www.poggioallagnello.it\/wp-content\/uploads\/2019\/02\/poggioallagnello-logo-retina-1.png","contentUrl":"https:\/\/www.poggioallagnello.it\/wp-content\/uploads\/2019\/02\/poggioallagnello-logo-retina-1.png","width":407,"height":150,"caption":"Poggio all'Agnello"},"image":{"@id":"https:\/\/www.poggioallagnello.it\/#\/schema\/logo\/image\/"},"sameAs":["https:\/\/www.facebook.com\/poggioallagnelloresort\/","https:\/\/twitter.com\/poggioagnello","https:\/\/www.instagram.com\/poggioallagnello\/"]}]}},"_links":{"self":[{"href":"https:\/\/www.poggioallagnello.it\/fr\/wp-json\/wp\/v2\/pages\/3677"}],"collection":[{"href":"https:\/\/www.poggioallagnello.it\/fr\/wp-json\/wp\/v2\/pages"}],"about":[{"href":"https:\/\/www.poggioallagnello.it\/fr\/wp-json\/wp\/v2\/types\/page"}],"author":[{"embeddable":true,"href":"https:\/\/www.poggioallagnello.it\/fr\/wp-json\/wp\/v2\/users\/6"}],"replies":[{"embeddable":true,"href":"https:\/\/www.poggioallagnello.it\/fr\/wp-json\/wp\/v2\/comments?post=3677"}],"version-history":[{"count":5,"href":"https:\/\/www.poggioallagnello.it\/fr\/wp-json\/wp\/v2\/pages\/3677\/revisions"}],"predecessor-version":[{"id":16230,"href":"https:\/\/www.poggioallagnello.it\/fr\/wp-json\/wp\/v2\/pages\/3677\/revisions\/16230"}],"up":[{"embeddable":true,"href":"https:\/\/www.poggioallagnello.it\/fr\/wp-json\/wp\/v2\/pages\/3662"}],"wp:featuredmedia":[{"embeddable":true,"href":"https:\/\/www.poggioallagnello.it\/fr\/wp-json\/wp\/v2\/media\/1369"}],"wp:attachment":[{"href":"https:\/\/www.poggioallagnello.it\/fr\/wp-json\/wp\/v2\/media?parent=3677"}],"curies":[{"name":"wp","href":"https:\/\/api.w.org\/{rel}","templated":true}]}}