{"id":3681,"date":"2019-02-08T11:13:13","date_gmt":"2019-02-08T10:13:13","guid":{"rendered":"https:\/\/demo.poggioallagnello.it\/sport\/yoga\/"},"modified":"2022-12-01T22:43:42","modified_gmt":"2022-12-01T21:43:42","slug":"yoga","status":"publish","type":"page","link":"https:\/\/www.poggioallagnello.it\/fr\/sport\/yoga\/","title":{"rendered":"Yoga"},"content":{"rendered":"<section class=\"wpb-content-wrapper\"><p>[vc_row full_width=\u00a0\u00bbstretch_row\u00a0\u00bb bg_type=\u00a0\u00bbbg_color\u00a0\u00bb][vc_column][vc_column_text]<\/p>\n<h2 class=\"LC20lb MBeuO DKV0Md\" style=\"text-align: center;\">RETRAITES DE YOGA MER TOSCANE<\/h2>\n<p>[\/vc_column_text][\/vc_column][\/vc_row][vc_row full_width=\u00a0\u00bbstretch_row\u00a0\u00bb bg_type=\u00a0\u00bbbg_color\u00a0\u00bb][vc_column][vc_column_text]Les anciens peuples qui ont habit\u00e9 la Toscane ont laiss\u00e9 derri\u00e8re eux un sentiment intime et mystique qui en fait une terre o\u00f9 l&rsquo;environnement naturel accueille et offre \u00e9quilibre et bien-\u00eatre.<\/p>\n<p>Si vous ressentez le besoin de ralentir la course effr\u00e9n\u00e9e de la vie quotidienne, \u00e0 Poggio all&rsquo;Agnello, vous avez la possibilit\u00e9 de red\u00e9couvrir les \u00e9motions et les sensations de la meilleure condition psychophysique.[\/vc_column_text][\/vc_column][\/vc_row][vc_row disable_element=\u00a0\u00bbyes\u00a0\u00bb css=\u00a0\u00bb.vc_custom_1669886654010{margin-top: 90px !important;}\u00a0\u00bb][vc_column][vc_column_text]<\/p>\n<h2>RETROUVEZ VOTRE \u00c9QUILIBRE SUR L&rsquo;ANTIQUE TERRE DES \u00c9TRUSQUES<\/h2>\n<p>Poggio all\u2019Agnello est le lieu id\u00e9al pour renouer avec son bien-\u00eatre psycho-physique et vous pourrez pratiquer un yoga totalement immerg\u00e9 dans le calme de la nature enveloppant le complexe h\u00f4telier ou dans la vaste salle de r\u00e9union am\u00e9nag\u00e9e sur mesure en fonction de vos exigences.<br \/>\nSi vous recherchez une destination de stages ou de retraites pour pratiquer le yoga, Poggio all\u2019Agnello vous offrira des logements fonctionnels et confortables pouvant accueillir jusqu&rsquo;\u00e0 6 personnes et un service de restauration interne attentif \u00e0 tous les modes alimentaires.<\/p>\n<p>[\/vc_column_text][\/vc_column][\/vc_row][vc_row full_width=\u00a0\u00bbstretch_row\u00a0\u00bb bg_type=\u00a0\u00bbbg_color\u00a0\u00bb][vc_column width=\u00a0\u00bb1\/2&Prime;][vc_column_text]<\/p>\n<h3><strong>UN LIEU MAGIQUE\u00a0<\/strong><\/h3>\n<p>Le Complexe, en pleine nature toscane luxuriante, entre collines, golfes, pin\u00e8des et plages, est la solution id\u00e9ale pour \u00e9vacuer l&rsquo;anxi\u00e9t\u00e9 et le stress. Il propose des activit\u00e9s sportives, de la natation au triathlon, du VTT au tennis et est un lieu accueillant et ludique pour toute la famille.<\/p>\n<p>Mais ce qui, peut-\u00eatre plus que toute autre offre, en fait un v\u00e9ritable havre de paix absolu c&rsquo;est que Poggio all&rsquo;Agnello est l&rsquo;endroit id\u00e9al pour organiser des r\u00e9unions ou des \u00e9v\u00e9nements de yoga ou, tout simplement, pour apprendre \u00e0 se d\u00e9tendre \u00e0 travers la philosophie de cette ancienne discipline orientale.[\/vc_column_text][\/vc_column][vc_column width=\u00a0\u00bb1\/2&Prime;][vc_single_image image=\u00a0\u00bb15090&Prime; img_size=\u00a0\u00bbfull\u00a0\u00bb][\/vc_column][\/vc_row][vc_row full_width=\u00a0\u00bbstretch_row\u00a0\u00bb bg_type=\u00a0\u00bbimage\u00a0\u00bb parallax_style=\u00a0\u00bbvcpb-vz-jquery\u00a0\u00bb bg_image_new=\u00a0\u00bbid^15293|url^https:\/\/www.poggioallagnello.it\/wp-content\/uploads\/2022\/07\/parco-costiero-della-sterpaia2.jpg|caption^null|alt^Parco costiero della Sterpaia|title^Parco costiero della Sterpaia|description^null\u00a0\u00bb bg_image_repeat=\u00a0\u00bbno-repeat\u00a0\u00bb enable_overlay=\u00a0\u00bbenable_overlay_value\u00a0\u00bb overlay_color=\u00a0\u00bbrgba(10,0,0,0.1)\u00a0\u00bb css=\u00a0\u00bb.vc_custom_1668091730637{padding-top: 70px !important;padding-bottom: 70px !important;}\u00a0\u00bb][vc_column][vc_empty_space][vc_column_text css_animation=\u00a0\u00bbfadeInDown\u00a0\u00bb css=\u00a0\u00bb.vc_custom_1669888042824{padding-bottom: 40px !important;}\u00a0\u00bb]<\/p>\n<p style=\"text-align: center;\"><span style=\"color: #ffffff;\">Un c\u00e9l\u00e8bre ma\u00eetre de yoga, B.K.S. Iyengar a dit : <\/span><br \/>\n<span style=\"color: #ffffff;\"><em>\u00ab\u00a0Le rythme du corps, la m\u00e9lodie de l&rsquo;esprit et l&rsquo;harmonie de l&rsquo;\u00e2me cr\u00e9ent la symphonie de la vie.\u00a0\u00bb<\/em><\/span><\/p>\n<p style=\"text-align: center;\"><span style=\"color: #ffffff;\">\u00c0 Poggio all&rsquo;Agnello, en Toscane, vous verrez de vos propres yeux que c&rsquo;est vrai.<\/span><\/p>\n<p>[\/vc_column_text][vc_btn title=\u00a0\u00bbDemandez une offre gratuitement\u00a0\u00bb color=\u00a0\u00bbgreen\u00a0\u00bb align=\u00a0\u00bbcenter\u00a0\u00bb link=\u00a0\u00bburl:%23footer\u00a0\u00bb][vc_empty_space][\/vc_column][\/vc_row][vc_row full_width=\u00a0\u00bbstretch_row\u00a0\u00bb bg_type=\u00a0\u00bbbg_color\u00a0\u00bb][vc_column width=\u00a0\u00bb1\/2&Prime;][vc_single_image image=\u00a0\u00bb15653&Prime; img_size=\u00a0\u00bbfull\u00a0\u00bb][\/vc_column][vc_column width=\u00a0\u00bb1\/2&Prime;][vc_empty_space][vc_column_text]<\/p>\n<h3><strong>ORGANISER UNE RETRAITE OU UN \u00c9V\u00c9NEMENT DE YOGA<\/strong><\/h3>\n<p>Sous l&rsquo;\u00e9gide d&rsquo;experts de ce mode de vie, vous pourrez apprendre les postures, le contr\u00f4le de la respiration, les mouvements \u00e0 faire pour vous lib\u00e9rer du poids des tensions accumul\u00e9es.<\/p>\n<p>L&rsquo;environnement du complexe, dans le d\u00e9cor d&rsquo;un paysage domin\u00e9 par le charme harmonieux de la nature, \u00e0 la fois sauvage et accueillante, typique de cette partie de la Toscane, vous offre les parcours sensoriels au gr\u00e9 de vos exigences.<\/p>\n<p>Qu&rsquo;il s&rsquo;agisse d&rsquo;un week-end ou de longues vacances, un s\u00e9jour \u00e0 Poggio all&rsquo;Agnello peut \u00eatre compl\u00e9t\u00e9 par la participation \u00e0 des ateliers de yoga et de m\u00e9ditation pour adultes et enfants.<br \/>\nLes plus petits vivront leur propre exp\u00e9rience d\u00e9di\u00e9e \u00e0 la socialisation et au jeu, et les plus grands apprendront \u00e0 \u00e9couter leur corps et leurs \u00e9motions.<\/p>\n<p>Le souci du d\u00e9tail est de mise \u00e0 Poggio all&rsquo;Agnello : m\u00eame le service de restauration interne, en mesure de satisfaire tous les styles alimentaires, favorise l&rsquo;atteinte de l&rsquo;\u00e9quilibre et du bien-\u00eatre.[\/vc_column_text][\/vc_column][\/vc_row][vc_row full_width=\u00a0\u00bbstretch_row\u00a0\u00bb bg_type=\u00a0\u00bbimage\u00a0\u00bb parallax_style=\u00a0\u00bbvcpb-vz-jquery\u00a0\u00bb bg_image_new=\u00a0\u00bbid^15293|url^https:\/\/www.poggioallagnello.it\/wp-content\/uploads\/2022\/07\/parco-costiero-della-sterpaia2.jpg|caption^null|alt^Parco costiero della Sterpaia|title^Parco costiero della Sterpaia|description^null\u00a0\u00bb bg_image_repeat=\u00a0\u00bbno-repeat\u00a0\u00bb enable_overlay=\u00a0\u00bbenable_overlay_value\u00a0\u00bb overlay_color=\u00a0\u00bbrgba(10,0,0,0.1)\u00a0\u00bb css=\u00a0\u00bb.vc_custom_1668097617479{padding-top: 70px !important;padding-bottom: 70px !important;}\u00a0\u00bb el_id=\u00a0\u00bbbaratti\u00a0\u00bb][vc_column][vc_empty_space][vc_column_text css_animation=\u00a0\u00bbfadeInDown\u00a0\u00bb css=\u00a0\u00bb.vc_custom_1669888196523{padding-bottom: 40px !important;}\u00a0\u00bb]<\/p>\n<h3 style=\"text-align: center;\"><span style=\"color: #ffffff;\"><strong>\u00c0 SEULEMENT 2 KM DU GOLFE DE BARATTI<\/strong><\/span><\/h3>\n<p style=\"text-align: center;\"><span style=\"color: #ffffff;\">Comment ne pas aimer un endroit comme celui-ci ? Baratti, cela veut dire bien plus que la mer, l&rsquo;eau cristalline et les petits poissons qui nagent autour de vous\u2026 Baratti, c&rsquo;est un \u00e9tat d&rsquo;esprit ! Ce lieu magique donne une sensation de paix et s\u00e9r\u00e9nit\u00e9 \u00e0 quiconque y arrive \u00e0 tout moment de l&rsquo;ann\u00e9e. Sauvage et \u00e9l\u00e9gante \u00e0 la fois, elle a une \u00e2me noble et rebelle\u2026 celui qui y vient une fois ne peut plus s&rsquo;en passer.<\/span><\/p>\n<p>[\/vc_column_text][vc_btn title=\u00a0\u00bbDemandez une offre gratuitement\u00a0\u00bb color=\u00a0\u00bbgreen\u00a0\u00bb align=\u00a0\u00bbcenter\u00a0\u00bb link=\u00a0\u00bburl:%23footer\u00a0\u00bb][vc_empty_space][\/vc_column][\/vc_row][vc_row css=\u00a0\u00bb.vc_custom_1639759338655{padding-top: 70px !important;padding-bottom: 70px !important;}\u00a0\u00bb][vc_column width=\u00a0\u00bb1\/2&Prime;][vc_column_text]<\/p>\n<section id=\"custom_html-22\" class=\"widget_text widget widget_custom_html\">\n<div class=\"widget-title\">R\u00c9SERVER AVEC NOUS EST PRATIQUE!<\/div>\n<div class=\"textwidget custom-html-widget\">\n<ul>\n<li>Meilleur tarif garanti<\/li>\n<li>Meilleur politique de annulation<\/li>\n<li>Offres exclusives<\/li>\n<li>Contact direct avec notre personnel<\/li>\n<li>Devis personnalis\u00e9s<\/li>\n<\/ul>\n<\/div>\n<\/section>\n<p>[\/vc_column_text][\/vc_column][vc_column width=\u00a0\u00bb1\/2&Prime; css=\u00a0\u00bb.vc_custom_1668101159157{background-color: #75adc0 !important;}\u00a0\u00bb][vc_column_text]<\/p>\n<h2 style=\"text-align: center;\">Vous souhaitez organiser des vacances en groupe ? Contactez-nous maintenant!<\/h2>\n<p style=\"text-align: center;\">\n<div class=\"wpcf7 no-js\" id=\"wpcf7-f13508-o1\" lang=\"it-IT\" dir=\"ltr\">\n<div class=\"screen-reader-response\"><p role=\"status\" aria-live=\"polite\" aria-atomic=\"true\"><\/p> <ul><\/ul><\/div>\n<form action=\"\/fr\/wp-json\/wp\/v2\/pages\/3681#wpcf7-f13508-o1\" method=\"post\" class=\"wpcf7-form init\" aria-label=\"Modulo di contatto\" novalidate=\"novalidate\" data-status=\"init\">\n<div style=\"display: none;\">\n<input type=\"hidden\" name=\"_wpcf7\" value=\"13508\" \/>\n<input type=\"hidden\" name=\"_wpcf7_version\" value=\"5.7.7\" \/>\n<input type=\"hidden\" name=\"_wpcf7_locale\" value=\"it_IT\" \/>\n<input type=\"hidden\" name=\"_wpcf7_unit_tag\" value=\"wpcf7-f13508-o1\" \/>\n<input type=\"hidden\" name=\"_wpcf7_container_post\" value=\"0\" \/>\n<input type=\"hidden\" name=\"_wpcf7_posted_data_hash\" value=\"\" \/>\n<input type=\"hidden\" name=\"_wpcf7_recaptcha_response\" value=\"\" \/>\n<\/div>\n<div class=\"vc_col-md-12\">\n\t<p><label> Nom*<br \/>\n<span class=\"wpcf7-form-control-wrap\" data-name=\"your-name\"><input size=\"40\" class=\"wpcf7-form-control wpcf7-text wpcf7-validates-as-required\" aria-required=\"true\" aria-invalid=\"false\" value=\"\" type=\"text\" name=\"your-name\" \/><\/span> <\/label>\n\t<\/p>\n\t<p><label> E-mail*<br \/>\n<span class=\"wpcf7-form-control-wrap\" data-name=\"your-email\"><input size=\"40\" class=\"wpcf7-form-control wpcf7-text wpcf7-email wpcf7-validates-as-required wpcf7-validates-as-email\" aria-required=\"true\" aria-invalid=\"false\" value=\"\" type=\"email\" name=\"your-email\" \/><\/span> <\/label><br \/>\n<label> T\u00e9l\u00e9phone*<br \/>\n<span class=\"wpcf7-form-control-wrap\" data-name=\"phone\"><input size=\"40\" class=\"wpcf7-form-control wpcf7-text wpcf7-tel wpcf7-validates-as-required wpcf7-validates-as-tel\" aria-required=\"true\" aria-invalid=\"false\" value=\"\" type=\"tel\" name=\"phone\" \/><\/span><\/label><br \/>\n<label> Association<br \/>\n<span class=\"wpcf7-form-control-wrap\" data-name=\"associazione\"><input size=\"40\" class=\"wpcf7-form-control wpcf7-text\" aria-invalid=\"false\" value=\"\" type=\"text\" name=\"associazione\" \/><\/span><\/label>\n\t<\/p>\n<\/div>\n<p><label> Votre message<br \/>\n<span class=\"wpcf7-form-control-wrap\" data-name=\"your-message\"><textarea cols=\"40\" rows=\"3\" class=\"wpcf7-form-control wpcf7-textarea\" aria-invalid=\"false\" name=\"your-message\"><\/textarea><\/span> <\/label><br \/>\n<hr \/><br \/>\n<label><\/label>\n<\/p>\n<p class=\"privacy-button\"><span class=\"wpcf7-form-control-wrap\" data-name=\"privacy\"><span class=\"wpcf7-form-control wpcf7-acceptance\"><span class=\"wpcf7-list-item\"><label><input type=\"checkbox\" name=\"privacy\" value=\"1\" aria-invalid=\"false\" \/><span class=\"wpcf7-list-item-label\">*J'ai lu les informations relatives au traitement de mes donn\u00e9es personnelles et j'accepte. (Politique de confidentialit\u00e9 )<\/small><\/span><\/label><\/span><\/span><\/span>\n<\/p>\n<p><input class=\"wpcf7-form-control has-spinner wpcf7-submit\" type=\"submit\" value=\"Envoyer une demande\" \/>\n<\/p><input type='hidden' class='wpcf7-pum' value='{\"closepopup\":false,\"closedelay\":0,\"openpopup\":false,\"openpopup_id\":0}' \/><div class=\"wpcf7-response-output\" aria-hidden=\"true\"><\/div>\n<\/form>\n<\/div>\n<p>[\/vc_column_text][\/vc_column][\/vc_row]<\/p>\n<\/section>","protected":false},"excerpt":{"rendered":"<p>[vc_row full_width=\u00a0\u00bbstretch_row\u00a0\u00bb bg_type=\u00a0\u00bbbg_color\u00a0\u00bb][vc_column][vc_column_text] RETRAITES DE YOGA MER TOSCANE [\/vc_column_text][\/vc_column][\/vc_row][vc_row full_width=\u00a0\u00bbstretch_row\u00a0\u00bb bg_type=\u00a0\u00bbbg_color\u00a0\u00bb][vc_column][vc_column_text]Les anciens peuples qui ont habit\u00e9 la Toscane ont laiss\u00e9 derri\u00e8re eux un sentiment intime et mystique qui en fait une terre o\u00f9 l&rsquo;environnement naturel accueille et offre \u00e9quilibre et bien-\u00eatre. Si vous ressentez le besoin de ralentir la course effr\u00e9n\u00e9e de la vie quotidienne,&hellip;<\/p>\n","protected":false},"author":6,"featured_media":3157,"parent":3662,"menu_order":0,"comment_status":"closed","ping_status":"closed","template":"","meta":[],"yoast_head":"<!-- This site is optimized with the Yoast SEO plugin v21.1 - https:\/\/yoast.com\/wordpress\/plugins\/seo\/ -->\n<title>Pratiquer le yoga en Toscane - Poggio all&#039;Agnello Resort<\/title>\n<meta name=\"description\" content=\"Le Poggio all&#039;Agnello est \u00e9quip\u00e9 de 4 piscines, d&#039;un grand parc avec une abondance de verdure, d&#039;un parking, d&#039;un centre de bien-\u00eatre, d&#039;un yoga, d&#039;un restaurant et d&#039;un espace de remise en forme.\" \/>\n<meta name=\"robots\" content=\"index, follow, max-snippet:-1, max-image-preview:large, max-video-preview:-1\" \/>\n<link rel=\"canonical\" href=\"https:\/\/www.poggioallagnello.it\/fr\/sport\/yoga\/\" \/>\n<meta property=\"og:locale\" content=\"fr_FR\" \/>\n<meta property=\"og:type\" content=\"article\" \/>\n<meta property=\"og:title\" content=\"Pratiquer le yoga en Toscane - Poggio all&#039;Agnello Resort\" \/>\n<meta property=\"og:description\" content=\"Le Poggio all&#039;Agnello est \u00e9quip\u00e9 de 4 piscines, d&#039;un grand parc avec une abondance de verdure, d&#039;un parking, d&#039;un centre de bien-\u00eatre, d&#039;un yoga, d&#039;un restaurant et d&#039;un espace de remise en forme.\" \/>\n<meta property=\"og:url\" content=\"https:\/\/www.poggioallagnello.it\/fr\/sport\/yoga\/\" \/>\n<meta property=\"og:site_name\" content=\"Poggio all&#039;Agnello\" \/>\n<meta property=\"article:publisher\" content=\"https:\/\/www.facebook.com\/poggioallagnelloresort\/\" \/>\n<meta property=\"article:modified_time\" content=\"2022-12-01T21:43:42+00:00\" \/>\n<meta property=\"og:image\" content=\"https:\/\/www.poggioallagnello.it\/wp-content\/uploads\/2019\/02\/Yoga-poggio-all-agnello-copertina.jpg\" \/>\n\t<meta property=\"og:image:width\" content=\"1920\" \/>\n\t<meta property=\"og:image:height\" content=\"1280\" \/>\n\t<meta property=\"og:image:type\" content=\"image\/jpeg\" \/>\n<meta name=\"twitter:card\" content=\"summary_large_image\" \/>\n<meta name=\"twitter:site\" content=\"@poggioagnello\" \/>\n<meta name=\"twitter:label1\" content=\"Dur\u00e9e de lecture estim\u00e9e\" \/>\n\t<meta name=\"twitter:data1\" content=\"4 minutes\" \/>\n<script type=\"application\/ld+json\" class=\"yoast-schema-graph\">{\"@context\":\"https:\/\/schema.org\",\"@graph\":[{\"@type\":\"WebPage\",\"@id\":\"https:\/\/www.poggioallagnello.it\/fr\/sport\/yoga\/\",\"url\":\"https:\/\/www.poggioallagnello.it\/fr\/sport\/yoga\/\",\"name\":\"Pratiquer le yoga en Toscane - Poggio all'Agnello Resort\",\"isPartOf\":{\"@id\":\"https:\/\/www.poggioallagnello.it\/#website\"},\"datePublished\":\"2019-02-08T10:13:13+00:00\",\"dateModified\":\"2022-12-01T21:43:42+00:00\",\"description\":\"Le Poggio all'Agnello est \u00e9quip\u00e9 de 4 piscines, d'un grand parc avec une abondance de verdure, d'un parking, d'un centre de bien-\u00eatre, d'un yoga, d'un restaurant et d'un espace de remise en forme.\",\"breadcrumb\":{\"@id\":\"https:\/\/www.poggioallagnello.it\/fr\/sport\/yoga\/#breadcrumb\"},\"inLanguage\":\"fr-FR\",\"potentialAction\":[{\"@type\":\"ReadAction\",\"target\":[\"https:\/\/www.poggioallagnello.it\/fr\/sport\/yoga\/\"]}]},{\"@type\":\"BreadcrumbList\",\"@id\":\"https:\/\/www.poggioallagnello.it\/fr\/sport\/yoga\/#breadcrumb\",\"itemListElement\":[{\"@type\":\"ListItem\",\"position\":1,\"name\":\"Home\",\"item\":\"https:\/\/www.poggioallagnello.it\/fr\/\"},{\"@type\":\"ListItem\",\"position\":2,\"name\":\"Sport\",\"item\":\"https:\/\/www.poggioallagnello.it\/fr\/sport\/\"},{\"@type\":\"ListItem\",\"position\":3,\"name\":\"Yoga\"}]},{\"@type\":\"WebSite\",\"@id\":\"https:\/\/www.poggioallagnello.it\/#website\",\"url\":\"https:\/\/www.poggioallagnello.it\/\",\"name\":\"Poggio all&#039;Agnello\",\"description\":\"Sport &amp; Active Holidays\",\"publisher\":{\"@id\":\"https:\/\/www.poggioallagnello.it\/#organization\"},\"potentialAction\":[{\"@type\":\"SearchAction\",\"target\":{\"@type\":\"EntryPoint\",\"urlTemplate\":\"https:\/\/www.poggioallagnello.it\/?s={search_term_string}\"},\"query-input\":\"required name=search_term_string\"}],\"inLanguage\":\"fr-FR\"},{\"@type\":\"Organization\",\"@id\":\"https:\/\/www.poggioallagnello.it\/#organization\",\"name\":\"Poggio all'Agnello\",\"url\":\"https:\/\/www.poggioallagnello.it\/\",\"logo\":{\"@type\":\"ImageObject\",\"inLanguage\":\"fr-FR\",\"@id\":\"https:\/\/www.poggioallagnello.it\/#\/schema\/logo\/image\/\",\"url\":\"https:\/\/www.poggioallagnello.it\/wp-content\/uploads\/2019\/02\/poggioallagnello-logo-retina-1.png\",\"contentUrl\":\"https:\/\/www.poggioallagnello.it\/wp-content\/uploads\/2019\/02\/poggioallagnello-logo-retina-1.png\",\"width\":407,\"height\":150,\"caption\":\"Poggio all'Agnello\"},\"image\":{\"@id\":\"https:\/\/www.poggioallagnello.it\/#\/schema\/logo\/image\/\"},\"sameAs\":[\"https:\/\/www.facebook.com\/poggioallagnelloresort\/\",\"https:\/\/twitter.com\/poggioagnello\",\"https:\/\/www.instagram.com\/poggioallagnello\/\"]}]}<\/script>\n<!-- \/ Yoast SEO plugin. -->","yoast_head_json":{"title":"Pratiquer le yoga en Toscane - Poggio all'Agnello Resort","description":"Le Poggio all'Agnello est \u00e9quip\u00e9 de 4 piscines, d'un grand parc avec une abondance de verdure, d'un parking, d'un centre de bien-\u00eatre, d'un yoga, d'un restaurant et d'un espace de remise en forme.","robots":{"index":"index","follow":"follow","max-snippet":"max-snippet:-1","max-image-preview":"max-image-preview:large","max-video-preview":"max-video-preview:-1"},"canonical":"https:\/\/www.poggioallagnello.it\/fr\/sport\/yoga\/","og_locale":"fr_FR","og_type":"article","og_title":"Pratiquer le yoga en Toscane - Poggio all'Agnello Resort","og_description":"Le Poggio all'Agnello est \u00e9quip\u00e9 de 4 piscines, d'un grand parc avec une abondance de verdure, d'un parking, d'un centre de bien-\u00eatre, d'un yoga, d'un restaurant et d'un espace de remise en forme.","og_url":"https:\/\/www.poggioallagnello.it\/fr\/sport\/yoga\/","og_site_name":"Poggio all&#039;Agnello","article_publisher":"https:\/\/www.facebook.com\/poggioallagnelloresort\/","article_modified_time":"2022-12-01T21:43:42+00:00","og_image":[{"width":1920,"height":1280,"url":"https:\/\/www.poggioallagnello.it\/wp-content\/uploads\/2019\/02\/Yoga-poggio-all-agnello-copertina.jpg","type":"image\/jpeg"}],"twitter_card":"summary_large_image","twitter_site":"@poggioagnello","twitter_misc":{"Dur\u00e9e de lecture estim\u00e9e":"4 minutes"},"schema":{"@context":"https:\/\/schema.org","@graph":[{"@type":"WebPage","@id":"https:\/\/www.poggioallagnello.it\/fr\/sport\/yoga\/","url":"https:\/\/www.poggioallagnello.it\/fr\/sport\/yoga\/","name":"Pratiquer le yoga en Toscane - Poggio all'Agnello Resort","isPartOf":{"@id":"https:\/\/www.poggioallagnello.it\/#website"},"datePublished":"2019-02-08T10:13:13+00:00","dateModified":"2022-12-01T21:43:42+00:00","description":"Le Poggio all'Agnello est \u00e9quip\u00e9 de 4 piscines, d'un grand parc avec une abondance de verdure, d'un parking, d'un centre de bien-\u00eatre, d'un yoga, d'un restaurant et d'un espace de remise en forme.","breadcrumb":{"@id":"https:\/\/www.poggioallagnello.it\/fr\/sport\/yoga\/#breadcrumb"},"inLanguage":"fr-FR","potentialAction":[{"@type":"ReadAction","target":["https:\/\/www.poggioallagnello.it\/fr\/sport\/yoga\/"]}]},{"@type":"BreadcrumbList","@id":"https:\/\/www.poggioallagnello.it\/fr\/sport\/yoga\/#breadcrumb","itemListElement":[{"@type":"ListItem","position":1,"name":"Home","item":"https:\/\/www.poggioallagnello.it\/fr\/"},{"@type":"ListItem","position":2,"name":"Sport","item":"https:\/\/www.poggioallagnello.it\/fr\/sport\/"},{"@type":"ListItem","position":3,"name":"Yoga"}]},{"@type":"WebSite","@id":"https:\/\/www.poggioallagnello.it\/#website","url":"https:\/\/www.poggioallagnello.it\/","name":"Poggio all&#039;Agnello","description":"Sport &amp; Active Holidays","publisher":{"@id":"https:\/\/www.poggioallagnello.it\/#organization"},"potentialAction":[{"@type":"SearchAction","target":{"@type":"EntryPoint","urlTemplate":"https:\/\/www.poggioallagnello.it\/?s={search_term_string}"},"query-input":"required name=search_term_string"}],"inLanguage":"fr-FR"},{"@type":"Organization","@id":"https:\/\/www.poggioallagnello.it\/#organization","name":"Poggio all'Agnello","url":"https:\/\/www.poggioallagnello.it\/","logo":{"@type":"ImageObject","inLanguage":"fr-FR","@id":"https:\/\/www.poggioallagnello.it\/#\/schema\/logo\/image\/","url":"https:\/\/www.poggioallagnello.it\/wp-content\/uploads\/2019\/02\/poggioallagnello-logo-retina-1.png","contentUrl":"https:\/\/www.poggioallagnello.it\/wp-content\/uploads\/2019\/02\/poggioallagnello-logo-retina-1.png","width":407,"height":150,"caption":"Poggio all'Agnello"},"image":{"@id":"https:\/\/www.poggioallagnello.it\/#\/schema\/logo\/image\/"},"sameAs":["https:\/\/www.facebook.com\/poggioallagnelloresort\/","https:\/\/twitter.com\/poggioagnello","https:\/\/www.instagram.com\/poggioallagnello\/"]}]}},"_links":{"self":[{"href":"https:\/\/www.poggioallagnello.it\/fr\/wp-json\/wp\/v2\/pages\/3681"}],"collection":[{"href":"https:\/\/www.poggioallagnello.it\/fr\/wp-json\/wp\/v2\/pages"}],"about":[{"href":"https:\/\/www.poggioallagnello.it\/fr\/wp-json\/wp\/v2\/types\/page"}],"author":[{"embeddable":true,"href":"https:\/\/www.poggioallagnello.it\/fr\/wp-json\/wp\/v2\/users\/6"}],"replies":[{"embeddable":true,"href":"https:\/\/www.poggioallagnello.it\/fr\/wp-json\/wp\/v2\/comments?post=3681"}],"version-history":[{"count":5,"href":"https:\/\/www.poggioallagnello.it\/fr\/wp-json\/wp\/v2\/pages\/3681\/revisions"}],"predecessor-version":[{"id":15857,"href":"https:\/\/www.poggioallagnello.it\/fr\/wp-json\/wp\/v2\/pages\/3681\/revisions\/15857"}],"up":[{"embeddable":true,"href":"https:\/\/www.poggioallagnello.it\/fr\/wp-json\/wp\/v2\/pages\/3662"}],"wp:featuredmedia":[{"embeddable":true,"href":"https:\/\/www.poggioallagnello.it\/fr\/wp-json\/wp\/v2\/media\/3157"}],"wp:attachment":[{"href":"https:\/\/www.poggioallagnello.it\/fr\/wp-json\/wp\/v2\/media?parent=3681"}],"curies":[{"name":"wp","href":"https:\/\/api.w.org\/{rel}","templated":true}]}}